{"id":9661,"date":"2025-05-07T13:24:54","date_gmt":"2025-05-07T17:24:55","guid":{"rendered":"https:\/\/dev.nsira-ossnr.gc.ca\/review-template\/backgrounder\/"},"modified":"2025-05-09T11:22:30","modified_gmt":"2025-05-09T15:22:30","slug":"backgrounder","status":"publish","type":"page","link":"https:\/\/nsira-ossnr.gc.ca\/fr\/examens\/nos-examens\/21-09\/fiche-dinformation-2\/","title":{"rendered":"Review of Communications Security Establishment (CSE)&#8217;s Active and Defensive Cyber Operations: Backgrounder"},"content":{"rendered":"<div id=\"hero-banner-post\" style=\"background: url(\/wp-content\/uploads\/Reviews-Banner-2.jpg); background-size: cover; background-position: center; border-style: solid; border-width: 0 0 10px 0; border-color: #eeeeee; padding: 50px 0;\">\n    <div class=\"grid-container\">\n        <div class=\"grid-row\">\n            <div id=\"col-gm55631e\" class=\"text-center wp-block-gutentor-m4-col col-gm55631e gutentor-single-column grid-lg-12 grid-md-12 grid-12 mrgn-tp-md mrgn-bttm-md\">\n                <div id=\"section-gm55631e\" class=\"section-gm55631e gutentor-col-wrap\">\n                    <!-- Page Title (Parent page title dynamically added) -->\n                    <h1 style=\"font-size: 2.25em; border:none;\" class=\"has-text-color has-white-color mrgn-tp-md wp-block-post-title\">\n                        Examen des cyberop\u00e9rations actives et des cyberop\u00e9rations d\u00e9fensives du Centre de la s\u00e9curit\u00e9 des t\u00e9l\u00e9communications Canada (CST)                    <\/h1>\n\n                    <hr class=\"wp-block-separator has-text-color has-white-color has-alpha-channel-opacity has-white-background-color has-background\">\n\n                    <!-- Dynamically Display the Page Type (e.g., Notification Letter, Report, etc.) -->\n                                            <h2 class=\"has-text-color has-white-color\" style=\"font-size: 1.5em; margin-top: 20px;\">\n                            Fiche d&#039;information                        <\/h2>\n                    \n                    <!-- Here you could add other content like buttons or additional text if needed -->\n\n                <\/div>\n            <\/div>\n        <\/div>\n    <\/div>\n<\/div>\n\n\n<section id=\"gma26bb61\" class=\"wp-block-gutentor-m4 section-gma26bb61 gutentor-module gutentor-advanced-columns has-color-bg has-custom-bg\"><div class=\"grid-container\"><div class=\"grid-row\">\n<div id=\"col-gm15c398\" class=\"wp-block-gutentor-m4-col col-gm15c398 gutentor-single-column  grid-lg-12 grid-md-12 grid-12\"><div id=\"section-gm15c398\" class=\"section-gm15c398 gutentor-col-wrap\">\n<h2 class=\"wp-block-heading h3 has-nsira-blue-color has-text-color\" id=\"1-review-backgrounder\">Fiche d'information<\/h2>\n\n\n\n<p>L\u2019OSSNR a r\u00e9alis\u00e9 son deuxi\u00e8me Examen des cyberop\u00e9rations actives (COA) et des cyberop\u00e9rations d\u00e9fensives (COD) du Centre de la s\u00e9curit\u00e9 des communications. Alors que le premier examen portait sur les processus de planification, d\u2019approbation et de gouvernance, le pr\u00e9sent examen se concentre plut\u00f4t sur les op\u00e9rations en soi, et plus pr\u00e9cis\u00e9ment sur la mani\u00e8re dont les cadres juridiques et de gouvernance ont \u00e9t\u00e9 concr\u00e8tement appliqu\u00e9s.<\/p>\n\n\n\n<p>L\u2019OSSNR a constat\u00e9 que les COA et les COD examin\u00e9es avaient \u00e9t\u00e9 men\u00e9es conform\u00e9ment \u00e0 la loi.  Toutefois, l\u2019OSSNR a relev\u00e9 certains aspects qui pourraient \u00eatre am\u00e9lior\u00e9s de fa\u00e7on \u00e0 att\u00e9nuer les risques op\u00e9rationnels.<\/p>\n\n\n\n<p class=\" translation-block\">Les COA et les COD sont des outils r\u00e9cents de la politique \u00e9trang\u00e8re et de la politique de s\u00e9curit\u00e9 du Canada. Les COA visent \u00e0 perturber ou \u00e0 entraver les activit\u00e9s d\u2019acteurs \u00e9trangers afin de limiter les menaces pouvant peser sur les relations internationales, la d\u00e9fense ou la s\u00e9curit\u00e9 du Canada. Pour leur part, les COD sont con\u00e7ues pour prot\u00e9ger l\u2019information et les syst\u00e8mes \u00e9lectroniques des institutions f\u00e9d\u00e9rales et d\u2019autres entit\u00e9s d\u00e9sign\u00e9es. Les deux types d\u2019op\u00e9rations rel\u00e8vent du mandat du CST, sont d\u00e9finis dans la <em>Loi sur le Centre de la s\u00e9curit\u00e9 des t\u00e9l\u00e9communications<\/em> (la Loi) et ne peuvent \u00eatre men\u00e9s qu\u2019en vertu d\u2019une autorisation minist\u00e9rielle.<\/p>\n\n\n\n<p class=\" translation-block\">Il importe de souligner que la Loi interdit que les COA et les COD visent des Canadiens ou des personnes se trouvant au Canada, ou qu\u2019elles contreviennent aux dispositions de la <em>Charte canadienne des droits et libert\u00e9s<\/em>.<\/p>\n\n\n\n<p>Des conditions juridiques sp\u00e9cifiques doivent \u00eatre remplies avant que le ministre puisse d\u00e9livrer une autorisation pour les COA ou les COD. En outre, contrairement \u00e0 d\u2019autres types d\u2019autorisations pr\u00e9vues par la loi qui impliquent la collecte d\u2019information, les autorisations minist\u00e9rielles concernant les COA ou les COD ne n\u00e9cessitent pas l\u2019approbation du commissaire au renseignement. L\u2019importance d\u2019un contr\u00f4le minist\u00e9riel \u00e9troit s\u2019en trouve accrue. L\u2019OSSNR a toutefois constat\u00e9 que les demandes d\u2019autorisation pr\u00e9sent\u00e9es par le CST ne contenaient pas certains renseignements essentiels dont le ministre aurait eu besoin pour prendre une d\u00e9cision \u00e9clair\u00e9e. Par exemple, les demandes n\u2019expliquaient pas clairement comment les cyberop\u00e9rations pouvaient conduire \u00e0 la collecte d\u2019informations en vertu d\u2019une autorisation distincte, omettant ainsi un contexte important pour l\u2019\u00e9valuation des implications juridiques et op\u00e9rationnelles.<\/p>\n\n\n\n<p>Bien que cet examen ait port\u00e9 principalement sur le CST, l\u2019OSSNR a \u00e9galement \u00e9valu\u00e9 les r\u00f4les d\u2019Affaires mondiales Canada, du Service canadien du renseignement de s\u00e9curit\u00e9, de la Gendarmerie royale du Canada et du minist\u00e8re de la D\u00e9fense nationale\/Forces arm\u00e9es canadiennes, qui sont tous impliqu\u00e9s \u00e0 des degr\u00e9s divers dans la coordination, avec le CST, des COA et des COD. Bien qu\u2019il existe une collaboration entre les organismes, l\u2019OSSNR a constat\u00e9 qu\u2019il serait possible d\u2019am\u00e9liorer les mesures de consultation et de coordination.<\/p>\n\n\n\n<p>L\u2019OSSNR a not\u00e9 que le CST avait fait des progr\u00e8s dans sa planification et son ex\u00e9cution des COA et des COD en int\u00e9grant les enseignements tir\u00e9s de l\u2019examen pr\u00e9c\u00e9dent de l\u2019OSSNR. L\u2019examen actuel comprenait quatre \u00e9tudes de cas approfondies qui ont contribu\u00e9 \u00e0 la formulation de constatations pr\u00e9cises et de recommandations globales. &nbsp;<\/p>\n<\/div><\/div>\n<\/div><\/div><\/section>","protected":false},"excerpt":{"rendered":"","protected":false},"author":1,"featured_media":2200,"parent":9657,"menu_order":0,"comment_status":"closed","ping_status":"closed","template":"template-nsira-subpages.php","meta":{"inline_featured_image":false},"categories":[24],"tags":[],"yoast_head":"<!-- This site is optimized with the Yoast SEO plugin v20.9 - https:\/\/yoast.com\/wordpress\/plugins\/seo\/ -->\n<title>Review of Communications Security Establishment (CSE)&#039;s Active and Defensive Cyber Operations: Backgrounder - National Security and Intelligence Review Agency<\/title>\n<meta name=\"robots\" content=\"index, follow, max-snippet:-1, max-image-preview:large, max-video-preview:-1\" \/>\n<link rel=\"canonical\" href=\"https:\/\/nsira-ossnr.gc.ca\/fr\/examens\/nos-examens\/21-09\/fiche-dinformation-2\/\" \/>\n<meta property=\"og:locale\" content=\"fr_CA\" \/>\n<meta property=\"og:type\" content=\"article\" \/>\n<meta property=\"og:title\" content=\"Review of Communications Security Establishment (CSE)&#039;s Active and Defensive Cyber Operations: Backgrounder - National Security and Intelligence Review Agency\" \/>\n<meta property=\"og:url\" content=\"https:\/\/nsira-ossnr.gc.ca\/fr\/examens\/nos-examens\/21-09\/fiche-dinformation-2\/\" \/>\n<meta property=\"og:site_name\" content=\"National Security and Intelligence Review Agency\" \/>\n<meta property=\"article:modified_time\" content=\"2025-05-09T15:22:30+00:00\" \/>\n<meta property=\"og:image\" content=\"https:\/\/nsira-ossnr.gc.ca\/wp-content\/uploads\/NSIRA-AnnualReport-2021-featured-image.jpg\" \/>\n\t<meta property=\"og:image:width\" content=\"1000\" \/>\n\t<meta property=\"og:image:height\" content=\"1000\" \/>\n\t<meta property=\"og:image:type\" content=\"image\/jpeg\" \/>\n<meta name=\"twitter:card\" content=\"summary_large_image\" \/>\n<meta name=\"twitter:label1\" content=\"Estimation du temps de lecture\" \/>\n\t<meta name=\"twitter:data1\" content=\"2 minutes\" \/>\n<script type=\"application\/ld+json\" class=\"yoast-schema-graph\">{\"@context\":\"https:\/\/schema.org\",\"@graph\":[{\"@type\":\"WebPage\",\"@id\":\"https:\/\/nsira-ossnr.gc.ca\/reviews\/find-a-review\/21-09\/backgrounder\/\",\"url\":\"https:\/\/nsira-ossnr.gc.ca\/reviews\/find-a-review\/21-09\/backgrounder\/\",\"name\":\"Review of Communications Security Establishment (CSE)'s Active and Defensive Cyber Operations: Backgrounder - National Security and Intelligence Review Agency\",\"isPartOf\":{\"@id\":\"https:\/\/nsira-ossnr.gc.ca\/#website\"},\"datePublished\":\"2025-05-07T17:24:55+00:00\",\"dateModified\":\"2025-05-09T15:22:30+00:00\",\"breadcrumb\":{\"@id\":\"https:\/\/nsira-ossnr.gc.ca\/reviews\/find-a-review\/21-09\/backgrounder\/#breadcrumb\"},\"inLanguage\":\"fr-CA\",\"potentialAction\":[{\"@type\":\"ReadAction\",\"target\":[\"https:\/\/nsira-ossnr.gc.ca\/reviews\/find-a-review\/21-09\/backgrounder\/\"]}]},{\"@type\":\"BreadcrumbList\",\"@id\":\"https:\/\/nsira-ossnr.gc.ca\/reviews\/find-a-review\/21-09\/backgrounder\/#breadcrumb\",\"itemListElement\":[{\"@type\":\"ListItem\",\"position\":1,\"name\":\"Reviews\",\"item\":\"\/reviews\/\"},{\"@type\":\"ListItem\",\"position\":2,\"name\":\"Find A Review\",\"item\":\"\/reviews\/find-a-review\/\"},{\"@type\":\"ListItem\",\"position\":3,\"name\":\"Review of Communications Security Establishment (CSE)&#8217;s Active and Defensive Cyber Operations\",\"item\":\"\/reviews\/find-a-review\/21-09\/\"},{\"@type\":\"ListItem\",\"position\":4,\"name\":\"Review of Communications Security Establishment (CSE)&#8217;s Active and Defensive Cyber Operations: Backgrounder\"}]},{\"@type\":\"WebSite\",\"@id\":\"https:\/\/nsira-ossnr.gc.ca\/#website\",\"url\":\"https:\/\/nsira-ossnr.gc.ca\/\",\"name\":\"National Security and Intelligence Review Agency\",\"description\":\"Official Website\",\"potentialAction\":[{\"@type\":\"SearchAction\",\"target\":{\"@type\":\"EntryPoint\",\"urlTemplate\":\"https:\/\/nsira-ossnr.gc.ca\/?s={search_term_string}\"},\"query-input\":\"required name=search_term_string\"}],\"inLanguage\":\"fr-CA\"}]}<\/script>\n<!-- \/ Yoast SEO plugin. -->","yoast_head_json":{"title":"Review of Communications Security Establishment (CSE)'s Active and Defensive Cyber Operations: Backgrounder - National Security and Intelligence Review Agency","robots":{"index":"index","follow":"follow","max-snippet":"max-snippet:-1","max-image-preview":"max-image-preview:large","max-video-preview":"max-video-preview:-1"},"canonical":"https:\/\/nsira-ossnr.gc.ca\/fr\/examens\/nos-examens\/21-09\/fiche-dinformation-2\/","og_locale":"fr_CA","og_type":"article","og_title":"Review of Communications Security Establishment (CSE)'s Active and Defensive Cyber Operations: Backgrounder - National Security and Intelligence Review Agency","og_url":"https:\/\/nsira-ossnr.gc.ca\/fr\/examens\/nos-examens\/21-09\/fiche-dinformation-2\/","og_site_name":"National Security and Intelligence Review Agency","article_modified_time":"2025-05-09T15:22:30+00:00","og_image":[{"width":1000,"height":1000,"url":"https:\/\/nsira-ossnr.gc.ca\/wp-content\/uploads\/NSIRA-AnnualReport-2021-featured-image.jpg","type":"image\/jpeg"}],"twitter_card":"summary_large_image","twitter_misc":{"Estimation du temps de lecture":"2 minutes"},"schema":{"@context":"https:\/\/schema.org","@graph":[{"@type":"WebPage","@id":"https:\/\/nsira-ossnr.gc.ca\/reviews\/find-a-review\/21-09\/backgrounder\/","url":"https:\/\/nsira-ossnr.gc.ca\/reviews\/find-a-review\/21-09\/backgrounder\/","name":"Review of Communications Security Establishment (CSE)'s Active and Defensive Cyber Operations: Backgrounder - National Security and Intelligence Review Agency","isPartOf":{"@id":"https:\/\/nsira-ossnr.gc.ca\/#website"},"datePublished":"2025-05-07T17:24:55+00:00","dateModified":"2025-05-09T15:22:30+00:00","breadcrumb":{"@id":"https:\/\/nsira-ossnr.gc.ca\/reviews\/find-a-review\/21-09\/backgrounder\/#breadcrumb"},"inLanguage":"fr-CA","potentialAction":[{"@type":"ReadAction","target":["https:\/\/nsira-ossnr.gc.ca\/reviews\/find-a-review\/21-09\/backgrounder\/"]}]},{"@type":"BreadcrumbList","@id":"https:\/\/nsira-ossnr.gc.ca\/reviews\/find-a-review\/21-09\/backgrounder\/#breadcrumb","itemListElement":[{"@type":"ListItem","position":1,"name":"Reviews","item":"\/reviews\/"},{"@type":"ListItem","position":2,"name":"Find A Review","item":"\/reviews\/find-a-review\/"},{"@type":"ListItem","position":3,"name":"Review of Communications Security Establishment (CSE)&#8217;s Active and Defensive Cyber Operations","item":"\/reviews\/find-a-review\/21-09\/"},{"@type":"ListItem","position":4,"name":"Review of Communications Security Establishment (CSE)&#8217;s Active and Defensive Cyber Operations: Backgrounder"}]},{"@type":"WebSite","@id":"https:\/\/nsira-ossnr.gc.ca\/#website","url":"https:\/\/nsira-ossnr.gc.ca\/","name":"National Security and Intelligence Review Agency","description":"Official Website","potentialAction":[{"@type":"SearchAction","target":{"@type":"EntryPoint","urlTemplate":"https:\/\/nsira-ossnr.gc.ca\/?s={search_term_string}"},"query-input":"required name=search_term_string"}],"inLanguage":"fr-CA"}]}},"_links":{"self":[{"href":"https:\/\/nsira-ossnr.gc.ca\/fr\/wp-json\/wp\/v2\/pages\/9661"}],"collection":[{"href":"https:\/\/nsira-ossnr.gc.ca\/fr\/wp-json\/wp\/v2\/pages"}],"about":[{"href":"https:\/\/nsira-ossnr.gc.ca\/fr\/wp-json\/wp\/v2\/types\/page"}],"author":[{"embeddable":true,"href":"https:\/\/nsira-ossnr.gc.ca\/fr\/wp-json\/wp\/v2\/users\/1"}],"replies":[{"embeddable":true,"href":"https:\/\/nsira-ossnr.gc.ca\/fr\/wp-json\/wp\/v2\/comments?post=9661"}],"version-history":[{"count":3,"href":"https:\/\/nsira-ossnr.gc.ca\/fr\/wp-json\/wp\/v2\/pages\/9661\/revisions"}],"predecessor-version":[{"id":9709,"href":"https:\/\/nsira-ossnr.gc.ca\/fr\/wp-json\/wp\/v2\/pages\/9661\/revisions\/9709"}],"up":[{"embeddable":true,"href":"https:\/\/nsira-ossnr.gc.ca\/fr\/wp-json\/wp\/v2\/pages\/9657"}],"wp:featuredmedia":[{"embeddable":true,"href":"https:\/\/nsira-ossnr.gc.ca\/fr\/wp-json\/wp\/v2\/media\/2200"}],"wp:attachment":[{"href":"https:\/\/nsira-ossnr.gc.ca\/fr\/wp-json\/wp\/v2\/media?parent=9661"}],"wp:term":[{"taxonomy":"category","embeddable":true,"href":"https:\/\/nsira-ossnr.gc.ca\/fr\/wp-json\/wp\/v2\/categories?post=9661"},{"taxonomy":"post_tag","embeddable":true,"href":"https:\/\/nsira-ossnr.gc.ca\/fr\/wp-json\/wp\/v2\/tags?post=9661"}],"curies":[{"name":"wp","href":"https:\/\/api.w.org\/{rel}","templated":true}]}}