{"id":9531,"date":"2025-04-07T16:32:54","date_gmt":"2025-04-07T20:32:46","guid":{"rendered":"https:\/\/dev.nsira-ossnr.gc.ca:9174\/reviews\/our-reviews\/review-of-departmental-implementation-of-the-avoiding-complicity-in-mistreatment-by-foreign-entities-act-for-2023\/notification-letter-2\/"},"modified":"2025-04-08T09:06:15","modified_gmt":"2025-04-08T13:06:15","slug":"notification-letter","status":"publish","type":"page","link":"https:\/\/nsira-ossnr.gc.ca\/fr\/examens\/nos-examens\/25-06\/lettre-de-notification-2\/","title":{"rendered":"Review of Select Canadian Security Intelligence Service (CSIS) Activities for 2025: Notification Letter"},"content":{"rendered":"<div id=\"hero-banner-post\" style=\"background: url(\/wp-content\/uploads\/Reviews-Banner-2.jpg); background-size: cover; background-position: center; border-style: solid; border-width: 0 0 10px 0; border-color: #eeeeee; padding: 50px 0;\">\n    <div class=\"grid-container\">\n        <div class=\"grid-row\">\n            <div id=\"col-gm55631e\" class=\"text-center wp-block-gutentor-m4-col col-gm55631e gutentor-single-column grid-lg-12 grid-md-12 grid-12 mrgn-tp-md mrgn-bttm-md\">\n                <div id=\"section-gm55631e\" class=\"section-gm55631e gutentor-col-wrap\">\n                    <!-- Page Title (Parent page title dynamically added) -->\n                    <h1 style=\"font-size: 2.25em; border:none;\" class=\"has-text-color has-white-color mrgn-tp-md wp-block-post-title\">\n                        L\u2019examen au sujet d\u2019une s\u00e9lection d\u2019activit\u00e9s du Service canadien du renseignement de s\u00e9curit\u00e9 (SCRS) pour l'ann\u00e9e 2025                    <\/h1>\n\n                    <hr class=\"wp-block-separator has-text-color has-white-color has-alpha-channel-opacity has-white-background-color has-background\">\n\n                    <!-- Dynamically Display the Page Type (e.g., Notification Letter, Report, etc.) -->\n                                            <h2 class=\"has-text-color has-white-color\" style=\"font-size: 1.5em; margin-top: 20px;\">\n                            Lettre de Notification                        <\/h2>\n                    \n                    <!-- Here you could add other content like buttons or additional text if needed -->\n\n                <\/div>\n            <\/div>\n        <\/div>\n    <\/div>\n<\/div>\n\n\n<section id=\"gm9a436b2\" class=\"wp-block-gutentor-m4 section-gm9a436b2 gutentor-module gutentor-advanced-columns\"><div class=\"grid-container\"><div class=\"grid-row\">\n<div id=\"col-gm443696\" class=\"wp-block-gutentor-m4-col col-gm443696 gutentor-single-column  grid-lg-3 grid-md-12 grid-12 section-sticky\"><div id=\"section-gm443696\" class=\"section-gm443696 gutentor-col-wrap\">\n<section id=\"5f901d\" class=\"wp-block-gutentor-m13 section-5f901d gutentor-module gutentor-module-table-of-contents\"><div class=\"grid-container\"><div class=\"g-toc\"><div class=\"g-toc-header\"><div class=\"g-toc-heading\"><div class=\"g-toc-title\">Table des mati\u00e8res<\/div><\/div><\/div><div class=\"g-toc-body\" style=\"display:\"><ol class=\"g-ordered-list\" type=\"none\"><li><a href=\"#1-nsiras-letter-to-the-global-affairs-canada-minister\">Lettre de notification de l'OSSNR<\/a><\/li><\/ol><\/div><\/div><\/div><\/section>\n\n\n\n<hr class=\"wp-block-separator has-alpha-channel-opacity is-style-wide\"\/>\n<\/div><\/div>\n\n\n\n<div id=\"col-gm673e26\" class=\"wp-block-gutentor-m4-col col-gm673e26 gutentor-single-column  grid-lg-9 grid-md-12 grid-12 content-body\"><div id=\"section-gm673e26\" class=\"section-gm673e26 gutentor-col-wrap\">\n<p class=\"mrgn-bttm-0 has-nsira-blue-color has-text-color\"><strong>Date de publication :<\/strong><\/p>\n\n\n<div class=\"mrgn-bttm-lg wp-block-post-date\"><time datetime=\"2025-04-07T16:32:54-04:00\">7 avril, 2025<\/time><\/div>\n\n\n<h2 class=\"wp-block-heading\" id=\"1-nsiras-letter-to-the-global-affairs-canada-minister\">Lettre de notification de l'OSSNR<\/h2>\n\n\n\n<p>Monsieur le Ministre,<\/p>\n\n\n\n<p>Je vous \u00e9cris au nom des membres de l\u2019Office de surveillance des activit\u00e9s en mati\u00e8re de s\u00e9curit\u00e9 nationale et de renseignement (OSSNR) pour vous informer que l\u2019OSSNR a entrepris son examen annuel d\u2019une s\u00e9lection d\u2019activit\u00e9s du Service canadien du renseignement de s\u00e9curit\u00e9 (SCRS) pour 2025.<\/p>\n\n\n\n<p class=\" translation-block\">Cet examen est r\u00e9alis\u00e9 en application des alin\u00e9as 8(1)a) et 8(2.1)a) ainsi que du paragraphe 8(2) de la <em>Loi sur l\u2019Office de surveillance des activit\u00e9s en mati\u00e8re de s\u00e9curit\u00e9 nationale et de renseignement<\/em> (Loi sur l\u2019OSSNR). La Loi sur l\u2019OSSNR accorde \u00e0 l\u2019Office de surveillance un acc\u00e8s complet et en temps voulu \u00e0 tous les renseignements d\u00e9tenus par les minist\u00e8res et organismes examin\u00e9s, y compris les renseignements classifi\u00e9s et de nature d\u00e9licate, \u00e0 l\u2019exception des documents confidentiels du Cabinet.<\/p>\n\n\n\n<p>L\u2019examen comportera des renseignements sur la conformit\u00e9 du SCRS \u00e0 la loi et aux instructions du ministre, mais aussi sur le caract\u00e8re raisonnable et n\u00e9cessaire d\u2019une s\u00e9lection d\u2019activit\u00e9s du SCRS.<\/p>\n\n\n\n<p class=\" translation-block\">L\u2019OSSNR prendra contact avec vos repr\u00e9sentants concernant ledit examen. Tout au long de la d\u00e9marche, l\u2019\u00e9quipe d\u2019examen de l\u2019OSSNR communiquera r\u00e9guli\u00e8rement avec eux pour leur demander des renseignements. Ces demandes peuvent concerner des documents, des acc\u00e8s aux syst\u00e8mes, des explications \u00e9crites, des s\u00e9ances d\u2019information, des entrevues, des sondages ou tout autre type de renseignement que l\u2019OSSNR juge pertinent pour cet examen. L\u2019examen pourrait \u00e9galement comprendre l\u2019inspection ind\u00e9pendante de certains syst\u00e8mes techniques. En outre, les attentes de l\u2019OSSNR en mati\u00e8re de r\u00e9activit\u00e9 ont \u00e9t\u00e9 mises en ligne \u00e0 l\u2019adresse suivante   : <a href=\"https:\/\/nsira-ossnr.gc.ca\/fr\/\">https:\/\/nsira-ossnr.gc.ca<\/a>.<\/p>\n\n\n\n<p>Je vous remercie par avance de votre coop\u00e9ration et de votre soutien au processus d\u2019examen ind\u00e9pendant, qui est essentiel \u00e0 la transparence et \u00e0 la responsabilit\u00e9 en d\u00e9mocratie.<\/p>\n\n\n\n<p>Je vous prie d\u2019agr\u00e9er, l\u2019expression de ma consid\u00e9ration respectueuse.&nbsp;<\/p>\n\n\n\n<p>L\u2019honorable Marie Deschamps, C.C.\u00a0<br>Pr\u00e9sidente, Office de surveillance des activit\u00e9s en mati\u00e8re de s\u00e9curit\u00e9 nationale et de renseignement<\/p>\n<\/div><\/div>\n<\/div><\/div><\/section>\n\n\n\n<p><\/p>","protected":false},"excerpt":{"rendered":"","protected":false},"author":1,"featured_media":3255,"parent":9528,"menu_order":0,"comment_status":"closed","ping_status":"closed","template":"template-nsira-subpages.php","meta":{"inline_featured_image":false},"categories":[19,24],"tags":[],"yoast_head":"<!-- This site is optimized with the Yoast SEO plugin v20.9 - https:\/\/yoast.com\/wordpress\/plugins\/seo\/ -->\n<title>Review of Select Canadian Security Intelligence Service (CSIS) Activities for 2025: Notification Letter - National Security and Intelligence Review Agency<\/title>\n<meta name=\"robots\" content=\"index, follow, max-snippet:-1, max-image-preview:large, max-video-preview:-1\" \/>\n<link rel=\"canonical\" href=\"https:\/\/nsira-ossnr.gc.ca\/fr\/examens\/nos-examens\/25-06\/lettre-de-notification-2\/\" \/>\n<meta property=\"og:locale\" content=\"fr_CA\" \/>\n<meta property=\"og:type\" content=\"article\" \/>\n<meta property=\"og:title\" content=\"Review of Select Canadian Security Intelligence Service (CSIS) Activities for 2025: Notification Letter - National Security and Intelligence Review Agency\" \/>\n<meta property=\"og:url\" content=\"https:\/\/nsira-ossnr.gc.ca\/fr\/examens\/nos-examens\/25-06\/lettre-de-notification-2\/\" \/>\n<meta property=\"og:site_name\" content=\"National Security and Intelligence Review Agency\" \/>\n<meta property=\"article:modified_time\" content=\"2025-04-08T13:06:15+00:00\" \/>\n<meta property=\"og:image\" content=\"https:\/\/nsira-ossnr.gc.ca\/wp-content\/uploads\/Reviews-Featured-2.jpg\" \/>\n\t<meta property=\"og:image:width\" content=\"350\" \/>\n\t<meta property=\"og:image:height\" content=\"500\" \/>\n\t<meta property=\"og:image:type\" content=\"image\/jpeg\" \/>\n<meta name=\"twitter:card\" content=\"summary_large_image\" \/>\n<meta name=\"twitter:label1\" content=\"Estimation du temps de lecture\" \/>\n\t<meta name=\"twitter:data1\" content=\"2 minutes\" \/>\n<script type=\"application\/ld+json\" class=\"yoast-schema-graph\">{\"@context\":\"https:\/\/schema.org\",\"@graph\":[{\"@type\":\"WebPage\",\"@id\":\"https:\/\/nsira-ossnr.gc.ca\/reviews\/find-a-review\/25-06\/notification-letter\/\",\"url\":\"https:\/\/nsira-ossnr.gc.ca\/reviews\/find-a-review\/25-06\/notification-letter\/\",\"name\":\"Review of Select Canadian Security Intelligence Service (CSIS) Activities for 2025: Notification Letter - National Security and Intelligence Review Agency\",\"isPartOf\":{\"@id\":\"https:\/\/nsira-ossnr.gc.ca\/#website\"},\"datePublished\":\"2025-04-07T20:32:46+00:00\",\"dateModified\":\"2025-04-08T13:06:15+00:00\",\"breadcrumb\":{\"@id\":\"https:\/\/nsira-ossnr.gc.ca\/reviews\/find-a-review\/25-06\/notification-letter\/#breadcrumb\"},\"inLanguage\":\"fr-CA\",\"potentialAction\":[{\"@type\":\"ReadAction\",\"target\":[\"https:\/\/nsira-ossnr.gc.ca\/reviews\/find-a-review\/25-06\/notification-letter\/\"]}]},{\"@type\":\"BreadcrumbList\",\"@id\":\"https:\/\/nsira-ossnr.gc.ca\/reviews\/find-a-review\/25-06\/notification-letter\/#breadcrumb\",\"itemListElement\":[{\"@type\":\"ListItem\",\"position\":1,\"name\":\"Reviews\",\"item\":\"\/reviews\/\"},{\"@type\":\"ListItem\",\"position\":2,\"name\":\"Find A Review\",\"item\":\"\/reviews\/find-a-review\/\"},{\"@type\":\"ListItem\",\"position\":3,\"name\":\"Review of Select Canadian Security Intelligence Service (CSIS) Activities for 2025\",\"item\":\"\/reviews\/find-a-review\/25-06\/\"},{\"@type\":\"ListItem\",\"position\":4,\"name\":\"Review of Select Canadian Security Intelligence Service (CSIS) Activities for 2025: Notification Letter\"}]},{\"@type\":\"WebSite\",\"@id\":\"https:\/\/nsira-ossnr.gc.ca\/#website\",\"url\":\"https:\/\/nsira-ossnr.gc.ca\/\",\"name\":\"National Security and Intelligence Review Agency\",\"description\":\"Official Website\",\"potentialAction\":[{\"@type\":\"SearchAction\",\"target\":{\"@type\":\"EntryPoint\",\"urlTemplate\":\"https:\/\/nsira-ossnr.gc.ca\/?s={search_term_string}\"},\"query-input\":\"required name=search_term_string\"}],\"inLanguage\":\"fr-CA\"}]}<\/script>\n<!-- \/ Yoast SEO plugin. -->","yoast_head_json":{"title":"Review of Select Canadian Security Intelligence Service (CSIS) Activities for 2025: Notification Letter - National Security and Intelligence Review Agency","robots":{"index":"index","follow":"follow","max-snippet":"max-snippet:-1","max-image-preview":"max-image-preview:large","max-video-preview":"max-video-preview:-1"},"canonical":"https:\/\/nsira-ossnr.gc.ca\/fr\/examens\/nos-examens\/25-06\/lettre-de-notification-2\/","og_locale":"fr_CA","og_type":"article","og_title":"Review of Select Canadian Security Intelligence Service (CSIS) Activities for 2025: Notification Letter - National Security and Intelligence Review Agency","og_url":"https:\/\/nsira-ossnr.gc.ca\/fr\/examens\/nos-examens\/25-06\/lettre-de-notification-2\/","og_site_name":"National Security and Intelligence Review Agency","article_modified_time":"2025-04-08T13:06:15+00:00","og_image":[{"width":350,"height":500,"url":"https:\/\/nsira-ossnr.gc.ca\/wp-content\/uploads\/Reviews-Featured-2.jpg","type":"image\/jpeg"}],"twitter_card":"summary_large_image","twitter_misc":{"Estimation du temps de lecture":"2 minutes"},"schema":{"@context":"https:\/\/schema.org","@graph":[{"@type":"WebPage","@id":"https:\/\/nsira-ossnr.gc.ca\/reviews\/find-a-review\/25-06\/notification-letter\/","url":"https:\/\/nsira-ossnr.gc.ca\/reviews\/find-a-review\/25-06\/notification-letter\/","name":"Review of Select Canadian Security Intelligence Service (CSIS) Activities for 2025: Notification Letter - National Security and Intelligence Review Agency","isPartOf":{"@id":"https:\/\/nsira-ossnr.gc.ca\/#website"},"datePublished":"2025-04-07T20:32:46+00:00","dateModified":"2025-04-08T13:06:15+00:00","breadcrumb":{"@id":"https:\/\/nsira-ossnr.gc.ca\/reviews\/find-a-review\/25-06\/notification-letter\/#breadcrumb"},"inLanguage":"fr-CA","potentialAction":[{"@type":"ReadAction","target":["https:\/\/nsira-ossnr.gc.ca\/reviews\/find-a-review\/25-06\/notification-letter\/"]}]},{"@type":"BreadcrumbList","@id":"https:\/\/nsira-ossnr.gc.ca\/reviews\/find-a-review\/25-06\/notification-letter\/#breadcrumb","itemListElement":[{"@type":"ListItem","position":1,"name":"Reviews","item":"\/reviews\/"},{"@type":"ListItem","position":2,"name":"Find A Review","item":"\/reviews\/find-a-review\/"},{"@type":"ListItem","position":3,"name":"Review of Select Canadian Security Intelligence Service (CSIS) Activities for 2025","item":"\/reviews\/find-a-review\/25-06\/"},{"@type":"ListItem","position":4,"name":"Review of Select Canadian Security Intelligence Service (CSIS) Activities for 2025: Notification Letter"}]},{"@type":"WebSite","@id":"https:\/\/nsira-ossnr.gc.ca\/#website","url":"https:\/\/nsira-ossnr.gc.ca\/","name":"National Security and Intelligence Review Agency","description":"Official Website","potentialAction":[{"@type":"SearchAction","target":{"@type":"EntryPoint","urlTemplate":"https:\/\/nsira-ossnr.gc.ca\/?s={search_term_string}"},"query-input":"required name=search_term_string"}],"inLanguage":"fr-CA"}]}},"_links":{"self":[{"href":"https:\/\/nsira-ossnr.gc.ca\/fr\/wp-json\/wp\/v2\/pages\/9531"}],"collection":[{"href":"https:\/\/nsira-ossnr.gc.ca\/fr\/wp-json\/wp\/v2\/pages"}],"about":[{"href":"https:\/\/nsira-ossnr.gc.ca\/fr\/wp-json\/wp\/v2\/types\/page"}],"author":[{"embeddable":true,"href":"https:\/\/nsira-ossnr.gc.ca\/fr\/wp-json\/wp\/v2\/users\/1"}],"replies":[{"embeddable":true,"href":"https:\/\/nsira-ossnr.gc.ca\/fr\/wp-json\/wp\/v2\/comments?post=9531"}],"version-history":[{"count":4,"href":"https:\/\/nsira-ossnr.gc.ca\/fr\/wp-json\/wp\/v2\/pages\/9531\/revisions"}],"predecessor-version":[{"id":9543,"href":"https:\/\/nsira-ossnr.gc.ca\/fr\/wp-json\/wp\/v2\/pages\/9531\/revisions\/9543"}],"up":[{"embeddable":true,"href":"https:\/\/nsira-ossnr.gc.ca\/fr\/wp-json\/wp\/v2\/pages\/9528"}],"wp:featuredmedia":[{"embeddable":true,"href":"https:\/\/nsira-ossnr.gc.ca\/fr\/wp-json\/wp\/v2\/media\/3255"}],"wp:attachment":[{"href":"https:\/\/nsira-ossnr.gc.ca\/fr\/wp-json\/wp\/v2\/media?parent=9531"}],"wp:term":[{"taxonomy":"category","embeddable":true,"href":"https:\/\/nsira-ossnr.gc.ca\/fr\/wp-json\/wp\/v2\/categories?post=9531"},{"taxonomy":"post_tag","embeddable":true,"href":"https:\/\/nsira-ossnr.gc.ca\/fr\/wp-json\/wp\/v2\/tags?post=9531"}],"curies":[{"name":"wp","href":"https:\/\/api.w.org\/{rel}","templated":true}]}}