{"id":9375,"date":"2025-03-05T13:03:54","date_gmt":"2025-03-05T18:03:09","guid":{"rendered":"https:\/\/dev.nsira-ossnr.gc.ca\/reviews\/our-reviews\/annual-review-of-select-cse-activities-2024\/notification-letter-2\/"},"modified":"2025-03-05T15:06:20","modified_gmt":"2025-03-05T20:06:20","slug":"notification-letter","status":"publish","type":"page","link":"https:\/\/nsira-ossnr.gc.ca\/fr\/examens\/nos-examens\/24-03\/lettre-de-notification-2\/","title":{"rendered":"Review of Departmental Implementation of the Avoiding Complicity in Mistreatment by Foreign Entities Act for 2023: Notification Letter"},"content":{"rendered":"<div id=\"hero-banner-post\" style=\"background: url(\/wp-content\/uploads\/Reviews-Banner-2.jpg); background-size: cover; background-position: center; border-style: solid; border-width: 0 0 10px 0; border-color: #eeeeee; padding: 50px 0;\">\n    <div class=\"grid-container\">\n        <div class=\"grid-row\">\n            <div id=\"col-gm55631e\" class=\"text-center wp-block-gutentor-m4-col col-gm55631e gutentor-single-column grid-lg-12 grid-md-12 grid-12 mrgn-tp-md mrgn-bttm-md\">\n                <div id=\"section-gm55631e\" class=\"section-gm55631e gutentor-col-wrap\">\n                    <!-- Page Title (Parent page title dynamically added) -->\n                    <h1 style=\"font-size: 2.25em; border:none;\" class=\"has-text-color has-white-color mrgn-tp-md wp-block-post-title\">\n                        Examen de 2023 portant sur la mise en oeuvre par les minist\u00e8res de la loi visant \u00e0 \u00e9viter la complicit\u00e9 dans les cas de mauvais traitements inflig\u00e9s par des entit\u00e9s \u00e9trang\u00e8res                    <\/h1>\n\n                    <hr class=\"wp-block-separator has-text-color has-white-color has-alpha-channel-opacity has-white-background-color has-background\">\n\n                    <!-- Dynamically Display the Page Type (e.g., Notification Letter, Report, etc.) -->\n                                            <h2 class=\"has-text-color has-white-color\" style=\"font-size: 1.5em; margin-top: 20px;\">\n                            Lettre de Notification                        <\/h2>\n                    \n                    <!-- Here you could add other content like buttons or additional text if needed -->\n\n                <\/div>\n            <\/div>\n        <\/div>\n    <\/div>\n<\/div>\n\n\n<section id=\"gm8ff7154\" class=\"wp-block-gutentor-m4 section-gm8ff7154 gutentor-module gutentor-advanced-columns\"><div class=\"grid-container\"><div class=\"grid-row\">\n<div id=\"col-gmbdc1dc\" class=\"wp-block-gutentor-m4-col col-gmbdc1dc gutentor-single-column  grid-lg-3 grid-md-12 grid-12 section-sticky\"><div id=\"section-gmbdc1dc\" class=\"section-gmbdc1dc gutentor-col-wrap\">\n<section id=\"baf3c8\" class=\"wp-block-gutentor-m13 section-baf3c8 gutentor-module gutentor-module-table-of-contents\"><div class=\"grid-container\"><div class=\"g-toc\"><div class=\"g-toc-header\"><div class=\"g-toc-heading\"><div class=\"g-toc-title\">Table des mati\u00e8res<\/div><\/div><\/div><div class=\"g-toc-body\" style=\"display:\"><ol class=\"g-ordered-list\" type=\"none\"><li><a href=\"#1-nsiras-letter-to-the-global-affairs-canada-minister\">Lettre de notification de l'OSSNR<\/a><\/li><\/ol><\/div><\/div><\/div><\/section>\n\n\n\n<hr class=\"wp-block-separator has-alpha-channel-opacity is-style-wide\"\/>\n<\/div><\/div>\n\n\n\n<div id=\"col-gme94106\" class=\"wp-block-gutentor-m4-col col-gme94106 gutentor-single-column  grid-lg-9 grid-md-12 grid-12 content-body\"><div id=\"section-gme94106\" class=\"section-gme94106 gutentor-col-wrap\">\n<p class=\"mrgn-bttm-0 has-nsira-blue-color has-text-color\"><strong>Date de publication :<\/strong><\/p>\n\n\n<div class=\"mrgn-bttm-lg wp-block-post-date\"><time datetime=\"2025-03-05T13:03:54-05:00\">5 mars, 2025<\/time><\/div>\n\n\n<h2 class=\"wp-block-heading\" id=\"1-nsiras-letter-to-the-global-affairs-canada-minister\">Lettre de notification de l'OSSNR<\/h2>\n\n\n\n<p class=\" translation-block\">Je vous \u00e9cris au nom des membres de l\u2019Office de surveillance des activit\u00e9s en mati\u00e8re de s\u00e9curit\u00e9 nationale et de renseignement (OSSNR) pour vous informer que l\u2019OSSNR a entrepris son examen de 2023 sur la mise en \u0153uvre par les minist\u00e8res de la Loi visant \u00e0 \u00e9viter la complicit\u00e9 dans les cas de mauvais traitements inflig\u00e9s par des entit\u00e9s \u00e9trang\u00e8res (LECCMTIEE). L\u2019OSSNR envoie un avis de cet examen \u00e0 tous les administrateurs g\u00e9n\u00e9raux qui ont re\u00e7u des directives en vertu de la LECCMTIEE. L\u2019examen annuel est effectu\u00e9 en vertu du paragraphe 8(2.2) et de l\u2019alin\u00e9a 8(1)b de la Loi sur l\u2019Office de surveillance des activit\u00e9s en mati\u00e8re de s\u00e9curit\u00e9 nationale et de renseignement. Cette loi accorde \u00e0 l\u2019OSSNR un acc\u00e8s complet et rapide \u00e0 tous les renseignements d\u00e9tenus par les minist\u00e8res et organismes vis\u00e9s par un examen, y compris les renseignements classifi\u00e9s et privil\u00e9gi\u00e9s, \u00e0 l\u2019exception des documents confidentiels du Cabinet.<\/p>\n\n\n\n<p class=\" translation-block\">L\u2019\u00e9quipe de l\u2019OSSNR charg\u00e9e de l\u2019examen est indiqu\u00e9e dans le courriel de pr\u00e9sentation de la pr\u00e9sente lettre, elle constitue le principal point de contact de vos repr\u00e9sentants en ce qui concerne cet examen. Veuillez vous assurer de communiquer \u00e0 l\u2019\u00e9quipe d\u2019examen de l\u2019OSSNR les personnes-ressources pertinentes au sein de votre organisation au cours des prochains jours. Au fur et \u00e0 mesure que le travail progressera, l\u2019\u00e9quipe d\u2019examen de l\u2019OSSNR communiquera souvent avec ces personnes pour leur demander de l\u2019information. Elle pourrait, entre autres, leur demander des documents, un acc\u00e8s au syst\u00e8me, des explications \u00e9crites, des notes d\u2019information, des entrevues, des sondages et toute autre information jug\u00e9e pertinente par l\u2019OSSNR. Les examens de l\u2019OSSNR pourraient \u00e9galement comprendre des inspections ind\u00e9pendantes de certains syst\u00e8mes techniques. Les attentes de l\u2019OSSNR en mati\u00e8re de r\u00e9ponse aux examens sont disponibles en ligne : www.nsira-ossnr.gc.ca.<\/p>\n\n\n\n<p>Nous aimerions \u00e9galement profiter de l\u2019occasion pour vous rappeler les exigences en mati\u00e8re de production de rapport pr\u00e9vues par la LECCMTIEE : le paragraphe 7(1) demande aux administrateurs g\u00e9n\u00e9raux de soumettre au ministre comp\u00e9tent un rapport sur la mise en \u0153uvre de la loi au cours de l\u2019ann\u00e9e civile pr\u00e9c\u00e9dente avant le 1er mars; et le paragraphe 8(1) exige que, d\u00e8s que possible apr\u00e8s avoir re\u00e7u le rapport vis\u00e9 \u00e0 l\u2019article 7, le ministre comp\u00e9tent en fournisse une copie \u00e0 l\u2019OSSNR, au Comit\u00e9 des parlementaires sur la s\u00e9curit\u00e9 nationale et le renseignement et, le cas \u00e9ch\u00e9ant, \u00e0 la Commission civile d\u2019examen et de traitement des plaintes de la Gendarmerie royale du Canada.<\/p>\n\n\n\n<p>Je vous prie d\u2019agr\u00e9er, l\u2019expression de ma consid\u00e9ration respectueuse.<\/p>\n\n\n\n<figure class=\"wp-block-image size-full\"><img decoding=\"async\" loading=\"lazy\" width=\"292\" height=\"89\" src=\"\/wp-content\/uploads\/marie-sig-blackink.png\" alt=\"\" class=\"wp-image-7697\"\/><\/figure>\n\n\n\n<p>L\u2019honorable Marie Deschamps, C.C.<br>Pr\u00e9sidente, Office de surveillance des activit\u00e9s en mati\u00e8re de s\u00e9curit\u00e9 nationale et de renseignement<\/p>\n<\/div><\/div>\n<\/div><\/div><\/section>\n\n\n\n<p><\/p>","protected":false},"excerpt":{"rendered":"","protected":false},"author":1,"featured_media":3255,"parent":9285,"menu_order":0,"comment_status":"closed","ping_status":"closed","template":"template-nsira-subpages.php","meta":{"inline_featured_image":false},"categories":[19,24],"tags":[69,84,83,78,77,90,79,82,80,89,87,85,93],"yoast_head":"<!-- This site is optimized with the Yoast SEO plugin v20.9 - https:\/\/yoast.com\/wordpress\/plugins\/seo\/ -->\n<title>Review of Departmental Implementation of the Avoiding Complicity in Mistreatment by Foreign Entities Act for 2023: Notification Letter - National Security and Intelligence Review Agency<\/title>\n<meta name=\"robots\" content=\"index, follow, max-snippet:-1, max-image-preview:large, max-video-preview:-1\" \/>\n<link rel=\"canonical\" href=\"https:\/\/nsira-ossnr.gc.ca\/fr\/examens\/nos-examens\/24-03\/lettre-de-notification-2\/\" \/>\n<meta property=\"og:locale\" content=\"fr_CA\" \/>\n<meta property=\"og:type\" content=\"article\" \/>\n<meta property=\"og:title\" content=\"Review of Departmental Implementation of the Avoiding Complicity in Mistreatment by Foreign Entities Act for 2023: Notification Letter - National Security and Intelligence Review Agency\" \/>\n<meta property=\"og:url\" content=\"https:\/\/nsira-ossnr.gc.ca\/fr\/examens\/nos-examens\/24-03\/lettre-de-notification-2\/\" \/>\n<meta property=\"og:site_name\" content=\"National Security and Intelligence Review Agency\" \/>\n<meta property=\"article:modified_time\" content=\"2025-03-05T20:06:20+00:00\" \/>\n<meta property=\"og:image\" content=\"https:\/\/nsira-ossnr.gc.ca\/wp-content\/uploads\/Reviews-Featured-2.jpg\" \/>\n\t<meta property=\"og:image:width\" content=\"350\" \/>\n\t<meta property=\"og:image:height\" content=\"500\" \/>\n\t<meta property=\"og:image:type\" content=\"image\/jpeg\" \/>\n<meta name=\"twitter:card\" content=\"summary_large_image\" \/>\n<meta name=\"twitter:label1\" content=\"Estimation du temps de lecture\" \/>\n\t<meta name=\"twitter:data1\" content=\"2 minutes\" \/>\n<script type=\"application\/ld+json\" class=\"yoast-schema-graph\">{\"@context\":\"https:\/\/schema.org\",\"@graph\":[{\"@type\":\"WebPage\",\"@id\":\"https:\/\/nsira-ossnr.gc.ca\/reviews\/find-a-review\/24-03\/notification-letter\/\",\"url\":\"https:\/\/nsira-ossnr.gc.ca\/reviews\/find-a-review\/24-03\/notification-letter\/\",\"name\":\"Review of Departmental Implementation of the Avoiding Complicity in Mistreatment by Foreign Entities Act for 2023: Notification Letter - National Security and Intelligence Review Agency\",\"isPartOf\":{\"@id\":\"https:\/\/nsira-ossnr.gc.ca\/#website\"},\"datePublished\":\"2025-03-05T18:03:09+00:00\",\"dateModified\":\"2025-03-05T20:06:20+00:00\",\"breadcrumb\":{\"@id\":\"https:\/\/nsira-ossnr.gc.ca\/reviews\/find-a-review\/24-03\/notification-letter\/#breadcrumb\"},\"inLanguage\":\"fr-CA\",\"potentialAction\":[{\"@type\":\"ReadAction\",\"target\":[\"https:\/\/nsira-ossnr.gc.ca\/reviews\/find-a-review\/24-03\/notification-letter\/\"]}]},{\"@type\":\"BreadcrumbList\",\"@id\":\"https:\/\/nsira-ossnr.gc.ca\/reviews\/find-a-review\/24-03\/notification-letter\/#breadcrumb\",\"itemListElement\":[{\"@type\":\"ListItem\",\"position\":1,\"name\":\"Reviews\",\"item\":\"\/reviews\/\"},{\"@type\":\"ListItem\",\"position\":2,\"name\":\"Find A Review\",\"item\":\"\/reviews\/find-a-review\/\"},{\"@type\":\"ListItem\",\"position\":3,\"name\":\"Review of Departmental Implementation of the Avoiding Complicity in Mistreatment by Foreign Entities Act for 2023\",\"item\":\"\/reviews\/find-a-review\/24-03\/\"},{\"@type\":\"ListItem\",\"position\":4,\"name\":\"Review of Departmental Implementation of the Avoiding Complicity in Mistreatment by Foreign Entities Act for 2023: Notification Letter\"}]},{\"@type\":\"WebSite\",\"@id\":\"https:\/\/nsira-ossnr.gc.ca\/#website\",\"url\":\"https:\/\/nsira-ossnr.gc.ca\/\",\"name\":\"National Security and Intelligence Review Agency\",\"description\":\"Official Website\",\"potentialAction\":[{\"@type\":\"SearchAction\",\"target\":{\"@type\":\"EntryPoint\",\"urlTemplate\":\"https:\/\/nsira-ossnr.gc.ca\/?s={search_term_string}\"},\"query-input\":\"required name=search_term_string\"}],\"inLanguage\":\"fr-CA\"}]}<\/script>\n<!-- \/ Yoast SEO plugin. -->","yoast_head_json":{"title":"Review of Departmental Implementation of the Avoiding Complicity in Mistreatment by Foreign Entities Act for 2023: Notification Letter - National Security and Intelligence Review Agency","robots":{"index":"index","follow":"follow","max-snippet":"max-snippet:-1","max-image-preview":"max-image-preview:large","max-video-preview":"max-video-preview:-1"},"canonical":"https:\/\/nsira-ossnr.gc.ca\/fr\/examens\/nos-examens\/24-03\/lettre-de-notification-2\/","og_locale":"fr_CA","og_type":"article","og_title":"Review of Departmental Implementation of the Avoiding Complicity in Mistreatment by Foreign Entities Act for 2023: Notification Letter - National Security and Intelligence Review Agency","og_url":"https:\/\/nsira-ossnr.gc.ca\/fr\/examens\/nos-examens\/24-03\/lettre-de-notification-2\/","og_site_name":"National Security and Intelligence Review Agency","article_modified_time":"2025-03-05T20:06:20+00:00","og_image":[{"width":350,"height":500,"url":"https:\/\/nsira-ossnr.gc.ca\/wp-content\/uploads\/Reviews-Featured-2.jpg","type":"image\/jpeg"}],"twitter_card":"summary_large_image","twitter_misc":{"Estimation du temps de lecture":"2 minutes"},"schema":{"@context":"https:\/\/schema.org","@graph":[{"@type":"WebPage","@id":"https:\/\/nsira-ossnr.gc.ca\/reviews\/find-a-review\/24-03\/notification-letter\/","url":"https:\/\/nsira-ossnr.gc.ca\/reviews\/find-a-review\/24-03\/notification-letter\/","name":"Review of Departmental Implementation of the Avoiding Complicity in Mistreatment by Foreign Entities Act for 2023: Notification Letter - National Security and Intelligence Review Agency","isPartOf":{"@id":"https:\/\/nsira-ossnr.gc.ca\/#website"},"datePublished":"2025-03-05T18:03:09+00:00","dateModified":"2025-03-05T20:06:20+00:00","breadcrumb":{"@id":"https:\/\/nsira-ossnr.gc.ca\/reviews\/find-a-review\/24-03\/notification-letter\/#breadcrumb"},"inLanguage":"fr-CA","potentialAction":[{"@type":"ReadAction","target":["https:\/\/nsira-ossnr.gc.ca\/reviews\/find-a-review\/24-03\/notification-letter\/"]}]},{"@type":"BreadcrumbList","@id":"https:\/\/nsira-ossnr.gc.ca\/reviews\/find-a-review\/24-03\/notification-letter\/#breadcrumb","itemListElement":[{"@type":"ListItem","position":1,"name":"Reviews","item":"\/reviews\/"},{"@type":"ListItem","position":2,"name":"Find A Review","item":"\/reviews\/find-a-review\/"},{"@type":"ListItem","position":3,"name":"Review of Departmental Implementation of the Avoiding Complicity in Mistreatment by Foreign Entities Act for 2023","item":"\/reviews\/find-a-review\/24-03\/"},{"@type":"ListItem","position":4,"name":"Review of Departmental Implementation of the Avoiding Complicity in Mistreatment by Foreign Entities Act for 2023: Notification Letter"}]},{"@type":"WebSite","@id":"https:\/\/nsira-ossnr.gc.ca\/#website","url":"https:\/\/nsira-ossnr.gc.ca\/","name":"National Security and Intelligence Review Agency","description":"Official Website","potentialAction":[{"@type":"SearchAction","target":{"@type":"EntryPoint","urlTemplate":"https:\/\/nsira-ossnr.gc.ca\/?s={search_term_string}"},"query-input":"required name=search_term_string"}],"inLanguage":"fr-CA"}]}},"_links":{"self":[{"href":"https:\/\/nsira-ossnr.gc.ca\/fr\/wp-json\/wp\/v2\/pages\/9375"}],"collection":[{"href":"https:\/\/nsira-ossnr.gc.ca\/fr\/wp-json\/wp\/v2\/pages"}],"about":[{"href":"https:\/\/nsira-ossnr.gc.ca\/fr\/wp-json\/wp\/v2\/types\/page"}],"author":[{"embeddable":true,"href":"https:\/\/nsira-ossnr.gc.ca\/fr\/wp-json\/wp\/v2\/users\/1"}],"replies":[{"embeddable":true,"href":"https:\/\/nsira-ossnr.gc.ca\/fr\/wp-json\/wp\/v2\/comments?post=9375"}],"version-history":[{"count":3,"href":"https:\/\/nsira-ossnr.gc.ca\/fr\/wp-json\/wp\/v2\/pages\/9375\/revisions"}],"predecessor-version":[{"id":9398,"href":"https:\/\/nsira-ossnr.gc.ca\/fr\/wp-json\/wp\/v2\/pages\/9375\/revisions\/9398"}],"up":[{"embeddable":true,"href":"https:\/\/nsira-ossnr.gc.ca\/fr\/wp-json\/wp\/v2\/pages\/9285"}],"wp:featuredmedia":[{"embeddable":true,"href":"https:\/\/nsira-ossnr.gc.ca\/fr\/wp-json\/wp\/v2\/media\/3255"}],"wp:attachment":[{"href":"https:\/\/nsira-ossnr.gc.ca\/fr\/wp-json\/wp\/v2\/media?parent=9375"}],"wp:term":[{"taxonomy":"category","embeddable":true,"href":"https:\/\/nsira-ossnr.gc.ca\/fr\/wp-json\/wp\/v2\/categories?post=9375"},{"taxonomy":"post_tag","embeddable":true,"href":"https:\/\/nsira-ossnr.gc.ca\/fr\/wp-json\/wp\/v2\/tags?post=9375"}],"curies":[{"name":"wp","href":"https:\/\/api.w.org\/{rel}","templated":true}]}}