{"id":9351,"date":"2025-03-05T10:52:54","date_gmt":"2025-03-05T15:52:25","guid":{"rendered":"https:\/\/dev.nsira-ossnr.gc.ca\/reviews\/our-reviews\/sata-review\/notification-letter-2\/"},"modified":"2025-03-05T11:34:57","modified_gmt":"2025-03-05T16:34:57","slug":"notification-letter","status":"publish","type":"page","link":"https:\/\/nsira-ossnr.gc.ca\/fr\/examens\/nos-examens\/24-08\/lettre-de-notification-2\/","title":{"rendered":"Royal Canadian Mounted Police&#8217;s National Security Criminal Investigations: Notification Letter"},"content":{"rendered":"<div id=\"hero-banner-post\" style=\"background: url(\/wp-content\/uploads\/Reviews-Banner-2.jpg); background-size: cover; background-position: center; border-style: solid; border-width: 0 0 10px 0; border-color: #eeeeee; padding: 50px 0;\">\n    <div class=\"grid-container\">\n        <div class=\"grid-row\">\n            <div id=\"col-gm55631e\" class=\"text-center wp-block-gutentor-m4-col col-gm55631e gutentor-single-column grid-lg-12 grid-md-12 grid-12 mrgn-tp-md mrgn-bttm-md\">\n                <div id=\"section-gm55631e\" class=\"section-gm55631e gutentor-col-wrap\">\n                    <!-- Page Title (Parent page title dynamically added) -->\n                    <h1 style=\"font-size: 2.25em; border:none;\" class=\"has-text-color has-white-color mrgn-tp-md wp-block-post-title\">\n                        Enqu\u00eates criminelles de la Gendarmerie royale du Canada sur la s\u00e9curit\u00e9 nationale                    <\/h1>\n\n                    <hr class=\"wp-block-separator has-text-color has-white-color has-alpha-channel-opacity has-white-background-color has-background\">\n\n                    <!-- Dynamically Display the Page Type (e.g., Notification Letter, Report, etc.) -->\n                                            <h2 class=\"has-text-color has-white-color\" style=\"font-size: 1.5em; margin-top: 20px;\">\n                            Lettre de Notification                        <\/h2>\n                    \n                    <!-- Here you could add other content like buttons or additional text if needed -->\n\n                <\/div>\n            <\/div>\n        <\/div>\n    <\/div>\n<\/div>\n\n\n<section id=\"gm3b7222d\" class=\"wp-block-gutentor-m4 section-gm3b7222d gutentor-module gutentor-advanced-columns\"><div class=\"grid-container\"><div class=\"grid-row\">\n<div id=\"col-gm282b67\" class=\"wp-block-gutentor-m4-col col-gm282b67 gutentor-single-column  grid-lg-3 grid-md-12 grid-12 section-sticky\"><div id=\"section-gm282b67\" class=\"section-gm282b67 gutentor-col-wrap\">\n<section id=\"984c72\" class=\"wp-block-gutentor-m13 section-984c72 gutentor-module gutentor-module-table-of-contents\"><div class=\"grid-container\"><div class=\"g-toc\"><div class=\"g-toc-header\"><div class=\"g-toc-heading\"><div class=\"g-toc-title\">Table des mati\u00e8res<\/div><\/div><\/div><div class=\"g-toc-body\" style=\"display:\"><ol class=\"g-ordered-list\" type=\"none\"><li><a href=\"#1-nsiras-letter-to-the-global-affairs-canada-minister\">Lettre de notification de l'OSSNR<\/a><\/li><\/ol><\/div><\/div><\/div><\/section>\n\n\n\n<hr class=\"wp-block-separator has-alpha-channel-opacity is-style-wide\"\/>\n<\/div><\/div>\n\n\n\n<div id=\"col-gm5656b5\" class=\"wp-block-gutentor-m4-col col-gm5656b5 gutentor-single-column  grid-lg-9 grid-md-12 grid-12 content-body\"><div id=\"section-gm5656b5\" class=\"section-gm5656b5 gutentor-col-wrap\">\n<p class=\"mrgn-bttm-0 has-nsira-blue-color has-text-color\"><strong>Date de publication :<\/strong><\/p>\n\n\n<div class=\"mrgn-bttm-lg wp-block-post-date\"><time datetime=\"2025-03-05T10:52:54-05:00\">5 mars, 2025<\/time><\/div>\n\n\n<h2 class=\"wp-block-heading\" id=\"1-nsiras-letter-to-the-global-affairs-canada-minister\">Lettre de notification de l'OSSNR<\/h2>\n\n\n\n<p>Monsieur le Ministre,<\/p>\n\n\n\n<p>Je vous \u00e9cris au nom des membres de l\u2019Office de surveillance des activit\u00e9s en mati\u00e8re de s\u00e9curit\u00e9 nationale et de renseignement (OSSNR) pour vous informer que l\u2019OSSNR entreprend un examen des enqu\u00eates criminelles relatives la s\u00e9curit\u00e9 nationale de la Gendarmerie royale du Canada.<\/p>\n\n\n\n<p class=\" translation-block\">L\u2019examen est effectu\u00e9 conform\u00e9ment \u00e0 l\u2019alin\u00e9a 8(1)b) de la Loi sur l\u2019Office de surveillance des activit\u00e9s en mati\u00e8re de s\u00e9curit\u00e9 nationale et de renseignement. Cette loi accorde \u00e0 l\u2019OSSNR un acc\u00e8s complet et rapide \u00e0 tous les renseignements d\u00e9tenus par les minist\u00e8res et organismes vis\u00e9s par un examen, y compris les renseignements classifi\u00e9s et privil\u00e9gi\u00e9s, \u00e0 l\u2019exception des documents confidentiels du Cabinet.<\/p>\n\n\n\n<p>L\u2019OSSNR examinera les activit\u00e9s du programme de s\u00e9curit\u00e9 nationale de la GRC en ce qui concerne les enqu\u00eates criminelles relatives \u00e0 la s\u00e9curit\u00e9 nationale. L\u2019OSSNR s\u2019attend \u00e0 examiner les techniques utilis\u00e9es par la GRC pour enqu\u00eater sur des questions de s\u00e9curit\u00e9 nationale et la fa\u00e7on dont la GRC \u00e9tablit ses motifs raisonnables d\u2019enqu\u00eater. L\u2019OSSNR proc\u00e9dera, entre autres, \u00e0 un examen des pratiques de la GRC en mati\u00e8re de prise de d\u00e9cisions et d\u2019\u00e9change d\u2019information, ainsi que des politiques et des proc\u00e9dures utilis\u00e9es dans la d\u00e9confliction avec ses partenaires, en particulier avec le Service canadien du renseignement de s\u00e9curit\u00e9 (SCRS). Elle se penchera sur le caract\u00e8re raisonnable, la n\u00e9cessit\u00e9 et l\u2019efficacit\u00e9 des activit\u00e9s r\u00e9alis\u00e9es par la GRC dans le cadre de l\u2019exercice de son mandat dans ce domaine.<\/p>\n\n\n\n<p class=\" translation-block\">L\u2019OSSNR communiquera avec vos repr\u00e9sentants au sujet de cet examen. Au fur et \u00e0 mesure que le travail progressera, l\u2019\u00e9quipe d\u2019examen de l\u2019OSSNR communiquera souvent avec eux pour leur demander de l\u2019information. Elle pourrait, entre autres, leur demander des documents, un acc\u00e8s au syst\u00e8me, des explications \u00e9crites, des notes d\u2019information, des entrevues, des sondages et toute autre information jug\u00e9e pertinente par l\u2019OSSNR dans le cadre de cet examen. Il pourrait \u00e9galement y avoir des inspections ind\u00e9pendantes de certains syst\u00e8mes techniques. Les attentes de l\u2019OSSNR en mati\u00e8re de r\u00e9ponse sont pr\u00e9sent\u00e9es en ligne \u00e0 l\u2019adresse https:\/\/nsira-ossnr.gc.ca.<\/p>\n\n\n\n<p>Je vous remercie par avance de votre coop\u00e9ration et de votre soutien au processus d\u2019examen ind\u00e9pendant, qui est essentiel \u00e0 la transparence et \u00e0 la responsabilit\u00e9 en d\u00e9mocratie.<\/p>\n\n\n\n<p>Je vous prie d\u2019agr\u00e9er, l\u2019expression de ma consid\u00e9ration respectueuse.<\/p>\n\n\n\n<figure class=\"wp-block-image size-full\"><img decoding=\"async\" loading=\"lazy\" width=\"292\" height=\"89\" src=\"\/wp-content\/uploads\/marie-sig-blackink.png\" alt=\"\" class=\"wp-image-7697\"\/><\/figure>\n\n\n\n<p>L\u2019honorable Marie Deschamps, C.C.<br>Pr\u00e9sidente, Office de surveillance des activit\u00e9s en mati\u00e8re de s\u00e9curit\u00e9 nationale et de renseignement<\/p>\n<\/div><\/div>\n<\/div><\/div><\/section>\n\n\n\n<p><\/p>","protected":false},"excerpt":{"rendered":"","protected":false},"author":1,"featured_media":3255,"parent":8666,"menu_order":0,"comment_status":"closed","ping_status":"closed","template":"template-nsira-subpages.php","meta":{"inline_featured_image":false},"categories":[19,24],"tags":[92,75,85],"yoast_head":"<!-- This site is optimized with the Yoast SEO plugin v20.9 - https:\/\/yoast.com\/wordpress\/plugins\/seo\/ -->\n<title>Royal Canadian Mounted Police&#039;s National Security Criminal Investigations: Notification Letter - National Security and Intelligence Review Agency<\/title>\n<meta name=\"robots\" content=\"index, follow, max-snippet:-1, max-image-preview:large, max-video-preview:-1\" \/>\n<link rel=\"canonical\" href=\"https:\/\/nsira-ossnr.gc.ca\/fr\/examens\/nos-examens\/24-08\/lettre-de-notification-2\/\" \/>\n<meta property=\"og:locale\" content=\"fr_CA\" \/>\n<meta property=\"og:type\" content=\"article\" \/>\n<meta property=\"og:title\" content=\"Royal Canadian Mounted Police&#039;s National Security Criminal Investigations: Notification Letter - National Security and Intelligence Review Agency\" \/>\n<meta property=\"og:url\" content=\"https:\/\/nsira-ossnr.gc.ca\/fr\/examens\/nos-examens\/24-08\/lettre-de-notification-2\/\" \/>\n<meta property=\"og:site_name\" content=\"National Security and Intelligence Review Agency\" \/>\n<meta property=\"article:modified_time\" content=\"2025-03-05T16:34:57+00:00\" \/>\n<meta property=\"og:image\" content=\"https:\/\/nsira-ossnr.gc.ca\/wp-content\/uploads\/Reviews-Featured-2.jpg\" \/>\n\t<meta property=\"og:image:width\" content=\"350\" \/>\n\t<meta property=\"og:image:height\" content=\"500\" \/>\n\t<meta property=\"og:image:type\" content=\"image\/jpeg\" \/>\n<meta name=\"twitter:card\" content=\"summary_large_image\" \/>\n<meta name=\"twitter:label1\" content=\"Estimation du temps de lecture\" \/>\n\t<meta name=\"twitter:data1\" content=\"2 minutes\" \/>\n<script type=\"application\/ld+json\" class=\"yoast-schema-graph\">{\"@context\":\"https:\/\/schema.org\",\"@graph\":[{\"@type\":\"WebPage\",\"@id\":\"https:\/\/nsira-ossnr.gc.ca\/reviews\/find-a-review\/24-08\/notification-letter\/\",\"url\":\"https:\/\/nsira-ossnr.gc.ca\/reviews\/find-a-review\/24-08\/notification-letter\/\",\"name\":\"Royal Canadian Mounted Police's National Security Criminal Investigations: Notification Letter - National Security and Intelligence Review Agency\",\"isPartOf\":{\"@id\":\"https:\/\/nsira-ossnr.gc.ca\/#website\"},\"datePublished\":\"2025-03-05T15:52:25+00:00\",\"dateModified\":\"2025-03-05T16:34:57+00:00\",\"breadcrumb\":{\"@id\":\"https:\/\/nsira-ossnr.gc.ca\/reviews\/find-a-review\/24-08\/notification-letter\/#breadcrumb\"},\"inLanguage\":\"fr-CA\",\"potentialAction\":[{\"@type\":\"ReadAction\",\"target\":[\"https:\/\/nsira-ossnr.gc.ca\/reviews\/find-a-review\/24-08\/notification-letter\/\"]}]},{\"@type\":\"BreadcrumbList\",\"@id\":\"https:\/\/nsira-ossnr.gc.ca\/reviews\/find-a-review\/24-08\/notification-letter\/#breadcrumb\",\"itemListElement\":[{\"@type\":\"ListItem\",\"position\":1,\"name\":\"Reviews\",\"item\":\"\/reviews\/\"},{\"@type\":\"ListItem\",\"position\":2,\"name\":\"Find A Review\",\"item\":\"\/reviews\/find-a-review\/\"},{\"@type\":\"ListItem\",\"position\":3,\"name\":\"Royal Canadian Mounted Police&#8217;s National Security Criminal Investigations\",\"item\":\"\/reviews\/find-a-review\/24-08\/\"},{\"@type\":\"ListItem\",\"position\":4,\"name\":\"Royal Canadian Mounted Police&#8217;s National Security Criminal Investigations: Notification Letter\"}]},{\"@type\":\"WebSite\",\"@id\":\"https:\/\/nsira-ossnr.gc.ca\/#website\",\"url\":\"https:\/\/nsira-ossnr.gc.ca\/\",\"name\":\"National Security and Intelligence Review Agency\",\"description\":\"Official Website\",\"potentialAction\":[{\"@type\":\"SearchAction\",\"target\":{\"@type\":\"EntryPoint\",\"urlTemplate\":\"https:\/\/nsira-ossnr.gc.ca\/?s={search_term_string}\"},\"query-input\":\"required name=search_term_string\"}],\"inLanguage\":\"fr-CA\"}]}<\/script>\n<!-- \/ Yoast SEO plugin. -->","yoast_head_json":{"title":"Royal Canadian Mounted Police's National Security Criminal Investigations: Notification Letter - National Security and Intelligence Review Agency","robots":{"index":"index","follow":"follow","max-snippet":"max-snippet:-1","max-image-preview":"max-image-preview:large","max-video-preview":"max-video-preview:-1"},"canonical":"https:\/\/nsira-ossnr.gc.ca\/fr\/examens\/nos-examens\/24-08\/lettre-de-notification-2\/","og_locale":"fr_CA","og_type":"article","og_title":"Royal Canadian Mounted Police's National Security Criminal Investigations: Notification Letter - National Security and Intelligence Review Agency","og_url":"https:\/\/nsira-ossnr.gc.ca\/fr\/examens\/nos-examens\/24-08\/lettre-de-notification-2\/","og_site_name":"National Security and Intelligence Review Agency","article_modified_time":"2025-03-05T16:34:57+00:00","og_image":[{"width":350,"height":500,"url":"https:\/\/nsira-ossnr.gc.ca\/wp-content\/uploads\/Reviews-Featured-2.jpg","type":"image\/jpeg"}],"twitter_card":"summary_large_image","twitter_misc":{"Estimation du temps de lecture":"2 minutes"},"schema":{"@context":"https:\/\/schema.org","@graph":[{"@type":"WebPage","@id":"https:\/\/nsira-ossnr.gc.ca\/reviews\/find-a-review\/24-08\/notification-letter\/","url":"https:\/\/nsira-ossnr.gc.ca\/reviews\/find-a-review\/24-08\/notification-letter\/","name":"Royal Canadian Mounted Police's National Security Criminal Investigations: Notification Letter - National Security and Intelligence Review Agency","isPartOf":{"@id":"https:\/\/nsira-ossnr.gc.ca\/#website"},"datePublished":"2025-03-05T15:52:25+00:00","dateModified":"2025-03-05T16:34:57+00:00","breadcrumb":{"@id":"https:\/\/nsira-ossnr.gc.ca\/reviews\/find-a-review\/24-08\/notification-letter\/#breadcrumb"},"inLanguage":"fr-CA","potentialAction":[{"@type":"ReadAction","target":["https:\/\/nsira-ossnr.gc.ca\/reviews\/find-a-review\/24-08\/notification-letter\/"]}]},{"@type":"BreadcrumbList","@id":"https:\/\/nsira-ossnr.gc.ca\/reviews\/find-a-review\/24-08\/notification-letter\/#breadcrumb","itemListElement":[{"@type":"ListItem","position":1,"name":"Reviews","item":"\/reviews\/"},{"@type":"ListItem","position":2,"name":"Find A Review","item":"\/reviews\/find-a-review\/"},{"@type":"ListItem","position":3,"name":"Royal Canadian Mounted Police&#8217;s National Security Criminal Investigations","item":"\/reviews\/find-a-review\/24-08\/"},{"@type":"ListItem","position":4,"name":"Royal Canadian Mounted Police&#8217;s National Security Criminal Investigations: Notification Letter"}]},{"@type":"WebSite","@id":"https:\/\/nsira-ossnr.gc.ca\/#website","url":"https:\/\/nsira-ossnr.gc.ca\/","name":"National Security and Intelligence Review Agency","description":"Official Website","potentialAction":[{"@type":"SearchAction","target":{"@type":"EntryPoint","urlTemplate":"https:\/\/nsira-ossnr.gc.ca\/?s={search_term_string}"},"query-input":"required name=search_term_string"}],"inLanguage":"fr-CA"}]}},"_links":{"self":[{"href":"https:\/\/nsira-ossnr.gc.ca\/fr\/wp-json\/wp\/v2\/pages\/9351"}],"collection":[{"href":"https:\/\/nsira-ossnr.gc.ca\/fr\/wp-json\/wp\/v2\/pages"}],"about":[{"href":"https:\/\/nsira-ossnr.gc.ca\/fr\/wp-json\/wp\/v2\/types\/page"}],"author":[{"embeddable":true,"href":"https:\/\/nsira-ossnr.gc.ca\/fr\/wp-json\/wp\/v2\/users\/1"}],"replies":[{"embeddable":true,"href":"https:\/\/nsira-ossnr.gc.ca\/fr\/wp-json\/wp\/v2\/comments?post=9351"}],"version-history":[{"count":2,"href":"https:\/\/nsira-ossnr.gc.ca\/fr\/wp-json\/wp\/v2\/pages\/9351\/revisions"}],"predecessor-version":[{"id":9354,"href":"https:\/\/nsira-ossnr.gc.ca\/fr\/wp-json\/wp\/v2\/pages\/9351\/revisions\/9354"}],"up":[{"embeddable":true,"href":"https:\/\/nsira-ossnr.gc.ca\/fr\/wp-json\/wp\/v2\/pages\/8666"}],"wp:featuredmedia":[{"embeddable":true,"href":"https:\/\/nsira-ossnr.gc.ca\/fr\/wp-json\/wp\/v2\/media\/3255"}],"wp:attachment":[{"href":"https:\/\/nsira-ossnr.gc.ca\/fr\/wp-json\/wp\/v2\/media?parent=9351"}],"wp:term":[{"taxonomy":"category","embeddable":true,"href":"https:\/\/nsira-ossnr.gc.ca\/fr\/wp-json\/wp\/v2\/categories?post=9351"},{"taxonomy":"post_tag","embeddable":true,"href":"https:\/\/nsira-ossnr.gc.ca\/fr\/wp-json\/wp\/v2\/tags?post=9351"}],"curies":[{"name":"wp","href":"https:\/\/api.w.org\/{rel}","templated":true}]}}