{"id":9346,"date":"2025-03-05T09:25:54","date_gmt":"2025-03-05T14:25:54","guid":{"rendered":"https:\/\/dev.nsira-ossnr.gc.ca\/reviews\/our-reviews\/review-of-global-affairs-canadas-global-security-reporting-program\/notification-letter-2\/"},"modified":"2025-07-08T15:07:41","modified_gmt":"2025-07-08T19:07:41","slug":"notification-letter","status":"publish","type":"page","link":"https:\/\/nsira-ossnr.gc.ca\/fr\/examens\/nos-examens\/24-06\/lettre-de-notification-2\/","title":{"rendered":"Review of the Passenger Protect Program and Secure Air Travel Act: Notification Letter"},"content":{"rendered":"<div id=\"hero-banner-post\" style=\"background: url(\/wp-content\/uploads\/Reviews-Banner-2.jpg); background-size: cover; background-position: center; border-style: solid; border-width: 0 0 10px 0; border-color: #eeeeee; padding: 50px 0;\">\n    <div class=\"grid-container\">\n        <div class=\"grid-row\">\n            <div id=\"col-gm55631e\" class=\"text-center wp-block-gutentor-m4-col col-gm55631e gutentor-single-column grid-lg-12 grid-md-12 grid-12 mrgn-tp-md mrgn-bttm-md\">\n                <div id=\"section-gm55631e\" class=\"section-gm55631e gutentor-col-wrap\">\n                    <!-- Page Title (Parent page title dynamically added) -->\n                    <h1 style=\"font-size: 2.25em; border:none;\" class=\"has-text-color has-white-color mrgn-tp-md wp-block-post-title\">\n                        Examen du Programme de protection des passagers et la Loi sur la s\u00fbret\u00e9 des d\u00e9placements a\u00e9riens                    <\/h1>\n\n                    <hr class=\"wp-block-separator has-text-color has-white-color has-alpha-channel-opacity has-white-background-color has-background\">\n\n                    <!-- Dynamically Display the Page Type (e.g., Notification Letter, Report, etc.) -->\n                                            <h2 class=\"has-text-color has-white-color\" style=\"font-size: 1.5em; margin-top: 20px;\">\n                            Lettre de Notification                        <\/h2>\n                    \n                    <!-- Here you could add other content like buttons or additional text if needed -->\n\n                <\/div>\n            <\/div>\n        <\/div>\n    <\/div>\n<\/div>\n\n\n<section id=\"gm764cad5\" class=\"wp-block-gutentor-m4 section-gm764cad5 gutentor-module gutentor-advanced-columns\"><div class=\"grid-container\"><div class=\"grid-row\">\n<div id=\"col-gm68e713\" class=\"wp-block-gutentor-m4-col col-gm68e713 gutentor-single-column  grid-lg-3 grid-md-12 grid-12 section-sticky\"><div id=\"section-gm68e713\" class=\"section-gm68e713 gutentor-col-wrap\">\n<section id=\"1ac283\" class=\"wp-block-gutentor-m13 section-1ac283 gutentor-module gutentor-module-table-of-contents\"><div class=\"grid-container\"><div class=\"g-toc\"><div class=\"g-toc-header\"><div class=\"g-toc-heading\"><div class=\"g-toc-title\">Table des mati\u00e8res<\/div><\/div><\/div><div class=\"g-toc-body\" style=\"display:\"><ol class=\"g-ordered-list\" type=\"none\"><li><a href=\"#1-nsiras-letter-to-the-global-affairs-canada-minister\">Lettre de l'OSSNR aux ministres<\/a><\/li><\/ol><\/div><\/div><\/div><\/section>\n\n\n\n<hr class=\"wp-block-separator has-alpha-channel-opacity is-style-wide\"\/>\n<\/div><\/div>\n\n\n\n<div id=\"col-gm12329a\" class=\"wp-block-gutentor-m4-col col-gm12329a gutentor-single-column  grid-lg-9 grid-md-12 grid-12 content-body\"><div id=\"section-gm12329a\" class=\"section-gm12329a gutentor-col-wrap\">\n<p class=\"mrgn-bttm-0 has-nsira-blue-color has-text-color\"><strong>Date de publication :<\/strong><\/p>\n\n\n<div class=\"mrgn-bttm-lg wp-block-post-date\"><time datetime=\"2025-03-05T09:25:54-05:00\">5 mars, 2025<\/time><\/div>\n\n\n<h2 class=\"wp-block-heading\" id=\"1-nsiras-letter-to-the-global-affairs-canada-minister\">Lettre de l'OSSNR aux ministres<\/h2>\n\n\n\n<p>Chers Ministres,<\/p>\n\n\n\n<p class=\" translation-block\">Je vous \u00e9cris au nom des membres de l\u2019Office de surveillance des activit\u00e9s en mati\u00e8re de s\u00e9curit\u00e9 nationale et de renseignement (OSSNR) pour vous informer que l\u2019OSSNR a entrepris un examen du Programme de protection des passagers dans le contexte de son cadre l\u00e9gislatif, la Loi sur la s\u00fbret\u00e9 des d\u00e9placements a\u00e9riens (LSDA).<\/p>\n\n\n\n<p class=\" translation-block\">L\u2019examen est effectu\u00e9 conform\u00e9ment \u00e0 l\u2019alin\u00e9a 8(1)b) de la Loi sur l\u2019Office de surveillance des activit\u00e9s en mati\u00e8re de s\u00e9curit\u00e9 nationale et de renseignement. Cette loi accorde \u00e0 l\u2019OSSNR un acc\u00e8s complet et rapide \u00e0 tous les renseignements d\u00e9tenus par les minist\u00e8res et organismes vis\u00e9s par un examen, y compris les renseignements classifi\u00e9s et privil\u00e9gi\u00e9s, \u00e0 l\u2019exception des documents confidentiels du Cabinet.<\/p>\n\n\n\n<p>L\u2019examen de l\u2019OSSNR portera sur les processus d\u2019ajout ou de retrait d\u2019une personne de la liste en vertu de l\u2019article 8 de la LSDA, ainsi que les recours administratifs connexes. L\u2019examen pourrait \u00e9galement tenir compte de la fa\u00e7on dont la liste de la LSDA est utilis\u00e9e pour le contr\u00f4le des passagers a\u00e9riens. \u00c0 ce titre, l\u2019OSSNR examinera les activit\u00e9s men\u00e9es par les minist\u00e8res et organismes suivants : l\u2019Agence des services frontaliers du Canada (ASFC), le Service canadien du renseignement de s\u00e9curit\u00e9 (SCRS), le minist\u00e8re de la Justice, Affaires mondiales Canada (AMC), Immigration, R\u00e9fugi\u00e9s et Citoyennet\u00e9 Canada (IRCC), S\u00e9curit\u00e9 publique Canada, la Gendarmerie royale du Canada (GRC), et Transports Canada<\/p>\n\n\n\n<p class=\" translation-block\">L\u2019OSSNR prendra contact avec vos repr\u00e9sentants concernant ledit examen. Tout au long de la d\u00e9marche, l\u2019\u00e9quipe d\u2019examen de l\u2019OSSNR communiquera r\u00e9guli\u00e8rement avec eux pour leur demander des renseignements. Ces demandes peuvent concerner des documents, des acc\u00e8s aux syst\u00e8mes, des explications \u00e9crites, des s\u00e9ances d\u2019information, des entrevues, des sondages ou tout autre type de renseignement que l\u2019OSSNR juge pertinent pour cet examen. L\u2019examen pourrait \u00e9galement comprendre l\u2019inspection ind\u00e9pendante de certains syst\u00e8mes techniques. En outre, les attentes de l\u2019OSSNR en mati\u00e8re de r\u00e9activit\u00e9 ont \u00e9t\u00e9 mises en ligne \u00e0 l\u2019adresse suivante   : <a href=\"https:\/\/nsira-ossnr.gc.ca\/fr\/\">https:\/\/nsira-ossnr.gc.ca<\/a>.<\/p>\n\n\n\n<p>Je vous remercie par avance de votre coop\u00e9ration et de votre soutien au processus d\u2019examen ind\u00e9pendant, qui est essentiel \u00e0 la transparence et \u00e0 la responsabilit\u00e9 en d\u00e9mocratie.<\/p>\n\n\n\n<p>Je vous prie d\u2019agr\u00e9er, l\u2019expression de ma consid\u00e9ration respectueuse.<\/p>\n\n\n\n<figure class=\"wp-block-image size-full\"><img decoding=\"async\" loading=\"lazy\" width=\"292\" height=\"89\" src=\"\/wp-content\/uploads\/marie-sig-blackink.png\" alt=\"\" class=\"wp-image-7697\"\/><\/figure>\n\n\n\n<p>L\u2019honorable Marie Deschamps, C.C.<br>Pr\u00e9sidente, Office de surveillance des activit\u00e9s en mati\u00e8re de s\u00e9curit\u00e9 nationale et de renseignement<\/p>\n<\/div><\/div>\n<\/div><\/div><\/section>\n\n\n\n<p><\/p>","protected":false},"excerpt":{"rendered":"","protected":false},"author":1,"featured_media":3255,"parent":8654,"menu_order":0,"comment_status":"closed","ping_status":"closed","template":"template-nsira-subpages.php","meta":{"inline_featured_image":false},"categories":[24],"tags":[92,84,77,80,75,89,88,87,85,91],"yoast_head":"<!-- This site is optimized with the Yoast SEO plugin v20.9 - https:\/\/yoast.com\/wordpress\/plugins\/seo\/ -->\n<title>Review of the Passenger Protect Program and Secure Air Travel Act: Notification Letter - National Security and Intelligence Review Agency<\/title>\n<meta name=\"robots\" content=\"index, follow, max-snippet:-1, max-image-preview:large, max-video-preview:-1\" \/>\n<link rel=\"canonical\" href=\"https:\/\/nsira-ossnr.gc.ca\/fr\/examens\/nos-examens\/24-06\/lettre-de-notification-2\/\" \/>\n<meta property=\"og:locale\" content=\"fr_CA\" \/>\n<meta property=\"og:type\" content=\"article\" \/>\n<meta property=\"og:title\" content=\"Review of the Passenger Protect Program and Secure Air Travel Act: Notification Letter - National Security and Intelligence Review Agency\" \/>\n<meta property=\"og:url\" content=\"https:\/\/nsira-ossnr.gc.ca\/fr\/examens\/nos-examens\/24-06\/lettre-de-notification-2\/\" \/>\n<meta property=\"og:site_name\" content=\"National Security and Intelligence Review Agency\" \/>\n<meta property=\"article:modified_time\" content=\"2025-07-08T19:07:41+00:00\" \/>\n<meta property=\"og:image\" content=\"https:\/\/nsira-ossnr.gc.ca\/wp-content\/uploads\/Reviews-Featured-2.jpg\" \/>\n\t<meta property=\"og:image:width\" content=\"350\" \/>\n\t<meta property=\"og:image:height\" content=\"500\" \/>\n\t<meta property=\"og:image:type\" content=\"image\/jpeg\" \/>\n<meta name=\"twitter:card\" content=\"summary_large_image\" \/>\n<meta name=\"twitter:label1\" content=\"Estimation du temps de lecture\" \/>\n\t<meta name=\"twitter:data1\" content=\"2 minutes\" \/>\n<script type=\"application\/ld+json\" class=\"yoast-schema-graph\">{\"@context\":\"https:\/\/schema.org\",\"@graph\":[{\"@type\":\"WebPage\",\"@id\":\"https:\/\/nsira-ossnr.gc.ca\/reviews\/find-a-review\/24-06\/notification-letter\/\",\"url\":\"https:\/\/nsira-ossnr.gc.ca\/reviews\/find-a-review\/24-06\/notification-letter\/\",\"name\":\"Review of the Passenger Protect Program and Secure Air Travel Act: Notification Letter - National Security and Intelligence Review Agency\",\"isPartOf\":{\"@id\":\"https:\/\/nsira-ossnr.gc.ca\/#website\"},\"datePublished\":\"2025-03-05T14:25:54+00:00\",\"dateModified\":\"2025-07-08T19:07:41+00:00\",\"breadcrumb\":{\"@id\":\"https:\/\/nsira-ossnr.gc.ca\/reviews\/find-a-review\/24-06\/notification-letter\/#breadcrumb\"},\"inLanguage\":\"fr-CA\",\"potentialAction\":[{\"@type\":\"ReadAction\",\"target\":[\"https:\/\/nsira-ossnr.gc.ca\/reviews\/find-a-review\/24-06\/notification-letter\/\"]}]},{\"@type\":\"BreadcrumbList\",\"@id\":\"https:\/\/nsira-ossnr.gc.ca\/reviews\/find-a-review\/24-06\/notification-letter\/#breadcrumb\",\"itemListElement\":[{\"@type\":\"ListItem\",\"position\":1,\"name\":\"Reviews\",\"item\":\"\/reviews\/\"},{\"@type\":\"ListItem\",\"position\":2,\"name\":\"Find A Review\",\"item\":\"\/reviews\/find-a-review\/\"},{\"@type\":\"ListItem\",\"position\":3,\"name\":\"Review of the Passenger Protect Program and Secure Air Travel Act\",\"item\":\"\/reviews\/find-a-review\/24-06\/\"},{\"@type\":\"ListItem\",\"position\":4,\"name\":\"Review of the Passenger Protect Program and Secure Air Travel Act: Notification Letter\"}]},{\"@type\":\"WebSite\",\"@id\":\"https:\/\/nsira-ossnr.gc.ca\/#website\",\"url\":\"https:\/\/nsira-ossnr.gc.ca\/\",\"name\":\"National Security and Intelligence Review Agency\",\"description\":\"Official Website\",\"potentialAction\":[{\"@type\":\"SearchAction\",\"target\":{\"@type\":\"EntryPoint\",\"urlTemplate\":\"https:\/\/nsira-ossnr.gc.ca\/?s={search_term_string}\"},\"query-input\":\"required name=search_term_string\"}],\"inLanguage\":\"fr-CA\"}]}<\/script>\n<!-- \/ Yoast SEO plugin. -->","yoast_head_json":{"title":"Review of the Passenger Protect Program and Secure Air Travel Act: Notification Letter - National Security and Intelligence Review Agency","robots":{"index":"index","follow":"follow","max-snippet":"max-snippet:-1","max-image-preview":"max-image-preview:large","max-video-preview":"max-video-preview:-1"},"canonical":"https:\/\/nsira-ossnr.gc.ca\/fr\/examens\/nos-examens\/24-06\/lettre-de-notification-2\/","og_locale":"fr_CA","og_type":"article","og_title":"Review of the Passenger Protect Program and Secure Air Travel Act: Notification Letter - National Security and Intelligence Review Agency","og_url":"https:\/\/nsira-ossnr.gc.ca\/fr\/examens\/nos-examens\/24-06\/lettre-de-notification-2\/","og_site_name":"National Security and Intelligence Review Agency","article_modified_time":"2025-07-08T19:07:41+00:00","og_image":[{"width":350,"height":500,"url":"https:\/\/nsira-ossnr.gc.ca\/wp-content\/uploads\/Reviews-Featured-2.jpg","type":"image\/jpeg"}],"twitter_card":"summary_large_image","twitter_misc":{"Estimation du temps de lecture":"2 minutes"},"schema":{"@context":"https:\/\/schema.org","@graph":[{"@type":"WebPage","@id":"https:\/\/nsira-ossnr.gc.ca\/reviews\/find-a-review\/24-06\/notification-letter\/","url":"https:\/\/nsira-ossnr.gc.ca\/reviews\/find-a-review\/24-06\/notification-letter\/","name":"Review of the Passenger Protect Program and Secure Air Travel Act: Notification Letter - National Security and Intelligence Review Agency","isPartOf":{"@id":"https:\/\/nsira-ossnr.gc.ca\/#website"},"datePublished":"2025-03-05T14:25:54+00:00","dateModified":"2025-07-08T19:07:41+00:00","breadcrumb":{"@id":"https:\/\/nsira-ossnr.gc.ca\/reviews\/find-a-review\/24-06\/notification-letter\/#breadcrumb"},"inLanguage":"fr-CA","potentialAction":[{"@type":"ReadAction","target":["https:\/\/nsira-ossnr.gc.ca\/reviews\/find-a-review\/24-06\/notification-letter\/"]}]},{"@type":"BreadcrumbList","@id":"https:\/\/nsira-ossnr.gc.ca\/reviews\/find-a-review\/24-06\/notification-letter\/#breadcrumb","itemListElement":[{"@type":"ListItem","position":1,"name":"Reviews","item":"\/reviews\/"},{"@type":"ListItem","position":2,"name":"Find A Review","item":"\/reviews\/find-a-review\/"},{"@type":"ListItem","position":3,"name":"Review of the Passenger Protect Program and Secure Air Travel Act","item":"\/reviews\/find-a-review\/24-06\/"},{"@type":"ListItem","position":4,"name":"Review of the Passenger Protect Program and Secure Air Travel Act: Notification Letter"}]},{"@type":"WebSite","@id":"https:\/\/nsira-ossnr.gc.ca\/#website","url":"https:\/\/nsira-ossnr.gc.ca\/","name":"National Security and Intelligence Review Agency","description":"Official Website","potentialAction":[{"@type":"SearchAction","target":{"@type":"EntryPoint","urlTemplate":"https:\/\/nsira-ossnr.gc.ca\/?s={search_term_string}"},"query-input":"required name=search_term_string"}],"inLanguage":"fr-CA"}]}},"_links":{"self":[{"href":"https:\/\/nsira-ossnr.gc.ca\/fr\/wp-json\/wp\/v2\/pages\/9346"}],"collection":[{"href":"https:\/\/nsira-ossnr.gc.ca\/fr\/wp-json\/wp\/v2\/pages"}],"about":[{"href":"https:\/\/nsira-ossnr.gc.ca\/fr\/wp-json\/wp\/v2\/types\/page"}],"author":[{"embeddable":true,"href":"https:\/\/nsira-ossnr.gc.ca\/fr\/wp-json\/wp\/v2\/users\/1"}],"replies":[{"embeddable":true,"href":"https:\/\/nsira-ossnr.gc.ca\/fr\/wp-json\/wp\/v2\/comments?post=9346"}],"version-history":[{"count":3,"href":"https:\/\/nsira-ossnr.gc.ca\/fr\/wp-json\/wp\/v2\/pages\/9346\/revisions"}],"predecessor-version":[{"id":9350,"href":"https:\/\/nsira-ossnr.gc.ca\/fr\/wp-json\/wp\/v2\/pages\/9346\/revisions\/9350"}],"up":[{"embeddable":true,"href":"https:\/\/nsira-ossnr.gc.ca\/fr\/wp-json\/wp\/v2\/pages\/8654"}],"wp:featuredmedia":[{"embeddable":true,"href":"https:\/\/nsira-ossnr.gc.ca\/fr\/wp-json\/wp\/v2\/media\/3255"}],"wp:attachment":[{"href":"https:\/\/nsira-ossnr.gc.ca\/fr\/wp-json\/wp\/v2\/media?parent=9346"}],"wp:term":[{"taxonomy":"category","embeddable":true,"href":"https:\/\/nsira-ossnr.gc.ca\/fr\/wp-json\/wp\/v2\/categories?post=9346"},{"taxonomy":"post_tag","embeddable":true,"href":"https:\/\/nsira-ossnr.gc.ca\/fr\/wp-json\/wp\/v2\/tags?post=9346"}],"curies":[{"name":"wp","href":"https:\/\/api.w.org\/{rel}","templated":true}]}}