{"id":8904,"date":"2023-02-16T15:12:54","date_gmt":"2025-02-12T20:12:36","guid":{"rendered":"https:\/\/dev.nsira-ossnr.gc.ca\/reviews\/our-reviews\/review-of-csis-threat-reduction-activities-a-focus-on-information-disclosure-to-external-parties-2\/"},"modified":"2025-02-25T08:40:08","modified_gmt":"2025-02-25T13:40:08","slug":"backgrounder","status":"publish","type":"page","link":"https:\/\/nsira-ossnr.gc.ca\/fr\/examens\/nos-examens\/21-07\/backgrounder\/","title":{"rendered":"Review of Canadian Security Intelligence Service&#8217;s threat reduction activities: A Focus on Information Disclosure to External Parties: Backgrounder"},"content":{"rendered":"<div id=\"hero-banner-post\" style=\"background: url(\/wp-content\/uploads\/Reviews-Banner-2.jpg); background-size: cover; background-position: center; border-style: solid; border-width: 0 0 10px 0; border-color: #eeeeee; padding: 50px 0;\">\n    <div class=\"grid-container\">\n        <div class=\"grid-row\">\n            <div id=\"col-gm55631e\" class=\"text-center wp-block-gutentor-m4-col col-gm55631e gutentor-single-column grid-lg-12 grid-md-12 grid-12 mrgn-tp-md mrgn-bttm-md\">\n                <div id=\"section-gm55631e\" class=\"section-gm55631e gutentor-col-wrap\">\n                    <!-- Page Title (Parent page title dynamically added) -->\n                    <h1 style=\"font-size: 2.25em; border:none;\" class=\"has-text-color has-white-color mrgn-tp-md wp-block-post-title\">\n                        Review of Canadian Security Intelligence Service&#8217;s threat reduction activities: A Focus on Information Disclosure to External Parties                    <\/h1>\n\n                    <hr class=\"wp-block-separator has-text-color has-white-color has-alpha-channel-opacity has-white-background-color has-background\">\n\n                    <!-- Dynamically Display the Page Type (e.g., Notification Letter, Report, etc.) -->\n                                            <h2 class=\"has-text-color has-white-color\" style=\"font-size: 1.5em; margin-top: 20px;\">\n                            Fiche d'information                        <\/h2>\n                    \n                    <!-- Here you could add other content like buttons or additional text if needed -->\n\n                <\/div>\n            <\/div>\n        <\/div>\n    <\/div>\n<\/div>\n\n\n<section id=\"gmdeaba3b\" class=\"wp-block-gutentor-m4 section-gmdeaba3b gutentor-module gutentor-advanced-columns has-color-bg has-custom-bg\"><div class=\"grid-container\"><div class=\"grid-row\">\n<div id=\"col-gm9554b2\" class=\"wp-block-gutentor-m4-col col-gm9554b2 gutentor-single-column  grid-lg-12 grid-md-12 grid-12\"><div id=\"section-gm9554b2\" class=\"section-gm9554b2 gutentor-col-wrap\">\n<h2 class=\"wp-block-heading h3 has-nsira-blue-color has-text-color\" id=\"1-review-backgrounder\">Fiche d'information<\/h2>\n\n\n\n<p>La pr\u00e9sente fait \u00e9tat du deuxi\u00e8me examen annuel r\u00e9alis\u00e9 par l\u2019Office de surveillance des activit\u00e9s en mati\u00e8re de s\u00e9curit\u00e9 nationale et de renseignement (OSSNR) \u00e0 l\u2019\u00e9gard des mesures de r\u00e9duction de la menace (MRM) telles qu\u2019elles sont appliqu\u00e9es par le Service canadien du renseignement de s\u00e9curit\u00e9 du Canada (SCRS). L\u2019examen avait pour objet de prendre connaissance des prolongements des conclusions de l\u2019examen annuel pr\u00e9c\u00e9dent en examinant un large \u00e9ventail de MRM dans le cadre desquelles le SCRS a divulgu\u00e9 des renseignements \u00e0 des entit\u00e9s externes disposant de leurs propres m\u00e9canismes de contr\u00f4le dans le but d\u2019att\u00e9nuer des menaces reconnues.<\/p>\n\n\n\n<p>L\u2019examen s\u2019est pench\u00e9 sur les \u00e9l\u00e9ments qui caract\u00e9risent ces MRM, mais s\u2019est davantage concentr\u00e9 sur la mesure dans laquelle le SCRS avait ad\u00e9quatement reconnu, document\u00e9 et pris en compte les incidences d\u00e9favorables que ces mesures auraient pu avoir sur les personnes touch\u00e9es.<\/p>\n<\/div><\/div>\n<\/div><\/div><\/section>","protected":false},"excerpt":{"rendered":"","protected":false},"author":1,"featured_media":3255,"parent":4612,"menu_order":0,"comment_status":"closed","ping_status":"closed","template":"template-nsira-subpages.php","meta":{"inline_featured_image":false},"categories":[10,24],"tags":[46,77,74],"yoast_head":"<!-- This site is optimized with the Yoast SEO plugin v20.9 - https:\/\/yoast.com\/wordpress\/plugins\/seo\/ -->\n<title>Review of Canadian Security Intelligence Service&#039;s threat reduction activities: A Focus on Information Disclosure to External Parties: Backgrounder - National Security and Intelligence Review Agency<\/title>\n<meta name=\"robots\" content=\"index, follow, max-snippet:-1, max-image-preview:large, max-video-preview:-1\" \/>\n<link rel=\"canonical\" href=\"https:\/\/nsira-ossnr.gc.ca\/fr\/examens\/nos-examens\/21-07\/backgrounder\/\" \/>\n<meta property=\"og:locale\" content=\"fr_CA\" \/>\n<meta property=\"og:type\" content=\"article\" \/>\n<meta property=\"og:title\" content=\"Review of Canadian Security Intelligence Service&#039;s threat reduction activities: A Focus on Information Disclosure to External Parties: Backgrounder - National Security and Intelligence Review Agency\" \/>\n<meta property=\"og:url\" content=\"https:\/\/nsira-ossnr.gc.ca\/fr\/examens\/nos-examens\/21-07\/backgrounder\/\" \/>\n<meta property=\"og:site_name\" content=\"National Security and Intelligence Review Agency\" \/>\n<meta property=\"article:modified_time\" content=\"2025-02-25T13:40:08+00:00\" \/>\n<meta property=\"og:image\" content=\"https:\/\/nsira-ossnr.gc.ca\/wp-content\/uploads\/Reviews-Featured-2.jpg\" \/>\n\t<meta property=\"og:image:width\" content=\"350\" \/>\n\t<meta property=\"og:image:height\" content=\"500\" \/>\n\t<meta property=\"og:image:type\" content=\"image\/jpeg\" \/>\n<meta name=\"twitter:card\" content=\"summary_large_image\" \/>\n<meta name=\"twitter:label1\" content=\"Estimation du temps de lecture\" \/>\n\t<meta name=\"twitter:data1\" content=\"1 minute\" \/>\n<script type=\"application\/ld+json\" class=\"yoast-schema-graph\">{\"@context\":\"https:\/\/schema.org\",\"@graph\":[{\"@type\":\"WebPage\",\"@id\":\"https:\/\/nsira-ossnr.gc.ca\/reviews\/find-a-review\/21-07\/backgrounder\/\",\"url\":\"https:\/\/nsira-ossnr.gc.ca\/reviews\/find-a-review\/21-07\/backgrounder\/\",\"name\":\"Review of Canadian Security Intelligence Service's threat reduction activities: A Focus on Information Disclosure to External Parties: Backgrounder - National Security and Intelligence Review Agency\",\"isPartOf\":{\"@id\":\"https:\/\/nsira-ossnr.gc.ca\/#website\"},\"datePublished\":\"2025-02-12T20:12:36+00:00\",\"dateModified\":\"2025-02-25T13:40:08+00:00\",\"breadcrumb\":{\"@id\":\"https:\/\/nsira-ossnr.gc.ca\/reviews\/find-a-review\/21-07\/backgrounder\/#breadcrumb\"},\"inLanguage\":\"fr-CA\",\"potentialAction\":[{\"@type\":\"ReadAction\",\"target\":[\"https:\/\/nsira-ossnr.gc.ca\/reviews\/find-a-review\/21-07\/backgrounder\/\"]}]},{\"@type\":\"BreadcrumbList\",\"@id\":\"https:\/\/nsira-ossnr.gc.ca\/reviews\/find-a-review\/21-07\/backgrounder\/#breadcrumb\",\"itemListElement\":[{\"@type\":\"ListItem\",\"position\":1,\"name\":\"Reviews\",\"item\":\"\/reviews\/\"},{\"@type\":\"ListItem\",\"position\":2,\"name\":\"Find A Review\",\"item\":\"\/reviews\/find-a-review\/\"},{\"@type\":\"ListItem\",\"position\":3,\"name\":\"Review of Canadian Security Intelligence Service&#8217;s threat reduction activities: A Focus on Information Disclosure to External Parties\",\"item\":\"\/reviews\/find-a-review\/21-07\/\"},{\"@type\":\"ListItem\",\"position\":4,\"name\":\"Review of Canadian Security Intelligence Service&#8217;s threat reduction activities: A Focus on Information Disclosure to External Parties: Backgrounder\"}]},{\"@type\":\"WebSite\",\"@id\":\"https:\/\/nsira-ossnr.gc.ca\/#website\",\"url\":\"https:\/\/nsira-ossnr.gc.ca\/\",\"name\":\"National Security and Intelligence Review Agency\",\"description\":\"Official Website\",\"potentialAction\":[{\"@type\":\"SearchAction\",\"target\":{\"@type\":\"EntryPoint\",\"urlTemplate\":\"https:\/\/nsira-ossnr.gc.ca\/?s={search_term_string}\"},\"query-input\":\"required name=search_term_string\"}],\"inLanguage\":\"fr-CA\"}]}<\/script>\n<!-- \/ Yoast SEO plugin. -->","yoast_head_json":{"title":"Review of Canadian Security Intelligence Service's threat reduction activities: A Focus on Information Disclosure to External Parties: Backgrounder - National Security and Intelligence Review Agency","robots":{"index":"index","follow":"follow","max-snippet":"max-snippet:-1","max-image-preview":"max-image-preview:large","max-video-preview":"max-video-preview:-1"},"canonical":"https:\/\/nsira-ossnr.gc.ca\/fr\/examens\/nos-examens\/21-07\/backgrounder\/","og_locale":"fr_CA","og_type":"article","og_title":"Review of Canadian Security Intelligence Service's threat reduction activities: A Focus on Information Disclosure to External Parties: Backgrounder - National Security and Intelligence Review Agency","og_url":"https:\/\/nsira-ossnr.gc.ca\/fr\/examens\/nos-examens\/21-07\/backgrounder\/","og_site_name":"National Security and Intelligence Review Agency","article_modified_time":"2025-02-25T13:40:08+00:00","og_image":[{"width":350,"height":500,"url":"https:\/\/nsira-ossnr.gc.ca\/wp-content\/uploads\/Reviews-Featured-2.jpg","type":"image\/jpeg"}],"twitter_card":"summary_large_image","twitter_misc":{"Estimation du temps de lecture":"1 minute"},"schema":{"@context":"https:\/\/schema.org","@graph":[{"@type":"WebPage","@id":"https:\/\/nsira-ossnr.gc.ca\/reviews\/find-a-review\/21-07\/backgrounder\/","url":"https:\/\/nsira-ossnr.gc.ca\/reviews\/find-a-review\/21-07\/backgrounder\/","name":"Review of Canadian Security Intelligence Service's threat reduction activities: A Focus on Information Disclosure to External Parties: Backgrounder - National Security and Intelligence Review Agency","isPartOf":{"@id":"https:\/\/nsira-ossnr.gc.ca\/#website"},"datePublished":"2025-02-12T20:12:36+00:00","dateModified":"2025-02-25T13:40:08+00:00","breadcrumb":{"@id":"https:\/\/nsira-ossnr.gc.ca\/reviews\/find-a-review\/21-07\/backgrounder\/#breadcrumb"},"inLanguage":"fr-CA","potentialAction":[{"@type":"ReadAction","target":["https:\/\/nsira-ossnr.gc.ca\/reviews\/find-a-review\/21-07\/backgrounder\/"]}]},{"@type":"BreadcrumbList","@id":"https:\/\/nsira-ossnr.gc.ca\/reviews\/find-a-review\/21-07\/backgrounder\/#breadcrumb","itemListElement":[{"@type":"ListItem","position":1,"name":"Reviews","item":"\/reviews\/"},{"@type":"ListItem","position":2,"name":"Find A Review","item":"\/reviews\/find-a-review\/"},{"@type":"ListItem","position":3,"name":"Review of Canadian Security Intelligence Service&#8217;s threat reduction activities: A Focus on Information Disclosure to External Parties","item":"\/reviews\/find-a-review\/21-07\/"},{"@type":"ListItem","position":4,"name":"Review of Canadian Security Intelligence Service&#8217;s threat reduction activities: A Focus on Information Disclosure to External Parties: Backgrounder"}]},{"@type":"WebSite","@id":"https:\/\/nsira-ossnr.gc.ca\/#website","url":"https:\/\/nsira-ossnr.gc.ca\/","name":"National Security and Intelligence Review Agency","description":"Official Website","potentialAction":[{"@type":"SearchAction","target":{"@type":"EntryPoint","urlTemplate":"https:\/\/nsira-ossnr.gc.ca\/?s={search_term_string}"},"query-input":"required name=search_term_string"}],"inLanguage":"fr-CA"}]}},"_links":{"self":[{"href":"https:\/\/nsira-ossnr.gc.ca\/fr\/wp-json\/wp\/v2\/pages\/8904"}],"collection":[{"href":"https:\/\/nsira-ossnr.gc.ca\/fr\/wp-json\/wp\/v2\/pages"}],"about":[{"href":"https:\/\/nsira-ossnr.gc.ca\/fr\/wp-json\/wp\/v2\/types\/page"}],"author":[{"embeddable":true,"href":"https:\/\/nsira-ossnr.gc.ca\/fr\/wp-json\/wp\/v2\/users\/1"}],"replies":[{"embeddable":true,"href":"https:\/\/nsira-ossnr.gc.ca\/fr\/wp-json\/wp\/v2\/comments?post=8904"}],"version-history":[{"count":3,"href":"https:\/\/nsira-ossnr.gc.ca\/fr\/wp-json\/wp\/v2\/pages\/8904\/revisions"}],"predecessor-version":[{"id":9013,"href":"https:\/\/nsira-ossnr.gc.ca\/fr\/wp-json\/wp\/v2\/pages\/8904\/revisions\/9013"}],"up":[{"embeddable":true,"href":"https:\/\/nsira-ossnr.gc.ca\/fr\/wp-json\/wp\/v2\/pages\/4612"}],"wp:featuredmedia":[{"embeddable":true,"href":"https:\/\/nsira-ossnr.gc.ca\/fr\/wp-json\/wp\/v2\/media\/3255"}],"wp:attachment":[{"href":"https:\/\/nsira-ossnr.gc.ca\/fr\/wp-json\/wp\/v2\/media?parent=8904"}],"wp:term":[{"taxonomy":"category","embeddable":true,"href":"https:\/\/nsira-ossnr.gc.ca\/fr\/wp-json\/wp\/v2\/categories?post=8904"},{"taxonomy":"post_tag","embeddable":true,"href":"https:\/\/nsira-ossnr.gc.ca\/fr\/wp-json\/wp\/v2\/tags?post=8904"}],"curies":[{"name":"wp","href":"https:\/\/api.w.org\/{rel}","templated":true}]}}