{"id":8688,"date":"2023-01-16T17:37:54","date_gmt":"2023-01-16T22:37:00","guid":{"rendered":"https:\/\/dev.nsira-ossnr.gc.ca\/reviews\/our-reviews\/csis-operational-support-to-regional-investigations-2\/"},"modified":"2025-10-29T09:19:06","modified_gmt":"2025-10-29T13:19:06","slug":"23-16","status":"publish","type":"page","link":"https:\/\/nsira-ossnr.gc.ca\/fr\/examens\/nos-examens\/23-16\/","title":{"rendered":"Mandats et pouvoirs de l'Service canadien du renseignement de s\u00e9curit\u00e9 en mati\u00e8re de SN et R"},"content":{"rendered":"<style>\n.share-row-container {\n    display: flex;\n    flex-wrap: nowrap;\n    justify-content: center;\n    gap: 10px;\n    border-radius: 10px;\n    list-style: none;\n}\n.share-item-link {\n    color: #fff !important;\n    padding: 4px 12px;\n    border-radius: 5px;\n    text-decoration: none !important;\n    font-size: 14px;\n    display: flex;\n    align-items: center;\n    white-space: nowrap;\n    transition: transform 0.2s;\n}\n.share-item-link:hover { transform: translateY(-2px); }\n.share-text-label { color: #fff; font-weight: bold; padding: 4px 12px; }\n<\/style>\n\n<div id=\"hero-banner-post\" style=\"background:url(\/wp-content\/uploads\/Reviews-Banner-2.jpg);background-size:cover;background-position:;border-width:0 0 10px 0;border-color:#eeeeee;padding:50px 0;\">\n<div class=\"grid-container\">\n<div class=\"grid-row\">\n<div class=\"text-center grid-lg-12 grid-md-12 grid-12\">\n<h1 style=\"font-size: 2.25em; border:none;\" class=\"has-text-color has-white-color wp-block-post-title\">Mandats et pouvoirs de l'Service canadien du renseignement de s\u00e9curit\u00e9 en mati\u00e8re de SN et R<\/h1>\n<hr class=\"wp-block-separator has-white-background-color\">\n<div style=\"display:inline-block;text-align:left;\">\n<ul class=\"share-row-container\">\n<li class=\"share-text-label\">Partager sur :<\/li><li>\n        <a href=\"https:\/\/www.facebook.com\/sharer\/sharer.php?u=https%3A%2F%2Fnsira-ossnr.gc.ca%2Ffr%2Fwp-json%2Fwp%2Fv2%2Fpages%2F8688\" target=\"_blank\" class=\"share-item-link\">\n        <svg viewbox=\"0 0 16 16\" style=\"width:18px;height:18px;vertical-align:middle;margin-right:6px;fill:#fff;\"><path d=\"M16 8.049c0-4.446-3.582-8.05-8-8.05C3.58 0-.002 3.603-.002 8.05c0 4.017 2.926 7.347 6.75 7.951v-5.625h-2.03V8.05H6.75V6.275c0-2.017 1.195-3.131 3.022-3.131.876 0 1.791.157 1.791.157v1.98h-1.009c-.993 0-1.303.621-1.303 1.258v1.51h2.218l-.354 2.326H9.25V16c3.824-.604 6.75-3.934 6.75-7.951\"\/><\/svg>Facebook\n        <\/a>\n    <\/li><li>\n        <a href=\"https:\/\/www.linkedin.com\/shareArticle?mini=true&#038;url=https%3A%2F%2Fnsira-ossnr.gc.ca%2Ffr%2Fwp-json%2Fwp%2Fv2%2Fpages%2F8688\" target=\"_blank\" class=\"share-item-link\">\n        <svg viewbox=\"0 0 16 16\" style=\"width:18px;height:18px;vertical-align:middle;margin-right:6px;fill:#fff;\"><path d=\"M0 1.146C0 .513.526 0 1.175 0h13.65C15.474 0 16 .513 16 1.146v13.708c0 .633-.526 1.146-1.175 1.146H1.175C.526 16 0 15.487 0 14.854zm4.943 12.248V6.169H2.542v7.225zm-1.2-8.212c.837 0 1.358-.554 1.358-1.248-.015-.709-.52-1.248-1.342-1.248S2.4 3.226 2.4 3.934c0 .694.521 1.248 1.327 1.248zm4.908 8.212V9.359c0-.216.016-.432.08-.586.173-.431.568-.878 1.232-.878.869 0 1.216.662 1.216 1.634v3.865h2.401V9.25c0-2.22-1.184-3.252-2.764-3.252-1.274 0-1.845.7-2.165 1.193v.025h-.016l.016-.025V6.169h-2.4c.03.678 0 7.225 0 7.225z\"\/><\/svg>LinkedIn\n        <\/a>\n    <\/li><li>\n        <a href=\"https:\/\/twitter.com\/intent\/tweet?url=https%3A%2F%2Fnsira-ossnr.gc.ca%2Ffr%2Fwp-json%2Fwp%2Fv2%2Fpages%2F8688\" target=\"_blank\" class=\"share-item-link\">\n        <svg viewbox=\"0 0 16 16\" style=\"width:18px;height:18px;vertical-align:middle;margin-right:6px;fill:#fff;\"><path d=\"M12.6.75h2.454l-5.36 6.142L16 15.25h-4.937l-3.867-5.07-4.425 5.07H.316l5.733-6.57L0 .75h5.063l3.495 4.633L12.601.75Zm-.86 13.028h1.36L4.323 2.145H2.865z\"\/><\/svg>X\n        <\/a>\n    <\/li><li>\n        <a href=\"https:\/\/www.youtube.com\/\" target=\"_blank\" class=\"share-item-link\">\n        <svg viewbox=\"0 0 16 16\" style=\"width:18px;height:18px;vertical-align:middle;margin-right:6px;fill:#fff;\"><path d=\"M8.051 1.999h.089c.822.003 4.987.033 6.11.335a2.01 2.01 0 0 1 1.415 1.42c.101.38.172.883.22 1.402l.01.104.022.26.008.104c.065.914.073 1.77.074 1.957v.075c-.001.194-.10 1.108-.082 2.06l-.008.105-.009.104c-.05.572-.124 1.14-.235 1.558a2.01 2.01 0 0 1-1.415 1.42c-1.16.312-5.569.334-6.18.335h-.142c-.309 0-1.587-.006-2.927-.052l-.17-.006-.087-.004-.171-.007-.171-.007c-1.11-.049-2.167-.128-2.654-.26a2.01 2.01 0 0 1-1.415-1.419c-.111-.417-.185-.986-.235-1.558L.09 9.82l-.008-.104A31 31 0 0 1 0 7.68v-.123c.002-.215.01-.958.064-1.778l.007-.103.003-.052.008-.104.022-.26.01-.104c.048-.519.119-1.023.22-1.402a2.01 2.01 0 0 1 1.415-1.42c.487-.13 1.544-.21 2.654-.26l.17-.007.172-.006.086-.003.171-.007A100 100 0 0 1 7.858 2zM6.4 5.209v4.818l4.157-2.408z\"\/><\/svg>YouTube\n        <\/a>\n    <\/li><li>\n        <a href=\"https:\/\/bsky.app\/\" target=\"_blank\" class=\"share-item-link\">\n        <svg xmlns=\"http:\/\/www.w3.org\/2000\/svg\" viewbox=\"0 0 640 640\" aria-hidden=\"true\" focusable=\"false\" style=\"width:18px;height:18px;display:inline-block;vertical-align:middle;margin-right:6px;fill:#fff;\"><path d=\"M439.8 358.7C436.5 358.3 433.1 357.9 429.8 357.4C433.2 357.8 436.5 358.3 439.8 358.7zM320 291.1C293.9 240.4 222.9 145.9 156.9 99.3C93.6 54.6 69.5 62.3 53.6 69.5C35.3 77.8 32 105.9 32 122.4C32 138.9 41.1 258 47 277.9C66.5 343.6 136.1 365.8 200.2 358.6C203.5 358.1 206.8 357.7 210.2 357.2C206.9 357.7 203.6 358.2 200.2 358.6C106.3 372.6 22.9 406.8 132.3 528.5C252.6 653.1 297.1 501.8 320 425.1C342.9 501.8 369.2 647.6 505.6 528.5C608 425.1 533.7 372.5 439.8 358.6C436.5 358.2 433.1 357.8 429.8 357.3C433.2 357.7 436.5 358.2 439.8 358.6C503.9 365.7 573.4 343.5 593 277.9C598.9 258 608 139 608 122.4C608 105.8 604.7 77.7 586.4 69.5C570.6 62.4 546.4 54.6 483.2 99.3C417.1 145.9 346.1 240.4 320 291.1z\"\/><\/svg>Bluesky\n        <\/a>\n    <\/li><li>\n        <a href=\"https:\/\/substack.com\/\" target=\"_blank\" class=\"share-item-link\">\n        <svg viewbox=\"0 0 16 16\" style=\"width:18px;height:18px;vertical-align:middle;margin-right:6px;fill:#fff;\"><path d=\"M15 3.604H1v1.891h14v-1.89ZM1 7.208V16l7-3.926L15 16V7.208zM15 0H1v1.89h14z\"\/><\/svg>Substack\n        <\/a>\n    <\/li><\/ul><\/div><\/div><\/div><\/div><\/div>\n\n\n<section id=\"gm4dca26c\" class=\"wp-block-gutentor-m4 section-gm4dca26c gutentor-module gutentor-advanced-columns mrgn-tp-lg mrgn-bttm-lg\"><div class=\"grid-container\"><div class=\"grid-row\">\n<div id=\"col-gmc23508\" class=\"wp-block-gutentor-m4-col col-gmc23508 gutentor-single-column  grid-lg-4 grid-md-12 grid-12\"><div id=\"section-gmc23508\" class=\"section-gmc23508 gutentor-col-wrap\">\n<p class=\"mrgn-bttm-0 has-nsira-blue-color has-text-color\"><strong>Derni\u00e8re mise \u00e0 jour :<\/strong><\/p>\n\n\n<div class=\"wp-block-post-date\"><time datetime=\"2023-01-16T17:37:54-05:00\">16 janvier, 2023<\/time><\/div><\/div><\/div>\n\n\n\n<div id=\"col-gma9a177\" class=\"wp-block-gutentor-m4-col col-gma9a177 gutentor-single-column  grid-lg-4 grid-md-12 grid-12\"><div id=\"section-gma9a177\" class=\"section-gma9a177 gutentor-col-wrap\">\n<p class=\"mrgn-bttm-0 has-nsira-blue-color has-text-color\"><strong>Statut :<\/strong><\/p>\n\n\n\n<!-- Edit in Code Snippets -->\n<p style=\"color: black; background-color: #ff7d92; padding: 5px; border-radius: 5px; font-weight: bold;width: fit-content;\">Annul\u00e9<\/p>\n<\/div><\/div>\n\n\n\n<div id=\"col-gm1e7e0e\" class=\"wp-block-gutentor-m4-col col-gm1e7e0e gutentor-single-column  grid-lg-4 grid-md-12 grid-12\"><div id=\"section-gm1e7e0e\" class=\"section-gm1e7e0e gutentor-col-wrap\">\n<p class=\"mrgn-bttm-0 has-nsira-blue-color has-text-color\"><strong>Num\u00e9ro de l'examen :<\/strong><\/p>\n\n\n\n<p>23-16<\/p>\n<\/div><\/div>\n<\/div><\/div><\/section>\n\n\n<section id=\"gm7d3f780\" class=\"wp-block-gutentor-m4 section-gm7d3f780 gutentor-module gutentor-advanced-columns\"><div class=\"grid-container\"><div class=\"grid-row\"><\/div><\/div><\/section>","protected":false},"excerpt":{"rendered":"","protected":false},"author":1,"featured_media":3255,"parent":8510,"menu_order":86,"comment_status":"closed","ping_status":"closed","template":"template-nsira-subpages.php","meta":{"inline_featured_image":false},"categories":[31,30],"tags":[47,76,84],"yoast_head":"<!-- This site is optimized with the Yoast SEO plugin v20.9 - https:\/\/yoast.com\/wordpress\/plugins\/seo\/ -->\n<title>Canada Border Services Agency&#039;s NS&amp;I Mandate and Authorities - National Security and Intelligence Review Agency<\/title>\n<meta name=\"robots\" content=\"index, follow, max-snippet:-1, max-image-preview:large, max-video-preview:-1\" \/>\n<link rel=\"canonical\" href=\"https:\/\/nsira-ossnr.gc.ca\/fr\/examens\/nos-examens\/23-16\/\" \/>\n<meta property=\"og:locale\" content=\"fr_CA\" \/>\n<meta property=\"og:type\" content=\"article\" \/>\n<meta property=\"og:title\" content=\"Canada Border Services Agency&#039;s NS&amp;I Mandate and Authorities - National Security and Intelligence Review Agency\" \/>\n<meta property=\"og:url\" content=\"https:\/\/nsira-ossnr.gc.ca\/fr\/examens\/nos-examens\/23-16\/\" \/>\n<meta property=\"og:site_name\" content=\"National Security and Intelligence Review Agency\" \/>\n<meta property=\"article:modified_time\" content=\"2025-10-29T13:19:06+00:00\" \/>\n<meta property=\"og:image\" content=\"https:\/\/nsira-ossnr.gc.ca\/wp-content\/uploads\/Reviews-Featured-2.jpg\" \/>\n\t<meta property=\"og:image:width\" content=\"350\" \/>\n\t<meta property=\"og:image:height\" content=\"500\" \/>\n\t<meta property=\"og:image:type\" content=\"image\/jpeg\" \/>\n<meta name=\"twitter:card\" content=\"summary_large_image\" \/>\n<meta name=\"twitter:label1\" content=\"Estimation du temps de lecture\" \/>\n\t<meta name=\"twitter:data1\" content=\"1 minute\" \/>\n<script type=\"application\/ld+json\" class=\"yoast-schema-graph\">{\"@context\":\"https:\/\/schema.org\",\"@graph\":[{\"@type\":\"WebPage\",\"@id\":\"https:\/\/nsira-ossnr.gc.ca\/reviews\/find-a-review\/23-16\/\",\"url\":\"https:\/\/nsira-ossnr.gc.ca\/reviews\/find-a-review\/23-16\/\",\"name\":\"Canada Border Services Agency's NS&I Mandate and Authorities - National Security and Intelligence Review Agency\",\"isPartOf\":{\"@id\":\"https:\/\/nsira-ossnr.gc.ca\/#website\"},\"datePublished\":\"2023-01-16T22:37:00+00:00\",\"dateModified\":\"2025-10-29T13:19:06+00:00\",\"breadcrumb\":{\"@id\":\"https:\/\/nsira-ossnr.gc.ca\/reviews\/find-a-review\/23-16\/#breadcrumb\"},\"inLanguage\":\"fr-CA\",\"potentialAction\":[{\"@type\":\"ReadAction\",\"target\":[\"https:\/\/nsira-ossnr.gc.ca\/reviews\/find-a-review\/23-16\/\"]}]},{\"@type\":\"BreadcrumbList\",\"@id\":\"https:\/\/nsira-ossnr.gc.ca\/reviews\/find-a-review\/23-16\/#breadcrumb\",\"itemListElement\":[{\"@type\":\"ListItem\",\"position\":1,\"name\":\"Reviews\",\"item\":\"\/reviews\/\"},{\"@type\":\"ListItem\",\"position\":2,\"name\":\"Find A Review\",\"item\":\"\/reviews\/find-a-review\/\"},{\"@type\":\"ListItem\",\"position\":3,\"name\":\"Canada Border Services Agency&#8217;s NS&#038;I Mandate and Authorities\"}]},{\"@type\":\"WebSite\",\"@id\":\"https:\/\/nsira-ossnr.gc.ca\/#website\",\"url\":\"https:\/\/nsira-ossnr.gc.ca\/\",\"name\":\"National Security and Intelligence Review Agency\",\"description\":\"Official Website\",\"potentialAction\":[{\"@type\":\"SearchAction\",\"target\":{\"@type\":\"EntryPoint\",\"urlTemplate\":\"https:\/\/nsira-ossnr.gc.ca\/?s={search_term_string}\"},\"query-input\":\"required name=search_term_string\"}],\"inLanguage\":\"fr-CA\"}]}<\/script>\n<!-- \/ Yoast SEO plugin. -->","yoast_head_json":{"title":"Canada Border Services Agency's NS&I Mandate and Authorities - National Security and Intelligence Review Agency","robots":{"index":"index","follow":"follow","max-snippet":"max-snippet:-1","max-image-preview":"max-image-preview:large","max-video-preview":"max-video-preview:-1"},"canonical":"https:\/\/nsira-ossnr.gc.ca\/fr\/examens\/nos-examens\/23-16\/","og_locale":"fr_CA","og_type":"article","og_title":"Canada Border Services Agency's NS&I Mandate and Authorities - National Security and Intelligence Review Agency","og_url":"https:\/\/nsira-ossnr.gc.ca\/fr\/examens\/nos-examens\/23-16\/","og_site_name":"National Security and Intelligence Review Agency","article_modified_time":"2025-10-29T13:19:06+00:00","og_image":[{"width":350,"height":500,"url":"https:\/\/nsira-ossnr.gc.ca\/wp-content\/uploads\/Reviews-Featured-2.jpg","type":"image\/jpeg"}],"twitter_card":"summary_large_image","twitter_misc":{"Estimation du temps de lecture":"1 minute"},"schema":{"@context":"https:\/\/schema.org","@graph":[{"@type":"WebPage","@id":"https:\/\/nsira-ossnr.gc.ca\/reviews\/find-a-review\/23-16\/","url":"https:\/\/nsira-ossnr.gc.ca\/reviews\/find-a-review\/23-16\/","name":"Canada Border Services Agency's NS&I Mandate and Authorities - National Security and Intelligence Review Agency","isPartOf":{"@id":"https:\/\/nsira-ossnr.gc.ca\/#website"},"datePublished":"2023-01-16T22:37:00+00:00","dateModified":"2025-10-29T13:19:06+00:00","breadcrumb":{"@id":"https:\/\/nsira-ossnr.gc.ca\/reviews\/find-a-review\/23-16\/#breadcrumb"},"inLanguage":"fr-CA","potentialAction":[{"@type":"ReadAction","target":["https:\/\/nsira-ossnr.gc.ca\/reviews\/find-a-review\/23-16\/"]}]},{"@type":"BreadcrumbList","@id":"https:\/\/nsira-ossnr.gc.ca\/reviews\/find-a-review\/23-16\/#breadcrumb","itemListElement":[{"@type":"ListItem","position":1,"name":"Reviews","item":"\/reviews\/"},{"@type":"ListItem","position":2,"name":"Find A Review","item":"\/reviews\/find-a-review\/"},{"@type":"ListItem","position":3,"name":"Canada Border Services Agency&#8217;s NS&#038;I Mandate and Authorities"}]},{"@type":"WebSite","@id":"https:\/\/nsira-ossnr.gc.ca\/#website","url":"https:\/\/nsira-ossnr.gc.ca\/","name":"National Security and Intelligence Review Agency","description":"Official Website","potentialAction":[{"@type":"SearchAction","target":{"@type":"EntryPoint","urlTemplate":"https:\/\/nsira-ossnr.gc.ca\/?s={search_term_string}"},"query-input":"required name=search_term_string"}],"inLanguage":"fr-CA"}]}},"_links":{"self":[{"href":"https:\/\/nsira-ossnr.gc.ca\/fr\/wp-json\/wp\/v2\/pages\/8688"}],"collection":[{"href":"https:\/\/nsira-ossnr.gc.ca\/fr\/wp-json\/wp\/v2\/pages"}],"about":[{"href":"https:\/\/nsira-ossnr.gc.ca\/fr\/wp-json\/wp\/v2\/types\/page"}],"author":[{"embeddable":true,"href":"https:\/\/nsira-ossnr.gc.ca\/fr\/wp-json\/wp\/v2\/users\/1"}],"replies":[{"embeddable":true,"href":"https:\/\/nsira-ossnr.gc.ca\/fr\/wp-json\/wp\/v2\/comments?post=8688"}],"version-history":[{"count":5,"href":"https:\/\/nsira-ossnr.gc.ca\/fr\/wp-json\/wp\/v2\/pages\/8688\/revisions"}],"predecessor-version":[{"id":12400,"href":"https:\/\/nsira-ossnr.gc.ca\/fr\/wp-json\/wp\/v2\/pages\/8688\/revisions\/12400"}],"up":[{"embeddable":true,"href":"https:\/\/nsira-ossnr.gc.ca\/fr\/wp-json\/wp\/v2\/pages\/8510"}],"wp:featuredmedia":[{"embeddable":true,"href":"https:\/\/nsira-ossnr.gc.ca\/fr\/wp-json\/wp\/v2\/media\/3255"}],"wp:attachment":[{"href":"https:\/\/nsira-ossnr.gc.ca\/fr\/wp-json\/wp\/v2\/media?parent=8688"}],"wp:term":[{"taxonomy":"category","embeddable":true,"href":"https:\/\/nsira-ossnr.gc.ca\/fr\/wp-json\/wp\/v2\/categories?post=8688"},{"taxonomy":"post_tag","embeddable":true,"href":"https:\/\/nsira-ossnr.gc.ca\/fr\/wp-json\/wp\/v2\/tags?post=8688"}],"curies":[{"name":"wp","href":"https:\/\/api.w.org\/{rel}","templated":true}]}}