{"id":8300,"date":"2024-07-12T13:07:00","date_gmt":"2024-07-12T17:07:00","guid":{"rendered":"https:\/\/dev.nsira-ossnr.gc.ca\/public-statements\/nsira-commemorates-its-fifth-anniversary-2\/"},"modified":"2025-09-16T13:00:55","modified_gmt":"2025-09-16T17:00:55","slug":"nsira-commemorates-its-fifth-anniversary-2","status":"publish","type":"page","link":"https:\/\/nsira-ossnr.gc.ca\/fr\/publications\/declarations-publiques\/lossnr-celebre-le-cinquieme-anniversaire-de-sa-creation\/","title":{"rendered":"L\u2019OSSNR c\u00e9l\u00e8bre le cinqui\u00e8me anniversaire de sa cr\u00e9ation"},"content":{"rendered":"<style>\n.share-row-container {\n    display: flex;\n    flex-wrap: nowrap;\n    justify-content: center;\n    gap: 10px;\n    border-radius: 10px;\n    list-style: none;\n}\n.share-item-link {\n    color: #fff !important;\n    padding: 4px 12px;\n    border-radius: 5px;\n    text-decoration: none !important;\n    font-size: 14px;\n    display: flex;\n    align-items: center;\n    white-space: nowrap;\n    transition: transform 0.2s;\n}\n.share-item-link:hover { transform: translateY(-2px); }\n.share-text-label { color: #fff; font-weight: bold; padding: 4px 12px; }\n<\/style>\n\n<div id=\"hero-banner-post\" style=\"background:url(\/wp-content\/uploads\/Careers-post-hero.jpg);background-size:cover;background-position:unset;border-width:0 0 10px 0;border-color:#eeeeee;padding:50px 0;\">\n<div class=\"grid-container\">\n<div class=\"grid-row\">\n<div class=\"text-center grid-lg-12 grid-md-12 grid-12\">\n<h1 style=\"font-size: 2.25em; border:none;\" class=\"has-text-color has-white-color wp-block-post-title\">L\u2019OSSNR c\u00e9l\u00e8bre le cinqui\u00e8me anniversaire de sa cr\u00e9ation<\/h1>\n<hr class=\"wp-block-separator has-white-background-color\">\n<div style=\"display:inline-block;text-align:left;\">\n<ul class=\"share-row-container\">\n<li class=\"share-text-label\">Partager sur :<\/li><li>\n        <a href=\"https:\/\/www.facebook.com\/sharer\/sharer.php?u=https%3A%2F%2Fnsira-ossnr.gc.ca%2Ffr%2Fwp-json%2Fwp%2Fv2%2Fpages%2F8300\" target=\"_blank\" class=\"share-item-link\">\n        <svg viewbox=\"0 0 16 16\" style=\"width:18px;height:18px;vertical-align:middle;margin-right:6px;fill:#fff;\"><path d=\"M16 8.049c0-4.446-3.582-8.05-8-8.05C3.58 0-.002 3.603-.002 8.05c0 4.017 2.926 7.347 6.75 7.951v-5.625h-2.03V8.05H6.75V6.275c0-2.017 1.195-3.131 3.022-3.131.876 0 1.791.157 1.791.157v1.98h-1.009c-.993 0-1.303.621-1.303 1.258v1.51h2.218l-.354 2.326H9.25V16c3.824-.604 6.75-3.934 6.75-7.951\"\/><\/svg>Facebook\n        <\/a>\n    <\/li><li>\n        <a href=\"https:\/\/www.linkedin.com\/shareArticle?mini=true&#038;url=https%3A%2F%2Fnsira-ossnr.gc.ca%2Ffr%2Fwp-json%2Fwp%2Fv2%2Fpages%2F8300\" target=\"_blank\" class=\"share-item-link\">\n        <svg viewbox=\"0 0 16 16\" style=\"width:18px;height:18px;vertical-align:middle;margin-right:6px;fill:#fff;\"><path d=\"M0 1.146C0 .513.526 0 1.175 0h13.65C15.474 0 16 .513 16 1.146v13.708c0 .633-.526 1.146-1.175 1.146H1.175C.526 16 0 15.487 0 14.854zm4.943 12.248V6.169H2.542v7.225zm-1.2-8.212c.837 0 1.358-.554 1.358-1.248-.015-.709-.52-1.248-1.342-1.248S2.4 3.226 2.4 3.934c0 .694.521 1.248 1.327 1.248zm4.908 8.212V9.359c0-.216.016-.432.08-.586.173-.431.568-.878 1.232-.878.869 0 1.216.662 1.216 1.634v3.865h2.401V9.25c0-2.22-1.184-3.252-2.764-3.252-1.274 0-1.845.7-2.165 1.193v.025h-.016l.016-.025V6.169h-2.4c.03.678 0 7.225 0 7.225z\"\/><\/svg>LinkedIn\n        <\/a>\n    <\/li><li>\n        <a href=\"https:\/\/twitter.com\/intent\/tweet?url=https%3A%2F%2Fnsira-ossnr.gc.ca%2Ffr%2Fwp-json%2Fwp%2Fv2%2Fpages%2F8300\" target=\"_blank\" class=\"share-item-link\">\n        <svg viewbox=\"0 0 16 16\" style=\"width:18px;height:18px;vertical-align:middle;margin-right:6px;fill:#fff;\"><path d=\"M12.6.75h2.454l-5.36 6.142L16 15.25h-4.937l-3.867-5.07-4.425 5.07H.316l5.733-6.57L0 .75h5.063l3.495 4.633L12.601.75Zm-.86 13.028h1.36L4.323 2.145H2.865z\"\/><\/svg>X\n        <\/a>\n    <\/li><li>\n        <a href=\"https:\/\/www.youtube.com\/\" target=\"_blank\" class=\"share-item-link\">\n        <svg viewbox=\"0 0 16 16\" style=\"width:18px;height:18px;vertical-align:middle;margin-right:6px;fill:#fff;\"><path d=\"M8.051 1.999h.089c.822.003 4.987.033 6.11.335a2.01 2.01 0 0 1 1.415 1.42c.101.38.172.883.22 1.402l.01.104.022.26.008.104c.065.914.073 1.77.074 1.957v.075c-.001.194-.10 1.108-.082 2.06l-.008.105-.009.104c-.05.572-.124 1.14-.235 1.558a2.01 2.01 0 0 1-1.415 1.42c-1.16.312-5.569.334-6.18.335h-.142c-.309 0-1.587-.006-2.927-.052l-.17-.006-.087-.004-.171-.007-.171-.007c-1.11-.049-2.167-.128-2.654-.26a2.01 2.01 0 0 1-1.415-1.419c-.111-.417-.185-.986-.235-1.558L.09 9.82l-.008-.104A31 31 0 0 1 0 7.68v-.123c.002-.215.01-.958.064-1.778l.007-.103.003-.052.008-.104.022-.26.01-.104c.048-.519.119-1.023.22-1.402a2.01 2.01 0 0 1 1.415-1.42c.487-.13 1.544-.21 2.654-.26l.17-.007.172-.006.086-.003.171-.007A100 100 0 0 1 7.858 2zM6.4 5.209v4.818l4.157-2.408z\"\/><\/svg>YouTube\n        <\/a>\n    <\/li><li>\n        <a href=\"https:\/\/bsky.app\/\" target=\"_blank\" class=\"share-item-link\">\n        <svg xmlns=\"http:\/\/www.w3.org\/2000\/svg\" viewbox=\"0 0 640 640\" aria-hidden=\"true\" focusable=\"false\" style=\"width:18px;height:18px;display:inline-block;vertical-align:middle;margin-right:6px;fill:#fff;\"><path d=\"M439.8 358.7C436.5 358.3 433.1 357.9 429.8 357.4C433.2 357.8 436.5 358.3 439.8 358.7zM320 291.1C293.9 240.4 222.9 145.9 156.9 99.3C93.6 54.6 69.5 62.3 53.6 69.5C35.3 77.8 32 105.9 32 122.4C32 138.9 41.1 258 47 277.9C66.5 343.6 136.1 365.8 200.2 358.6C203.5 358.1 206.8 357.7 210.2 357.2C206.9 357.7 203.6 358.2 200.2 358.6C106.3 372.6 22.9 406.8 132.3 528.5C252.6 653.1 297.1 501.8 320 425.1C342.9 501.8 369.2 647.6 505.6 528.5C608 425.1 533.7 372.5 439.8 358.6C436.5 358.2 433.1 357.8 429.8 357.3C433.2 357.7 436.5 358.2 439.8 358.6C503.9 365.7 573.4 343.5 593 277.9C598.9 258 608 139 608 122.4C608 105.8 604.7 77.7 586.4 69.5C570.6 62.4 546.4 54.6 483.2 99.3C417.1 145.9 346.1 240.4 320 291.1z\"\/><\/svg>Bluesky\n        <\/a>\n    <\/li><li>\n        <a href=\"https:\/\/substack.com\/\" target=\"_blank\" class=\"share-item-link\">\n        <svg viewbox=\"0 0 16 16\" style=\"width:18px;height:18px;vertical-align:middle;margin-right:6px;fill:#fff;\"><path d=\"M15 3.604H1v1.891h14v-1.89ZM1 7.208V16l7-3.926L15 16V7.208zM15 0H1v1.89h14z\"\/><\/svg>Substack\n        <\/a>\n    <\/li><\/ul><\/div><\/div><\/div><\/div><\/div>\n\n\n<section id=\"gmdaadba0\" class=\"wp-block-gutentor-m4 section-gmdaadba0 gutentor-module gutentor-advanced-columns\"><div class=\"grid-container\"><div class=\"grid-row\">\n<div id=\"col-gm6211e7\" class=\"wp-block-gutentor-m4-col col-gm6211e7 gutentor-single-column  grid-lg-3 grid-md-12 grid-12 section-sticky\"><div id=\"section-gm6211e7\" class=\"section-gm6211e7 gutentor-col-wrap\">\n<section id=\"9bdc4d\" class=\"wp-block-gutentor-m13 section-9bdc4d gutentor-module gutentor-module-table-of-contents\"><div class=\"grid-container\"><div class=\"g-toc\"><div class=\"g-toc-header\"><div class=\"g-toc-heading\"><div class=\"g-toc-title\">Table des mati\u00e8res<\/div><\/div><\/div><div class=\"g-toc-body\" style=\"display:\"><div class=\"g-message\">Aucune balise d'en-t\u00eate trouv\u00e9e<\/div><\/div><\/div><\/div><\/section>\n\n\n\n<hr class=\"wp-block-separator has-alpha-channel-opacity is-style-wide\"\/>\n<\/div><\/div>\n\n\n\n<div id=\"col-gm8baca0\" class=\"wp-block-gutentor-m4-col col-gm8baca0 gutentor-single-column  grid-lg-9 grid-md-12 grid-12 content-body\"><div id=\"section-gm8baca0\" class=\"section-gm8baca0 gutentor-col-wrap\">\n<p class=\"mrgn-bttm-0 has-nsira-blue-color has-text-color\"><strong>Date de publication :<\/strong><\/p>\n\n\n<div class=\"mrgn-bttm-lg wp-block-post-date\"><time datetime=\"2024-07-12T13:07:00-04:00\">12 juillet, 2024<\/time><\/div>\n\n\n<div id=\"gm0aa8541\" class=\"wp-block-gutentor-m1 section-gm0aa8541 gutentor-module gutentor-element-button-group d-none g-btn-horizontal-d g-btn-horizontal-t g-btn-horizontal-m\"><div class=\"gutentor-element-button-group-wrap\">\n<div id=\"section-g05fa19\" class=\"wp-block-gutentor-e2 section-g05fa19 gutentor-element gutentor-element-button\"><span class=\"gutentor-button-wrap\"><a class=\"gutentor-button gutentor-block-button btn-modern1 gutentor-icon-before\" href=\"https:\/\/nsira-ossnr.gc.ca\/wp-content\/uploads\/ARPA_19-20_FR.pdf\" target=\"_blank\" rel=\"noopener noreferrer\"><i class=\"gutentor-button-icon fas fa-file-alt\"><\/i><span>T\u00e9l\u00e9charger le PDF<\/span><\/a><\/span><\/div>\n<\/div><\/div>\n\n\n\n<p class=\"translation-block\"><strong>Le 12 juillet 2024, Ottawa, ON<\/strong> \u2013 L\u2019Office de surveillance des activit\u00e9s en mati\u00e8re de s\u00e9curit\u00e9 nationale et de renseignement (OSSNR) est fier de c\u00e9l\u00e9brer son cinqui\u00e8me anniversaire, lequel marque une demi-d\u00e9cennie d\u2019un nouveau mod\u00e8le de surveillance des activit\u00e9s de s\u00e9curit\u00e9 nationale et de renseignement du Canada.<\/p>\n\n\n\n<p>Depuis sa cr\u00e9ation en 2019, l\u2019OSSNR a men\u00e9 des dizaines d\u2019enqu\u00eates et d\u2019examens ind\u00e9pendants, dans le but d\u2019\u00e9tablir si les activit\u00e9s des organismes de s\u00e9curit\u00e9 nationale et de renseignement du Canada s\u2019av\u00e9raient raisonnables, n\u00e9cessaires et respectueuses des lois. Dans tout ce qu\u2019il a entrepris, l\u2019OSSNR a tenu \u00e0 remplir sa mission, celle d\u2019\u00eatre les yeux et les oreilles des Canadiens pour ce qui a trait \u00e0 la s\u00e9curit\u00e9 nationale et au renseignement.<\/p>\n\n\n\n<p>\u00ab Je suis motiv\u00e9e par l\u2019ind\u00e9pendance de l\u2019OSSNR et le respect de l\u2019\u00c9tat de droit, deux valeurs fondamentales qui ont guid\u00e9 toute ma carri\u00e8re. Gr\u00e2ce \u00e0 ces valeurs et \u00e0 un engagement en faveur d\u2019enqu\u00eates et d\u2019examens rigoureux et de haut niveau, l\u2019impact de l\u2019agence sur le renforcement de la s\u00fbret\u00e9 et de la s\u00e9curit\u00e9 ne peut \u00eatre surestim\u00e9 \u00bb, de d\u00e9clarer Marie Deschamps, pr\u00e9sidente de l\u2019OSSNR.<\/p>\n\n\n\n<p>Les examens de l\u2019OSSNR ont permis de d\u00e9gager des constatations et des recommandations pr\u00e9cieuses ayant pour objet de renforcer la responsabilisation des organismes de s\u00e9curit\u00e9 nationale et de renseignement du Canada. De plus, en publiant des versions d\u00e9classifi\u00e9es de ses rapports d\u2019examen, l\u2019OSSNR a r\u00e9alis\u00e9 d\u2019importants progr\u00e8s dans la promotion de la transparence \u00e0 l\u2019\u00e9gard du public.&nbsp;<\/p>\n\n\n\n<p>\u00ab Les leaders les mieux avis\u00e9s de la collectivit\u00e9 du renseignement savent que les examens contribuent \u00e0 l\u2019am\u00e9lioration de leurs services. En effet, ces examens permettent de reconna\u00eetre les \u00e9l\u00e9ments qui posent probl\u00e8me, mais qui autrement risqueraient de passer inaper\u00e7us. Au cours de ses cinq premi\u00e8res ann\u00e9es d\u2019existence, l\u2019OSSNR a affich\u00e9 un professionnalisme remarquable dans la r\u00e9alisation de ses examens, ce qui a favoris\u00e9 l\u2019am\u00e9lioration continue des services qu\u2019il a examin\u00e9s \u00bb, a soutenu Craig Forcese, vice pr\u00e9sident de l\u2019OSSNR.<\/p>\n\n\n\n<p>Les enqu\u00eates de l\u2019OSSNR ont \u00e9galement permis de r\u00e9v\u00e9ler l\u2019importance de mettre en place une proc\u00e9dure d\u2019enqu\u00eate ind\u00e9pendante visant \u00e0 traiter les plaintes concernant les activit\u00e9s du Service canadien du renseignement de s\u00e9curit\u00e9 (SCRS), du Centre de la s\u00e9curit\u00e9 des t\u00e9l\u00e9communications (CST) et de la Gendarmerie royale du Canada (GRC).<\/p>\n\n\n\n<p class=\"translation-block\">Au cours des cinq derni\u00e8res ann\u00e9es, l\u2019OSSNR a travaill\u00e9 sur de nombreux dossiers, notamment sur la r\u00e9alisation d\u2019un examen faisant suite \u00e0 une d\u00e9cision rendue par la Cour f\u00e9d\u00e9rale en 2020, au cours duquel on a constat\u00e9 des lacunes institutionnelles affich\u00e9es par le SCRS et par le minist\u00e8re de la Justice du Canada; sur l\u2019examen de 58 plaintes renvoy\u00e9es par la Commission canadienne des droits de la personne; et, plus t\u00f4t cette ann\u00e9e, sur la publication d\u2019un tout premier rapport d\u2019int\u00e9r\u00eat public en vertu de l\u2019article 40, <a href=\"https:\/\/nsira-ossnr.gc.ca\/fr\/examens\/nos-examens\/23-07\/\">Examen de la diffusion du renseignement ayant trait \u00e0 l\u2019ing\u00e9rence politique \u00e9trang\u00e8re exerc\u00e9e par la R\u00e9publique populaire de Chine de 2018 \u00e0 2023<\/a>.<\/p>\n\n\n\n<p>L\u2019OSSNR a \u00e9galement accueilli le Conseil de surveillance et d\u2019examen du renseignement de la Collectivit\u00e9 des cinq en plus d\u2019\u00e9tablir de solides relations de travail avec des partenaires internationaux et nationaux avec lesquels l\u2019Office de surveillance continue d\u2019\u00e9changer des pratiques exemplaires.<\/p>\n<\/div><\/div>\n<\/div><\/div><\/section>","protected":false},"excerpt":{"rendered":"","protected":false},"author":1,"featured_media":2712,"parent":5098,"menu_order":1,"comment_status":"closed","ping_status":"closed","template":"template-nsira-subpages.php","meta":{"inline_featured_image":false},"categories":[36],"tags":[],"yoast_head":"<!-- This site is optimized with the Yoast SEO plugin v20.9 - https:\/\/yoast.com\/wordpress\/plugins\/seo\/ -->\n<title>NSIRA Commemorates its Fifth Anniversary - National Security and Intelligence Review Agency<\/title>\n<meta name=\"robots\" content=\"index, follow, max-snippet:-1, max-image-preview:large, max-video-preview:-1\" \/>\n<link rel=\"canonical\" href=\"https:\/\/nsira-ossnr.gc.ca\/fr\/publications\/declarations-publiques\/lossnr-celebre-le-cinquieme-anniversaire-de-sa-creation\/\" \/>\n<meta property=\"og:locale\" content=\"fr_CA\" \/>\n<meta property=\"og:type\" content=\"article\" \/>\n<meta property=\"og:title\" content=\"NSIRA Commemorates its Fifth Anniversary - National Security and Intelligence Review Agency\" \/>\n<meta property=\"og:url\" content=\"https:\/\/nsira-ossnr.gc.ca\/fr\/publications\/declarations-publiques\/lossnr-celebre-le-cinquieme-anniversaire-de-sa-creation\/\" \/>\n<meta property=\"og:site_name\" content=\"National Security and Intelligence Review Agency\" \/>\n<meta property=\"article:modified_time\" content=\"2025-09-16T17:00:55+00:00\" \/>\n<meta property=\"og:image\" content=\"https:\/\/nsira-ossnr.gc.ca\/wp-content\/uploads\/Reports-Featured.jpg\" \/>\n\t<meta property=\"og:image:width\" content=\"350\" \/>\n\t<meta property=\"og:image:height\" content=\"500\" \/>\n\t<meta property=\"og:image:type\" content=\"image\/jpeg\" \/>\n<meta name=\"twitter:card\" content=\"summary_large_image\" \/>\n<meta name=\"twitter:label1\" content=\"Estimation du temps de lecture\" \/>\n\t<meta name=\"twitter:data1\" content=\"2 minutes\" \/>\n<script type=\"application\/ld+json\" class=\"yoast-schema-graph\">{\"@context\":\"https:\/\/schema.org\",\"@graph\":[{\"@type\":\"WebPage\",\"@id\":\"https:\/\/nsira-ossnr.gc.ca\/publications\/public-statements\/nsira-commemorates-its-fifth-anniversary-2\/\",\"url\":\"https:\/\/nsira-ossnr.gc.ca\/publications\/public-statements\/nsira-commemorates-its-fifth-anniversary-2\/\",\"name\":\"NSIRA Commemorates its Fifth Anniversary - National Security and Intelligence Review Agency\",\"isPartOf\":{\"@id\":\"https:\/\/nsira-ossnr.gc.ca\/#website\"},\"datePublished\":\"2024-07-12T17:07:00+00:00\",\"dateModified\":\"2025-09-16T17:00:55+00:00\",\"breadcrumb\":{\"@id\":\"https:\/\/nsira-ossnr.gc.ca\/publications\/public-statements\/nsira-commemorates-its-fifth-anniversary-2\/#breadcrumb\"},\"inLanguage\":\"fr-CA\",\"potentialAction\":[{\"@type\":\"ReadAction\",\"target\":[\"https:\/\/nsira-ossnr.gc.ca\/publications\/public-statements\/nsira-commemorates-its-fifth-anniversary-2\/\"]}]},{\"@type\":\"BreadcrumbList\",\"@id\":\"https:\/\/nsira-ossnr.gc.ca\/publications\/public-statements\/nsira-commemorates-its-fifth-anniversary-2\/#breadcrumb\",\"itemListElement\":[{\"@type\":\"ListItem\",\"position\":1,\"name\":\"Publications\",\"item\":\"\/publications\/\"},{\"@type\":\"ListItem\",\"position\":2,\"name\":\"Public Statements\",\"item\":\"\/publications\/public-statements\/\"},{\"@type\":\"ListItem\",\"position\":3,\"name\":\"NSIRA Commemorates its Fifth Anniversary\"}]},{\"@type\":\"WebSite\",\"@id\":\"https:\/\/nsira-ossnr.gc.ca\/#website\",\"url\":\"https:\/\/nsira-ossnr.gc.ca\/\",\"name\":\"National Security and Intelligence Review Agency\",\"description\":\"Official Website\",\"potentialAction\":[{\"@type\":\"SearchAction\",\"target\":{\"@type\":\"EntryPoint\",\"urlTemplate\":\"https:\/\/nsira-ossnr.gc.ca\/?s={search_term_string}\"},\"query-input\":\"required name=search_term_string\"}],\"inLanguage\":\"fr-CA\"}]}<\/script>\n<!-- \/ Yoast SEO plugin. -->","yoast_head_json":{"title":"NSIRA Commemorates its Fifth Anniversary - National Security and Intelligence Review Agency","robots":{"index":"index","follow":"follow","max-snippet":"max-snippet:-1","max-image-preview":"max-image-preview:large","max-video-preview":"max-video-preview:-1"},"canonical":"https:\/\/nsira-ossnr.gc.ca\/fr\/publications\/declarations-publiques\/lossnr-celebre-le-cinquieme-anniversaire-de-sa-creation\/","og_locale":"fr_CA","og_type":"article","og_title":"NSIRA Commemorates its Fifth Anniversary - National Security and Intelligence Review Agency","og_url":"https:\/\/nsira-ossnr.gc.ca\/fr\/publications\/declarations-publiques\/lossnr-celebre-le-cinquieme-anniversaire-de-sa-creation\/","og_site_name":"National Security and Intelligence Review Agency","article_modified_time":"2025-09-16T17:00:55+00:00","og_image":[{"width":350,"height":500,"url":"https:\/\/nsira-ossnr.gc.ca\/wp-content\/uploads\/Reports-Featured.jpg","type":"image\/jpeg"}],"twitter_card":"summary_large_image","twitter_misc":{"Estimation du temps de lecture":"2 minutes"},"schema":{"@context":"https:\/\/schema.org","@graph":[{"@type":"WebPage","@id":"https:\/\/nsira-ossnr.gc.ca\/publications\/public-statements\/nsira-commemorates-its-fifth-anniversary-2\/","url":"https:\/\/nsira-ossnr.gc.ca\/publications\/public-statements\/nsira-commemorates-its-fifth-anniversary-2\/","name":"NSIRA Commemorates its Fifth Anniversary - National Security and Intelligence Review Agency","isPartOf":{"@id":"https:\/\/nsira-ossnr.gc.ca\/#website"},"datePublished":"2024-07-12T17:07:00+00:00","dateModified":"2025-09-16T17:00:55+00:00","breadcrumb":{"@id":"https:\/\/nsira-ossnr.gc.ca\/publications\/public-statements\/nsira-commemorates-its-fifth-anniversary-2\/#breadcrumb"},"inLanguage":"fr-CA","potentialAction":[{"@type":"ReadAction","target":["https:\/\/nsira-ossnr.gc.ca\/publications\/public-statements\/nsira-commemorates-its-fifth-anniversary-2\/"]}]},{"@type":"BreadcrumbList","@id":"https:\/\/nsira-ossnr.gc.ca\/publications\/public-statements\/nsira-commemorates-its-fifth-anniversary-2\/#breadcrumb","itemListElement":[{"@type":"ListItem","position":1,"name":"Publications","item":"\/publications\/"},{"@type":"ListItem","position":2,"name":"Public Statements","item":"\/publications\/public-statements\/"},{"@type":"ListItem","position":3,"name":"NSIRA Commemorates its Fifth Anniversary"}]},{"@type":"WebSite","@id":"https:\/\/nsira-ossnr.gc.ca\/#website","url":"https:\/\/nsira-ossnr.gc.ca\/","name":"National Security and Intelligence Review Agency","description":"Official Website","potentialAction":[{"@type":"SearchAction","target":{"@type":"EntryPoint","urlTemplate":"https:\/\/nsira-ossnr.gc.ca\/?s={search_term_string}"},"query-input":"required name=search_term_string"}],"inLanguage":"fr-CA"}]}},"_links":{"self":[{"href":"https:\/\/nsira-ossnr.gc.ca\/fr\/wp-json\/wp\/v2\/pages\/8300"}],"collection":[{"href":"https:\/\/nsira-ossnr.gc.ca\/fr\/wp-json\/wp\/v2\/pages"}],"about":[{"href":"https:\/\/nsira-ossnr.gc.ca\/fr\/wp-json\/wp\/v2\/types\/page"}],"author":[{"embeddable":true,"href":"https:\/\/nsira-ossnr.gc.ca\/fr\/wp-json\/wp\/v2\/users\/1"}],"replies":[{"embeddable":true,"href":"https:\/\/nsira-ossnr.gc.ca\/fr\/wp-json\/wp\/v2\/comments?post=8300"}],"version-history":[{"count":3,"href":"https:\/\/nsira-ossnr.gc.ca\/fr\/wp-json\/wp\/v2\/pages\/8300\/revisions"}],"predecessor-version":[{"id":11533,"href":"https:\/\/nsira-ossnr.gc.ca\/fr\/wp-json\/wp\/v2\/pages\/8300\/revisions\/11533"}],"up":[{"embeddable":true,"href":"https:\/\/nsira-ossnr.gc.ca\/fr\/wp-json\/wp\/v2\/pages\/5098"}],"wp:featuredmedia":[{"embeddable":true,"href":"https:\/\/nsira-ossnr.gc.ca\/fr\/wp-json\/wp\/v2\/media\/2712"}],"wp:attachment":[{"href":"https:\/\/nsira-ossnr.gc.ca\/fr\/wp-json\/wp\/v2\/media?parent=8300"}],"wp:term":[{"taxonomy":"category","embeddable":true,"href":"https:\/\/nsira-ossnr.gc.ca\/fr\/wp-json\/wp\/v2\/categories?post=8300"},{"taxonomy":"post_tag","embeddable":true,"href":"https:\/\/nsira-ossnr.gc.ca\/fr\/wp-json\/wp\/v2\/tags?post=8300"}],"curies":[{"name":"wp","href":"https:\/\/api.w.org\/{rel}","templated":true}]}}