{"id":7521,"date":"2024-04-12T14:32:16","date_gmt":"2024-04-12T18:32:45","guid":{"rendered":"https:\/\/dev.nsira-ossnr.gc.ca\/about-nsira\/what-we-do-2\/"},"modified":"2025-10-29T13:55:42","modified_gmt":"2025-10-29T17:55:42","slug":"vision-mission-values","status":"publish","type":"page","link":"https:\/\/nsira-ossnr.gc.ca\/fr\/a-propos-de-lossnr\/vision-mission-valeurs\/","title":{"rendered":"Vision, Mission et Valeurs"},"content":{"rendered":"<section id=\"gma400f66\" class=\"wp-block-gutentor-m4 section-gma400f66 gutentor-module gutentor-advanced-columns has-color-bg has-custom-bg\"><div class=\"grid-container\"><div class=\"grid-row\">\n<div id=\"col-gm140e3d\" class=\"wp-block-gutentor-m4-col col-gm140e3d gutentor-single-column  grid-lg-12 grid-md-12 grid-12\"><div id=\"section-gm140e3d\" class=\"section-gm140e3d gutentor-col-wrap\">\n<section id=\"gmb14bb70\" class=\"wp-block-gutentor-m4 section-gmb14bb70 gutentor-module gutentor-advanced-columns\"><div class=\"grid-container\"><div class=\"grid-row\">\n<div id=\"col-gm04e02a\" class=\"wp-block-gutentor-m4-col col-gm04e02a gutentor-single-column  grid-lg-12 grid-md-12 grid-12\"><div id=\"section-gm04e02a\" class=\"section-gm04e02a gutentor-col-wrap\"><div class=\"wp-block-image\">\n<figure class=\"aligncenter size-full is-resized\"><img decoding=\"async\" loading=\"lazy\" src=\"\/wp-content\/uploads\/vmv-2-FR.jpg\" alt=\"\" class=\"wp-image-12421\" width=\"738\" height=\"715\"\/><\/figure><\/div>\n\n\n<details><summary aria-expanded=\"false\" role=\"button\">Version texte de la vision, de la mission et des valeurs<\/summary>\n<h2>Vision<\/h2>\n<p>Une communaut\u00e9 de la s\u00e9curit\u00e9 nationale et du renseignement responsable, transparente et efficace qui d\u00e9fend la primaut\u00e9 du droit.<\/p>\n<h2>Mission<\/h2>\n<p>\u00catre les yeux et les oreilles des Canadiens en \u00e9tant l'organisme de surveillance ind\u00e9pendant charg\u00e9 d'examiner et d'enqu\u00eater sur les activit\u00e9s du gouvernement du Canada en mati\u00e8re de s\u00e9curit\u00e9 nationale et de renseignement.<\/p>\n<h2>Valeurs<\/h2>\n<h3>Ind\u00e9pendance<\/h3>\n\n<p>Nous sommes justes et impartiaux. Nous sommes les yeux et les oreilles des Canadiens.<\/p>\n\n<h3>Professionnalisme<\/h3>\n\n<p>Nous sommes hautement qualifi\u00e9s, comp\u00e9tents et chevronn\u00e9s. Nous accomplissons un travail rigoureux, aux retomb\u00e9es concr\u00e8tes.<\/p>\n\n<h3>Transparence<\/h3>\n\n<p>Nous faisons la lumi\u00e8re sur la responsabilit\u00e9 en mati\u00e8re de s\u00e9curit\u00e9 nationale et contribuons aux discussions publiques.<\/p>\n\n<h3>Inclusion<\/h3>\n\n<p>Notre effectif est diversifi\u00e9 et tire parti d'un vaste \u00e9ventail de points de vue.<\/p>\n<\/details>\n<\/div><\/div>\n<\/div><\/div><\/section>\n<\/div><\/div>\n<\/div><\/div><\/section>","protected":false},"excerpt":{"rendered":"","protected":false},"author":1,"featured_media":0,"parent":709,"menu_order":3,"comment_status":"closed","ping_status":"closed","template":"template-nsira-subpages.php","meta":{"inline_featured_image":false},"categories":[24],"tags":[],"yoast_head":"<!-- This site is optimized with the Yoast SEO plugin v20.9 - https:\/\/yoast.com\/wordpress\/plugins\/seo\/ -->\n<title>Vision, Mission &amp; Values - National Security and Intelligence Review Agency<\/title>\n<meta name=\"robots\" content=\"index, follow, max-snippet:-1, max-image-preview:large, max-video-preview:-1\" \/>\n<link rel=\"canonical\" href=\"https:\/\/nsira-ossnr.gc.ca\/fr\/a-propos-de-lossnr\/vision-mission-valeurs\/\" \/>\n<meta property=\"og:locale\" content=\"fr_CA\" \/>\n<meta property=\"og:type\" content=\"article\" \/>\n<meta property=\"og:title\" content=\"Vision, Mission &amp; Values - National Security and Intelligence Review Agency\" \/>\n<meta property=\"og:url\" content=\"https:\/\/nsira-ossnr.gc.ca\/fr\/a-propos-de-lossnr\/vision-mission-valeurs\/\" \/>\n<meta property=\"og:site_name\" content=\"National Security and Intelligence Review Agency\" \/>\n<meta property=\"article:modified_time\" content=\"2025-10-29T17:55:42+00:00\" \/>\n<meta property=\"og:image\" content=\"https:\/\/nsira-ossnr.gc.ca\/wp-content\/uploads\/NSIRA-Mission-and-vision-graphic-v3.jpg\" \/>\n<meta name=\"twitter:card\" content=\"summary_large_image\" \/>\n<meta name=\"twitter:label1\" content=\"Estimation du temps de lecture\" \/>\n\t<meta name=\"twitter:data1\" content=\"1 minute\" \/>\n<script type=\"application\/ld+json\" class=\"yoast-schema-graph\">{\"@context\":\"https:\/\/schema.org\",\"@graph\":[{\"@type\":\"WebPage\",\"@id\":\"https:\/\/nsira-ossnr.gc.ca\/about-nsira\/vision-mission-values\/\",\"url\":\"https:\/\/nsira-ossnr.gc.ca\/about-nsira\/vision-mission-values\/\",\"name\":\"Vision, Mission & Values - National Security and Intelligence Review Agency\",\"isPartOf\":{\"@id\":\"https:\/\/nsira-ossnr.gc.ca\/#website\"},\"datePublished\":\"2024-04-12T18:32:45+00:00\",\"dateModified\":\"2025-10-29T17:55:42+00:00\",\"breadcrumb\":{\"@id\":\"https:\/\/nsira-ossnr.gc.ca\/about-nsira\/vision-mission-values\/#breadcrumb\"},\"inLanguage\":\"fr-CA\",\"potentialAction\":[{\"@type\":\"ReadAction\",\"target\":[\"https:\/\/nsira-ossnr.gc.ca\/about-nsira\/vision-mission-values\/\"]}]},{\"@type\":\"BreadcrumbList\",\"@id\":\"https:\/\/nsira-ossnr.gc.ca\/about-nsira\/vision-mission-values\/#breadcrumb\",\"itemListElement\":[{\"@type\":\"ListItem\",\"position\":1,\"name\":\"About NSIRA\",\"item\":\"\/about-nsira\/\"},{\"@type\":\"ListItem\",\"position\":2,\"name\":\"Vision, Mission &#038; Values\"}]},{\"@type\":\"WebSite\",\"@id\":\"https:\/\/nsira-ossnr.gc.ca\/#website\",\"url\":\"https:\/\/nsira-ossnr.gc.ca\/\",\"name\":\"National Security and Intelligence Review Agency\",\"description\":\"Official Website\",\"potentialAction\":[{\"@type\":\"SearchAction\",\"target\":{\"@type\":\"EntryPoint\",\"urlTemplate\":\"https:\/\/nsira-ossnr.gc.ca\/?s={search_term_string}\"},\"query-input\":\"required name=search_term_string\"}],\"inLanguage\":\"fr-CA\"}]}<\/script>\n<!-- \/ Yoast SEO plugin. -->","yoast_head_json":{"title":"Vision, Mission & Values - National Security and Intelligence Review Agency","robots":{"index":"index","follow":"follow","max-snippet":"max-snippet:-1","max-image-preview":"max-image-preview:large","max-video-preview":"max-video-preview:-1"},"canonical":"https:\/\/nsira-ossnr.gc.ca\/fr\/a-propos-de-lossnr\/vision-mission-valeurs\/","og_locale":"fr_CA","og_type":"article","og_title":"Vision, Mission & Values - National Security and Intelligence Review Agency","og_url":"https:\/\/nsira-ossnr.gc.ca\/fr\/a-propos-de-lossnr\/vision-mission-valeurs\/","og_site_name":"National Security and Intelligence Review Agency","article_modified_time":"2025-10-29T17:55:42+00:00","og_image":[{"url":"https:\/\/nsira-ossnr.gc.ca\/wp-content\/uploads\/NSIRA-Mission-and-vision-graphic-v3.jpg"}],"twitter_card":"summary_large_image","twitter_misc":{"Estimation du temps de lecture":"1 minute"},"schema":{"@context":"https:\/\/schema.org","@graph":[{"@type":"WebPage","@id":"https:\/\/nsira-ossnr.gc.ca\/about-nsira\/vision-mission-values\/","url":"https:\/\/nsira-ossnr.gc.ca\/about-nsira\/vision-mission-values\/","name":"Vision, Mission & Values - National Security and Intelligence Review Agency","isPartOf":{"@id":"https:\/\/nsira-ossnr.gc.ca\/#website"},"datePublished":"2024-04-12T18:32:45+00:00","dateModified":"2025-10-29T17:55:42+00:00","breadcrumb":{"@id":"https:\/\/nsira-ossnr.gc.ca\/about-nsira\/vision-mission-values\/#breadcrumb"},"inLanguage":"fr-CA","potentialAction":[{"@type":"ReadAction","target":["https:\/\/nsira-ossnr.gc.ca\/about-nsira\/vision-mission-values\/"]}]},{"@type":"BreadcrumbList","@id":"https:\/\/nsira-ossnr.gc.ca\/about-nsira\/vision-mission-values\/#breadcrumb","itemListElement":[{"@type":"ListItem","position":1,"name":"About NSIRA","item":"\/about-nsira\/"},{"@type":"ListItem","position":2,"name":"Vision, Mission &#038; Values"}]},{"@type":"WebSite","@id":"https:\/\/nsira-ossnr.gc.ca\/#website","url":"https:\/\/nsira-ossnr.gc.ca\/","name":"National Security and Intelligence Review Agency","description":"Official Website","potentialAction":[{"@type":"SearchAction","target":{"@type":"EntryPoint","urlTemplate":"https:\/\/nsira-ossnr.gc.ca\/?s={search_term_string}"},"query-input":"required name=search_term_string"}],"inLanguage":"fr-CA"}]}},"_links":{"self":[{"href":"https:\/\/nsira-ossnr.gc.ca\/fr\/wp-json\/wp\/v2\/pages\/7521"}],"collection":[{"href":"https:\/\/nsira-ossnr.gc.ca\/fr\/wp-json\/wp\/v2\/pages"}],"about":[{"href":"https:\/\/nsira-ossnr.gc.ca\/fr\/wp-json\/wp\/v2\/types\/page"}],"author":[{"embeddable":true,"href":"https:\/\/nsira-ossnr.gc.ca\/fr\/wp-json\/wp\/v2\/users\/1"}],"replies":[{"embeddable":true,"href":"https:\/\/nsira-ossnr.gc.ca\/fr\/wp-json\/wp\/v2\/comments?post=7521"}],"version-history":[{"count":31,"href":"https:\/\/nsira-ossnr.gc.ca\/fr\/wp-json\/wp\/v2\/pages\/7521\/revisions"}],"predecessor-version":[{"id":12423,"href":"https:\/\/nsira-ossnr.gc.ca\/fr\/wp-json\/wp\/v2\/pages\/7521\/revisions\/12423"}],"up":[{"embeddable":true,"href":"https:\/\/nsira-ossnr.gc.ca\/fr\/wp-json\/wp\/v2\/pages\/709"}],"wp:attachment":[{"href":"https:\/\/nsira-ossnr.gc.ca\/fr\/wp-json\/wp\/v2\/media?parent=7521"}],"wp:term":[{"taxonomy":"category","embeddable":true,"href":"https:\/\/nsira-ossnr.gc.ca\/fr\/wp-json\/wp\/v2\/categories?post=7521"},{"taxonomy":"post_tag","embeddable":true,"href":"https:\/\/nsira-ossnr.gc.ca\/fr\/wp-json\/wp\/v2\/tags?post=7521"}],"curies":[{"name":"wp","href":"https:\/\/api.w.org\/{rel}","templated":true}]}}