{"id":7002,"date":"2023-12-19T16:13:16","date_gmt":"2023-12-19T21:13:53","guid":{"rendered":"https:\/\/dev.nsira-ossnr.gc.ca\/about-nsira\/who-we-are\/marie-lucie-morin-2\/"},"modified":"2026-03-17T11:20:38","modified_gmt":"2026-03-17T15:20:38","slug":"colleen-swords","status":"publish","type":"page","link":"https:\/\/nsira-ossnr.gc.ca\/fr\/a-propos-de-lossnr\/qui-nous-sommes\/colleen-swords\/","title":{"rendered":"Colleen Swords"},"content":{"rendered":"<section id=\"gm7d694b9\" class=\"wp-block-gutentor-m4 section-gm7d694b9 gutentor-module gutentor-advanced-columns has-color-bg has-custom-bg\"><div class=\"grid-container\"><div class=\"grid-row\">\n<div id=\"col-gm511f25\" class=\"wp-block-gutentor-m4-col col-gm511f25 gutentor-single-column  grid-lg-4 grid-md-12 grid-12\"><div id=\"section-gm511f25\" class=\"section-gm511f25 gutentor-col-wrap\"><div class=\"wp-block-image\">\n<figure class=\"aligncenter size-full\"><img decoding=\"async\" loading=\"lazy\" width=\"3071\" height=\"3071\" src=\"\/wp-content\/uploads\/Colleen-min.jpg\" alt=\"\" class=\"wp-image-7854\"\/><\/figure><\/div><\/div><\/div>\n\n\n\n<div id=\"col-gma1e321\" class=\"wp-block-gutentor-m4-col col-gma1e321 gutentor-single-column  grid-lg-8 grid-md-12 grid-12\"><div id=\"section-gma1e321\" class=\"section-gma1e321 gutentor-col-wrap\">\n<h2 class=\"wp-block-heading title-accent has-white-color has-text-color\">Colleen Swords<\/h2>\n<\/div><\/div>\n<\/div><\/div><\/section>\n\n\n\n<section id=\"gma99cb1b\" class=\"wp-block-gutentor-m4 section-gma99cb1b gutentor-module gutentor-advanced-columns mrgn-tp-xl mrgn-bttm-xl\"><div class=\"grid-container\"><div class=\"grid-row\">\n<div id=\"col-gm65a1a5\" class=\"wp-block-gutentor-m4-col col-gm65a1a5 gutentor-single-column  grid-lg-6 grid-md-12 grid-12\"><div id=\"section-gm65a1a5\" class=\"section-gm65a1a5 gutentor-col-wrap\">\n<p>Colleen Swords est une fonctionnaire de carri\u00e8re en retraite, ayant travaill\u00e9 pendant plus de 35 ans au sein de la fonction publique f\u00e9d\u00e9rale.  Son derni\u00e8re poste \u00e9tait comme sous Ministre aux Affaires autochtone et D\u00e9veloppement du Nord Canada \u00e0 laquelle elle \u00e9tait nomm\u00e9e en 2014.Avant cette nomination, elle occupait les m\u00eames fonctions \u00e0 Patrimoine canadien. Par ailleurs, elle a \u00e9t\u00e9 sous-ministre d\u00e9l\u00e9gu\u00e9e \u00e0 Affaires autochtones et D\u00e9veloppement du Nord Canada pendant quatre ans (2009-2013).<\/p>\n\n\n\n<p>Mme Swords a pass\u00e9 29 ann\u00e9es au minist\u00e8re des Affaires \u00e9trang\u00e8res et du Commerce international o\u00f9 elle a occup\u00e9 divers postes de haut niveau. Elle a \u00e9t\u00e9 sous-ministre adjointe, Secteur de la s\u00e9curit\u00e9 internationale, et directrice des affaires politiques de 2006 \u00e0 2009, en plus d'\u00eatre ambassadrice du Canada aux Pays-Bas, repr\u00e9sentante permanente \u00e0 l'Organisation pour l'interdiction des armes chimiques et haute-commissaire du Canada \u00e0 la Barbade et dans les Cara\u00efbes orientales (de 1994 \u00e0 1997). Elle a aussi \u00e9t\u00e9 en poste \u00e0 Washington, en Tha\u00eflande et en Tanzanie.<\/p>\n<\/div><\/div>\n\n\n\n<div id=\"col-gm3bfe66\" class=\"wp-block-gutentor-m4-col col-gm3bfe66 gutentor-single-column  grid-lg-6 grid-md-12 grid-12\"><div id=\"section-gm3bfe66\" class=\"section-gm3bfe66 gutentor-col-wrap\">\n<p>Ottawa, Mme Swords a occup\u00e9 le poste de jurisconsulte pour le minist\u00e8re des Affaires \u00e9trang\u00e8res de 2002 \u00e0 2005. Dans ce r\u00f4le, elle a \u00e9t\u00e9 agente pour le Canada \u00e0 la Cour internationale de justice dans le cas de la l\u00e9galit\u00e9 du recours \u00e0 la force. Dans d'autres affectations \u00e0 l'administration centrale, elle a occup\u00e9 plusieurs postes aux Affaires juridiques, dont ceux de directrice de la Direction du droit \u00e9conomique et commercial, de jurisconsulte adjointe et de juriste charg\u00e9e des droits de la personne, du droit humanitaire et des questions relatives \u00e0 la paix et \u00e0 la s\u00e9curit\u00e9. Elle a repr\u00e9sent\u00e9 le Canada lors de multiples processus de r\u00e8glement des diff\u00e9rends dans le cadre de l'Accord de libre-\u00e9change nord-am\u00e9ricain (ALENA), l'Organisation mondiale du commerce (OMC) et au Tribunal p\u00e9nal pour l\u2019ex-Yougoslavie.  Avant de se joindre \u00e0 la fonction publique f\u00e9d\u00e9rale, Mme Swords a travaill\u00e9 dans une clinique d'aide juridique de Toronto, en Ontario. Mme Swords a re\u00e7u en 2020 le prix de juriste du secteur public du conseil canadien de droit internationale et en 2010 le prix d\u2019 alumni distingu\u00e9 de l\u2019Universit\u00e9 Brock.<\/p>\n\n\n\n<p>Dipl\u00f4m\u00e9e de l'Universit\u00e9 Brock, de l'\u00e9cole de droit Osgoode Hall et de l'Europa Institute de l'Universit\u00e9 d'Amsterdam, Colleen Swords est membre du Barreau de l\u2019Ontario.<\/p>\n<\/div><\/div>\n<\/div><\/div><\/section>\n\n\n\n<section id=\"gm28c3ff8\" class=\"wp-block-gutentor-m4 section-gm28c3ff8 gutentor-module gutentor-advanced-columns has-color-bg has-custom-bg\"><div class=\"grid-container\"><div class=\"grid-row\">\n<div id=\"col-gm9db1d4\" class=\"wp-block-gutentor-m4-col col-gm9db1d4 gutentor-single-column  grid-lg-12 grid-md-12 grid-12\"><div id=\"section-gm9db1d4\" class=\"section-gm9db1d4 gutentor-col-wrap\">\n<hr class=\"wp-block-separator has-text-color has-very-light-gray-color has-alpha-channel-opacity has-very-light-gray-background-color has-background mrgn-bttm-lg\"\/>\n\n\n\n<h2 class=\"wp-block-heading has-text-align-center title-accent text-center mrgn-tp-0 mrgn-bttm-lg has-very-dark-gray-color has-text-color\">Membres actuels<\/h2>\n\n\n\n<section id=\"gmd2f90d2\" class=\"wp-block-gutentor-m4 section-gmd2f90d2 gutentor-module gutentor-advanced-columns gutentor-equal-column-height mrgn-tp-2\"><div class=\"grid-container\"><div class=\"grid-row\">\n<div id=\"col-gm47ffdc\" class=\"wp-block-gutentor-m4-col col-gm47ffdc gutentor-single-column  grid-lg-3 grid-md-6 grid-12 mrgn-bttm-xl\"><div id=\"section-gm47ffdc\" class=\"section-gm47ffdc gutentor-col-wrap has-color-bg has-custom-bg\">\n<figure class=\"wp-block-image size-full image-fullwidth\"><img decoding=\"async\" loading=\"lazy\" width=\"3069\" height=\"3069\" src=\"\/wp-content\/uploads\/MarieD-min.jpg\" alt=\"\" class=\"wp-image-7851\"\/><\/figure>\n\n\n\n<h3 class=\"wp-block-heading mrgn-lft-md mrgn-rght-md mrgn-bttm-xl\">Marie Deschamps<br>(Pr\u00e9sidente)<\/h3>\n\n\n\n<div id=\"section-g13a91b\" class=\"wp-block-gutentor-e2 section-g13a91b gutentor-element gutentor-element-button g-pos-a-desktop g-pos-a-tablet g-pos-a-mobile g-pos-custom-desktop g-pos-custom-tablet g-pos-custom-mobile\"><span class=\"gutentor-button-wrap\"><a class=\"gutentor-button gutentor-block-button gutentor-icon-after\" href=\"https:\/\/nsira-ossnr.gc.ca\/fr\/a-propos-de-lossnr\/qui-nous-sommes\/marie-deschamps\/\"><i class=\"gutentor-button-icon fas fa-arrow-right\"><\/i><span><\/span><\/a><\/span><\/div>\n<\/div><\/div>\n\n\n\n<div id=\"col-gm0e695d\" class=\"wp-block-gutentor-m4-col col-gm0e695d gutentor-single-column  grid-lg-3 grid-md-6 grid-12 mrgn-bttm-xl\"><div id=\"section-gm0e695d\" class=\"section-gm0e695d gutentor-col-wrap has-color-bg has-custom-bg\">\n<figure class=\"wp-block-image size-full image-fullwidth\"><img decoding=\"async\" loading=\"lazy\" width=\"3070\" height=\"3070\" src=\"\/wp-content\/uploads\/Craig-min.jpg\" alt=\"\" class=\"wp-image-7855\"\/><\/figure>\n\n\n\n<h3 class=\"wp-block-heading mrgn-lft-md mrgn-rght-md mrgn-bttm-xl\">Craig Forcese<br>(Vice-pr\u00e9sident)<\/h3>\n\n\n\n<div id=\"section-g6be6d5\" class=\"wp-block-gutentor-e2 section-g6be6d5 gutentor-element gutentor-element-button g-pos-a-desktop g-pos-a-tablet g-pos-a-mobile g-pos-custom-desktop g-pos-custom-tablet g-pos-custom-mobile\"><span class=\"gutentor-button-wrap\"><a class=\"gutentor-button gutentor-block-button gutentor-icon-after\" href=\"https:\/\/nsira-ossnr.gc.ca\/fr\/a-propos-de-lossnr\/qui-nous-sommes\/craig-forcese\/\"><i class=\"gutentor-button-icon fas fa-arrow-right\"><\/i><span><\/span><\/a><\/span><\/div>\n<\/div><\/div>\n\n\n\n<div id=\"col-gmda5198\" class=\"wp-block-gutentor-m4-col col-gmda5198 gutentor-single-column  grid-lg-3 grid-md-6 grid-12 mrgn-bttm-xl\"><div id=\"section-gmda5198\" class=\"section-gmda5198 gutentor-col-wrap has-color-bg has-custom-bg\">\n<figure class=\"wp-block-image size-full image-fullwidth\"><img decoding=\"async\" src=\"https:\/\/nsira-ossnr.gc.ca\/wp-content\/uploads\/coming_soon_EN.jpg\" alt=\"\" class=\"wp-image-13740\"\/><\/figure>\n\n\n\n<h3 class=\"wp-block-heading mrgn-lft-md mrgn-rght-md mrgn-bttm-xl\">Yves C\u00f4t\u00e9<br>&#8211;<\/h3>\n\n\n\n<div id=\"section-g9c2684\" class=\"wp-block-gutentor-e2 section-g9c2684 gutentor-element gutentor-element-button g-pos-a-desktop g-pos-a-tablet g-pos-a-mobile g-pos-custom-desktop g-pos-custom-tablet g-pos-custom-mobile\"><span class=\"gutentor-button-wrap\"><a class=\"gutentor-button gutentor-block-button gutentor-icon-after\" href=\"https:\/\/nsira-ossnr.gc.ca\/fr\/a-propos-de-lossnr\/qui-nous-sommes\/yves-cote\/\"><i class=\"gutentor-button-icon fas fa-arrow-right\"><\/i><span><\/span><\/a><\/span><\/div>\n<\/div><\/div>\n\n\n\n<div id=\"col-gma1bcc1\" class=\"wp-block-gutentor-m4-col col-gma1bcc1 gutentor-single-column  grid-lg-3 grid-md-6 grid-12 mrgn-bttm-xl\"><div id=\"section-gma1bcc1\" class=\"section-gma1bcc1 gutentor-col-wrap has-color-bg has-custom-bg\">\n<figure class=\"wp-block-image size-full image-fullwidth\"><img decoding=\"async\" loading=\"lazy\" width=\"3065\" height=\"3065\" src=\"\/wp-content\/uploads\/Foluke-min.jpg\" alt=\"\" class=\"wp-image-7859\"\/><\/figure>\n\n\n\n<h3 class=\"wp-block-heading mrgn-lft-md mrgn-rght-md mrgn-bttm-xl\">Foluke Laosebikan<br>&#8211;<\/h3>\n\n\n\n<div id=\"section-gb61177\" class=\"wp-block-gutentor-e2 section-gb61177 gutentor-element gutentor-element-button g-pos-a-desktop g-pos-a-tablet g-pos-a-mobile g-pos-custom-desktop g-pos-custom-tablet g-pos-custom-mobile\"><span class=\"gutentor-button-wrap\"><a class=\"gutentor-button gutentor-block-button gutentor-icon-after\" href=\"https:\/\/nsira-ossnr.gc.ca\/fr\/a-propos-de-lossnr\/qui-nous-sommes\/foluke-laosebikan\/\"><i class=\"gutentor-button-icon fas fa-arrow-right\"><\/i><span><\/span><\/a><\/span><\/div>\n<\/div><\/div>\n<\/div><\/div><\/section>\n\n\n\n<section id=\"gm3bbcf59\" class=\"wp-block-gutentor-m4 section-gm3bbcf59 gutentor-module gutentor-advanced-columns gutentor-equal-column-height\"><div class=\"grid-container\"><div class=\"grid-row\">\n<div id=\"col-gm255579\" class=\"wp-block-gutentor-m4-col col-gm255579 gutentor-single-column  grid-lg-3 grid-md-6 grid-12 mrgn-bttm-xl\"><div id=\"section-gm255579\" class=\"section-gm255579 gutentor-col-wrap has-color-bg has-custom-bg\">\n<figure class=\"wp-block-image size-full image-fullwidth\"><img decoding=\"async\" loading=\"lazy\" width=\"3071\" height=\"3071\" src=\"\/wp-content\/uploads\/Colleen-min.jpg\" alt=\"\" class=\"wp-image-7854\"\/><\/figure>\n\n\n\n<h3 class=\"wp-block-heading mrgn-lft-md mrgn-rght-md mrgn-bttm-xl\">Colleen Swords<br>&#8211;<\/h3>\n\n\n\n<div id=\"section-g8248b7\" class=\"wp-block-gutentor-e2 section-g8248b7 gutentor-element gutentor-element-button g-pos-a-desktop g-pos-a-tablet g-pos-a-mobile g-pos-custom-desktop g-pos-custom-tablet g-pos-custom-mobile\"><span class=\"gutentor-button-wrap\"><a class=\"gutentor-button gutentor-block-button gutentor-icon-after\" href=\"https:\/\/nsira-ossnr.gc.ca\/fr\/a-propos-de-lossnr\/qui-nous-sommes\/colleen-swords\/\"><i class=\"gutentor-button-icon fas fa-arrow-right\"><\/i><span><\/span><\/a><\/span><\/div>\n<\/div><\/div>\n\n\n\n<div id=\"col-gm169608\" class=\"wp-block-gutentor-m4-col col-gm169608 gutentor-single-column  grid-lg-3 grid-md-6 grid-12 mrgn-bttm-xl\"><div id=\"section-gm169608\" class=\"section-gm169608 gutentor-col-wrap has-color-bg has-custom-bg\">\n<figure class=\"wp-block-image size-full image-fullwidth\"><img decoding=\"async\" loading=\"lazy\" width=\"2979\" height=\"2979\" src=\"\/wp-content\/uploads\/Jim-min.jpg\" alt=\"\" class=\"wp-image-7856\"\/><\/figure>\n\n\n\n<h3 class=\"wp-block-heading mrgn-lft-md mrgn-rght-md mrgn-bttm-xl\">Jim Chu<br>&#8211;<\/h3>\n\n\n\n<div id=\"section-g19e523\" class=\"wp-block-gutentor-e2 section-g19e523 gutentor-element gutentor-element-button g-pos-a-desktop g-pos-a-tablet g-pos-a-mobile g-pos-custom-desktop g-pos-custom-tablet g-pos-custom-mobile\"><span class=\"gutentor-button-wrap\"><a class=\"gutentor-button gutentor-block-button gutentor-icon-after\" href=\"https:\/\/nsira-ossnr.gc.ca\/fr\/a-propos-de-lossnr\/qui-nous-sommes\/jim-chu\/\"><i class=\"gutentor-button-icon fas fa-arrow-right\"><\/i><span><\/span><\/a><\/span><\/div>\n<\/div><\/div>\n\n\n\n<div id=\"col-gmd03631\" class=\"wp-block-gutentor-m4-col col-gmd03631 gutentor-single-column  grid-lg-3 grid-md-6 grid-12 mrgn-bttm-xl\"><div id=\"section-gmd03631\" class=\"section-gmd03631 gutentor-col-wrap has-color-bg has-custom-bg\"><\/div><\/div>\n\n\n\n<div id=\"col-gmd09717\" class=\"wp-block-gutentor-m4-col col-gmd09717 gutentor-single-column  grid-lg-3 grid-md-6 grid-12 mrgn-bttm-xl\"><div id=\"section-gmd09717\" class=\"section-gmd09717 gutentor-col-wrap has-color-bg has-custom-bg\"><\/div><\/div>\n<\/div><\/div><\/section>\n<\/div><\/div>\n<\/div><\/div><\/section>","protected":false},"excerpt":{"rendered":"","protected":false},"author":1,"featured_media":0,"parent":1205,"menu_order":4,"comment_status":"closed","ping_status":"closed","template":"template-nsira-subpages.php","meta":{"inline_featured_image":false},"categories":[24],"tags":[],"yoast_head":"<!-- This site is optimized with the Yoast SEO plugin v20.9 - https:\/\/yoast.com\/wordpress\/plugins\/seo\/ -->\n<title>Colleen Swords - National Security and Intelligence Review Agency<\/title>\n<meta name=\"robots\" content=\"index, follow, max-snippet:-1, max-image-preview:large, max-video-preview:-1\" \/>\n<link rel=\"canonical\" href=\"https:\/\/nsira-ossnr.gc.ca\/fr\/a-propos-de-lossnr\/qui-nous-sommes\/colleen-swords\/\" \/>\n<meta property=\"og:locale\" content=\"fr_CA\" \/>\n<meta property=\"og:type\" content=\"article\" \/>\n<meta property=\"og:title\" content=\"Colleen Swords - National Security and Intelligence Review Agency\" \/>\n<meta property=\"og:url\" content=\"https:\/\/nsira-ossnr.gc.ca\/fr\/a-propos-de-lossnr\/qui-nous-sommes\/colleen-swords\/\" \/>\n<meta property=\"og:site_name\" content=\"National Security and Intelligence Review Agency\" \/>\n<meta property=\"article:modified_time\" content=\"2026-03-17T15:20:38+00:00\" \/>\n<meta property=\"og:image\" content=\"https:\/\/nsira-ossnr.gc.ca\/wp-content\/uploads\/coming_soon_EN.jpg\" \/>\n<meta name=\"twitter:card\" content=\"summary_large_image\" \/>\n<meta name=\"twitter:label1\" content=\"Estimation du temps de lecture\" \/>\n\t<meta name=\"twitter:data1\" content=\"3 minutes\" \/>\n<script type=\"application\/ld+json\" class=\"yoast-schema-graph\">{\"@context\":\"https:\/\/schema.org\",\"@graph\":[{\"@type\":\"WebPage\",\"@id\":\"https:\/\/nsira-ossnr.gc.ca\/about-nsira\/who-we-are\/colleen-swords\/\",\"url\":\"https:\/\/nsira-ossnr.gc.ca\/about-nsira\/who-we-are\/colleen-swords\/\",\"name\":\"Colleen Swords - National Security and Intelligence Review Agency\",\"isPartOf\":{\"@id\":\"https:\/\/nsira-ossnr.gc.ca\/#website\"},\"datePublished\":\"2023-12-19T21:13:53+00:00\",\"dateModified\":\"2026-03-17T15:20:38+00:00\",\"breadcrumb\":{\"@id\":\"https:\/\/nsira-ossnr.gc.ca\/about-nsira\/who-we-are\/colleen-swords\/#breadcrumb\"},\"inLanguage\":\"fr-CA\",\"potentialAction\":[{\"@type\":\"ReadAction\",\"target\":[\"https:\/\/nsira-ossnr.gc.ca\/about-nsira\/who-we-are\/colleen-swords\/\"]}]},{\"@type\":\"BreadcrumbList\",\"@id\":\"https:\/\/nsira-ossnr.gc.ca\/about-nsira\/who-we-are\/colleen-swords\/#breadcrumb\",\"itemListElement\":[{\"@type\":\"ListItem\",\"position\":1,\"name\":\"About NSIRA\",\"item\":\"\/about-nsira\/\"},{\"@type\":\"ListItem\",\"position\":2,\"name\":\"Who we are\",\"item\":\"\/about-nsira\/who-we-are\/\"},{\"@type\":\"ListItem\",\"position\":3,\"name\":\"Colleen Swords\"}]},{\"@type\":\"WebSite\",\"@id\":\"https:\/\/nsira-ossnr.gc.ca\/#website\",\"url\":\"https:\/\/nsira-ossnr.gc.ca\/\",\"name\":\"National Security and Intelligence Review Agency\",\"description\":\"Official Website\",\"potentialAction\":[{\"@type\":\"SearchAction\",\"target\":{\"@type\":\"EntryPoint\",\"urlTemplate\":\"https:\/\/nsira-ossnr.gc.ca\/?s={search_term_string}\"},\"query-input\":\"required name=search_term_string\"}],\"inLanguage\":\"fr-CA\"}]}<\/script>\n<!-- \/ Yoast SEO plugin. -->","yoast_head_json":{"title":"Colleen Swords - National Security and Intelligence Review Agency","robots":{"index":"index","follow":"follow","max-snippet":"max-snippet:-1","max-image-preview":"max-image-preview:large","max-video-preview":"max-video-preview:-1"},"canonical":"https:\/\/nsira-ossnr.gc.ca\/fr\/a-propos-de-lossnr\/qui-nous-sommes\/colleen-swords\/","og_locale":"fr_CA","og_type":"article","og_title":"Colleen Swords - National Security and Intelligence Review Agency","og_url":"https:\/\/nsira-ossnr.gc.ca\/fr\/a-propos-de-lossnr\/qui-nous-sommes\/colleen-swords\/","og_site_name":"National Security and Intelligence Review Agency","article_modified_time":"2026-03-17T15:20:38+00:00","og_image":[{"url":"https:\/\/nsira-ossnr.gc.ca\/wp-content\/uploads\/coming_soon_EN.jpg"}],"twitter_card":"summary_large_image","twitter_misc":{"Estimation du temps de lecture":"3 minutes"},"schema":{"@context":"https:\/\/schema.org","@graph":[{"@type":"WebPage","@id":"https:\/\/nsira-ossnr.gc.ca\/about-nsira\/who-we-are\/colleen-swords\/","url":"https:\/\/nsira-ossnr.gc.ca\/about-nsira\/who-we-are\/colleen-swords\/","name":"Colleen Swords - National Security and Intelligence Review Agency","isPartOf":{"@id":"https:\/\/nsira-ossnr.gc.ca\/#website"},"datePublished":"2023-12-19T21:13:53+00:00","dateModified":"2026-03-17T15:20:38+00:00","breadcrumb":{"@id":"https:\/\/nsira-ossnr.gc.ca\/about-nsira\/who-we-are\/colleen-swords\/#breadcrumb"},"inLanguage":"fr-CA","potentialAction":[{"@type":"ReadAction","target":["https:\/\/nsira-ossnr.gc.ca\/about-nsira\/who-we-are\/colleen-swords\/"]}]},{"@type":"BreadcrumbList","@id":"https:\/\/nsira-ossnr.gc.ca\/about-nsira\/who-we-are\/colleen-swords\/#breadcrumb","itemListElement":[{"@type":"ListItem","position":1,"name":"About NSIRA","item":"\/about-nsira\/"},{"@type":"ListItem","position":2,"name":"Who we are","item":"\/about-nsira\/who-we-are\/"},{"@type":"ListItem","position":3,"name":"Colleen Swords"}]},{"@type":"WebSite","@id":"https:\/\/nsira-ossnr.gc.ca\/#website","url":"https:\/\/nsira-ossnr.gc.ca\/","name":"National Security and Intelligence Review Agency","description":"Official Website","potentialAction":[{"@type":"SearchAction","target":{"@type":"EntryPoint","urlTemplate":"https:\/\/nsira-ossnr.gc.ca\/?s={search_term_string}"},"query-input":"required name=search_term_string"}],"inLanguage":"fr-CA"}]}},"_links":{"self":[{"href":"https:\/\/nsira-ossnr.gc.ca\/fr\/wp-json\/wp\/v2\/pages\/7002"}],"collection":[{"href":"https:\/\/nsira-ossnr.gc.ca\/fr\/wp-json\/wp\/v2\/pages"}],"about":[{"href":"https:\/\/nsira-ossnr.gc.ca\/fr\/wp-json\/wp\/v2\/types\/page"}],"author":[{"embeddable":true,"href":"https:\/\/nsira-ossnr.gc.ca\/fr\/wp-json\/wp\/v2\/users\/1"}],"replies":[{"embeddable":true,"href":"https:\/\/nsira-ossnr.gc.ca\/fr\/wp-json\/wp\/v2\/comments?post=7002"}],"version-history":[{"count":6,"href":"https:\/\/nsira-ossnr.gc.ca\/fr\/wp-json\/wp\/v2\/pages\/7002\/revisions"}],"predecessor-version":[{"id":15592,"href":"https:\/\/nsira-ossnr.gc.ca\/fr\/wp-json\/wp\/v2\/pages\/7002\/revisions\/15592"}],"up":[{"embeddable":true,"href":"https:\/\/nsira-ossnr.gc.ca\/fr\/wp-json\/wp\/v2\/pages\/1205"}],"wp:attachment":[{"href":"https:\/\/nsira-ossnr.gc.ca\/fr\/wp-json\/wp\/v2\/media?parent=7002"}],"wp:term":[{"taxonomy":"category","embeddable":true,"href":"https:\/\/nsira-ossnr.gc.ca\/fr\/wp-json\/wp\/v2\/categories?post=7002"},{"taxonomy":"post_tag","embeddable":true,"href":"https:\/\/nsira-ossnr.gc.ca\/fr\/wp-json\/wp\/v2\/tags?post=7002"}],"curies":[{"name":"wp","href":"https:\/\/api.w.org\/{rel}","templated":true}]}}