{"id":6831,"date":"2023-11-21T09:33:00","date_gmt":"2023-11-21T14:33:00","guid":{"rendered":"https:\/\/dev.nsira-ossnr.gc.ca\/?page_id=6831"},"modified":"2026-03-24T12:05:43","modified_gmt":"2026-03-24T16:05:43","slug":"404-page-not-found","status":"publish","type":"page","link":"https:\/\/nsira-ossnr.gc.ca\/fr\/erreur-404\/","title":{"rendered":"Erreur 404"},"content":{"rendered":"<section id=\"gm9c74fb1\" class=\"wp-block-gutentor-m4 section-gm9c74fb1 gutentor-module gutentor-advanced-columns\"><div class=\"grid-container\"><div class=\"grid-row\">\n<div id=\"col-gm021fb0\" class=\"wp-block-gutentor-m4-col col-gm021fb0 gutentor-single-column  grid-lg-12 grid-md-12 grid-12\"><div id=\"section-gm021fb0\" class=\"section-gm021fb0 gutentor-col-wrap\">\n<h2 class=\"wp-block-heading\">Nous ne pouvons trouver cette page Web (Erreur 404)<\/h2>\n\n\n\n<p>Nous sommes d\u00e9sol\u00e9s que vous ayez abouti ici. Il arrive parfois qu\u2019une page ait \u00e9t\u00e9 d\u00e9plac\u00e9e ou supprim\u00e9e. Heureusement, nous pouvons vous aider \u00e0 trouver ce que vous cherchez. Que faire?<\/p>\n\n\n\n<ul>\n<li>Retournez \u00e0 la&nbsp;<a href=\"https:\/\/nsira-ossnr.gc.ca\/fr\/accueil\/\">page d'accueil<\/a><\/li>\n\n\n\n<li><a href=\"https:\/\/nsira-ossnr.gc.ca\/fr\/contactez-nous\/\">Contactez-nous<\/a>&nbsp;pour de l'assistance<\/li>\n\n\n\n<li>Retournez \u00e0 la&nbsp;<a href=\"javascript:history.go(-1)\">page pr\u00e9c\u00e9dente<\/a><\/li>\n<\/ul>\n<\/div><\/div>\n<\/div><\/div><\/section>","protected":false},"excerpt":{"rendered":"","protected":false},"author":1,"featured_media":0,"parent":0,"menu_order":0,"comment_status":"closed","ping_status":"closed","template":"template-nsira-subpages.php","meta":{"inline_featured_image":false},"categories":[24],"tags":[],"yoast_head":"<!-- This site is optimized with the Yoast SEO plugin v20.9 - https:\/\/yoast.com\/wordpress\/plugins\/seo\/ -->\n<title>404 Error - National Security and Intelligence Review Agency<\/title>\n<meta name=\"robots\" content=\"index, follow, max-snippet:-1, max-image-preview:large, max-video-preview:-1\" \/>\n<link rel=\"canonical\" href=\"https:\/\/nsira-ossnr.gc.ca\/fr\/erreur-404\/\" \/>\n<meta property=\"og:locale\" content=\"fr_CA\" \/>\n<meta property=\"og:type\" content=\"article\" \/>\n<meta property=\"og:title\" content=\"404 Error - National Security and Intelligence Review Agency\" \/>\n<meta property=\"og:url\" content=\"https:\/\/nsira-ossnr.gc.ca\/fr\/erreur-404\/\" \/>\n<meta property=\"og:site_name\" content=\"National Security and Intelligence Review Agency\" \/>\n<meta property=\"article:modified_time\" content=\"2026-03-24T16:05:43+00:00\" \/>\n<meta name=\"twitter:card\" content=\"summary_large_image\" \/>\n<meta name=\"twitter:label1\" content=\"Estimation du temps de lecture\" \/>\n\t<meta name=\"twitter:data1\" content=\"1 minute\" \/>\n<script type=\"application\/ld+json\" class=\"yoast-schema-graph\">{\"@context\":\"https:\/\/schema.org\",\"@graph\":[{\"@type\":\"WebPage\",\"@id\":\"https:\/\/nsira-ossnr.gc.ca\/404-page-not-found\/\",\"url\":\"https:\/\/nsira-ossnr.gc.ca\/404-page-not-found\/\",\"name\":\"404 Error - National Security and Intelligence Review Agency\",\"isPartOf\":{\"@id\":\"https:\/\/nsira-ossnr.gc.ca\/#website\"},\"datePublished\":\"2023-11-21T14:33:00+00:00\",\"dateModified\":\"2026-03-24T16:05:43+00:00\",\"inLanguage\":\"fr-CA\",\"potentialAction\":[{\"@type\":\"ReadAction\",\"target\":[\"https:\/\/nsira-ossnr.gc.ca\/404-page-not-found\/\"]}]},{\"@type\":\"WebSite\",\"@id\":\"https:\/\/nsira-ossnr.gc.ca\/#website\",\"url\":\"https:\/\/nsira-ossnr.gc.ca\/\",\"name\":\"National Security and Intelligence Review Agency\",\"description\":\"Official Website\",\"potentialAction\":[{\"@type\":\"SearchAction\",\"target\":{\"@type\":\"EntryPoint\",\"urlTemplate\":\"https:\/\/nsira-ossnr.gc.ca\/?s={search_term_string}\"},\"query-input\":\"required name=search_term_string\"}],\"inLanguage\":\"fr-CA\"}]}<\/script>\n<!-- \/ Yoast SEO plugin. -->","yoast_head_json":{"title":"404 Error - National Security and Intelligence Review Agency","robots":{"index":"index","follow":"follow","max-snippet":"max-snippet:-1","max-image-preview":"max-image-preview:large","max-video-preview":"max-video-preview:-1"},"canonical":"https:\/\/nsira-ossnr.gc.ca\/fr\/erreur-404\/","og_locale":"fr_CA","og_type":"article","og_title":"404 Error - National Security and Intelligence Review Agency","og_url":"https:\/\/nsira-ossnr.gc.ca\/fr\/erreur-404\/","og_site_name":"National Security and Intelligence Review Agency","article_modified_time":"2026-03-24T16:05:43+00:00","twitter_card":"summary_large_image","twitter_misc":{"Estimation du temps de lecture":"1 minute"},"schema":{"@context":"https:\/\/schema.org","@graph":[{"@type":"WebPage","@id":"https:\/\/nsira-ossnr.gc.ca\/404-page-not-found\/","url":"https:\/\/nsira-ossnr.gc.ca\/404-page-not-found\/","name":"404 Error - National Security and Intelligence Review Agency","isPartOf":{"@id":"https:\/\/nsira-ossnr.gc.ca\/#website"},"datePublished":"2023-11-21T14:33:00+00:00","dateModified":"2026-03-24T16:05:43+00:00","inLanguage":"fr-CA","potentialAction":[{"@type":"ReadAction","target":["https:\/\/nsira-ossnr.gc.ca\/404-page-not-found\/"]}]},{"@type":"WebSite","@id":"https:\/\/nsira-ossnr.gc.ca\/#website","url":"https:\/\/nsira-ossnr.gc.ca\/","name":"National Security and Intelligence Review Agency","description":"Official Website","potentialAction":[{"@type":"SearchAction","target":{"@type":"EntryPoint","urlTemplate":"https:\/\/nsira-ossnr.gc.ca\/?s={search_term_string}"},"query-input":"required name=search_term_string"}],"inLanguage":"fr-CA"}]}},"_links":{"self":[{"href":"https:\/\/nsira-ossnr.gc.ca\/fr\/wp-json\/wp\/v2\/pages\/6831"}],"collection":[{"href":"https:\/\/nsira-ossnr.gc.ca\/fr\/wp-json\/wp\/v2\/pages"}],"about":[{"href":"https:\/\/nsira-ossnr.gc.ca\/fr\/wp-json\/wp\/v2\/types\/page"}],"author":[{"embeddable":true,"href":"https:\/\/nsira-ossnr.gc.ca\/fr\/wp-json\/wp\/v2\/users\/1"}],"replies":[{"embeddable":true,"href":"https:\/\/nsira-ossnr.gc.ca\/fr\/wp-json\/wp\/v2\/comments?post=6831"}],"version-history":[{"count":6,"href":"https:\/\/nsira-ossnr.gc.ca\/fr\/wp-json\/wp\/v2\/pages\/6831\/revisions"}],"predecessor-version":[{"id":16236,"href":"https:\/\/nsira-ossnr.gc.ca\/fr\/wp-json\/wp\/v2\/pages\/6831\/revisions\/16236"}],"wp:attachment":[{"href":"https:\/\/nsira-ossnr.gc.ca\/fr\/wp-json\/wp\/v2\/media?parent=6831"}],"wp:term":[{"taxonomy":"category","embeddable":true,"href":"https:\/\/nsira-ossnr.gc.ca\/fr\/wp-json\/wp\/v2\/categories?post=6831"},{"taxonomy":"post_tag","embeddable":true,"href":"https:\/\/nsira-ossnr.gc.ca\/fr\/wp-json\/wp\/v2\/tags?post=6831"}],"curies":[{"name":"wp","href":"https:\/\/api.w.org\/{rel}","templated":true}]}}