{"id":5400,"date":"2022-02-22T11:41:16","date_gmt":"2023-07-17T15:41:56","guid":{"rendered":"https:\/\/dev.nsira-ossnr.gc.ca\/?page_id=5400"},"modified":"2023-07-17T11:52:29","modified_gmt":"2023-07-17T15:52:29","slug":"joint-review-of-scida-disclosures-finds-general-compliance-but-some-areas-of-concern","status":"publish","type":"page","link":"https:\/\/nsira-ossnr.gc.ca\/fr\/publications\/declarations-publiques\/lexamen-conjoint-des-communications-dinformation-au-titre-de-la-lcisc-revele-une-conformite-en-general-mais-souleve-certaines-preoccupations\/","title":{"rendered":"L\u2019examen conjoint des communications d\u2019information au titre de la LCISC r\u00e9v\u00e8le une conformit\u00e9 en g\u00e9n\u00e9ral, mais soul\u00e8ve certaines pr\u00e9occupations"},"content":{"rendered":"<style>\n.share-row-container {\n    display: flex;\n    flex-wrap: nowrap;\n    justify-content: center;\n    gap: 10px;\n    border-radius: 10px;\n    list-style: none;\n}\n.share-item-link {\n    color: #fff !important;\n    padding: 4px 12px;\n    border-radius: 5px;\n    text-decoration: none !important;\n    font-size: 14px;\n    display: flex;\n    align-items: center;\n    white-space: nowrap;\n    transition: transform 0.2s;\n}\n.share-item-link:hover { transform: translateY(-2px); }\n.share-text-label { color: #fff; font-weight: bold; padding: 4px 12px; }\n<\/style>\n\n<div id=\"hero-banner-post\" style=\"background:url(\/wp-content\/uploads\/Careers-post-hero.jpg);background-size:cover;background-position:unset;border-width:0 0 10px 0;border-color:#eeeeee;padding:50px 0;\">\n<div class=\"grid-container\">\n<div class=\"grid-row\">\n<div class=\"text-center grid-lg-12 grid-md-12 grid-12\">\n<h1 style=\"font-size: 2.25em; border:none;\" class=\"has-text-color has-white-color wp-block-post-title\">L\u2019examen conjoint des communications d\u2019information au titre de la LCISC r\u00e9v\u00e8le une conformit\u00e9 en g\u00e9n\u00e9ral, mais soul\u00e8ve certaines pr\u00e9occupations<\/h1>\n<hr class=\"wp-block-separator has-white-background-color\">\n<div style=\"display:inline-block;text-align:left;\">\n<ul class=\"share-row-container\">\n<li class=\"share-text-label\">Partager sur :<\/li><li>\n        <a href=\"https:\/\/www.facebook.com\/sharer\/sharer.php?u=https%3A%2F%2Fnsira-ossnr.gc.ca%2Ffr%2Fwp-json%2Fwp%2Fv2%2Fpages%2F5400\" target=\"_blank\" class=\"share-item-link\">\n        <svg viewbox=\"0 0 16 16\" style=\"width:18px;height:18px;vertical-align:middle;margin-right:6px;fill:#fff;\"><path d=\"M16 8.049c0-4.446-3.582-8.05-8-8.05C3.58 0-.002 3.603-.002 8.05c0 4.017 2.926 7.347 6.75 7.951v-5.625h-2.03V8.05H6.75V6.275c0-2.017 1.195-3.131 3.022-3.131.876 0 1.791.157 1.791.157v1.98h-1.009c-.993 0-1.303.621-1.303 1.258v1.51h2.218l-.354 2.326H9.25V16c3.824-.604 6.75-3.934 6.75-7.951\"\/><\/svg>Facebook\n        <\/a>\n    <\/li><li>\n        <a href=\"https:\/\/www.linkedin.com\/shareArticle?mini=true&#038;url=https%3A%2F%2Fnsira-ossnr.gc.ca%2Ffr%2Fwp-json%2Fwp%2Fv2%2Fpages%2F5400\" target=\"_blank\" class=\"share-item-link\">\n        <svg viewbox=\"0 0 16 16\" style=\"width:18px;height:18px;vertical-align:middle;margin-right:6px;fill:#fff;\"><path d=\"M0 1.146C0 .513.526 0 1.175 0h13.65C15.474 0 16 .513 16 1.146v13.708c0 .633-.526 1.146-1.175 1.146H1.175C.526 16 0 15.487 0 14.854zm4.943 12.248V6.169H2.542v7.225zm-1.2-8.212c.837 0 1.358-.554 1.358-1.248-.015-.709-.52-1.248-1.342-1.248S2.4 3.226 2.4 3.934c0 .694.521 1.248 1.327 1.248zm4.908 8.212V9.359c0-.216.016-.432.08-.586.173-.431.568-.878 1.232-.878.869 0 1.216.662 1.216 1.634v3.865h2.401V9.25c0-2.22-1.184-3.252-2.764-3.252-1.274 0-1.845.7-2.165 1.193v.025h-.016l.016-.025V6.169h-2.4c.03.678 0 7.225 0 7.225z\"\/><\/svg>LinkedIn\n        <\/a>\n    <\/li><li>\n        <a href=\"https:\/\/twitter.com\/intent\/tweet?url=https%3A%2F%2Fnsira-ossnr.gc.ca%2Ffr%2Fwp-json%2Fwp%2Fv2%2Fpages%2F5400\" target=\"_blank\" class=\"share-item-link\">\n        <svg viewbox=\"0 0 16 16\" style=\"width:18px;height:18px;vertical-align:middle;margin-right:6px;fill:#fff;\"><path d=\"M12.6.75h2.454l-5.36 6.142L16 15.25h-4.937l-3.867-5.07-4.425 5.07H.316l5.733-6.57L0 .75h5.063l3.495 4.633L12.601.75Zm-.86 13.028h1.36L4.323 2.145H2.865z\"\/><\/svg>X\n        <\/a>\n    <\/li><li>\n        <a href=\"https:\/\/www.youtube.com\/\" target=\"_blank\" class=\"share-item-link\">\n        <svg viewbox=\"0 0 16 16\" style=\"width:18px;height:18px;vertical-align:middle;margin-right:6px;fill:#fff;\"><path d=\"M8.051 1.999h.089c.822.003 4.987.033 6.11.335a2.01 2.01 0 0 1 1.415 1.42c.101.38.172.883.22 1.402l.01.104.022.26.008.104c.065.914.073 1.77.074 1.957v.075c-.001.194-.10 1.108-.082 2.06l-.008.105-.009.104c-.05.572-.124 1.14-.235 1.558a2.01 2.01 0 0 1-1.415 1.42c-1.16.312-5.569.334-6.18.335h-.142c-.309 0-1.587-.006-2.927-.052l-.17-.006-.087-.004-.171-.007-.171-.007c-1.11-.049-2.167-.128-2.654-.26a2.01 2.01 0 0 1-1.415-1.419c-.111-.417-.185-.986-.235-1.558L.09 9.82l-.008-.104A31 31 0 0 1 0 7.68v-.123c.002-.215.01-.958.064-1.778l.007-.103.003-.052.008-.104.022-.26.01-.104c.048-.519.119-1.023.22-1.402a2.01 2.01 0 0 1 1.415-1.42c.487-.13 1.544-.21 2.654-.26l.17-.007.172-.006.086-.003.171-.007A100 100 0 0 1 7.858 2zM6.4 5.209v4.818l4.157-2.408z\"\/><\/svg>YouTube\n        <\/a>\n    <\/li><li>\n        <a href=\"https:\/\/bsky.app\/\" target=\"_blank\" class=\"share-item-link\">\n        <svg xmlns=\"http:\/\/www.w3.org\/2000\/svg\" viewbox=\"0 0 640 640\" aria-hidden=\"true\" focusable=\"false\" style=\"width:18px;height:18px;display:inline-block;vertical-align:middle;margin-right:6px;fill:#fff;\"><path d=\"M439.8 358.7C436.5 358.3 433.1 357.9 429.8 357.4C433.2 357.8 436.5 358.3 439.8 358.7zM320 291.1C293.9 240.4 222.9 145.9 156.9 99.3C93.6 54.6 69.5 62.3 53.6 69.5C35.3 77.8 32 105.9 32 122.4C32 138.9 41.1 258 47 277.9C66.5 343.6 136.1 365.8 200.2 358.6C203.5 358.1 206.8 357.7 210.2 357.2C206.9 357.7 203.6 358.2 200.2 358.6C106.3 372.6 22.9 406.8 132.3 528.5C252.6 653.1 297.1 501.8 320 425.1C342.9 501.8 369.2 647.6 505.6 528.5C608 425.1 533.7 372.5 439.8 358.6C436.5 358.2 433.1 357.8 429.8 357.3C433.2 357.7 436.5 358.2 439.8 358.6C503.9 365.7 573.4 343.5 593 277.9C598.9 258 608 139 608 122.4C608 105.8 604.7 77.7 586.4 69.5C570.6 62.4 546.4 54.6 483.2 99.3C417.1 145.9 346.1 240.4 320 291.1z\"\/><\/svg>Bluesky\n        <\/a>\n    <\/li><li>\n        <a href=\"https:\/\/substack.com\/\" target=\"_blank\" class=\"share-item-link\">\n        <svg viewbox=\"0 0 16 16\" style=\"width:18px;height:18px;vertical-align:middle;margin-right:6px;fill:#fff;\"><path d=\"M15 3.604H1v1.891h14v-1.89ZM1 7.208V16l7-3.926L15 16V7.208zM15 0H1v1.89h14z\"\/><\/svg>Substack\n        <\/a>\n    <\/li><\/ul><\/div><\/div><\/div><\/div><\/div>\n\n\n<section id=\"gm28ddab5\" class=\"wp-block-gutentor-m4 section-gm28ddab5 gutentor-module gutentor-advanced-columns\"><div class=\"grid-container\"><div class=\"grid-row\">\n<div id=\"col-gmf467a8\" class=\"wp-block-gutentor-m4-col col-gmf467a8 gutentor-single-column  grid-lg-3 grid-md-12 grid-12 section-sticky\"><div id=\"section-gmf467a8\" class=\"section-gmf467a8 gutentor-col-wrap\">\n<section id=\"094f5a\" class=\"wp-block-gutentor-m13 section-094f5a gutentor-module gutentor-module-table-of-contents\"><div class=\"grid-container\"><div class=\"g-toc\"><div class=\"g-toc-header\"><div class=\"g-toc-heading\"><div class=\"g-toc-title\">Table des mati\u00e8res<\/div><\/div><\/div><div class=\"g-toc-body\" style=\"display:\"><ol class=\"g-ordered-list\" type=\"none\"><li><a href=\"#1--news-release-\">Communiqu\u00e9 de presse<\/a><\/li><li><a href=\"#2--for-more-information-please-contact-\">Pour obtenir de plus amples informations, pri\u00e8re d\u2019utiliser les coordonn\u00e9es ci-dessous :<\/a><\/li><\/ol><\/div><\/div><\/div><\/section>\n\n\n\n<hr class=\"wp-block-separator has-alpha-channel-opacity is-style-wide\"\/>\n<\/div><\/div>\n\n\n\n<div id=\"col-gm4734c9\" class=\"wp-block-gutentor-m4-col col-gm4734c9 gutentor-single-column  grid-lg-9 grid-md-12 grid-12 content-body\"><div id=\"section-gm4734c9\" class=\"section-gm4734c9 gutentor-col-wrap\">\n<p class=\"mrgn-bttm-0 has-nsira-blue-color has-text-color\"><strong>Date de publication :<\/strong><\/p>\n\n\n<div class=\"mrgn-bttm-lg wp-block-post-date\"><time datetime=\"2022-02-22T11:41:16-05:00\">22 f\u00e9vrier, 2022<\/time><\/div>\n\n\n<div id=\"gmdf6f953\" class=\"wp-block-gutentor-m1 section-gmdf6f953 gutentor-module gutentor-element-button-group d-none g-btn-horizontal-d g-btn-horizontal-t g-btn-horizontal-m\"><div class=\"gutentor-element-button-group-wrap\">\n<div id=\"section-g932f1c\" class=\"wp-block-gutentor-e2 section-g932f1c gutentor-element gutentor-element-button\"><span class=\"gutentor-button-wrap\"><a class=\"gutentor-button gutentor-block-button btn-modern1 gutentor-icon-before\" href=\"\/wp-content\/uploads\/NSIRA-and-the-OPC-SCIDA-2020-FINAL-EN.pdf\" target=\"_blank\" rel=\"noopener noreferrer\"><i class=\"gutentor-button-icon fas fa-file-alt\"><\/i><span>T\u00e9l\u00e9charger le PDF<\/span><\/a><\/span><\/div>\n\n\n\n<div id=\"section-g2b5355\" class=\"wp-block-gutentor-e2 section-g2b5355 gutentor-element gutentor-element-button\"><span class=\"gutentor-button-wrap\"><a class=\"gutentor-button gutentor-block-button btn-modern1 gutentor-icon-before\" href=\"\/wp-content\/uploads\/Government-of-Canada-response-to-SCIDA-review-2020-EN.pdf\" target=\"_blank\" rel=\"noopener noreferrer\"><i class=\"gutentor-button-icon fas fa-file-alt\"><\/i><span>View Government Reponses<\/span><\/a><\/span><\/div>\n\n\n\n<div id=\"section-g08ff79\" class=\"wp-block-gutentor-e2 section-g08ff79 gutentor-element gutentor-element-button\"><span class=\"gutentor-button-wrap\"><a class=\"gutentor-button gutentor-block-button btn-modern1 gutentor-icon-before\" href=\"\/fr\/nsira-and-the-opcs-review-of-federal-institutions-disclosures-of-information-under-the-security-of-canada-information-disclosure-act-in-2020\/\" target=\"_blank\" rel=\"noopener noreferrer\"><i class=\"gutentor-button-icon fas fa-file-alt\"><\/i><span>HTML<\/span><\/a><\/span><\/div>\n<\/div><\/div>\n\n\n\n<h2 class=\"wp-block-heading\" id=\"1--news-release-\"><strong>Communiqu\u00e9 de presse<\/strong><\/h2>\n\n\n\n<p class=\"translation-block\"><p><strong>OTTAWA, Le 22 F\u00e9vrier, 2022<\/strong> \u2013\u00a0<a href=\"https:\/\/www.nsira-ossnr.gc.ca\/wp-content\/uploads\/NSIRA-and-the-OPC-SCIDA-2020-FINAL-FR.pdf\" target=\"_blank\" rel=\"noopener\">Un examen<\/a>\u00a0des communications d\u2019information ayant trait \u00e0 la s\u00e9curit\u00e9 nationale au titre de la <em>Loi sur la communication d\u2019information ayant trait \u00e0 la s\u00e9curit\u00e9 du Canada<\/em> (LCISC) a r\u00e9v\u00e9l\u00e9 que la grande majorit\u00e9 des communications faites par des institutions f\u00e9d\u00e9rales \u00e9taient conformes aux exigences de la Loi. Quelques cas ont toutefois suscit\u00e9 des pr\u00e9occupations importantes, en particulier une communication, par la Gendarmerie royale du Canada (GRC)des renseignements personnels de milliers de personnes.<\/p><\/p>\n\n\n\n<p>Il s\u2019agit du tout premier examen conjoint men\u00e9 par l\u2019Office de surveillance des activit\u00e9s en mati\u00e8re de s\u00e9curit\u00e9 nationale et de renseignement (OSSNR) et le Commissariat \u00e0 la protection de la vie priv\u00e9e du Canada (le Commissariat).<\/p>\n\n\n\n<p>Le rapport conjoint sur la communication d\u2019information sous le r\u00e9gime de la LCISC a \u00e9t\u00e9 d\u00e9pos\u00e9 au Parlement. Pour sa part, l\u2019OSSNR a d\u00e9j\u00e0 effectu\u00e9 un examen des communications d\u2019information faites en 2019.<\/p>\n\n\n\n<p>Le Service canadien du renseignement de s\u00e9curit\u00e9 (SCRS) et le Centre de la s\u00e9curit\u00e9 des t\u00e9l\u00e9communications (CST) ont \u00e9t\u00e9 les principaux destinataires de l\u2019information communiqu\u00e9e au titre de la LCISC en 2020. La GRC a elle aussi \u00e9t\u00e9 l\u2019un des principaux destinataires des communications d\u2019information et a elle-m\u00eame fait un certain nombre de communications.<\/p>\n\n\n\n<p>Au nombre des principales institutions qui ont communiqu\u00e9 de l\u2019information figure Immigration, R\u00e9fugi\u00e9s et Citoyennet\u00e9 Canada, qui est \u00e0 l\u2019origine de 159 communications d\u2019information ou environ 74 % de toutes les communications d\u2019information en 2020. Bon nombre de ces communications concernaient des renseignements contenus dans les demandes de passeport et visaient principalement \u00e0 confirmer le statut de citoyennet\u00e9 ou \u00e0 fournir des renseignements biographiques.<\/p>\n\n\n\n<p>En outre, Affaires mondiales Canada est \u00e0 l\u2019origine de 40 communications (soit environ 19 %), dont bon nombre contenaient des renseignements recueillis par les missions diplomatiques concernant les d\u00e9placements de personnes dans des pays \u00e9trangers.<\/p>\n\n\n\n<p>L\u2019examen a r\u00e9v\u00e9l\u00e9 que 212 des 215 communications d\u2019information en 2020 respectaient les exigences du crit\u00e8re de communication d\u00e9fini dans la LCISC.<\/p>\n\n\n\n<p>Il a \u00e9galement montr\u00e9 que la plupart des communications concernaient une seule personne ou un petit nombre de personnes. Quelques-unes concernaient un plus grand nombre de personnes. L\u2019une de ces communications, qui suscite une pr\u00e9occupation particuli\u00e8re, repr\u00e9sentait la grande majorit\u00e9 des personnes qui \u00e9taient vis\u00e9es par les communications au titre de la LCISC en 2020.<\/p>\n\n\n\n<p>Dans ce cas en particulier, la GRC a communiqu\u00e9 au minist\u00e8re de la D\u00e9fense nationale et aux Forces arm\u00e9es canadiennes les renseignements biom\u00e9triques de milliers d\u2019hommes, de femmes et d\u2019enfants, d\u00e9tenus par une entit\u00e9 \u00e9trang\u00e8re parce qu\u2019ils \u00e9taient soup\u00e7onn\u00e9s d\u2019\u00eatre membres ou partisans d\u2019une organisation terroriste.<\/p>\n\n\n\n<p>L\u2019examen a fait \u00e9tat de pr\u00e9occupations \u00e0 l\u2019\u00e9gard de cette communication, car la GRC avait alors communiqu\u00e9 des renseignements tr\u00e8s sensibles en s\u2019appuyant sur des donn\u00e9es incompl\u00e8tes. L\u2019information manquante aurait \u00e9t\u00e9 requise pour bien \u00e9valuer \u00e0 la fois l\u2019incidence sur le droit \u00e0 la vie priv\u00e9e et la communication raisonnablement n\u00e9cessaire dans les circonstances, comme l\u2019exige la LCISC.<\/p>\n\n\n\n<p>\u00c0 l\u2019issue de leur examen, l\u2019OSSNR et le Commissariat ont formul\u00e9 11 recommandations destin\u00e9es \u00e0 am\u00e9liorer la conformit\u00e9 \u00e0 la LCISC. Ces recommandations portent, par exemple, sur la conservation des documents, la gouvernance et les mesures \u00e0 prendre pour assurer le respect du crit\u00e8re de communication d\u00e9fini dans la LCISC.<\/p>\n\n\n\n<p>L\u2019OSSNR et le Commissariat demandent aux institutions de mettre en \u0153uvre leurs recommandations dans un d\u00e9lai de six mois.<\/p>\n\n\n\n<h2 class=\"wp-block-heading\" id=\"2--for-more-information-please-contact-\">Pour obtenir de plus amples informations, pri\u00e8re d\u2019utiliser les coordonn\u00e9es ci-dessous :<\/h2>\n\n\n\n<p><strong>Office de surveillance des activit\u00e9s en mati\u00e8re de s\u00e9curit\u00e9 nationale et de renseignement<\/strong><\/p>\n\n\n\n<p><a href=\"mailto:MEDIA-MEDIAS@nsira-ossnr.gc.ca\">MEDIA-MEDIAS@nsira-ossnr.gc.ca<\/a><\/p>\n\n\n\n<p>@OSSNRCanada<\/p>\n\n\n\n<p><strong>Commissariat \u00e0 la protection de la vie priv\u00e9e du Canada<br><\/strong><a href=\"mailto:Communications@priv.gc.ca\">Communications@priv.gc.ca<\/a><\/p>\n\n\n\n<p>@priveeprivacy<\/p>\n<\/div><\/div>\n<\/div><\/div><\/section>","protected":false},"excerpt":{"rendered":"","protected":false},"author":1,"featured_media":2712,"parent":5098,"menu_order":5,"comment_status":"closed","ping_status":"closed","template":"template-nsira-subpages.php","meta":{"inline_featured_image":false},"categories":[23,36],"tags":[],"yoast_head":"<!-- This site is optimized with the Yoast SEO plugin v20.9 - https:\/\/yoast.com\/wordpress\/plugins\/seo\/ -->\n<title>Joint Review of SCIDA Disclosures finds General Compliance but some Areas of Concern - National Security and Intelligence Review Agency<\/title>\n<meta name=\"robots\" content=\"index, follow, max-snippet:-1, max-image-preview:large, max-video-preview:-1\" \/>\n<link rel=\"canonical\" href=\"https:\/\/nsira-ossnr.gc.ca\/fr\/publications\/declarations-publiques\/lexamen-conjoint-des-communications-dinformation-au-titre-de-la-lcisc-revele-une-conformite-en-general-mais-souleve-certaines-preoccupations\/\" \/>\n<meta property=\"og:locale\" content=\"fr_CA\" \/>\n<meta property=\"og:type\" content=\"article\" \/>\n<meta property=\"og:title\" content=\"Joint Review of SCIDA Disclosures finds General Compliance but some Areas of Concern - National Security and Intelligence Review Agency\" \/>\n<meta property=\"og:url\" content=\"https:\/\/nsira-ossnr.gc.ca\/fr\/publications\/declarations-publiques\/lexamen-conjoint-des-communications-dinformation-au-titre-de-la-lcisc-revele-une-conformite-en-general-mais-souleve-certaines-preoccupations\/\" \/>\n<meta property=\"og:site_name\" content=\"National Security and Intelligence Review Agency\" \/>\n<meta property=\"article:modified_time\" content=\"2023-07-17T15:52:29+00:00\" \/>\n<meta property=\"og:image\" content=\"https:\/\/nsira-ossnr.gc.ca\/wp-content\/uploads\/Reports-Featured.jpg\" \/>\n\t<meta property=\"og:image:width\" content=\"350\" \/>\n\t<meta property=\"og:image:height\" content=\"500\" \/>\n\t<meta property=\"og:image:type\" content=\"image\/jpeg\" \/>\n<meta name=\"twitter:card\" content=\"summary_large_image\" \/>\n<meta name=\"twitter:label1\" content=\"Estimation du temps de lecture\" \/>\n\t<meta name=\"twitter:data1\" content=\"3 minutes\" \/>\n<script type=\"application\/ld+json\" class=\"yoast-schema-graph\">{\"@context\":\"https:\/\/schema.org\",\"@graph\":[{\"@type\":\"WebPage\",\"@id\":\"https:\/\/nsira-ossnr.gc.ca\/publications\/public-statements\/joint-review-of-scida-disclosures-finds-general-compliance-but-some-areas-of-concern\/\",\"url\":\"https:\/\/nsira-ossnr.gc.ca\/publications\/public-statements\/joint-review-of-scida-disclosures-finds-general-compliance-but-some-areas-of-concern\/\",\"name\":\"Joint Review of SCIDA Disclosures finds General Compliance but some Areas of Concern - National Security and Intelligence Review Agency\",\"isPartOf\":{\"@id\":\"https:\/\/nsira-ossnr.gc.ca\/#website\"},\"datePublished\":\"2023-07-17T15:41:56+00:00\",\"dateModified\":\"2023-07-17T15:52:29+00:00\",\"breadcrumb\":{\"@id\":\"https:\/\/nsira-ossnr.gc.ca\/publications\/public-statements\/joint-review-of-scida-disclosures-finds-general-compliance-but-some-areas-of-concern\/#breadcrumb\"},\"inLanguage\":\"fr-CA\",\"potentialAction\":[{\"@type\":\"ReadAction\",\"target\":[\"https:\/\/nsira-ossnr.gc.ca\/publications\/public-statements\/joint-review-of-scida-disclosures-finds-general-compliance-but-some-areas-of-concern\/\"]}]},{\"@type\":\"BreadcrumbList\",\"@id\":\"https:\/\/nsira-ossnr.gc.ca\/publications\/public-statements\/joint-review-of-scida-disclosures-finds-general-compliance-but-some-areas-of-concern\/#breadcrumb\",\"itemListElement\":[{\"@type\":\"ListItem\",\"position\":1,\"name\":\"Publications\",\"item\":\"\/publications\/\"},{\"@type\":\"ListItem\",\"position\":2,\"name\":\"Public Statements\",\"item\":\"\/publications\/public-statements\/\"},{\"@type\":\"ListItem\",\"position\":3,\"name\":\"Joint Review of SCIDA Disclosures finds General Compliance but some Areas of Concern\"}]},{\"@type\":\"WebSite\",\"@id\":\"https:\/\/nsira-ossnr.gc.ca\/#website\",\"url\":\"https:\/\/nsira-ossnr.gc.ca\/\",\"name\":\"National Security and Intelligence Review Agency\",\"description\":\"Official Website\",\"potentialAction\":[{\"@type\":\"SearchAction\",\"target\":{\"@type\":\"EntryPoint\",\"urlTemplate\":\"https:\/\/nsira-ossnr.gc.ca\/?s={search_term_string}\"},\"query-input\":\"required name=search_term_string\"}],\"inLanguage\":\"fr-CA\"}]}<\/script>\n<!-- \/ Yoast SEO plugin. -->","yoast_head_json":{"title":"Joint Review of SCIDA Disclosures finds General Compliance but some Areas of Concern - National Security and Intelligence Review Agency","robots":{"index":"index","follow":"follow","max-snippet":"max-snippet:-1","max-image-preview":"max-image-preview:large","max-video-preview":"max-video-preview:-1"},"canonical":"https:\/\/nsira-ossnr.gc.ca\/fr\/publications\/declarations-publiques\/lexamen-conjoint-des-communications-dinformation-au-titre-de-la-lcisc-revele-une-conformite-en-general-mais-souleve-certaines-preoccupations\/","og_locale":"fr_CA","og_type":"article","og_title":"Joint Review of SCIDA Disclosures finds General Compliance but some Areas of Concern - National Security and Intelligence Review Agency","og_url":"https:\/\/nsira-ossnr.gc.ca\/fr\/publications\/declarations-publiques\/lexamen-conjoint-des-communications-dinformation-au-titre-de-la-lcisc-revele-une-conformite-en-general-mais-souleve-certaines-preoccupations\/","og_site_name":"National Security and Intelligence Review Agency","article_modified_time":"2023-07-17T15:52:29+00:00","og_image":[{"width":350,"height":500,"url":"https:\/\/nsira-ossnr.gc.ca\/wp-content\/uploads\/Reports-Featured.jpg","type":"image\/jpeg"}],"twitter_card":"summary_large_image","twitter_misc":{"Estimation du temps de lecture":"3 minutes"},"schema":{"@context":"https:\/\/schema.org","@graph":[{"@type":"WebPage","@id":"https:\/\/nsira-ossnr.gc.ca\/publications\/public-statements\/joint-review-of-scida-disclosures-finds-general-compliance-but-some-areas-of-concern\/","url":"https:\/\/nsira-ossnr.gc.ca\/publications\/public-statements\/joint-review-of-scida-disclosures-finds-general-compliance-but-some-areas-of-concern\/","name":"Joint Review of SCIDA Disclosures finds General Compliance but some Areas of Concern - National Security and Intelligence Review Agency","isPartOf":{"@id":"https:\/\/nsira-ossnr.gc.ca\/#website"},"datePublished":"2023-07-17T15:41:56+00:00","dateModified":"2023-07-17T15:52:29+00:00","breadcrumb":{"@id":"https:\/\/nsira-ossnr.gc.ca\/publications\/public-statements\/joint-review-of-scida-disclosures-finds-general-compliance-but-some-areas-of-concern\/#breadcrumb"},"inLanguage":"fr-CA","potentialAction":[{"@type":"ReadAction","target":["https:\/\/nsira-ossnr.gc.ca\/publications\/public-statements\/joint-review-of-scida-disclosures-finds-general-compliance-but-some-areas-of-concern\/"]}]},{"@type":"BreadcrumbList","@id":"https:\/\/nsira-ossnr.gc.ca\/publications\/public-statements\/joint-review-of-scida-disclosures-finds-general-compliance-but-some-areas-of-concern\/#breadcrumb","itemListElement":[{"@type":"ListItem","position":1,"name":"Publications","item":"\/publications\/"},{"@type":"ListItem","position":2,"name":"Public Statements","item":"\/publications\/public-statements\/"},{"@type":"ListItem","position":3,"name":"Joint Review of SCIDA Disclosures finds General Compliance but some Areas of Concern"}]},{"@type":"WebSite","@id":"https:\/\/nsira-ossnr.gc.ca\/#website","url":"https:\/\/nsira-ossnr.gc.ca\/","name":"National Security and Intelligence Review Agency","description":"Official Website","potentialAction":[{"@type":"SearchAction","target":{"@type":"EntryPoint","urlTemplate":"https:\/\/nsira-ossnr.gc.ca\/?s={search_term_string}"},"query-input":"required name=search_term_string"}],"inLanguage":"fr-CA"}]}},"_links":{"self":[{"href":"https:\/\/nsira-ossnr.gc.ca\/fr\/wp-json\/wp\/v2\/pages\/5400"}],"collection":[{"href":"https:\/\/nsira-ossnr.gc.ca\/fr\/wp-json\/wp\/v2\/pages"}],"about":[{"href":"https:\/\/nsira-ossnr.gc.ca\/fr\/wp-json\/wp\/v2\/types\/page"}],"author":[{"embeddable":true,"href":"https:\/\/nsira-ossnr.gc.ca\/fr\/wp-json\/wp\/v2\/users\/1"}],"replies":[{"embeddable":true,"href":"https:\/\/nsira-ossnr.gc.ca\/fr\/wp-json\/wp\/v2\/comments?post=5400"}],"version-history":[{"count":4,"href":"https:\/\/nsira-ossnr.gc.ca\/fr\/wp-json\/wp\/v2\/pages\/5400\/revisions"}],"predecessor-version":[{"id":5412,"href":"https:\/\/nsira-ossnr.gc.ca\/fr\/wp-json\/wp\/v2\/pages\/5400\/revisions\/5412"}],"up":[{"embeddable":true,"href":"https:\/\/nsira-ossnr.gc.ca\/fr\/wp-json\/wp\/v2\/pages\/5098"}],"wp:featuredmedia":[{"embeddable":true,"href":"https:\/\/nsira-ossnr.gc.ca\/fr\/wp-json\/wp\/v2\/media\/2712"}],"wp:attachment":[{"href":"https:\/\/nsira-ossnr.gc.ca\/fr\/wp-json\/wp\/v2\/media?parent=5400"}],"wp:term":[{"taxonomy":"category","embeddable":true,"href":"https:\/\/nsira-ossnr.gc.ca\/fr\/wp-json\/wp\/v2\/categories?post=5400"},{"taxonomy":"post_tag","embeddable":true,"href":"https:\/\/nsira-ossnr.gc.ca\/fr\/wp-json\/wp\/v2\/tags?post=5400"}],"curies":[{"name":"wp","href":"https:\/\/api.w.org\/{rel}","templated":true}]}}