{"id":4559,"date":"2023-04-19T09:44:48","date_gmt":"2023-04-19T13:44:23","guid":{"rendered":"https:\/\/nsirademosite.mbeaudry.ca\/?page_id=4559"},"modified":"2026-03-17T11:22:38","modified_gmt":"2026-03-17T15:22:38","slug":"faisal-mirza","status":"publish","type":"page","link":"https:\/\/nsira-ossnr.gc.ca\/fr\/a-propos-de-lossnr\/qui-nous-sommes\/faisal-mirza\/","title":{"rendered":"Faisal Mirza"},"content":{"rendered":"<section id=\"gm59a48e1\" class=\"wp-block-gutentor-m4 section-gm59a48e1 gutentor-module gutentor-advanced-columns has-color-bg has-custom-bg\"><div class=\"grid-container\"><div class=\"grid-row\">\n<div id=\"col-gm2b2623\" class=\"wp-block-gutentor-m4-col col-gm2b2623 gutentor-single-column  grid-lg-4 grid-md-12 grid-12\"><div id=\"section-gm2b2623\" class=\"section-gm2b2623 gutentor-col-wrap\"><div class=\"wp-block-image\">\n<figure class=\"aligncenter size-full\"><img decoding=\"async\" loading=\"lazy\" width=\"274\" height=\"274\" src=\"\/wp-content\/uploads\/Faisal-Mirza-image-300x275-1-edited-2.png\" alt=\"\" class=\"wp-image-2003\" srcset=\"https:\/\/nsira-ossnr.gc.ca\/wp-content\/uploads\/Faisal-Mirza-image-300x275-1-edited-2.png 274w, https:\/\/nsira-ossnr.gc.ca\/wp-content\/uploads\/Faisal-Mirza-image-300x275-1-edited-2-150x150.png 150w, https:\/\/nsira-ossnr.gc.ca\/wp-content\/uploads\/Faisal-Mirza-image-300x275-1-edited-2-12x12.png 12w\" sizes=\"(max-width: 274px) 100vw, 274px\" \/><\/figure><\/div><\/div><\/div>\n\n\n\n<div id=\"col-gmbd18ba\" class=\"wp-block-gutentor-m4-col col-gmbd18ba gutentor-single-column  grid-lg-8 grid-md-12 grid-12\"><div id=\"section-gmbd18ba\" class=\"section-gmbd18ba gutentor-col-wrap\">\n<h2 class=\"wp-block-heading title-accent has-white-color has-text-color\">Faisal Mirza<\/h2>\n<\/div><\/div>\n<\/div><\/div><\/section>\n\n\n\n<section id=\"gm67648ce\" class=\"wp-block-gutentor-m4 section-gm67648ce gutentor-module gutentor-advanced-columns mrgn-tp-xl mrgn-bttm-xl\"><div class=\"grid-container\"><div class=\"grid-row\">\n<div id=\"col-gmb0e44e\" class=\"wp-block-gutentor-m4-col col-gmb0e44e gutentor-single-column  grid-lg-6 grid-md-12 grid-12\"><div id=\"section-gmb0e44e\" class=\"section-gmb0e44e gutentor-col-wrap\">\n<p>Faisal Mirza est associ\u00e9 au cabinet Mirza Kwok Defence Lawyers. Il pratique le droit \u00e0 titre d\u2019avocat plaidant et d\u2019avocat d\u2019appel dans les domaines du droit p\u00e9nal, du droit constitutionnel et du droit r\u00e9glementaire. Il repr\u00e9sente souvent des clients et des organisations de d\u00e9fense des droits de la personne \u00e0 la Cour d\u2019appel de l\u2019Ontario et \u00e0 la Cour supr\u00eame du Canada.<\/p>\n\n\n\n<p>M. Mirza est professeur auxiliaire \u00e0 la Osgoode Hall Law School, o\u00f9 il enseigne le droit p\u00e9nal avanc\u00e9. Il est \u00e9galement instructeur en s\u00e9curit\u00e9 nationale et en droit \u00e0 l\u2019Universit\u00e9 de Toronto. Il est l\u2019auteur de Criminal Jury Charge Practice et de plusieurs articles sur la proc\u00e9dure p\u00e9nale et la d\u00e9termination de la peine.<\/p>\n\n\n\n<p>M. Mirza est co-fondateur du Sentencing and Parole Project, un projet de d\u00e9termination de la peine et de lib\u00e9ration conditionnelle qui porte sur le racisme envers les Noirs dans le syst\u00e8me de justice p\u00e9nale. Il est pr\u00e9sident de l\u2019Association canadienne des avocats musulmans et membre du conseil d\u2019administration de la Soci\u00e9t\u00e9 des plaideurs. De plus, il contribue \u00e0 diverses initiatives de la South Asian Bar Association et de la Criminal Lawyers Association.<\/p>\n<\/div><\/div>\n\n\n\n<div id=\"col-gmd3ef39\" class=\"wp-block-gutentor-m4-col col-gmd3ef39 gutentor-single-column  grid-lg-6 grid-md-12 grid-12\"><div id=\"section-gmd3ef39\" class=\"section-gmd3ef39 gutentor-col-wrap\">\n<p>M. Mirza a \u00e9t\u00e9 reconnu par le magazine Best Lawyers comme l\u2019un des plus grands avocats d\u2019appel au Canada et s\u2019est vu accorder le prix de la diversit\u00e9 de la South Asian Bar Association pour son engagement dans la justice sociale. Il figure aussi sur la liste des avocats mis en nomination pour le palmar\u00e8s des 25 avocats les plus influents en 2020 du magazine Canadian Lawyer, dans la section acteurs de changement.<\/p>\n\n\n\n<p>M. Mirza est titulaire d\u2019un baccalaur\u00e9at \u00e8s arts et d\u2019une maitrise \u00e8s arts de l\u2019Universit\u00e9 de Toronto, ainsi que d\u2019un baccalaur\u00e9at en droit de la Osgoode Hall Law School. Avant d\u2019\u00eatre admis au barreau en 2002, il a fait un stage au cabinet Greenspan Humphrey Lavine et a travaill\u00e9 pour l\u2019honorable Fred Kaufman et Mark Sandler au cours d'un examen ind\u00e9pendant de la r\u00e9ponse du gouvernement de la Nouvelle-\u00c9cosse \u00e0 la violence au sein d'institutions provinciales.<\/p>\n<\/div><\/div>\n<\/div><\/div><\/section>\n\n\n\n<section id=\"gm71e9ba5\" class=\"wp-block-gutentor-m4 section-gm71e9ba5 gutentor-module gutentor-advanced-columns has-color-bg has-custom-bg\"><div class=\"grid-container\"><div class=\"grid-row\">\n<div id=\"col-gm044ede\" class=\"wp-block-gutentor-m4-col col-gm044ede gutentor-single-column  grid-lg-12 grid-md-12 grid-12\"><div id=\"section-gm044ede\" class=\"section-gm044ede gutentor-col-wrap\">\n<hr class=\"wp-block-separator has-text-color has-very-light-gray-color has-alpha-channel-opacity has-very-light-gray-background-color has-background mrgn-bttm-lg\"\/>\n\n\n\n<h2 class=\"wp-block-heading has-text-align-center title-accent text-center mrgn-tp-0 mrgn-bttm-lg has-very-dark-gray-color has-text-color\">Membres actuels<\/h2>\n\n\n\n<section id=\"gmb767daa\" class=\"wp-block-gutentor-m4 section-gmb767daa gutentor-module gutentor-advanced-columns gutentor-equal-column-height mrgn-tp-2\"><div class=\"grid-container\"><div class=\"grid-row\">\n<div id=\"col-gma654a7\" class=\"wp-block-gutentor-m4-col col-gma654a7 gutentor-single-column  grid-lg-3 grid-md-6 grid-12 mrgn-bttm-xl\"><div id=\"section-gma654a7\" class=\"section-gma654a7 gutentor-col-wrap has-color-bg has-custom-bg\">\n<figure class=\"wp-block-image size-full image-fullwidth\"><img decoding=\"async\" loading=\"lazy\" width=\"3069\" height=\"3069\" src=\"\/wp-content\/uploads\/MarieD-min.jpg\" alt=\"\" class=\"wp-image-7851\"\/><\/figure>\n\n\n\n<h3 class=\"wp-block-heading mrgn-lft-md mrgn-rght-md mrgn-bttm-xl\">Marie Deschamps<br>(Pr\u00e9sidente)<\/h3>\n\n\n\n<div id=\"section-gd59b77\" class=\"wp-block-gutentor-e2 section-gd59b77 gutentor-element gutentor-element-button g-pos-a-desktop g-pos-a-tablet g-pos-a-mobile g-pos-custom-desktop g-pos-custom-tablet g-pos-custom-mobile\"><span class=\"gutentor-button-wrap\"><a class=\"gutentor-button gutentor-block-button gutentor-icon-after\" href=\"https:\/\/nsira-ossnr.gc.ca\/fr\/a-propos-de-lossnr\/qui-nous-sommes\/marie-deschamps\/\"><i class=\"gutentor-button-icon fas fa-arrow-right\"><\/i><span><\/span><\/a><\/span><\/div>\n<\/div><\/div>\n\n\n\n<div id=\"col-gm56ef5f\" class=\"wp-block-gutentor-m4-col col-gm56ef5f gutentor-single-column  grid-lg-3 grid-md-6 grid-12 mrgn-bttm-xl\"><div id=\"section-gm56ef5f\" class=\"section-gm56ef5f gutentor-col-wrap has-color-bg has-custom-bg\">\n<figure class=\"wp-block-image size-full image-fullwidth\"><img decoding=\"async\" loading=\"lazy\" width=\"3070\" height=\"3070\" src=\"\/wp-content\/uploads\/Craig-min.jpg\" alt=\"\" class=\"wp-image-7855\"\/><\/figure>\n\n\n\n<h3 class=\"wp-block-heading mrgn-lft-md mrgn-rght-md mrgn-bttm-xl\">Craig Forcese<br>(Vice-pr\u00e9sident)<\/h3>\n\n\n\n<div id=\"section-ga59577\" class=\"wp-block-gutentor-e2 section-ga59577 gutentor-element gutentor-element-button g-pos-a-desktop g-pos-a-tablet g-pos-a-mobile g-pos-custom-desktop g-pos-custom-tablet g-pos-custom-mobile\"><span class=\"gutentor-button-wrap\"><a class=\"gutentor-button gutentor-block-button gutentor-icon-after\" href=\"https:\/\/nsira-ossnr.gc.ca\/fr\/a-propos-de-lossnr\/qui-nous-sommes\/craig-forcese\/\"><i class=\"gutentor-button-icon fas fa-arrow-right\"><\/i><span><\/span><\/a><\/span><\/div>\n<\/div><\/div>\n\n\n\n<div id=\"col-gm362c8a\" class=\"wp-block-gutentor-m4-col col-gm362c8a gutentor-single-column  grid-lg-3 grid-md-6 grid-12 mrgn-bttm-xl\"><div id=\"section-gm362c8a\" class=\"section-gm362c8a gutentor-col-wrap has-color-bg has-custom-bg\">\n<figure class=\"wp-block-image size-full image-fullwidth\"><img decoding=\"async\" src=\"https:\/\/nsira-ossnr.gc.ca\/wp-content\/uploads\/coming_soon_EN.jpg\" alt=\"\" class=\"wp-image-13740\"\/><\/figure>\n\n\n\n<h3 class=\"wp-block-heading mrgn-lft-md mrgn-rght-md mrgn-bttm-xl\">Yves C\u00f4t\u00e9<br>&#8211;<\/h3>\n\n\n\n<div id=\"section-gb9c3bc\" class=\"wp-block-gutentor-e2 section-gb9c3bc gutentor-element gutentor-element-button g-pos-a-desktop g-pos-a-tablet g-pos-a-mobile g-pos-custom-desktop g-pos-custom-tablet g-pos-custom-mobile\"><span class=\"gutentor-button-wrap\"><a class=\"gutentor-button gutentor-block-button gutentor-icon-after\" href=\"https:\/\/nsira-ossnr.gc.ca\/fr\/a-propos-de-lossnr\/qui-nous-sommes\/yves-cote\/\"><i class=\"gutentor-button-icon fas fa-arrow-right\"><\/i><span><\/span><\/a><\/span><\/div>\n<\/div><\/div>\n\n\n\n<div id=\"col-gmd1a9ef\" class=\"wp-block-gutentor-m4-col col-gmd1a9ef gutentor-single-column  grid-lg-3 grid-md-6 grid-12 mrgn-bttm-xl\"><div id=\"section-gmd1a9ef\" class=\"section-gmd1a9ef gutentor-col-wrap has-color-bg has-custom-bg\">\n<figure class=\"wp-block-image size-full image-fullwidth\"><img decoding=\"async\" loading=\"lazy\" width=\"3065\" height=\"3065\" src=\"\/wp-content\/uploads\/Foluke-min.jpg\" alt=\"\" class=\"wp-image-7859\"\/><\/figure>\n\n\n\n<h3 class=\"wp-block-heading mrgn-lft-md mrgn-rght-md mrgn-bttm-xl\">Foluke Laosebikan<br>&#8211;<\/h3>\n\n\n\n<div id=\"section-gfd2984\" class=\"wp-block-gutentor-e2 section-gfd2984 gutentor-element gutentor-element-button g-pos-a-desktop g-pos-a-tablet g-pos-a-mobile g-pos-custom-desktop g-pos-custom-tablet g-pos-custom-mobile\"><span class=\"gutentor-button-wrap\"><a class=\"gutentor-button gutentor-block-button gutentor-icon-after\" href=\"https:\/\/nsira-ossnr.gc.ca\/fr\/a-propos-de-lossnr\/qui-nous-sommes\/foluke-laosebikan\/\"><i class=\"gutentor-button-icon fas fa-arrow-right\"><\/i><span><\/span><\/a><\/span><\/div>\n<\/div><\/div>\n<\/div><\/div><\/section>\n\n\n\n<section id=\"gmed7f383\" class=\"wp-block-gutentor-m4 section-gmed7f383 gutentor-module gutentor-advanced-columns gutentor-equal-column-height\"><div class=\"grid-container\"><div class=\"grid-row\">\n<div id=\"col-gm349fbc\" class=\"wp-block-gutentor-m4-col col-gm349fbc gutentor-single-column  grid-lg-3 grid-md-6 grid-12 mrgn-bttm-xl\"><div id=\"section-gm349fbc\" class=\"section-gm349fbc gutentor-col-wrap has-color-bg has-custom-bg\">\n<figure class=\"wp-block-image size-full image-fullwidth\"><img decoding=\"async\" loading=\"lazy\" width=\"3071\" height=\"3071\" src=\"\/wp-content\/uploads\/Colleen-min.jpg\" alt=\"\" class=\"wp-image-7854\"\/><\/figure>\n\n\n\n<h3 class=\"wp-block-heading mrgn-lft-md mrgn-rght-md mrgn-bttm-xl\">Colleen Swords<br>&#8211;<\/h3>\n\n\n\n<div id=\"section-g697371\" class=\"wp-block-gutentor-e2 section-g697371 gutentor-element gutentor-element-button g-pos-a-desktop g-pos-a-tablet g-pos-a-mobile g-pos-custom-desktop g-pos-custom-tablet g-pos-custom-mobile\"><span class=\"gutentor-button-wrap\"><a class=\"gutentor-button gutentor-block-button gutentor-icon-after\" href=\"https:\/\/nsira-ossnr.gc.ca\/fr\/a-propos-de-lossnr\/qui-nous-sommes\/colleen-swords\/\"><i class=\"gutentor-button-icon fas fa-arrow-right\"><\/i><span><\/span><\/a><\/span><\/div>\n<\/div><\/div>\n\n\n\n<div id=\"col-gm2e6923\" class=\"wp-block-gutentor-m4-col col-gm2e6923 gutentor-single-column  grid-lg-3 grid-md-6 grid-12 mrgn-bttm-xl\"><div id=\"section-gm2e6923\" class=\"section-gm2e6923 gutentor-col-wrap has-color-bg has-custom-bg\">\n<figure class=\"wp-block-image size-full image-fullwidth\"><img decoding=\"async\" loading=\"lazy\" width=\"2979\" height=\"2979\" src=\"\/wp-content\/uploads\/Jim-min.jpg\" alt=\"\" class=\"wp-image-7856\"\/><\/figure>\n\n\n\n<h3 class=\"wp-block-heading mrgn-lft-md mrgn-rght-md mrgn-bttm-xl\">Jim Chu<br>&#8211;<\/h3>\n\n\n\n<div id=\"section-g17069e\" class=\"wp-block-gutentor-e2 section-g17069e gutentor-element gutentor-element-button g-pos-a-desktop g-pos-a-tablet g-pos-a-mobile g-pos-custom-desktop g-pos-custom-tablet g-pos-custom-mobile\"><span class=\"gutentor-button-wrap\"><a class=\"gutentor-button gutentor-block-button gutentor-icon-after\" href=\"https:\/\/nsira-ossnr.gc.ca\/fr\/a-propos-de-lossnr\/qui-nous-sommes\/jim-chu\/\"><i class=\"gutentor-button-icon fas fa-arrow-right\"><\/i><span><\/span><\/a><\/span><\/div>\n<\/div><\/div>\n\n\n\n<div id=\"col-gm16b140\" class=\"wp-block-gutentor-m4-col col-gm16b140 gutentor-single-column  grid-lg-3 grid-md-6 grid-12 mrgn-bttm-xl\"><div id=\"section-gm16b140\" class=\"section-gm16b140 gutentor-col-wrap has-color-bg has-custom-bg\"><\/div><\/div>\n\n\n\n<div id=\"col-gm3a5e15\" class=\"wp-block-gutentor-m4-col col-gm3a5e15 gutentor-single-column  grid-lg-3 grid-md-6 grid-12 mrgn-bttm-xl\"><div id=\"section-gm3a5e15\" class=\"section-gm3a5e15 gutentor-col-wrap has-color-bg has-custom-bg\"><\/div><\/div>\n<\/div><\/div><\/section>\n<\/div><\/div>\n<\/div><\/div><\/section>","protected":false},"excerpt":{"rendered":"","protected":false},"author":1,"featured_media":0,"parent":1205,"menu_order":9,"comment_status":"closed","ping_status":"closed","template":"template-nsira-subpages.php","meta":{"inline_featured_image":false},"categories":[24],"tags":[],"yoast_head":"<!-- This site is optimized with the Yoast SEO plugin v20.9 - https:\/\/yoast.com\/wordpress\/plugins\/seo\/ -->\n<title>Faisal Mirza - National Security and Intelligence Review Agency<\/title>\n<meta name=\"robots\" content=\"index, follow, max-snippet:-1, max-image-preview:large, max-video-preview:-1\" \/>\n<link rel=\"canonical\" href=\"https:\/\/nsira-ossnr.gc.ca\/fr\/a-propos-de-lossnr\/qui-nous-sommes\/faisal-mirza\/\" \/>\n<meta property=\"og:locale\" content=\"fr_CA\" \/>\n<meta property=\"og:type\" content=\"article\" \/>\n<meta property=\"og:title\" content=\"Faisal Mirza - National Security and Intelligence Review Agency\" \/>\n<meta property=\"og:url\" content=\"https:\/\/nsira-ossnr.gc.ca\/fr\/a-propos-de-lossnr\/qui-nous-sommes\/faisal-mirza\/\" \/>\n<meta property=\"og:site_name\" content=\"National Security and Intelligence Review Agency\" \/>\n<meta property=\"article:modified_time\" content=\"2026-03-17T15:22:38+00:00\" \/>\n<meta property=\"og:image\" content=\"https:\/\/nsira-ossnr.gc.ca\/wp-content\/uploads\/coming_soon_EN.jpg\" \/>\n<meta name=\"twitter:card\" content=\"summary_large_image\" \/>\n<meta name=\"twitter:label1\" content=\"Estimation du temps de lecture\" \/>\n\t<meta name=\"twitter:data1\" content=\"3 minutes\" \/>\n<script type=\"application\/ld+json\" class=\"yoast-schema-graph\">{\"@context\":\"https:\/\/schema.org\",\"@graph\":[{\"@type\":\"WebPage\",\"@id\":\"https:\/\/nsira-ossnr.gc.ca\/about-nsira\/who-we-are\/faisal-mirza\/\",\"url\":\"https:\/\/nsira-ossnr.gc.ca\/about-nsira\/who-we-are\/faisal-mirza\/\",\"name\":\"Faisal Mirza - National Security and Intelligence Review Agency\",\"isPartOf\":{\"@id\":\"https:\/\/nsira-ossnr.gc.ca\/#website\"},\"datePublished\":\"2023-04-19T13:44:23+00:00\",\"dateModified\":\"2026-03-17T15:22:38+00:00\",\"breadcrumb\":{\"@id\":\"https:\/\/nsira-ossnr.gc.ca\/about-nsira\/who-we-are\/faisal-mirza\/#breadcrumb\"},\"inLanguage\":\"fr-CA\",\"potentialAction\":[{\"@type\":\"ReadAction\",\"target\":[\"https:\/\/nsira-ossnr.gc.ca\/about-nsira\/who-we-are\/faisal-mirza\/\"]}]},{\"@type\":\"BreadcrumbList\",\"@id\":\"https:\/\/nsira-ossnr.gc.ca\/about-nsira\/who-we-are\/faisal-mirza\/#breadcrumb\",\"itemListElement\":[{\"@type\":\"ListItem\",\"position\":1,\"name\":\"About NSIRA\",\"item\":\"\/about-nsira\/\"},{\"@type\":\"ListItem\",\"position\":2,\"name\":\"Who we are\",\"item\":\"\/about-nsira\/who-we-are\/\"},{\"@type\":\"ListItem\",\"position\":3,\"name\":\"Faisal Mirza\"}]},{\"@type\":\"WebSite\",\"@id\":\"https:\/\/nsira-ossnr.gc.ca\/#website\",\"url\":\"https:\/\/nsira-ossnr.gc.ca\/\",\"name\":\"National Security and Intelligence Review Agency\",\"description\":\"Official Website\",\"potentialAction\":[{\"@type\":\"SearchAction\",\"target\":{\"@type\":\"EntryPoint\",\"urlTemplate\":\"https:\/\/nsira-ossnr.gc.ca\/?s={search_term_string}\"},\"query-input\":\"required name=search_term_string\"}],\"inLanguage\":\"fr-CA\"}]}<\/script>\n<!-- \/ Yoast SEO plugin. -->","yoast_head_json":{"title":"Faisal Mirza - National Security and Intelligence Review Agency","robots":{"index":"index","follow":"follow","max-snippet":"max-snippet:-1","max-image-preview":"max-image-preview:large","max-video-preview":"max-video-preview:-1"},"canonical":"https:\/\/nsira-ossnr.gc.ca\/fr\/a-propos-de-lossnr\/qui-nous-sommes\/faisal-mirza\/","og_locale":"fr_CA","og_type":"article","og_title":"Faisal Mirza - National Security and Intelligence Review Agency","og_url":"https:\/\/nsira-ossnr.gc.ca\/fr\/a-propos-de-lossnr\/qui-nous-sommes\/faisal-mirza\/","og_site_name":"National Security and Intelligence Review Agency","article_modified_time":"2026-03-17T15:22:38+00:00","og_image":[{"url":"https:\/\/nsira-ossnr.gc.ca\/wp-content\/uploads\/coming_soon_EN.jpg"}],"twitter_card":"summary_large_image","twitter_misc":{"Estimation du temps de lecture":"3 minutes"},"schema":{"@context":"https:\/\/schema.org","@graph":[{"@type":"WebPage","@id":"https:\/\/nsira-ossnr.gc.ca\/about-nsira\/who-we-are\/faisal-mirza\/","url":"https:\/\/nsira-ossnr.gc.ca\/about-nsira\/who-we-are\/faisal-mirza\/","name":"Faisal Mirza - National Security and Intelligence Review Agency","isPartOf":{"@id":"https:\/\/nsira-ossnr.gc.ca\/#website"},"datePublished":"2023-04-19T13:44:23+00:00","dateModified":"2026-03-17T15:22:38+00:00","breadcrumb":{"@id":"https:\/\/nsira-ossnr.gc.ca\/about-nsira\/who-we-are\/faisal-mirza\/#breadcrumb"},"inLanguage":"fr-CA","potentialAction":[{"@type":"ReadAction","target":["https:\/\/nsira-ossnr.gc.ca\/about-nsira\/who-we-are\/faisal-mirza\/"]}]},{"@type":"BreadcrumbList","@id":"https:\/\/nsira-ossnr.gc.ca\/about-nsira\/who-we-are\/faisal-mirza\/#breadcrumb","itemListElement":[{"@type":"ListItem","position":1,"name":"About NSIRA","item":"\/about-nsira\/"},{"@type":"ListItem","position":2,"name":"Who we are","item":"\/about-nsira\/who-we-are\/"},{"@type":"ListItem","position":3,"name":"Faisal Mirza"}]},{"@type":"WebSite","@id":"https:\/\/nsira-ossnr.gc.ca\/#website","url":"https:\/\/nsira-ossnr.gc.ca\/","name":"National Security and Intelligence Review Agency","description":"Official Website","potentialAction":[{"@type":"SearchAction","target":{"@type":"EntryPoint","urlTemplate":"https:\/\/nsira-ossnr.gc.ca\/?s={search_term_string}"},"query-input":"required name=search_term_string"}],"inLanguage":"fr-CA"}]}},"_links":{"self":[{"href":"https:\/\/nsira-ossnr.gc.ca\/fr\/wp-json\/wp\/v2\/pages\/4559"}],"collection":[{"href":"https:\/\/nsira-ossnr.gc.ca\/fr\/wp-json\/wp\/v2\/pages"}],"about":[{"href":"https:\/\/nsira-ossnr.gc.ca\/fr\/wp-json\/wp\/v2\/types\/page"}],"author":[{"embeddable":true,"href":"https:\/\/nsira-ossnr.gc.ca\/fr\/wp-json\/wp\/v2\/users\/1"}],"replies":[{"embeddable":true,"href":"https:\/\/nsira-ossnr.gc.ca\/fr\/wp-json\/wp\/v2\/comments?post=4559"}],"version-history":[{"count":4,"href":"https:\/\/nsira-ossnr.gc.ca\/fr\/wp-json\/wp\/v2\/pages\/4559\/revisions"}],"predecessor-version":[{"id":15597,"href":"https:\/\/nsira-ossnr.gc.ca\/fr\/wp-json\/wp\/v2\/pages\/4559\/revisions\/15597"}],"up":[{"embeddable":true,"href":"https:\/\/nsira-ossnr.gc.ca\/fr\/wp-json\/wp\/v2\/pages\/1205"}],"wp:attachment":[{"href":"https:\/\/nsira-ossnr.gc.ca\/fr\/wp-json\/wp\/v2\/media?parent=4559"}],"wp:term":[{"taxonomy":"category","embeddable":true,"href":"https:\/\/nsira-ossnr.gc.ca\/fr\/wp-json\/wp\/v2\/categories?post=4559"},{"taxonomy":"post_tag","embeddable":true,"href":"https:\/\/nsira-ossnr.gc.ca\/fr\/wp-json\/wp\/v2\/tags?post=4559"}],"curies":[{"name":"wp","href":"https:\/\/api.w.org\/{rel}","templated":true}]}}