{"id":4548,"date":"2023-04-19T09:41:48","date_gmt":"2023-04-19T13:41:54","guid":{"rendered":"https:\/\/nsirademosite.mbeaudry.ca\/about-nsira\/who-we-are\/marie-deschamps-3\/"},"modified":"2026-03-17T11:21:16","modified_gmt":"2026-03-17T15:21:16","slug":"ian-holloway","status":"publish","type":"page","link":"https:\/\/nsira-ossnr.gc.ca\/fr\/a-propos-de-lossnr\/qui-nous-sommes\/ian-holloway\/","title":{"rendered":"Ian Holloway"},"content":{"rendered":"<section id=\"gm0ad2b11\" class=\"wp-block-gutentor-m4 section-gm0ad2b11 gutentor-module gutentor-advanced-columns has-color-bg has-custom-bg\"><div class=\"grid-container\"><div class=\"grid-row\">\n<div id=\"col-gmb0bc58\" class=\"wp-block-gutentor-m4-col col-gmb0bc58 gutentor-single-column  grid-lg-4 grid-md-12 grid-12\"><div id=\"section-gmb0bc58\" class=\"section-gmb0bc58 gutentor-col-wrap\"><div class=\"wp-block-image\">\n<figure class=\"aligncenter size-full is-resized\"><img decoding=\"async\" loading=\"lazy\" src=\"\/wp-content\/uploads\/Ian_Holloway-300x300-1.png\" alt=\"\" class=\"wp-image-1970\" width=\"368\" height=\"368\" srcset=\"https:\/\/nsira-ossnr.gc.ca\/wp-content\/uploads\/Ian_Holloway-300x300-1.png 300w, https:\/\/nsira-ossnr.gc.ca\/wp-content\/uploads\/Ian_Holloway-300x300-1-150x150.png 150w, https:\/\/nsira-ossnr.gc.ca\/wp-content\/uploads\/Ian_Holloway-300x300-1-12x12.png 12w\" sizes=\"(max-width: 368px) 100vw, 368px\" \/><\/figure><\/div><\/div><\/div>\n\n\n\n<div id=\"col-gm520fe2\" class=\"wp-block-gutentor-m4-col col-gm520fe2 gutentor-single-column  grid-lg-8 grid-md-12 grid-12\"><div id=\"section-gm520fe2\" class=\"section-gm520fe2 gutentor-col-wrap\">\n<h2 class=\"wp-block-heading title-accent has-white-color has-text-color\">Ian Holloway<\/h2>\n\n\n\n<p class=\"has-white-color has-text-color\">L\u2019honorable Ian Holloway, Ph.D., C.P., C.D., c.r.<\/p>\n<\/div><\/div>\n<\/div><\/div><\/section>\n\n\n\n<section id=\"gmbeaf4da\" class=\"wp-block-gutentor-m4 section-gmbeaf4da gutentor-module gutentor-advanced-columns mrgn-tp-xl mrgn-bttm-xl\"><div class=\"grid-container\"><div class=\"grid-row\">\n<div id=\"col-gm015b99\" class=\"wp-block-gutentor-m4-col col-gm015b99 gutentor-single-column  grid-lg-6 grid-md-12 grid-12\"><div id=\"section-gm015b99\" class=\"section-gm015b99 gutentor-col-wrap\">\n<p>Ian Holloway a \u00e9t\u00e9 nomm\u00e9 le 30 janvier 2015 au Comit\u00e9 de surveillance des activit\u00e9s de renseignement de s\u00e9curit\u00e9 (CSARS).<\/p>\n\n\n\n<p>Ian Holloway (Ph. D.) est n\u00e9 \u00e0 Halifax, en Nouvelle-\u00c9cosse, et a grandi au Nouveau\u2011Brunswick. Il a obtenu un baccalaur\u00e9at \u00e8s sciences et un baccalaur\u00e9at en droit de l\u2019Universit\u00e9 Dalhousie, une ma\u00eetrise en droit de l\u2019Universit\u00e9 de la Californie \u00e0 Berkeley, et un doctorat de l\u2019Universit\u00e9 nationale de l\u2019Australie. Il a \u00e9galement termin\u00e9 le programme de cadres sup\u00e9rieurs de la Kellogg School of Management de l\u2019Universit\u00e9 Northwestern, ainsi que le programme Leadership 21 de la John F. Kennedy School of Government de l\u2019Universit\u00e9 Harvard.<\/p>\n\n\n\n<p>Avant d\u2019entreprendre sa carri\u00e8re universitaire, M. Holloway a travaill\u00e9 dans le cabinet d\u2019avocats priv\u00e9 McInnes Cooper, \u00e0 Halifax, o\u00f9 il se concentrait surtout sur le droit du travail et de l\u2019emploi. Il a \u00e9galement agi comme auxiliaire juridique du juge en chef de la Cour f\u00e9d\u00e9rale du Canada. M. Holloway a accompli un mandat \u00e0 titre de doyen associ\u00e9 de l\u2019Australian National University. Il a \u00e9t\u00e9 professeur de droit invit\u00e9 \u00e0 l\u2019Universit\u00e9 nationale de Singapour, et a \u00e9galement occup\u00e9 un poste \u00e0 l\u2019Universit\u00e9 Cambridge. Le mandat qu\u2019il a accompli comme doyen de la facult\u00e9 de droit de l\u2019Universit\u00e9 Western Ontario, de 2000 \u00e0 2011, a \u00e9t\u00e9 le plus long de l\u2019histoire de cet \u00e9tablissement. M. Holloway est actuellement doyen de la facult\u00e9 de droit de l\u2019Universit\u00e9 de Calgary, poste qu\u2019il occupe depuis 2011.<\/p>\n<\/div><\/div>\n\n\n\n<div id=\"col-gm44937d\" class=\"wp-block-gutentor-m4-col col-gm44937d gutentor-single-column  grid-lg-6 grid-md-12 grid-12\"><div id=\"section-gm44937d\" class=\"section-gm44937d gutentor-col-wrap\">\n<p>En outre, M. Holloway est premier ma\u00eetre \u00e0 la retraite de la Marine royale canadienne. Au total, il a servi durant 26 ans au sein de la Marine royale canadienne et de la Marine royale australienne. Il a publi\u00e9 deux livres, de nombreux chapitres de livres et de nombreux articles dans des revues de droit du Canada et du monde entier. Il a \u00e9galement publi\u00e9 un livre sur l\u2019histoire navale, en plus de 25 essais et autres textes dans diff\u00e9rents p\u00e9riodiques juridiques et non juridiques.<\/p>\n\n\n\n<p>Holloway est membre de la Nova Scotia Barristers' Society de Nouvelle-\u00c9cosse et du Barreau du Haut-Canada. En 2003, il a \u00e9t\u00e9 \u00e9lu membre de l'American Law Institute, un honneur que seuls quelques Canadiens d\u00e9tiennent. Il a \u00e9t\u00e9 nomm\u00e9 conseiller de la reine en 2005. Il est actuellement administrateur du Conseil d'admission des \u00e9coles de droit et membre du Conseil consultatif national de la Fondation NALP. M. Holloway est gouverneur de la division du sud de l'Alberta du Corps canadien des commissionnaires et a \u00e9t\u00e9 membre du Conseil consultatif du ministre du Patrimoine canadien sur la comm\u00e9moration de la guerre de 1812. Il a \u00e9galement \u00e9t\u00e9 chef de l'\u00e9quipe d'\u00e9ducation et de formation juridiques pour le projet Futures de l'Association du Barreau canadien. M. Holloway a re\u00e7u la D\u00e9coration des Forces canadiennes en 1989, la M\u00e9daille comm\u00e9morative du 125e anniversaire de la Conf\u00e9d\u00e9ration canadienne en 1992 et, en 2013, la M\u00e9daille du jubil\u00e9 de diamant de la Reine Elizabeth II.<\/p>\n<\/div><\/div>\n<\/div><\/div><\/section>\n\n\n\n<section id=\"gm23c85bf\" class=\"wp-block-gutentor-m4 section-gm23c85bf gutentor-module gutentor-advanced-columns has-color-bg has-custom-bg\"><div class=\"grid-container\"><div class=\"grid-row\">\n<div id=\"col-gm8d346f\" class=\"wp-block-gutentor-m4-col col-gm8d346f gutentor-single-column  grid-lg-12 grid-md-12 grid-12\"><div id=\"section-gm8d346f\" class=\"section-gm8d346f gutentor-col-wrap\">\n<hr class=\"wp-block-separator has-text-color has-very-light-gray-color has-alpha-channel-opacity has-very-light-gray-background-color has-background mrgn-bttm-lg\"\/>\n\n\n\n<h2 class=\"wp-block-heading has-text-align-center title-accent text-center mrgn-tp-0 mrgn-bttm-lg has-very-dark-gray-color has-text-color\">Membres actuels<\/h2>\n\n\n\n<section id=\"gm7591a65\" class=\"wp-block-gutentor-m4 section-gm7591a65 gutentor-module gutentor-advanced-columns gutentor-equal-column-height mrgn-tp-2\"><div class=\"grid-container\"><div class=\"grid-row\">\n<div id=\"col-gma1aad8\" class=\"wp-block-gutentor-m4-col col-gma1aad8 gutentor-single-column  grid-lg-3 grid-md-6 grid-12 mrgn-bttm-xl\"><div id=\"section-gma1aad8\" class=\"section-gma1aad8 gutentor-col-wrap has-color-bg has-custom-bg\">\n<figure class=\"wp-block-image size-full image-fullwidth\"><img decoding=\"async\" loading=\"lazy\" width=\"3069\" height=\"3069\" src=\"\/wp-content\/uploads\/MarieD-min.jpg\" alt=\"\" class=\"wp-image-7851\"\/><\/figure>\n\n\n\n<h3 class=\"wp-block-heading mrgn-lft-md mrgn-rght-md mrgn-bttm-xl\">Marie Deschamps<br>(Pr\u00e9sidente)<\/h3>\n\n\n\n<div id=\"section-g78c8ed\" class=\"wp-block-gutentor-e2 section-g78c8ed gutentor-element gutentor-element-button g-pos-a-desktop g-pos-a-tablet g-pos-a-mobile g-pos-custom-desktop g-pos-custom-tablet g-pos-custom-mobile\"><span class=\"gutentor-button-wrap\"><a class=\"gutentor-button gutentor-block-button gutentor-icon-after\" href=\"https:\/\/nsira-ossnr.gc.ca\/fr\/a-propos-de-lossnr\/qui-nous-sommes\/marie-deschamps\/\"><i class=\"gutentor-button-icon fas fa-arrow-right\"><\/i><span><\/span><\/a><\/span><\/div>\n<\/div><\/div>\n\n\n\n<div id=\"col-gmef70fa\" class=\"wp-block-gutentor-m4-col col-gmef70fa gutentor-single-column  grid-lg-3 grid-md-6 grid-12 mrgn-bttm-xl\"><div id=\"section-gmef70fa\" class=\"section-gmef70fa gutentor-col-wrap has-color-bg has-custom-bg\">\n<figure class=\"wp-block-image size-full image-fullwidth\"><img decoding=\"async\" loading=\"lazy\" width=\"3070\" height=\"3070\" src=\"\/wp-content\/uploads\/Craig-min.jpg\" alt=\"\" class=\"wp-image-7855\"\/><\/figure>\n\n\n\n<h3 class=\"wp-block-heading mrgn-lft-md mrgn-rght-md mrgn-bttm-xl\">Craig Forcese<br>(Vice-pr\u00e9sident)<\/h3>\n\n\n\n<div id=\"section-g3698c2\" class=\"wp-block-gutentor-e2 section-g3698c2 gutentor-element gutentor-element-button g-pos-a-desktop g-pos-a-tablet g-pos-a-mobile g-pos-custom-desktop g-pos-custom-tablet g-pos-custom-mobile\"><span class=\"gutentor-button-wrap\"><a class=\"gutentor-button gutentor-block-button gutentor-icon-after\" href=\"https:\/\/nsira-ossnr.gc.ca\/fr\/a-propos-de-lossnr\/qui-nous-sommes\/craig-forcese\/\"><i class=\"gutentor-button-icon fas fa-arrow-right\"><\/i><span><\/span><\/a><\/span><\/div>\n<\/div><\/div>\n\n\n\n<div id=\"col-gmf3acba\" class=\"wp-block-gutentor-m4-col col-gmf3acba gutentor-single-column  grid-lg-3 grid-md-6 grid-12 mrgn-bttm-xl\"><div id=\"section-gmf3acba\" class=\"section-gmf3acba gutentor-col-wrap has-color-bg has-custom-bg\">\n<figure class=\"wp-block-image size-full image-fullwidth\"><img decoding=\"async\" src=\"https:\/\/nsira-ossnr.gc.ca\/wp-content\/uploads\/coming_soon_EN.jpg\" alt=\"\" class=\"wp-image-13740\"\/><\/figure>\n\n\n\n<h3 class=\"wp-block-heading mrgn-lft-md mrgn-rght-md mrgn-bttm-xl\">Yves C\u00f4t\u00e9<br>&#8211;<\/h3>\n\n\n\n<div id=\"section-gc829ab\" class=\"wp-block-gutentor-e2 section-gc829ab gutentor-element gutentor-element-button g-pos-a-desktop g-pos-a-tablet g-pos-a-mobile g-pos-custom-desktop g-pos-custom-tablet g-pos-custom-mobile\"><span class=\"gutentor-button-wrap\"><a class=\"gutentor-button gutentor-block-button gutentor-icon-after\" href=\"https:\/\/nsira-ossnr.gc.ca\/fr\/a-propos-de-lossnr\/qui-nous-sommes\/yves-cote\/\"><i class=\"gutentor-button-icon fas fa-arrow-right\"><\/i><span><\/span><\/a><\/span><\/div>\n<\/div><\/div>\n\n\n\n<div id=\"col-gm94b8b7\" class=\"wp-block-gutentor-m4-col col-gm94b8b7 gutentor-single-column  grid-lg-3 grid-md-6 grid-12 mrgn-bttm-xl\"><div id=\"section-gm94b8b7\" class=\"section-gm94b8b7 gutentor-col-wrap has-color-bg has-custom-bg\">\n<figure class=\"wp-block-image size-full image-fullwidth\"><img decoding=\"async\" loading=\"lazy\" width=\"3065\" height=\"3065\" src=\"\/wp-content\/uploads\/Foluke-min.jpg\" alt=\"\" class=\"wp-image-7859\"\/><\/figure>\n\n\n\n<h3 class=\"wp-block-heading mrgn-lft-md mrgn-rght-md mrgn-bttm-xl\">Foluke Laosebikan<br>&#8211;<\/h3>\n\n\n\n<div id=\"section-gc720f7\" class=\"wp-block-gutentor-e2 section-gc720f7 gutentor-element gutentor-element-button g-pos-a-desktop g-pos-a-tablet g-pos-a-mobile g-pos-custom-desktop g-pos-custom-tablet g-pos-custom-mobile\"><span class=\"gutentor-button-wrap\"><a class=\"gutentor-button gutentor-block-button gutentor-icon-after\" href=\"https:\/\/nsira-ossnr.gc.ca\/fr\/a-propos-de-lossnr\/qui-nous-sommes\/foluke-laosebikan\/\"><i class=\"gutentor-button-icon fas fa-arrow-right\"><\/i><span><\/span><\/a><\/span><\/div>\n<\/div><\/div>\n<\/div><\/div><\/section>\n\n\n\n<section id=\"gm3bd357b\" class=\"wp-block-gutentor-m4 section-gm3bd357b gutentor-module gutentor-advanced-columns gutentor-equal-column-height\"><div class=\"grid-container\"><div class=\"grid-row\">\n<div id=\"col-gm49601a\" class=\"wp-block-gutentor-m4-col col-gm49601a gutentor-single-column  grid-lg-3 grid-md-6 grid-12 mrgn-bttm-xl\"><div id=\"section-gm49601a\" class=\"section-gm49601a gutentor-col-wrap has-color-bg has-custom-bg\">\n<figure class=\"wp-block-image size-full image-fullwidth\"><img decoding=\"async\" loading=\"lazy\" width=\"3071\" height=\"3071\" src=\"\/wp-content\/uploads\/Colleen-min.jpg\" alt=\"\" class=\"wp-image-7854\"\/><\/figure>\n\n\n\n<h3 class=\"wp-block-heading mrgn-lft-md mrgn-rght-md mrgn-bttm-xl\">Colleen Swords<br>&#8211;<\/h3>\n\n\n\n<div id=\"section-g6e8273\" class=\"wp-block-gutentor-e2 section-g6e8273 gutentor-element gutentor-element-button g-pos-a-desktop g-pos-a-tablet g-pos-a-mobile g-pos-custom-desktop g-pos-custom-tablet g-pos-custom-mobile\"><span class=\"gutentor-button-wrap\"><a class=\"gutentor-button gutentor-block-button gutentor-icon-after\" href=\"https:\/\/nsira-ossnr.gc.ca\/fr\/a-propos-de-lossnr\/qui-nous-sommes\/colleen-swords\/\"><i class=\"gutentor-button-icon fas fa-arrow-right\"><\/i><span><\/span><\/a><\/span><\/div>\n<\/div><\/div>\n\n\n\n<div id=\"col-gmd1f6e4\" class=\"wp-block-gutentor-m4-col col-gmd1f6e4 gutentor-single-column  grid-lg-3 grid-md-6 grid-12 mrgn-bttm-xl\"><div id=\"section-gmd1f6e4\" class=\"section-gmd1f6e4 gutentor-col-wrap has-color-bg has-custom-bg\">\n<figure class=\"wp-block-image size-full image-fullwidth\"><img decoding=\"async\" loading=\"lazy\" width=\"2979\" height=\"2979\" src=\"\/wp-content\/uploads\/Jim-min.jpg\" alt=\"\" class=\"wp-image-7856\"\/><\/figure>\n\n\n\n<h3 class=\"wp-block-heading mrgn-lft-md mrgn-rght-md mrgn-bttm-xl\">Jim Chu<br>&#8211;<\/h3>\n\n\n\n<div id=\"section-g073a4b\" class=\"wp-block-gutentor-e2 section-g073a4b gutentor-element gutentor-element-button g-pos-a-desktop g-pos-a-tablet g-pos-a-mobile g-pos-custom-desktop g-pos-custom-tablet g-pos-custom-mobile\"><span class=\"gutentor-button-wrap\"><a class=\"gutentor-button gutentor-block-button gutentor-icon-after\" href=\"https:\/\/nsira-ossnr.gc.ca\/fr\/a-propos-de-lossnr\/qui-nous-sommes\/jim-chu\/\"><i class=\"gutentor-button-icon fas fa-arrow-right\"><\/i><span><\/span><\/a><\/span><\/div>\n<\/div><\/div>\n\n\n\n<div id=\"col-gm399cf6\" class=\"wp-block-gutentor-m4-col col-gm399cf6 gutentor-single-column  grid-lg-3 grid-md-6 grid-12 mrgn-bttm-xl\"><div id=\"section-gm399cf6\" class=\"section-gm399cf6 gutentor-col-wrap has-color-bg has-custom-bg\"><\/div><\/div>\n\n\n\n<div id=\"col-gm2fe4a3\" class=\"wp-block-gutentor-m4-col col-gm2fe4a3 gutentor-single-column  grid-lg-3 grid-md-6 grid-12 mrgn-bttm-xl\"><div id=\"section-gm2fe4a3\" class=\"section-gm2fe4a3 gutentor-col-wrap has-color-bg has-custom-bg\"><\/div><\/div>\n<\/div><\/div><\/section>\n<\/div><\/div>\n<\/div><\/div><\/section>","protected":false},"excerpt":{"rendered":"","protected":false},"author":1,"featured_media":0,"parent":1205,"menu_order":6,"comment_status":"closed","ping_status":"closed","template":"template-nsira-subpages.php","meta":{"inline_featured_image":false},"categories":[24],"tags":[],"yoast_head":"<!-- This site is optimized with the Yoast SEO plugin v20.9 - https:\/\/yoast.com\/wordpress\/plugins\/seo\/ -->\n<title>Ian Holloway - National Security and Intelligence Review Agency<\/title>\n<meta name=\"robots\" content=\"index, follow, max-snippet:-1, max-image-preview:large, max-video-preview:-1\" \/>\n<link rel=\"canonical\" href=\"https:\/\/nsira-ossnr.gc.ca\/fr\/a-propos-de-lossnr\/qui-nous-sommes\/ian-holloway\/\" \/>\n<meta property=\"og:locale\" content=\"fr_CA\" \/>\n<meta property=\"og:type\" content=\"article\" \/>\n<meta property=\"og:title\" content=\"Ian Holloway - National Security and Intelligence Review Agency\" \/>\n<meta property=\"og:url\" content=\"https:\/\/nsira-ossnr.gc.ca\/fr\/a-propos-de-lossnr\/qui-nous-sommes\/ian-holloway\/\" \/>\n<meta property=\"og:site_name\" content=\"National Security and Intelligence Review Agency\" \/>\n<meta property=\"article:modified_time\" content=\"2026-03-17T15:21:16+00:00\" \/>\n<meta property=\"og:image\" content=\"https:\/\/nsira-ossnr.gc.ca\/wp-content\/uploads\/coming_soon_EN.jpg\" \/>\n<meta name=\"twitter:card\" content=\"summary_large_image\" \/>\n<meta name=\"twitter:label1\" content=\"Estimation du temps de lecture\" \/>\n\t<meta name=\"twitter:data1\" content=\"4 minutes\" \/>\n<script type=\"application\/ld+json\" class=\"yoast-schema-graph\">{\"@context\":\"https:\/\/schema.org\",\"@graph\":[{\"@type\":\"WebPage\",\"@id\":\"https:\/\/nsira-ossnr.gc.ca\/about-nsira\/who-we-are\/ian-holloway\/\",\"url\":\"https:\/\/nsira-ossnr.gc.ca\/about-nsira\/who-we-are\/ian-holloway\/\",\"name\":\"Ian Holloway - National Security and Intelligence Review Agency\",\"isPartOf\":{\"@id\":\"https:\/\/nsira-ossnr.gc.ca\/#website\"},\"datePublished\":\"2023-04-19T13:41:54+00:00\",\"dateModified\":\"2026-03-17T15:21:16+00:00\",\"breadcrumb\":{\"@id\":\"https:\/\/nsira-ossnr.gc.ca\/about-nsira\/who-we-are\/ian-holloway\/#breadcrumb\"},\"inLanguage\":\"fr-CA\",\"potentialAction\":[{\"@type\":\"ReadAction\",\"target\":[\"https:\/\/nsira-ossnr.gc.ca\/about-nsira\/who-we-are\/ian-holloway\/\"]}]},{\"@type\":\"BreadcrumbList\",\"@id\":\"https:\/\/nsira-ossnr.gc.ca\/about-nsira\/who-we-are\/ian-holloway\/#breadcrumb\",\"itemListElement\":[{\"@type\":\"ListItem\",\"position\":1,\"name\":\"About NSIRA\",\"item\":\"\/about-nsira\/\"},{\"@type\":\"ListItem\",\"position\":2,\"name\":\"Who we are\",\"item\":\"\/about-nsira\/who-we-are\/\"},{\"@type\":\"ListItem\",\"position\":3,\"name\":\"Ian Holloway\"}]},{\"@type\":\"WebSite\",\"@id\":\"https:\/\/nsira-ossnr.gc.ca\/#website\",\"url\":\"https:\/\/nsira-ossnr.gc.ca\/\",\"name\":\"National Security and Intelligence Review Agency\",\"description\":\"Official Website\",\"potentialAction\":[{\"@type\":\"SearchAction\",\"target\":{\"@type\":\"EntryPoint\",\"urlTemplate\":\"https:\/\/nsira-ossnr.gc.ca\/?s={search_term_string}\"},\"query-input\":\"required name=search_term_string\"}],\"inLanguage\":\"fr-CA\"}]}<\/script>\n<!-- \/ Yoast SEO plugin. -->","yoast_head_json":{"title":"Ian Holloway - National Security and Intelligence Review Agency","robots":{"index":"index","follow":"follow","max-snippet":"max-snippet:-1","max-image-preview":"max-image-preview:large","max-video-preview":"max-video-preview:-1"},"canonical":"https:\/\/nsira-ossnr.gc.ca\/fr\/a-propos-de-lossnr\/qui-nous-sommes\/ian-holloway\/","og_locale":"fr_CA","og_type":"article","og_title":"Ian Holloway - National Security and Intelligence Review Agency","og_url":"https:\/\/nsira-ossnr.gc.ca\/fr\/a-propos-de-lossnr\/qui-nous-sommes\/ian-holloway\/","og_site_name":"National Security and Intelligence Review Agency","article_modified_time":"2026-03-17T15:21:16+00:00","og_image":[{"url":"https:\/\/nsira-ossnr.gc.ca\/wp-content\/uploads\/coming_soon_EN.jpg"}],"twitter_card":"summary_large_image","twitter_misc":{"Estimation du temps de lecture":"4 minutes"},"schema":{"@context":"https:\/\/schema.org","@graph":[{"@type":"WebPage","@id":"https:\/\/nsira-ossnr.gc.ca\/about-nsira\/who-we-are\/ian-holloway\/","url":"https:\/\/nsira-ossnr.gc.ca\/about-nsira\/who-we-are\/ian-holloway\/","name":"Ian Holloway - National Security and Intelligence Review Agency","isPartOf":{"@id":"https:\/\/nsira-ossnr.gc.ca\/#website"},"datePublished":"2023-04-19T13:41:54+00:00","dateModified":"2026-03-17T15:21:16+00:00","breadcrumb":{"@id":"https:\/\/nsira-ossnr.gc.ca\/about-nsira\/who-we-are\/ian-holloway\/#breadcrumb"},"inLanguage":"fr-CA","potentialAction":[{"@type":"ReadAction","target":["https:\/\/nsira-ossnr.gc.ca\/about-nsira\/who-we-are\/ian-holloway\/"]}]},{"@type":"BreadcrumbList","@id":"https:\/\/nsira-ossnr.gc.ca\/about-nsira\/who-we-are\/ian-holloway\/#breadcrumb","itemListElement":[{"@type":"ListItem","position":1,"name":"About NSIRA","item":"\/about-nsira\/"},{"@type":"ListItem","position":2,"name":"Who we are","item":"\/about-nsira\/who-we-are\/"},{"@type":"ListItem","position":3,"name":"Ian Holloway"}]},{"@type":"WebSite","@id":"https:\/\/nsira-ossnr.gc.ca\/#website","url":"https:\/\/nsira-ossnr.gc.ca\/","name":"National Security and Intelligence Review Agency","description":"Official Website","potentialAction":[{"@type":"SearchAction","target":{"@type":"EntryPoint","urlTemplate":"https:\/\/nsira-ossnr.gc.ca\/?s={search_term_string}"},"query-input":"required name=search_term_string"}],"inLanguage":"fr-CA"}]}},"_links":{"self":[{"href":"https:\/\/nsira-ossnr.gc.ca\/fr\/wp-json\/wp\/v2\/pages\/4548"}],"collection":[{"href":"https:\/\/nsira-ossnr.gc.ca\/fr\/wp-json\/wp\/v2\/pages"}],"about":[{"href":"https:\/\/nsira-ossnr.gc.ca\/fr\/wp-json\/wp\/v2\/types\/page"}],"author":[{"embeddable":true,"href":"https:\/\/nsira-ossnr.gc.ca\/fr\/wp-json\/wp\/v2\/users\/1"}],"replies":[{"embeddable":true,"href":"https:\/\/nsira-ossnr.gc.ca\/fr\/wp-json\/wp\/v2\/comments?post=4548"}],"version-history":[{"count":6,"href":"https:\/\/nsira-ossnr.gc.ca\/fr\/wp-json\/wp\/v2\/pages\/4548\/revisions"}],"predecessor-version":[{"id":15594,"href":"https:\/\/nsira-ossnr.gc.ca\/fr\/wp-json\/wp\/v2\/pages\/4548\/revisions\/15594"}],"up":[{"embeddable":true,"href":"https:\/\/nsira-ossnr.gc.ca\/fr\/wp-json\/wp\/v2\/pages\/1205"}],"wp:attachment":[{"href":"https:\/\/nsira-ossnr.gc.ca\/fr\/wp-json\/wp\/v2\/media?parent=4548"}],"wp:term":[{"taxonomy":"category","embeddable":true,"href":"https:\/\/nsira-ossnr.gc.ca\/fr\/wp-json\/wp\/v2\/categories?post=4548"},{"taxonomy":"post_tag","embeddable":true,"href":"https:\/\/nsira-ossnr.gc.ca\/fr\/wp-json\/wp\/v2\/tags?post=4548"}],"curies":[{"name":"wp","href":"https:\/\/api.w.org\/{rel}","templated":true}]}}