{"id":3055,"date":"2023-01-04T15:56:31","date_gmt":"2023-01-04T20:56:01","guid":{"rendered":"https:\/\/nsirademosite.mbeaudry.ca\/?page_id=3055"},"modified":"2026-03-19T12:42:00","modified_gmt":"2026-03-19T16:42:00","slug":"student-opportunities","status":"publish","type":"page","link":"https:\/\/nsira-ossnr.gc.ca\/fr\/secretariat\/carrieres\/opportunites-pour-les-etudiants\/","title":{"rendered":"Opportunit\u00e9s pour les \u00e9tudiants"},"content":{"rendered":"<section id=\"gmbc56062\" class=\"wp-block-gutentor-m4 section-gmbc56062 gutentor-module gutentor-advanced-columns\"><div class=\"grid-container\"><div class=\"grid-row\">\n<div id=\"col-gm57bdd3\" class=\"wp-block-gutentor-m4-col col-gm57bdd3 gutentor-single-column  grid-lg-12 grid-md-12 grid-12\"><div id=\"section-gm57bdd3\" class=\"section-gm57bdd3 gutentor-col-wrap\">\n<h1 class=\"wp-block-heading title-accent\">\u00c9tudiants<\/h1>\n<\/div><\/div>\n<\/div><\/div><\/section>\n\n\n\n<section id=\"gm139cdab\" class=\"wp-block-gutentor-m4 section-gm139cdab gutentor-module gutentor-advanced-columns\"><div class=\"grid-container\"><div class=\"grid-row\">\n<div id=\"col-gm8c4425\" class=\"wp-block-gutentor-m4-col col-gm8c4425 gutentor-single-column  grid-lg-12 grid-md-12 grid-12\"><div id=\"section-gm8c4425\" class=\"section-gm8c4425 gutentor-col-wrap\">\n<h2 class=\"wp-block-heading h3 mrgn-tp-0\">Programme \u00e9tudiant de l\u2019OSSNR <\/h2>\n\n\n\n<p class=\"translation-block\">Nos \u00e9tudiants font partie int\u00e9grante de notre succ\u00e8s, et nous nous effor\u00e7ons de les faire participer \u00e0 tous les aspects de l\u2019ex\u00e9cution de notre mandat. L\u2019OSSNR embauche des \u00e9tudiants d\u2019universit\u00e9s canadiennes par l\u2019entremise du <a href=\"https:\/\/www.canada.ca\/fr\/commission-fonction-publique\/emplois\/services\/recrutement\/etudiants\/programme-federal-experience-travail-etudiant.html\">Programme f\u00e9d\u00e9ral d\u2019exp\u00e9rience de travail \u00e9tudiant du gouvernement du Canada<\/a> et des <a href=\"https:\/\/www.canada.ca\/fr\/commission-fonction-publique\/emplois\/services\/recrutement\/etudiants\/coop.html\">programmes d\u2019enseignement coop\u00e9ratif des \u00e9tablissements d\u2019enseignement<\/a>. En g\u00e9n\u00e9ral, le processus de recrutement des \u00e9tudiants commence environ 8 mois avant leur entr\u00e9e en fonction, ce qui laisse suffisamment de temps pour l\u2019obtention de la cote de s\u00e9curit\u00e9 de niveau tr\u00e8s secret. Certains emplois \u00e9tudiants peuvent n\u00e9cessiter une cote de s\u00e9curit\u00e9 moins \u00e9lev\u00e9e et \u00eatre situ\u00e9s \u00e0 l\u2019ext\u00e9rieur de la r\u00e9gion de la capitale nationale.&nbsp;<\/p>\n\n\n\n<p>Nous nous int\u00e9ressons principalement aux programmes d\u2019\u00e9tudes et aux sp\u00e9cialisations qui s\u2019harmonisent au mandat d\u2019examen de l\u2019OSSNR, comme :<\/p>\n\n\n\n<ul>\n<li>les domaines li\u00e9s \u00e0 la s\u00e9curit\u00e9 nationale, au renseignement et \u00e0 la d\u00e9fense, et les programmes de sciences sociales comportant de la recherche;<\/li>\n\n\n\n<li>le droit \u2013 les possibilit\u00e9s de stage vous permettront d\u2019acqu\u00e9rir et de perfectionner les connaissances, les comp\u00e9tences et l\u2019exp\u00e9rience requise pour pratiquer le droit;<\/li>\n\n\n\n<li>les sp\u00e9cialisations en informatique, en g\u00e9nie informatique, en science des donn\u00e9es, en sciences de l\u2019information et en cybers\u00e9curit\u00e9;<\/li>\n\n\n\n<li>les sciences humaines centr\u00e9es sur la recherche (histoire, sciences politiques, etc.), les sciences humaines num\u00e9riques et les domaines interdisciplinaires dans lesquels la recherche joue un r\u00f4le important;<\/li>\n\n\n\n<li>les r\u00f4les administratifs (administration, ressources humaines et finance).<\/li>\n<\/ul>\n<\/div><\/div>\n<\/div><\/div><\/section>","protected":false},"excerpt":{"rendered":"","protected":false},"author":1,"featured_media":0,"parent":3053,"menu_order":2,"comment_status":"closed","ping_status":"closed","template":"template-nsira-subpages.php","meta":{"inline_featured_image":false},"categories":[24],"tags":[],"yoast_head":"<!-- This site is optimized with the Yoast SEO plugin v20.9 - https:\/\/yoast.com\/wordpress\/plugins\/seo\/ -->\n<title>Student Opportunities - National Security and Intelligence Review Agency<\/title>\n<meta name=\"robots\" content=\"index, follow, max-snippet:-1, max-image-preview:large, max-video-preview:-1\" \/>\n<link rel=\"canonical\" href=\"https:\/\/nsira-ossnr.gc.ca\/fr\/secretariat\/carrieres\/opportunites-pour-les-etudiants\/\" \/>\n<meta property=\"og:locale\" content=\"fr_CA\" \/>\n<meta property=\"og:type\" content=\"article\" \/>\n<meta property=\"og:title\" content=\"Student Opportunities - National Security and Intelligence Review Agency\" \/>\n<meta property=\"og:url\" content=\"https:\/\/nsira-ossnr.gc.ca\/fr\/secretariat\/carrieres\/opportunites-pour-les-etudiants\/\" \/>\n<meta property=\"og:site_name\" content=\"National Security and Intelligence Review Agency\" \/>\n<meta property=\"article:modified_time\" content=\"2026-03-19T16:42:00+00:00\" \/>\n<meta name=\"twitter:card\" content=\"summary_large_image\" \/>\n<meta name=\"twitter:label1\" content=\"Estimation du temps de lecture\" \/>\n\t<meta name=\"twitter:data1\" content=\"1 minute\" \/>\n<script type=\"application\/ld+json\" class=\"yoast-schema-graph\">{\"@context\":\"https:\/\/schema.org\",\"@graph\":[{\"@type\":\"WebPage\",\"@id\":\"https:\/\/nsira-ossnr.gc.ca\/secretariat\/careers\/student-opportunities\/\",\"url\":\"https:\/\/nsira-ossnr.gc.ca\/secretariat\/careers\/student-opportunities\/\",\"name\":\"Student Opportunities - National Security and Intelligence Review Agency\",\"isPartOf\":{\"@id\":\"https:\/\/nsira-ossnr.gc.ca\/#website\"},\"datePublished\":\"2023-01-04T20:56:01+00:00\",\"dateModified\":\"2026-03-19T16:42:00+00:00\",\"breadcrumb\":{\"@id\":\"https:\/\/nsira-ossnr.gc.ca\/secretariat\/careers\/student-opportunities\/#breadcrumb\"},\"inLanguage\":\"fr-CA\",\"potentialAction\":[{\"@type\":\"ReadAction\",\"target\":[\"https:\/\/nsira-ossnr.gc.ca\/secretariat\/careers\/student-opportunities\/\"]}]},{\"@type\":\"BreadcrumbList\",\"@id\":\"https:\/\/nsira-ossnr.gc.ca\/secretariat\/careers\/student-opportunities\/#breadcrumb\",\"itemListElement\":[{\"@type\":\"ListItem\",\"position\":1,\"name\":\"Secretariat\",\"item\":\"\/secretariat\/\"},{\"@type\":\"ListItem\",\"position\":2,\"name\":\"Careers\",\"item\":\"\/secretariat\/careers\/\"},{\"@type\":\"ListItem\",\"position\":3,\"name\":\"Student Opportunities\"}]},{\"@type\":\"WebSite\",\"@id\":\"https:\/\/nsira-ossnr.gc.ca\/#website\",\"url\":\"https:\/\/nsira-ossnr.gc.ca\/\",\"name\":\"National Security and Intelligence Review Agency\",\"description\":\"Official Website\",\"potentialAction\":[{\"@type\":\"SearchAction\",\"target\":{\"@type\":\"EntryPoint\",\"urlTemplate\":\"https:\/\/nsira-ossnr.gc.ca\/?s={search_term_string}\"},\"query-input\":\"required name=search_term_string\"}],\"inLanguage\":\"fr-CA\"}]}<\/script>\n<!-- \/ Yoast SEO plugin. -->","yoast_head_json":{"title":"Student Opportunities - National Security and Intelligence Review Agency","robots":{"index":"index","follow":"follow","max-snippet":"max-snippet:-1","max-image-preview":"max-image-preview:large","max-video-preview":"max-video-preview:-1"},"canonical":"https:\/\/nsira-ossnr.gc.ca\/fr\/secretariat\/carrieres\/opportunites-pour-les-etudiants\/","og_locale":"fr_CA","og_type":"article","og_title":"Student Opportunities - National Security and Intelligence Review Agency","og_url":"https:\/\/nsira-ossnr.gc.ca\/fr\/secretariat\/carrieres\/opportunites-pour-les-etudiants\/","og_site_name":"National Security and Intelligence Review Agency","article_modified_time":"2026-03-19T16:42:00+00:00","twitter_card":"summary_large_image","twitter_misc":{"Estimation du temps de lecture":"1 minute"},"schema":{"@context":"https:\/\/schema.org","@graph":[{"@type":"WebPage","@id":"https:\/\/nsira-ossnr.gc.ca\/secretariat\/careers\/student-opportunities\/","url":"https:\/\/nsira-ossnr.gc.ca\/secretariat\/careers\/student-opportunities\/","name":"Student Opportunities - National Security and Intelligence Review Agency","isPartOf":{"@id":"https:\/\/nsira-ossnr.gc.ca\/#website"},"datePublished":"2023-01-04T20:56:01+00:00","dateModified":"2026-03-19T16:42:00+00:00","breadcrumb":{"@id":"https:\/\/nsira-ossnr.gc.ca\/secretariat\/careers\/student-opportunities\/#breadcrumb"},"inLanguage":"fr-CA","potentialAction":[{"@type":"ReadAction","target":["https:\/\/nsira-ossnr.gc.ca\/secretariat\/careers\/student-opportunities\/"]}]},{"@type":"BreadcrumbList","@id":"https:\/\/nsira-ossnr.gc.ca\/secretariat\/careers\/student-opportunities\/#breadcrumb","itemListElement":[{"@type":"ListItem","position":1,"name":"Secretariat","item":"\/secretariat\/"},{"@type":"ListItem","position":2,"name":"Careers","item":"\/secretariat\/careers\/"},{"@type":"ListItem","position":3,"name":"Student Opportunities"}]},{"@type":"WebSite","@id":"https:\/\/nsira-ossnr.gc.ca\/#website","url":"https:\/\/nsira-ossnr.gc.ca\/","name":"National Security and Intelligence Review Agency","description":"Official Website","potentialAction":[{"@type":"SearchAction","target":{"@type":"EntryPoint","urlTemplate":"https:\/\/nsira-ossnr.gc.ca\/?s={search_term_string}"},"query-input":"required name=search_term_string"}],"inLanguage":"fr-CA"}]}},"_links":{"self":[{"href":"https:\/\/nsira-ossnr.gc.ca\/fr\/wp-json\/wp\/v2\/pages\/3055"}],"collection":[{"href":"https:\/\/nsira-ossnr.gc.ca\/fr\/wp-json\/wp\/v2\/pages"}],"about":[{"href":"https:\/\/nsira-ossnr.gc.ca\/fr\/wp-json\/wp\/v2\/types\/page"}],"author":[{"embeddable":true,"href":"https:\/\/nsira-ossnr.gc.ca\/fr\/wp-json\/wp\/v2\/users\/1"}],"replies":[{"embeddable":true,"href":"https:\/\/nsira-ossnr.gc.ca\/fr\/wp-json\/wp\/v2\/comments?post=3055"}],"version-history":[{"count":17,"href":"https:\/\/nsira-ossnr.gc.ca\/fr\/wp-json\/wp\/v2\/pages\/3055\/revisions"}],"predecessor-version":[{"id":16061,"href":"https:\/\/nsira-ossnr.gc.ca\/fr\/wp-json\/wp\/v2\/pages\/3055\/revisions\/16061"}],"up":[{"embeddable":true,"href":"https:\/\/nsira-ossnr.gc.ca\/fr\/wp-json\/wp\/v2\/pages\/3053"}],"wp:attachment":[{"href":"https:\/\/nsira-ossnr.gc.ca\/fr\/wp-json\/wp\/v2\/media?parent=3055"}],"wp:term":[{"taxonomy":"category","embeddable":true,"href":"https:\/\/nsira-ossnr.gc.ca\/fr\/wp-json\/wp\/v2\/categories?post=3055"},{"taxonomy":"post_tag","embeddable":true,"href":"https:\/\/nsira-ossnr.gc.ca\/fr\/wp-json\/wp\/v2\/tags?post=3055"}],"curies":[{"name":"wp","href":"https:\/\/api.w.org\/{rel}","templated":true}]}}