{"id":14591,"date":"2026-02-16T09:49:54","date_gmt":"2026-02-12T14:49:37","guid":{"rendered":"https:\/\/dev.nsira-ossnr.gc.ca\/00-00-2\/backgrounder-2\/"},"modified":"2026-02-16T14:21:38","modified_gmt":"2026-02-16T19:21:38","slug":"backgrounder","status":"publish","type":"page","link":"https:\/\/nsira-ossnr.gc.ca\/fr\/examens\/nos-examens\/24-06\/fiche-dinformation-2\/","title":{"rendered":"Review of the Passenger Protect Program and Secure Air Travel Act: Backgrounder"},"content":{"rendered":"<div id=\"hero-banner-post\" style=\"background: url(\/wp-content\/uploads\/Reviews-Banner-2.jpg); background-size: cover; background-position: center; border-style: solid; border-width: 0 0 10px 0; border-color: #eeeeee; padding: 50px 0;\">\n    <div class=\"grid-container\">\n        <div class=\"grid-row\">\n            <div id=\"col-gm55631e\" class=\"text-center wp-block-gutentor-m4-col col-gm55631e gutentor-single-column grid-lg-12 grid-md-12 grid-12 mrgn-tp-md mrgn-bttm-md\">\n                <div id=\"section-gm55631e\" class=\"section-gm55631e gutentor-col-wrap\">\n                    <!-- Page Title (Parent page title dynamically added) -->\n                    <h1 style=\"font-size: 2.25em; border:none;\" class=\"has-text-color has-white-color mrgn-tp-md wp-block-post-title\">\n                        Examen du Programme de protection des passagers et la Loi sur la s\u00fbret\u00e9 des d\u00e9placements a\u00e9riens                    <\/h1>\n\n                    <hr class=\"wp-block-separator has-text-color has-white-color has-alpha-channel-opacity has-white-background-color has-background\">\n\n                    <!-- Dynamically Display the Page Type (e.g., Notification Letter, Report, etc.) -->\n                                            <h2 class=\"has-text-color has-white-color\" style=\"font-size: 1.5em; margin-top: 20px;\">\n                            Fiche d&#039;information                        <\/h2>\n                    \n                    <!-- Here you could add other content like buttons or additional text if needed -->\n\n                <\/div>\n            <\/div>\n        <\/div>\n    <\/div>\n<\/div>\n\n\n<section id=\"gm54bd1bd\" class=\"wp-block-gutentor-m4 section-gm54bd1bd gutentor-module gutentor-advanced-columns has-color-bg has-custom-bg\"><div class=\"grid-container\"><div class=\"grid-row\">\n<div id=\"col-gma1a856\" class=\"wp-block-gutentor-m4-col col-gma1a856 gutentor-single-column  grid-lg-12 grid-md-12 grid-12\"><div id=\"section-gma1a856\" class=\"section-gma1a856 gutentor-col-wrap\">\n<p> <\/p>\n\n\n\n<p class=\" translation-block\">L\u2019Office de surveillance des activit\u00e9s en mati\u00e8re de s\u00e9curit\u00e9 nationale et de renseignement (OSSNR) a achev\u00e9 son examen du Programme de protection des passagers (PPP) \u2013 commun\u00e9ment appel\u00e9 \u00ab liste d\u2019interdiction de vol \u00bb \u2013 et de la fa\u00e7on dont il est administr\u00e9 au regard de la <em>Loi sur la s\u00fbret\u00e9 des d\u00e9placements a\u00e9riens<\/em> (LSDA). Supervis\u00e9 par le ministre de la S\u00e9curit\u00e9 publique, ce programme joue un r\u00f4le important en mati\u00e8re de s\u00e9curit\u00e9 nationale, mais il a aussi une incidence sur la capacit\u00e9 des gens \u00e0 se d\u00e9placer. L\u2019examen de l\u2019OSSNR a permis d\u2019analyser l\u2019ensemble du processus, depuis la proc\u00e9dure d\u2019inscription \u00e0 la liste jusqu\u2019\u00e0 l\u2019examen de cette liste (tous les 90 jours), sans oublier les mesures prises lorsque des personnes inscrites tentent de prendre un vol ou les proc\u00e9dures permettant de contester une inscription ou de se faire radier de la liste.<\/p>\n\n\n\n<h3 class=\"wp-block-heading h4\">Importance de la question : assurer un \u00e9quilibre entre la s\u00e9curit\u00e9 et les droits<\/h3>\n\n\n\n<p>Il est essentiel d\u2019examiner les rapports entre les mesures de s\u00e9curit\u00e9 et les droits de la personne. Certaines stipulations du Programme de protection des passagers peuvent emp\u00eacher les gens de voyager par avion. Par cons\u00e9quent, un manque de clart\u00e9 ou d\u2019uniformit\u00e9 peut donner lieu \u00e0 des traitements injustes. Il est donc essentiel qu\u2019un programme fonctionne de mani\u00e8re efficace, si l\u2019on souhaite que le public ait confiance dans les mesures de protection de la s\u00e9curit\u00e9 nationale et des libert\u00e9s individuelles.<\/p>\n\n\n\n<h3 class=\"wp-block-heading\" id=\"h4\">Constatations de l\u2019OSSNR : ce qui fonctionne et ce qui doit \u00eatre am\u00e9lior\u00e9<\/h3>\n\n\n\n<p>L\u2019OSSNR a constat\u00e9 que les r\u00e9centes am\u00e9liorations apport\u00e9es au Programme de protection des passagers, notamment le filtrage centralis\u00e9 des passagers, avaient rendu le processus plus pr\u00e9cis, r\u00e9duit le nombre d\u2019erreurs et am\u00e9lior\u00e9 la s\u00e9curit\u00e9. S\u00e9curit\u00e9 publique Canada a \u00e9galement veill\u00e9 \u00e0 ce que les personnes dont le nom figure dans la liste ne soient pas injustement priv\u00e9es de voyager.<\/p>\n\n\n\n<p>Il n\u2019en demeure pas moins que certains aspects m\u00e9ritent qu\u2019on s\u2019y attarde :<\/p>\n\n\n\n<ul>\n<li><strong>D\u00e9cisions relatives aux inscriptions et documentation<\/strong><br>Toutes les personnes figurant sur la liste r\u00e9pondaient aux crit\u00e8res requis au moment de leur inscription, mais l\u2019OSSNR a relev\u00e9 des probl\u00e8mes dans la mani\u00e8re dont les d\u00e9cisions de maintien sur la liste avaient \u00e9t\u00e9 prises. Dans certains cas, les motifs n\u2019\u00e9taient pas enti\u00e8rement document\u00e9s, ce qui soul\u00e8ve des questions quant \u00e0 l\u2019\u00e9quit\u00e9 du processus. Certaines personnes ont \u00e9t\u00e9 maintenues sur la liste sans justification l\u00e9gitime.<\/li>\n\n\n\n<li><strong>Examens de 90 jours : respect des \u00e9ch\u00e9ances<\/strong><br>La loi exige que la liste soit examin\u00e9e tous les 90 jours. Or, l\u2019OSSNR a relev\u00e9 six cas o\u00f9 cet examen n\u2019avait pas \u00e9t\u00e9 fait \u00e0 temps.<\/li>\n\n\n\n<li><strong>Disparit\u00e9s entre les d\u00e9cisions prises \u00e0 l\u2019\u00e9chelle du programme<\/strong><br>L\u2019OSSNR a relev\u00e9 que des d\u00e9cisions prises au moment d\u2019inscrire des personnes \u00e0 la liste et de les y maintenir ne correspondaient pas toujours \u00e0 d\u2019autres d\u00e9cisions prises lorsque des personnes inscrites tentaient de prendre l\u2019avion ou de contester leur inscription. De fait, il n\u2019y a pas de syst\u00e8me qui permette d\u2019examiner les diff\u00e9rentes d\u00e9cisions et de s\u2019assurer qu\u2019elles sont coh\u00e9rentes. De plus, les minist\u00e8res ne disposent pas d\u2019orientations claires concernant les indicateurs de menace li\u00e9s \u00e0 la LSDA.<\/li>\n\n\n\n<li><strong>Coordination entre les minist\u00e8res et organismes<\/strong><br>S\u00e9curit\u00e9 publique Canada pourrait am\u00e9liorer ses modalit\u00e9s d\u2019encadrement ainsi que sa fonction de coordination interminist\u00e9rielle. Des cadres de travail d\u00e9suets et des r\u00f4les mal d\u00e9finis compromettent l\u2019efficacit\u00e9 du programme.<\/li>\n<\/ul>\n\n\n\n<h3 class=\"wp-block-heading\" id=\"h4\">Recommandations de l\u2019OSSNR : feuille de route pour l\u2019am\u00e9lioration du programme<\/h3>\n\n\n\n<p>Dans la foul\u00e9e de ses constatations, l\u2019OSSNR a formul\u00e9 dix recommandations visant \u00e0 assurer une approche plus raisonn\u00e9e, coordonn\u00e9e et \u00e9quitable pour la gestion du Programme de protection des passagers.<\/p>\n\n\n\n<h3 class=\"wp-block-heading\" id=\"h4\">Regard sur l\u2019avenir : favoriser l\u2019\u00e9quit\u00e9 et la responsabilisation<\/h3>\n\n\n\n<p>L\u2019examen met en lumi\u00e8re les progr\u00e8s r\u00e9alis\u00e9s dans le cadre du Programme de protection des passagers, y compris l\u2019am\u00e9lioration du filtrage et le renforcement de la protection des voyageurs. Toutefois, il cerne \u00e9galement les lacunes en mati\u00e8re de gouvernance, d\u2019uniformit\u00e9 et de surveillance, particuli\u00e8rement en ce qui a trait aux d\u00e9cisions de maintenir une inscription et aux r\u00e9percussions sur les voyageurs.<\/p>\n\n\n\n<p><\/p>\n<\/div><\/div>\n<\/div><\/div><\/section>","protected":false},"excerpt":{"rendered":"","protected":false},"author":1,"featured_media":2200,"parent":8654,"menu_order":3,"comment_status":"closed","ping_status":"closed","template":"template-nsira-subpages.php","meta":{"inline_featured_image":false},"categories":[19,24,28],"tags":[69,84,77,80,89,88,87,85,93,91],"yoast_head":"<!-- This site is optimized with the Yoast SEO plugin v20.9 - https:\/\/yoast.com\/wordpress\/plugins\/seo\/ -->\n<title>Review of the Passenger Protect Program and Secure Air Travel Act: Backgrounder - National Security and Intelligence Review Agency<\/title>\n<meta name=\"robots\" content=\"index, follow, max-snippet:-1, max-image-preview:large, max-video-preview:-1\" \/>\n<link rel=\"canonical\" href=\"https:\/\/nsira-ossnr.gc.ca\/fr\/examens\/nos-examens\/24-06\/fiche-dinformation-2\/\" \/>\n<meta property=\"og:locale\" content=\"fr_CA\" \/>\n<meta property=\"og:type\" content=\"article\" \/>\n<meta property=\"og:title\" content=\"Review of the Passenger Protect Program and Secure Air Travel Act: Backgrounder - National Security and Intelligence Review Agency\" \/>\n<meta property=\"og:url\" content=\"https:\/\/nsira-ossnr.gc.ca\/fr\/examens\/nos-examens\/24-06\/fiche-dinformation-2\/\" \/>\n<meta property=\"og:site_name\" content=\"National Security and Intelligence Review Agency\" \/>\n<meta property=\"article:modified_time\" content=\"2026-02-16T19:21:38+00:00\" \/>\n<meta property=\"og:image\" content=\"https:\/\/nsira-ossnr.gc.ca\/wp-content\/uploads\/NSIRA-AnnualReport-2021-featured-image.jpg\" \/>\n\t<meta property=\"og:image:width\" content=\"1000\" \/>\n\t<meta property=\"og:image:height\" content=\"1000\" \/>\n\t<meta property=\"og:image:type\" content=\"image\/jpeg\" \/>\n<meta name=\"twitter:card\" content=\"summary_large_image\" \/>\n<meta name=\"twitter:label1\" content=\"Estimation du temps de lecture\" \/>\n\t<meta name=\"twitter:data1\" content=\"2 minutes\" \/>\n<script type=\"application\/ld+json\" class=\"yoast-schema-graph\">{\"@context\":\"https:\/\/schema.org\",\"@graph\":[{\"@type\":\"WebPage\",\"@id\":\"https:\/\/nsira-ossnr.gc.ca\/reviews\/find-a-review\/24-06\/backgrounder\/\",\"url\":\"https:\/\/nsira-ossnr.gc.ca\/reviews\/find-a-review\/24-06\/backgrounder\/\",\"name\":\"Review of the Passenger Protect Program and Secure Air Travel Act: Backgrounder - National Security and Intelligence Review Agency\",\"isPartOf\":{\"@id\":\"https:\/\/nsira-ossnr.gc.ca\/#website\"},\"datePublished\":\"2026-02-12T14:49:37+00:00\",\"dateModified\":\"2026-02-16T19:21:38+00:00\",\"breadcrumb\":{\"@id\":\"https:\/\/nsira-ossnr.gc.ca\/reviews\/find-a-review\/24-06\/backgrounder\/#breadcrumb\"},\"inLanguage\":\"fr-CA\",\"potentialAction\":[{\"@type\":\"ReadAction\",\"target\":[\"https:\/\/nsira-ossnr.gc.ca\/reviews\/find-a-review\/24-06\/backgrounder\/\"]}]},{\"@type\":\"BreadcrumbList\",\"@id\":\"https:\/\/nsira-ossnr.gc.ca\/reviews\/find-a-review\/24-06\/backgrounder\/#breadcrumb\",\"itemListElement\":[{\"@type\":\"ListItem\",\"position\":1,\"name\":\"Reviews\",\"item\":\"\/reviews\/\"},{\"@type\":\"ListItem\",\"position\":2,\"name\":\"Find A Review\",\"item\":\"\/reviews\/find-a-review\/\"},{\"@type\":\"ListItem\",\"position\":3,\"name\":\"Review of the Passenger Protect Program and Secure Air Travel Act\",\"item\":\"\/reviews\/find-a-review\/24-06\/\"},{\"@type\":\"ListItem\",\"position\":4,\"name\":\"Review of the Passenger Protect Program and Secure Air Travel Act: Backgrounder\"}]},{\"@type\":\"WebSite\",\"@id\":\"https:\/\/nsira-ossnr.gc.ca\/#website\",\"url\":\"https:\/\/nsira-ossnr.gc.ca\/\",\"name\":\"National Security and Intelligence Review Agency\",\"description\":\"Official Website\",\"potentialAction\":[{\"@type\":\"SearchAction\",\"target\":{\"@type\":\"EntryPoint\",\"urlTemplate\":\"https:\/\/nsira-ossnr.gc.ca\/?s={search_term_string}\"},\"query-input\":\"required name=search_term_string\"}],\"inLanguage\":\"fr-CA\"}]}<\/script>\n<!-- \/ Yoast SEO plugin. -->","yoast_head_json":{"title":"Review of the Passenger Protect Program and Secure Air Travel Act: Backgrounder - National Security and Intelligence Review Agency","robots":{"index":"index","follow":"follow","max-snippet":"max-snippet:-1","max-image-preview":"max-image-preview:large","max-video-preview":"max-video-preview:-1"},"canonical":"https:\/\/nsira-ossnr.gc.ca\/fr\/examens\/nos-examens\/24-06\/fiche-dinformation-2\/","og_locale":"fr_CA","og_type":"article","og_title":"Review of the Passenger Protect Program and Secure Air Travel Act: Backgrounder - National Security and Intelligence Review Agency","og_url":"https:\/\/nsira-ossnr.gc.ca\/fr\/examens\/nos-examens\/24-06\/fiche-dinformation-2\/","og_site_name":"National Security and Intelligence Review Agency","article_modified_time":"2026-02-16T19:21:38+00:00","og_image":[{"width":1000,"height":1000,"url":"https:\/\/nsira-ossnr.gc.ca\/wp-content\/uploads\/NSIRA-AnnualReport-2021-featured-image.jpg","type":"image\/jpeg"}],"twitter_card":"summary_large_image","twitter_misc":{"Estimation du temps de lecture":"2 minutes"},"schema":{"@context":"https:\/\/schema.org","@graph":[{"@type":"WebPage","@id":"https:\/\/nsira-ossnr.gc.ca\/reviews\/find-a-review\/24-06\/backgrounder\/","url":"https:\/\/nsira-ossnr.gc.ca\/reviews\/find-a-review\/24-06\/backgrounder\/","name":"Review of the Passenger Protect Program and Secure Air Travel Act: Backgrounder - National Security and Intelligence Review Agency","isPartOf":{"@id":"https:\/\/nsira-ossnr.gc.ca\/#website"},"datePublished":"2026-02-12T14:49:37+00:00","dateModified":"2026-02-16T19:21:38+00:00","breadcrumb":{"@id":"https:\/\/nsira-ossnr.gc.ca\/reviews\/find-a-review\/24-06\/backgrounder\/#breadcrumb"},"inLanguage":"fr-CA","potentialAction":[{"@type":"ReadAction","target":["https:\/\/nsira-ossnr.gc.ca\/reviews\/find-a-review\/24-06\/backgrounder\/"]}]},{"@type":"BreadcrumbList","@id":"https:\/\/nsira-ossnr.gc.ca\/reviews\/find-a-review\/24-06\/backgrounder\/#breadcrumb","itemListElement":[{"@type":"ListItem","position":1,"name":"Reviews","item":"\/reviews\/"},{"@type":"ListItem","position":2,"name":"Find A Review","item":"\/reviews\/find-a-review\/"},{"@type":"ListItem","position":3,"name":"Review of the Passenger Protect Program and Secure Air Travel Act","item":"\/reviews\/find-a-review\/24-06\/"},{"@type":"ListItem","position":4,"name":"Review of the Passenger Protect Program and Secure Air Travel Act: Backgrounder"}]},{"@type":"WebSite","@id":"https:\/\/nsira-ossnr.gc.ca\/#website","url":"https:\/\/nsira-ossnr.gc.ca\/","name":"National Security and Intelligence Review Agency","description":"Official Website","potentialAction":[{"@type":"SearchAction","target":{"@type":"EntryPoint","urlTemplate":"https:\/\/nsira-ossnr.gc.ca\/?s={search_term_string}"},"query-input":"required name=search_term_string"}],"inLanguage":"fr-CA"}]}},"_links":{"self":[{"href":"https:\/\/nsira-ossnr.gc.ca\/fr\/wp-json\/wp\/v2\/pages\/14591"}],"collection":[{"href":"https:\/\/nsira-ossnr.gc.ca\/fr\/wp-json\/wp\/v2\/pages"}],"about":[{"href":"https:\/\/nsira-ossnr.gc.ca\/fr\/wp-json\/wp\/v2\/types\/page"}],"author":[{"embeddable":true,"href":"https:\/\/nsira-ossnr.gc.ca\/fr\/wp-json\/wp\/v2\/users\/1"}],"replies":[{"embeddable":true,"href":"https:\/\/nsira-ossnr.gc.ca\/fr\/wp-json\/wp\/v2\/comments?post=14591"}],"version-history":[{"count":19,"href":"https:\/\/nsira-ossnr.gc.ca\/fr\/wp-json\/wp\/v2\/pages\/14591\/revisions"}],"predecessor-version":[{"id":14769,"href":"https:\/\/nsira-ossnr.gc.ca\/fr\/wp-json\/wp\/v2\/pages\/14591\/revisions\/14769"}],"up":[{"embeddable":true,"href":"https:\/\/nsira-ossnr.gc.ca\/fr\/wp-json\/wp\/v2\/pages\/8654"}],"wp:featuredmedia":[{"embeddable":true,"href":"https:\/\/nsira-ossnr.gc.ca\/fr\/wp-json\/wp\/v2\/media\/2200"}],"wp:attachment":[{"href":"https:\/\/nsira-ossnr.gc.ca\/fr\/wp-json\/wp\/v2\/media?parent=14591"}],"wp:term":[{"taxonomy":"category","embeddable":true,"href":"https:\/\/nsira-ossnr.gc.ca\/fr\/wp-json\/wp\/v2\/categories?post=14591"},{"taxonomy":"post_tag","embeddable":true,"href":"https:\/\/nsira-ossnr.gc.ca\/fr\/wp-json\/wp\/v2\/tags?post=14591"}],"curies":[{"name":"wp","href":"https:\/\/api.w.org\/{rel}","templated":true}]}}