{"id":11090,"date":"2025-07-22T13:24:54","date_gmt":"2025-07-22T17:24:22","guid":{"rendered":"https:\/\/dev.nsira-ossnr.gc.ca\/review-template-2\/cancellation-letter\/"},"modified":"2025-07-22T14:34:35","modified_gmt":"2025-07-22T18:34:35","slug":"cancellation-letter","status":"publish","type":"page","link":"https:\/\/nsira-ossnr.gc.ca\/fr\/examens\/nos-examens\/23-15\/lettre-dannulation-2\/","title":{"rendered":"Review of Canadian Security Intelligence Service and the Royal Canadian Mounted Police\u2019s Threat Management of Ideologically Motivated Violent Extremism: Cancellation Letter"},"content":{"rendered":"<div id=\"hero-banner-post\" style=\"background: url(\/wp-content\/uploads\/Reviews-Banner-2.jpg); background-size: cover; background-position: center; border-style: solid; border-width: 0 0 10px 0; border-color: #eeeeee; padding: 50px 0;\">\n    <div class=\"grid-container\">\n        <div class=\"grid-row\">\n            <div id=\"col-gm55631e\" class=\"text-center wp-block-gutentor-m4-col col-gm55631e gutentor-single-column grid-lg-12 grid-md-12 grid-12 mrgn-tp-md mrgn-bttm-md\">\n                <div id=\"section-gm55631e\" class=\"section-gm55631e gutentor-col-wrap\">\n                    <!-- Page Title (Parent page title dynamically added) -->\n                    <h1 style=\"font-size: 2.25em; border:none;\" class=\"has-text-color has-white-color mrgn-tp-md wp-block-post-title\">\n                        L\u2019examen devant porter sur la gestion, par le SCRS et la GRC, de la menace d\u00e9coulant de l\u2019extr\u00e9misme violent \u00e0 caract\u00e8re id\u00e9ologique                    <\/h1>\n\n                    <hr class=\"wp-block-separator has-text-color has-white-color has-alpha-channel-opacity has-white-background-color has-background\">\n\n                    <!-- Dynamically Display the Page Type (e.g., Notification Letter, Report, etc.) -->\n                                            <h2 class=\"has-text-color has-white-color\" style=\"font-size: 1.5em; margin-top: 20px;\">\n                            Lettre d&#039;Annulation                        <\/h2>\n                    \n                    <!-- Here you could add other content like buttons or additional text if needed -->\n\n                <\/div>\n            <\/div>\n        <\/div>\n    <\/div>\n<\/div>\n\n\n<section id=\"gm50e2268\" class=\"wp-block-gutentor-m4 section-gm50e2268 gutentor-module gutentor-advanced-columns\"><div class=\"grid-container\"><div class=\"grid-row\">\n<div id=\"col-gm62c52a\" class=\"wp-block-gutentor-m4-col col-gm62c52a gutentor-single-column  grid-lg-12 grid-md-12 grid-12 content-body\"><div id=\"section-gm62c52a\" class=\"section-gm62c52a gutentor-col-wrap\">\n<p><strong>Date de soumission :<\/strong> 7 mars 2023<\/p>\n\n\n\n<p><strong>Date de publication en ligne :<\/strong> 22 juillet 2025<\/p>\n\n\n\n<p><strong>Objet :<\/strong> Avis d\u2019annulation de l\u2019examen de l\u2019OSSNR devant porter sur la gestion, par le SCRS et la GRC, de la menace d\u00e9coulant de l\u2019extr\u00e9misme violent \u00e0 caract\u00e8re id\u00e9ologique<\/p>\n\n\n\n<p>Madame la Commissaire,<\/p>\n\n\n\n<p>Je vous \u00e9cris au nom des membres de l\u2019Office de surveillance des activit\u00e9s en mati\u00e8re de s\u00e9curit\u00e9 nationale et de renseignement (OSSNR) pour vous informer de l\u2019annulation de l\u2019examen de l\u2019OSSNR devant porter sur la gestion, par le SCRS et la GRC, de la menace d\u00e9coulant de l\u2019extr\u00e9misme violent \u00e0 caract\u00e8re id\u00e9ologique (EVCI).<\/p>\n\n\n\n<p>Au terme de la phase de recherche pr\u00e9liminaire, l\u2019OSSNR a d\u00e9cid\u00e9 de clore cet examen. Si l\u2019OSSNR devait d\u00e9cider d\u2019examiner cette question \u00e0 l\u2019avenir, un nouveau processus \u2013 lequel comprendra une notification officielle \u2013 sera entam\u00e9.<\/p>\n\n\n\n<p>Je vous prie d\u2019agr\u00e9er l\u2019expression de ma tr\u00e8s haute consid\u00e9ration.<\/p>\n\n\n\n<p class=\" translation-block\">John Davies<br>\nDirecteur g\u00e9n\u00e9ral<br> \nOffice de surveillance des activit\u00e9s en mati\u00e8re de s\u00e9curit\u00e9 nationale et de renseignement<\/p>\n\n\n\n<p><\/p>\n\n\n\n<p><\/p>\n\n\n\n<p><\/p>\n<\/div><\/div>\n<\/div><\/div><\/section>\n\n\n\n<p><\/p>","protected":false},"excerpt":{"rendered":"","protected":false},"author":1,"featured_media":3255,"parent":11089,"menu_order":0,"comment_status":"closed","ping_status":"closed","template":"template-nsira-subpages.php","meta":{"inline_featured_image":false},"categories":[24],"tags":[],"yoast_head":"<!-- This site is optimized with the Yoast SEO plugin v20.9 - https:\/\/yoast.com\/wordpress\/plugins\/seo\/ -->\n<title>Review of Canadian Security Intelligence Service and the Royal Canadian Mounted Police\u2019s Threat Management of Ideologically Motivated Violent Extremism: Cancellation Letter - National Security and Intelligence Review Agency<\/title>\n<meta name=\"robots\" content=\"index, follow, max-snippet:-1, max-image-preview:large, max-video-preview:-1\" \/>\n<link rel=\"canonical\" href=\"https:\/\/nsira-ossnr.gc.ca\/fr\/examens\/nos-examens\/23-15\/lettre-dannulation-2\/\" \/>\n<meta property=\"og:locale\" content=\"fr_CA\" \/>\n<meta property=\"og:type\" content=\"article\" \/>\n<meta property=\"og:title\" content=\"Review of Canadian Security Intelligence Service and the Royal Canadian Mounted Police\u2019s Threat Management of Ideologically Motivated Violent Extremism: Cancellation Letter - National Security and Intelligence Review Agency\" \/>\n<meta property=\"og:url\" content=\"https:\/\/nsira-ossnr.gc.ca\/fr\/examens\/nos-examens\/23-15\/lettre-dannulation-2\/\" \/>\n<meta property=\"og:site_name\" content=\"National Security and Intelligence Review Agency\" \/>\n<meta property=\"article:modified_time\" content=\"2025-07-22T18:34:35+00:00\" \/>\n<meta property=\"og:image\" content=\"https:\/\/nsira-ossnr.gc.ca\/wp-content\/uploads\/Reviews-Featured-2.jpg\" \/>\n\t<meta property=\"og:image:width\" content=\"350\" \/>\n\t<meta property=\"og:image:height\" content=\"500\" \/>\n\t<meta property=\"og:image:type\" content=\"image\/jpeg\" \/>\n<meta name=\"twitter:card\" content=\"summary_large_image\" \/>\n<meta name=\"twitter:label1\" content=\"Estimation du temps de lecture\" \/>\n\t<meta name=\"twitter:data1\" content=\"1 minute\" \/>\n<script type=\"application\/ld+json\" class=\"yoast-schema-graph\">{\"@context\":\"https:\/\/schema.org\",\"@graph\":[{\"@type\":\"WebPage\",\"@id\":\"https:\/\/nsira-ossnr.gc.ca\/reviews\/find-a-review\/23-15\/cancellation-letter\/\",\"url\":\"https:\/\/nsira-ossnr.gc.ca\/reviews\/find-a-review\/23-15\/cancellation-letter\/\",\"name\":\"Review of Canadian Security Intelligence Service and the Royal Canadian Mounted Police\u2019s Threat Management of Ideologically Motivated Violent Extremism: Cancellation Letter - National Security and Intelligence Review Agency\",\"isPartOf\":{\"@id\":\"https:\/\/nsira-ossnr.gc.ca\/#website\"},\"datePublished\":\"2025-07-22T17:24:22+00:00\",\"dateModified\":\"2025-07-22T18:34:35+00:00\",\"breadcrumb\":{\"@id\":\"https:\/\/nsira-ossnr.gc.ca\/reviews\/find-a-review\/23-15\/cancellation-letter\/#breadcrumb\"},\"inLanguage\":\"fr-CA\",\"potentialAction\":[{\"@type\":\"ReadAction\",\"target\":[\"https:\/\/nsira-ossnr.gc.ca\/reviews\/find-a-review\/23-15\/cancellation-letter\/\"]}]},{\"@type\":\"BreadcrumbList\",\"@id\":\"https:\/\/nsira-ossnr.gc.ca\/reviews\/find-a-review\/23-15\/cancellation-letter\/#breadcrumb\",\"itemListElement\":[{\"@type\":\"ListItem\",\"position\":1,\"name\":\"Reviews\",\"item\":\"\/reviews\/\"},{\"@type\":\"ListItem\",\"position\":2,\"name\":\"Find A Review\",\"item\":\"\/reviews\/find-a-review\/\"},{\"@type\":\"ListItem\",\"position\":3,\"name\":\"Review of Canadian Security Intelligence Service and the Royal Canadian Mounted Police\u2019s Threat Management of Ideologically Motivated Violent Extremism\",\"item\":\"\/reviews\/find-a-review\/23-15\/\"},{\"@type\":\"ListItem\",\"position\":4,\"name\":\"Review of Canadian Security Intelligence Service and the Royal Canadian Mounted Police\u2019s Threat Management of Ideologically Motivated Violent Extremism: Cancellation Letter\"}]},{\"@type\":\"WebSite\",\"@id\":\"https:\/\/nsira-ossnr.gc.ca\/#website\",\"url\":\"https:\/\/nsira-ossnr.gc.ca\/\",\"name\":\"National Security and Intelligence Review Agency\",\"description\":\"Official Website\",\"potentialAction\":[{\"@type\":\"SearchAction\",\"target\":{\"@type\":\"EntryPoint\",\"urlTemplate\":\"https:\/\/nsira-ossnr.gc.ca\/?s={search_term_string}\"},\"query-input\":\"required name=search_term_string\"}],\"inLanguage\":\"fr-CA\"}]}<\/script>\n<!-- \/ Yoast SEO plugin. -->","yoast_head_json":{"title":"Review of Canadian Security Intelligence Service and the Royal Canadian Mounted Police\u2019s Threat Management of Ideologically Motivated Violent Extremism: Cancellation Letter - National Security and Intelligence Review Agency","robots":{"index":"index","follow":"follow","max-snippet":"max-snippet:-1","max-image-preview":"max-image-preview:large","max-video-preview":"max-video-preview:-1"},"canonical":"https:\/\/nsira-ossnr.gc.ca\/fr\/examens\/nos-examens\/23-15\/lettre-dannulation-2\/","og_locale":"fr_CA","og_type":"article","og_title":"Review of Canadian Security Intelligence Service and the Royal Canadian Mounted Police\u2019s Threat Management of Ideologically Motivated Violent Extremism: Cancellation Letter - National Security and Intelligence Review Agency","og_url":"https:\/\/nsira-ossnr.gc.ca\/fr\/examens\/nos-examens\/23-15\/lettre-dannulation-2\/","og_site_name":"National Security and Intelligence Review Agency","article_modified_time":"2025-07-22T18:34:35+00:00","og_image":[{"width":350,"height":500,"url":"https:\/\/nsira-ossnr.gc.ca\/wp-content\/uploads\/Reviews-Featured-2.jpg","type":"image\/jpeg"}],"twitter_card":"summary_large_image","twitter_misc":{"Estimation du temps de lecture":"1 minute"},"schema":{"@context":"https:\/\/schema.org","@graph":[{"@type":"WebPage","@id":"https:\/\/nsira-ossnr.gc.ca\/reviews\/find-a-review\/23-15\/cancellation-letter\/","url":"https:\/\/nsira-ossnr.gc.ca\/reviews\/find-a-review\/23-15\/cancellation-letter\/","name":"Review of Canadian Security Intelligence Service and the Royal Canadian Mounted Police\u2019s Threat Management of Ideologically Motivated Violent Extremism: Cancellation Letter - National Security and Intelligence Review Agency","isPartOf":{"@id":"https:\/\/nsira-ossnr.gc.ca\/#website"},"datePublished":"2025-07-22T17:24:22+00:00","dateModified":"2025-07-22T18:34:35+00:00","breadcrumb":{"@id":"https:\/\/nsira-ossnr.gc.ca\/reviews\/find-a-review\/23-15\/cancellation-letter\/#breadcrumb"},"inLanguage":"fr-CA","potentialAction":[{"@type":"ReadAction","target":["https:\/\/nsira-ossnr.gc.ca\/reviews\/find-a-review\/23-15\/cancellation-letter\/"]}]},{"@type":"BreadcrumbList","@id":"https:\/\/nsira-ossnr.gc.ca\/reviews\/find-a-review\/23-15\/cancellation-letter\/#breadcrumb","itemListElement":[{"@type":"ListItem","position":1,"name":"Reviews","item":"\/reviews\/"},{"@type":"ListItem","position":2,"name":"Find A Review","item":"\/reviews\/find-a-review\/"},{"@type":"ListItem","position":3,"name":"Review of Canadian Security Intelligence Service and the Royal Canadian Mounted Police\u2019s Threat Management of Ideologically Motivated Violent Extremism","item":"\/reviews\/find-a-review\/23-15\/"},{"@type":"ListItem","position":4,"name":"Review of Canadian Security Intelligence Service and the Royal Canadian Mounted Police\u2019s Threat Management of Ideologically Motivated Violent Extremism: Cancellation Letter"}]},{"@type":"WebSite","@id":"https:\/\/nsira-ossnr.gc.ca\/#website","url":"https:\/\/nsira-ossnr.gc.ca\/","name":"National Security and Intelligence Review Agency","description":"Official Website","potentialAction":[{"@type":"SearchAction","target":{"@type":"EntryPoint","urlTemplate":"https:\/\/nsira-ossnr.gc.ca\/?s={search_term_string}"},"query-input":"required name=search_term_string"}],"inLanguage":"fr-CA"}]}},"_links":{"self":[{"href":"https:\/\/nsira-ossnr.gc.ca\/fr\/wp-json\/wp\/v2\/pages\/11090"}],"collection":[{"href":"https:\/\/nsira-ossnr.gc.ca\/fr\/wp-json\/wp\/v2\/pages"}],"about":[{"href":"https:\/\/nsira-ossnr.gc.ca\/fr\/wp-json\/wp\/v2\/types\/page"}],"author":[{"embeddable":true,"href":"https:\/\/nsira-ossnr.gc.ca\/fr\/wp-json\/wp\/v2\/users\/1"}],"replies":[{"embeddable":true,"href":"https:\/\/nsira-ossnr.gc.ca\/fr\/wp-json\/wp\/v2\/comments?post=11090"}],"version-history":[{"count":5,"href":"https:\/\/nsira-ossnr.gc.ca\/fr\/wp-json\/wp\/v2\/pages\/11090\/revisions"}],"predecessor-version":[{"id":11107,"href":"https:\/\/nsira-ossnr.gc.ca\/fr\/wp-json\/wp\/v2\/pages\/11090\/revisions\/11107"}],"up":[{"embeddable":true,"href":"https:\/\/nsira-ossnr.gc.ca\/fr\/wp-json\/wp\/v2\/pages\/11089"}],"wp:featuredmedia":[{"embeddable":true,"href":"https:\/\/nsira-ossnr.gc.ca\/fr\/wp-json\/wp\/v2\/media\/3255"}],"wp:attachment":[{"href":"https:\/\/nsira-ossnr.gc.ca\/fr\/wp-json\/wp\/v2\/media?parent=11090"}],"wp:term":[{"taxonomy":"category","embeddable":true,"href":"https:\/\/nsira-ossnr.gc.ca\/fr\/wp-json\/wp\/v2\/categories?post=11090"},{"taxonomy":"post_tag","embeddable":true,"href":"https:\/\/nsira-ossnr.gc.ca\/fr\/wp-json\/wp\/v2\/tags?post=11090"}],"curies":[{"name":"wp","href":"https:\/\/api.w.org\/{rel}","templated":true}]}}