{"id":10938,"date":"2025-07-14T15:56:54","date_gmt":"2025-07-14T19:56:58","guid":{"rendered":"https:\/\/dev.nsira-ossnr.gc.ca\/publications\/access-to-information-and-privacy-atip-new-page\/info-source-2\/"},"modified":"2025-10-10T15:19:51","modified_gmt":"2025-10-10T19:19:51","slug":"privacy-statement","status":"publish","type":"page","link":"https:\/\/nsira-ossnr.gc.ca\/fr\/secretariat\/acces-a-l-information-et-a-la-protection-des-renseignements-personnels\/enonce-de-protection-des-renseignements-personnels\/","title":{"rendered":"\u00c9nonc\u00e9 de protection des renseignements personnels"},"content":{"rendered":"<section id=\"gmc1ce3b5\" class=\"wp-block-gutentor-m4 section-gmc1ce3b5 gutentor-module gutentor-advanced-columns\"><div class=\"grid-container\"><div class=\"grid-row\">\n<div id=\"col-gmec5224\" class=\"wp-block-gutentor-m4-col col-gmec5224 gutentor-single-column  grid-lg-8 grid-md-12 grid-12\"><div id=\"section-gmec5224\" class=\"section-gmec5224 gutentor-col-wrap\">\n<h1 class=\"wp-block-heading\">\u00c9nonc\u00e9 de protection des renseignements personnels<\/h1>\n\n\n\n<p>L\u2019OSSNR s\u2019engage \u00e0 respecter la vie priv\u00e9e des personnes qui consultent son site Web. Le pr\u00e9sent avis r\u00e9sume les pratiques en mati\u00e8re de protection des renseignements personnels li\u00e9es au site Web de l\u2019OSSNR.<\/p>\n\n\n\n<p class=\" translation-block\">Tous les renseignements personnels recueillis par l\u2019OSSNR sont r\u00e9gis par la <a href=\"https:\/\/laws-lois.justice.gc.ca\/fra\/lois\/p-21\/\">Loi sur la protection des renseignements personnels<\/a>. Cela signifie que si l\u2019OSSNR vous demande de fournir des renseignements personnels, vous serez inform\u00e9 de la raison pour laquelle ils sont recueillis et de la fa\u00e7on dont vous pouvez exercer votre droit d\u2019acc\u00e9der \u00e0 ces renseignements, de les corriger et de les prot\u00e9ger.<\/p>\n\n\n\n<h3 class=\"wp-block-heading\">Protection des renseignements personnels des utilisateurs de ce site Web<\/h3>\n\n\n\n<p class=\" translation-block\">La nature d\u2019Internet est telle que les serveurs Web recueillent automatiquement certains types de renseignements sur les visiteurs lorsque ceux-ci acc\u00e8dent aux sites Web, y compris l\u2019adresse du protocole Internet (IP) de chaque visiteur. Les adresses IP sont des num\u00e9ros uniques attribu\u00e9s par les fournisseurs d\u2019acc\u00e8s Internet (FAI) \u00e0 tous les appareils utilis\u00e9s pour acc\u00e9der \u00e0 Internet. Les serveurs Web enregistrent automatiquement les adresses IP des visiteurs de leurs sites. Une adresse IP, en soi, ne permet pas de r\u00e9v\u00e9ler l\u2019identit\u00e9 d\u2019une personne. Dans certains cas toutefois, par exemple avec la coop\u00e9ration d\u2019un FAI, elle peut \u00eatre utilis\u00e9e pour \u00e9tablir l\u2019identit\u00e9 d\u2019une personne qui consulte le site. C\u2019est pourquoi les institutions f\u00e9d\u00e9rales, y compris l\u2019OSSNR, per\u00e7oivent l\u2019adresse IP d\u2019une personne comme un renseignement personnel, en particulier lorsqu\u2019elle est accompagn\u00e9e d\u2019autres donn\u00e9es qui sont recueillies syst\u00e9matiquement lorsqu\u2019un visiteur demande une page Web, notamment la page ou les pages consult\u00e9es, de m\u00eame que la date et l\u2019heure de la visite.<\/p>\n\n\n\n<p>Sauf indication contraire, l\u2019OSSNR ne recueille pas syst\u00e9matiquement de renseignements particuliers sur les visiteurs, tels que le nom, le num\u00e9ro de t\u00e9l\u00e9phone ou l\u2019adresse de courriel. L\u2019OSSNR n\u2019obtiendrait des renseignements de ce type que si une personne les fournissait, par exemple par courriel ou en remplissant un formulaire de prise de contact. Dans un tel cas, des d\u00e9tails sur la fa\u00e7on dont les renseignements personnels sont trait\u00e9s seront fournis dans un \u00e9nonc\u00e9 de collecte de renseignements personnels.<\/p>\n\n\n\n<p>Dans les cas o\u00f9 les services sont fournis par des organisations ext\u00e9rieures au gouvernement du Canada, comme les plateformes de m\u00e9dias sociaux ou les applications mobiles, les adresses IP peuvent \u00eatre enregistr\u00e9es par le serveur Web du fournisseur de services tiers concern\u00e9.<\/p>\n\n\n\n<h3 class=\"wp-block-heading\">Communication avec l\u2019OSSNR<\/h3>\n\n\n\n<p>Si vous d\u00e9cidez d\u2019envoyer un courriel \u00e0 l\u2019OSSNR ou de remplir un formulaire de r\u00e9troaction en ligne, nous pourrions utiliser vos renseignements personnels pour r\u00e9pondre \u00e0 votre demande. Ces renseignements peuvent \u00e9galement servir \u00e0 des fins statistiques, d\u2019\u00e9valuation ou de production de rapports.<\/p>\n\n\n\n<p class=\" translation-block\">L\u2019OSSNR n\u2019utilise pas ces renseignements pour cr\u00e9er des profils individuels et ne les divulgue pas, sauf en conformit\u00e9 avec la <a href=\"https:\/\/laws-lois.justice.gc.ca\/fra\/lois\/p-21\/index.html\">Loi sur la protection des renseignements personnels<\/a>.<\/p>\n\n\n\n<p class=\" translation-block\">Les courriels et autres moyens \u00e9lectroniques utilis\u00e9s pour communiquer avec l\u2019OSSNR ne sont pas s\u00e9curis\u00e9s, \u00e0 moins d\u2019avis contraire explicite sur la page Web en question. Il est donc recommand\u00e9 de <strong>ne pas<\/strong> transmettre des renseignements personnels sensibles, comme votre num\u00e9ro d\u2019assurance sociale ou votre date de naissance, par l\u2019entremise d\u2019une voie \u00e9lectronique non s\u00e9curis\u00e9e.<\/p>\n\n\n\n<p class=\" translation-block\">Les renseignements personnels contenus dans les courriels ou les formulaires de r\u00e9troaction remplis sont recueillis conform\u00e9ment \u00e0 la <a href=\"https:\/\/laws-lois.justice.gc.ca\/fra\/lois\/n-16.62\/page-1.html\">Loi sur l\u2019Office de surveillance des activit\u00e9s en mati\u00e8re de s\u00e9curit\u00e9 nationale<\/a> et de renseignement et sont inclus dans le <a href=\"https:\/\/www.canada.ca\/fr\/secretariat-conseil-tresor\/services\/acces-information-protection-reseignements-personnels\/acces-information\/info-source\/fichiers-renseignements-personnels-ordinaires.html#pou914\">fichier de renseignements personnels Communications publiques (POU 914)<\/a>.<\/p>\n\n\n\n<h3 class=\"wp-block-heading\">M\u00e9dias sociaux de tiers<\/h3>\n\n\n\n<p class=\" translation-block\">L\u2019OSSNR utilise les m\u00e9dias sociaux comme prolongement de sa pr\u00e9sence sur le Web. Les comptes de m\u00e9dias sociaux de l\u2019OSSNR sont publics et ne sont pas h\u00e9berg\u00e9s par les serveurs du gouvernement du Canada. Les utilisateurs qui d\u00e9cident d\u2019interagir avec nous par l\u2019entremise de ces sites de m\u00e9dias sociaux doivent lire les conditions de service et les politiques de confidentialit\u00e9 des fournisseurs tiers de services concern\u00e9s ainsi que des applications utilis\u00e9es pour avoir acc\u00e8s \u00e0 ce site. L\u2019OSSNR utilise <a href=\"https:\/\/x.com\/OSSNRCanada\">X<\/a> et <a href=\"https:\/\/www.linkedin.com\/company\/nsira-ossnr\">LinkedIn<\/a>.<\/p>\n\n\n\n<p class=\" translation-block\">Les renseignements personnels que vous fournissez \u00e0 l\u2019OSSNR par l\u2019interm\u00e9diaire d\u2019un ou de plusieurs comptes de m\u00e9dias sociaux sont recueillis en vertu de la <a href=\"https:\/\/laws-lois.justice.gc.ca\/fra\/lois\/n-16.62\/page-1.html\">Loi sur l\u2019Office de surveillance des activit\u00e9s en mati\u00e8re de s\u00e9curit\u00e9 nationale et de renseignement<\/a>. Ces renseignements sont recueillis afin de consigner les conversations (p. ex. questions et r\u00e9ponses, commentaires, partage de publications) entre vous et l\u2019OSSRN. Ils peuvent \u00eatre utilis\u00e9s pour r\u00e9pondre \u00e0 des demandes de renseignements ou \u00e0 des fins de statistiques, d\u2019\u00e9valuation et d\u2019\u00e9tablissement de rapports. Les commentaires qui contreviennent aux lois canadiennes seront supprim\u00e9s et port\u00e9s \u00e0 l\u2019attention des autorit\u00e9s charg\u00e9es de l\u2019application de la loi. Les commentaires qui enfreignent nos conditions et politiques seront \u00e9galement supprim\u00e9s. Les renseignements personnels sont inclus dans le <a href=\"https:\/\/www.canada.ca\/fr\/secretariat-conseil-tresor\/services\/acces-information-protection-reseignements-personnels\/acces-information\/info-source\/fichiers-renseignements-personnels-ordinaires.html#pou938\">fichier de renseignements personnels Activit\u00e9s de sensibilisation (POU 938)<\/a>.<\/p>\n\n\n\n<h3 class=\"wp-block-heading\">Google Analytics&nbsp;<\/h3>\n\n\n\n<p class=\" translation-block\">L\u2019OSSNR proc\u00e8de \u00e0 l\u2019analytique Web en utilisant les services du fournisseur de services tiers Google inc. (Google Analytics). Google Analytics exploite des centres de donn\u00e9es dans le monde entier, y compris aux \u00c9tats-Unis, afin de maximiser la rapidit\u00e9 et la fiabilit\u00e9 du service. Avant que les donn\u00e9es analytiques ne soient transf\u00e9r\u00e9es vers des serveurs situ\u00e9s aux \u00c9tats-Unis, elles sont recueillies sur des serveurs locaux, o\u00f9 les adresses IP des utilisateurs sont rendues anonymes. Les donn\u00e9es recueillies aux fins de l\u2019analytique Web \u00e0 destination des \u00c9tats-Unis peuvent \u00eatre soumises \u00e0 la l\u00e9gislation en vigueur dans ce pays.<\/p>\n\n\n\n<p class=\" translation-block\">Pour obtenir davantage de renseignements sur les politiques de confidentialit\u00e9 de ces fournisseurs de services, veuillez consulter leurs sites Web respectifs ou cliquer sur le lien suivant : <a href=\"https:\/\/policies.google.com\/technologies\/partner-sites\">R\u00e8gles de confidentialit\u00e9 et conditions d\u2019utilisation de Google Analytics<\/a>.<\/p>\n\n\n\n<h3 class=\"wp-block-heading\">Obtenir de l\u2019information sur les pratiques de l\u2019OSSNR<\/h3>\n\n\n\n<p class=\" translation-block\">Vous pouvez adresser vos questions, commentaires, pr\u00e9occupations ou plaintes concernant l\u2019application de la <a href=\"https:\/\/laws-lois.justice.gc.ca\/fra\/lois\/p-21\/\">Loi sur la protection des renseignements personnels et les politiques de protection de la vie priv\u00e9e<\/a> concernant la pr\u00e9sence sur le Web de l\u2019OSSNR au coordonnateur ou \u00e0 la coordonnatrice de l\u2019AIPRP du Secr\u00e9tariat de l\u2019OSSNR. Vous pouvez communiquer avec cette personne par courriel, \u00e0 l\u2019adresse <a href=\"mailto:ATIP@nsira-ossnr.gc.ca\">ATIP@nsira-ossnr.gc.ca<\/a>, ou par la poste \u00e0 l\u2019adresse suivante :<\/p>\n\n\n\n<p>Office de surveillance des activit\u00e9s en mati\u00e8re de s\u00e9curit\u00e9 nationale et de renseignement<br>\u00c0 l\u2019attention de : Service de l\u2019AIPRP de l\u2019OSSNR<br>C.P. 2430, succursale D<br>Ottawa (Ontario)<br>K1P 5W5 Canada<\/p>\n\n\n\n<p>Si vous n\u2019\u00eates pas satisfait de la r\u00e9ponse du Secr\u00e9tariat de l\u2019OSSNR \u00e0 vos pr\u00e9occupations en mati\u00e8re de protection de la vie priv\u00e9e, vous pouvez communiquer avec le Commissariat \u00e0 la protection de la vie priv\u00e9e du Canada, \u00e0 l\u2019adresse suivante :<\/p>\n\n\n\n<p>Commissariat \u00e0 la protection de la vie priv\u00e9e du Canada<br>30, rue Victoria<br>Gatineau (Qu\u00e9bec)  K1A 1H3<\/p>\n<\/div><\/div>\n\n\n\n<div id=\"col-gm6c640a\" class=\"wp-block-gutentor-m4-col col-gm6c640a gutentor-single-column  grid-lg-4 grid-md-12 grid-12\"><div id=\"section-gm6c640a\" class=\"section-gm6c640a gutentor-col-wrap\">\n<p><\/p>\n\n\n<div class=\"custom-atip-reports-component\"><h2>Rapports sur l\u2019Acc\u00e8s \u00e0 l\u2019information et protection des renseignements personnels<\/h2><ul><li><a href=\"https:\/\/nsira-ossnr.gc.ca\/fr\/secretariat\/acces-a-l-information-et-a-la-protection-des-renseignements-personnels\/rapports-annuels-aiprp\/\">Rapports annuels sur la Loi sur l\u2019acc\u00e8s \u00e0 l\u2019information et la Loi sur la protection des renseignements personnels<\/a><\/li><li><a href=\"https:\/\/ouvert.canada.ca\/fr\/search\/ati?ati0=ati_organization_enNationalSecurityandIntelligenceReviewAgency\" target=\"_blank\">Demandes d'acc\u00e8s \u00e0 l'information compl\u00e9t\u00e9es<\/a><\/li><li><a href=\"https:\/\/nsira-ossnr.gc.ca\/fr\/secretariat\/acces-a-l-information-et-a-la-protection-des-renseignements-personnels\/sommaires-des-evaluations-des-facteurs-relatifs-a-la-vie-privee\/\">Sommaires des \u00e9valuations des facteurs relatifs \u00e0 la vie priv\u00e9e<\/a><\/li><li><a href=\"https:\/\/nsira-ossnr.gc.ca\/fr\/secretariat\/acces-a-l-information-et-a-la-protection-des-renseignements-personnels\/info-source\/\">Info Source<\/a><\/li><li><strong>\u00c9nonc\u00e9 de protection des renseignements personnels<\/strong><\/li><\/ul><\/div>\n<\/div><\/div>\n<\/div><\/div><\/section>","protected":false},"excerpt":{"rendered":"","protected":false},"author":1,"featured_media":0,"parent":10873,"menu_order":0,"comment_status":"closed","ping_status":"closed","template":"template-nsira-subpages.php","meta":{"inline_featured_image":false},"categories":[24],"tags":[],"yoast_head":"<!-- This site is optimized with the Yoast SEO plugin v20.9 - https:\/\/yoast.com\/wordpress\/plugins\/seo\/ -->\n<title>Privacy Statement - National Security and Intelligence Review Agency<\/title>\n<meta name=\"robots\" content=\"index, follow, max-snippet:-1, max-image-preview:large, max-video-preview:-1\" \/>\n<link rel=\"canonical\" href=\"https:\/\/nsira-ossnr.gc.ca\/fr\/secretariat\/acces-a-l-information-et-a-la-protection-des-renseignements-personnels\/enonce-de-protection-des-renseignements-personnels\/\" \/>\n<meta property=\"og:locale\" content=\"fr_CA\" \/>\n<meta property=\"og:type\" content=\"article\" \/>\n<meta property=\"og:title\" content=\"Privacy Statement - National Security and Intelligence Review Agency\" \/>\n<meta property=\"og:url\" content=\"https:\/\/nsira-ossnr.gc.ca\/fr\/secretariat\/acces-a-l-information-et-a-la-protection-des-renseignements-personnels\/enonce-de-protection-des-renseignements-personnels\/\" \/>\n<meta property=\"og:site_name\" content=\"National Security and Intelligence Review Agency\" \/>\n<meta property=\"article:modified_time\" content=\"2025-10-10T19:19:51+00:00\" \/>\n<meta name=\"twitter:card\" content=\"summary_large_image\" \/>\n<meta name=\"twitter:label1\" content=\"Estimation du temps de lecture\" \/>\n\t<meta name=\"twitter:data1\" content=\"4 minutes\" \/>\n<script type=\"application\/ld+json\" class=\"yoast-schema-graph\">{\"@context\":\"https:\/\/schema.org\",\"@graph\":[{\"@type\":\"WebPage\",\"@id\":\"https:\/\/nsira-ossnr.gc.ca\/secretariat\/access-to-information-and-privacy\/privacy-statement\/\",\"url\":\"https:\/\/nsira-ossnr.gc.ca\/secretariat\/access-to-information-and-privacy\/privacy-statement\/\",\"name\":\"Privacy Statement - National Security and Intelligence Review Agency\",\"isPartOf\":{\"@id\":\"https:\/\/nsira-ossnr.gc.ca\/#website\"},\"datePublished\":\"2025-07-14T19:56:58+00:00\",\"dateModified\":\"2025-10-10T19:19:51+00:00\",\"breadcrumb\":{\"@id\":\"https:\/\/nsira-ossnr.gc.ca\/secretariat\/access-to-information-and-privacy\/privacy-statement\/#breadcrumb\"},\"inLanguage\":\"fr-CA\",\"potentialAction\":[{\"@type\":\"ReadAction\",\"target\":[\"https:\/\/nsira-ossnr.gc.ca\/secretariat\/access-to-information-and-privacy\/privacy-statement\/\"]}]},{\"@type\":\"BreadcrumbList\",\"@id\":\"https:\/\/nsira-ossnr.gc.ca\/secretariat\/access-to-information-and-privacy\/privacy-statement\/#breadcrumb\",\"itemListElement\":[{\"@type\":\"ListItem\",\"position\":1,\"name\":\"Secretariat\",\"item\":\"\/secretariat\/\"},{\"@type\":\"ListItem\",\"position\":2,\"name\":\"Access to Information and Privacy (ATIP)\",\"item\":\"\/secretariat\/access-to-information-and-privacy\/\"},{\"@type\":\"ListItem\",\"position\":3,\"name\":\"Privacy Statement\"}]},{\"@type\":\"WebSite\",\"@id\":\"https:\/\/nsira-ossnr.gc.ca\/#website\",\"url\":\"https:\/\/nsira-ossnr.gc.ca\/\",\"name\":\"National Security and Intelligence Review Agency\",\"description\":\"Official Website\",\"potentialAction\":[{\"@type\":\"SearchAction\",\"target\":{\"@type\":\"EntryPoint\",\"urlTemplate\":\"https:\/\/nsira-ossnr.gc.ca\/?s={search_term_string}\"},\"query-input\":\"required name=search_term_string\"}],\"inLanguage\":\"fr-CA\"}]}<\/script>\n<!-- \/ Yoast SEO plugin. -->","yoast_head_json":{"title":"Privacy Statement - National Security and Intelligence Review Agency","robots":{"index":"index","follow":"follow","max-snippet":"max-snippet:-1","max-image-preview":"max-image-preview:large","max-video-preview":"max-video-preview:-1"},"canonical":"https:\/\/nsira-ossnr.gc.ca\/fr\/secretariat\/acces-a-l-information-et-a-la-protection-des-renseignements-personnels\/enonce-de-protection-des-renseignements-personnels\/","og_locale":"fr_CA","og_type":"article","og_title":"Privacy Statement - National Security and Intelligence Review Agency","og_url":"https:\/\/nsira-ossnr.gc.ca\/fr\/secretariat\/acces-a-l-information-et-a-la-protection-des-renseignements-personnels\/enonce-de-protection-des-renseignements-personnels\/","og_site_name":"National Security and Intelligence Review Agency","article_modified_time":"2025-10-10T19:19:51+00:00","twitter_card":"summary_large_image","twitter_misc":{"Estimation du temps de lecture":"4 minutes"},"schema":{"@context":"https:\/\/schema.org","@graph":[{"@type":"WebPage","@id":"https:\/\/nsira-ossnr.gc.ca\/secretariat\/access-to-information-and-privacy\/privacy-statement\/","url":"https:\/\/nsira-ossnr.gc.ca\/secretariat\/access-to-information-and-privacy\/privacy-statement\/","name":"Privacy Statement - National Security and Intelligence Review Agency","isPartOf":{"@id":"https:\/\/nsira-ossnr.gc.ca\/#website"},"datePublished":"2025-07-14T19:56:58+00:00","dateModified":"2025-10-10T19:19:51+00:00","breadcrumb":{"@id":"https:\/\/nsira-ossnr.gc.ca\/secretariat\/access-to-information-and-privacy\/privacy-statement\/#breadcrumb"},"inLanguage":"fr-CA","potentialAction":[{"@type":"ReadAction","target":["https:\/\/nsira-ossnr.gc.ca\/secretariat\/access-to-information-and-privacy\/privacy-statement\/"]}]},{"@type":"BreadcrumbList","@id":"https:\/\/nsira-ossnr.gc.ca\/secretariat\/access-to-information-and-privacy\/privacy-statement\/#breadcrumb","itemListElement":[{"@type":"ListItem","position":1,"name":"Secretariat","item":"\/secretariat\/"},{"@type":"ListItem","position":2,"name":"Access to Information and Privacy (ATIP)","item":"\/secretariat\/access-to-information-and-privacy\/"},{"@type":"ListItem","position":3,"name":"Privacy Statement"}]},{"@type":"WebSite","@id":"https:\/\/nsira-ossnr.gc.ca\/#website","url":"https:\/\/nsira-ossnr.gc.ca\/","name":"National Security and Intelligence Review Agency","description":"Official Website","potentialAction":[{"@type":"SearchAction","target":{"@type":"EntryPoint","urlTemplate":"https:\/\/nsira-ossnr.gc.ca\/?s={search_term_string}"},"query-input":"required name=search_term_string"}],"inLanguage":"fr-CA"}]}},"_links":{"self":[{"href":"https:\/\/nsira-ossnr.gc.ca\/fr\/wp-json\/wp\/v2\/pages\/10938"}],"collection":[{"href":"https:\/\/nsira-ossnr.gc.ca\/fr\/wp-json\/wp\/v2\/pages"}],"about":[{"href":"https:\/\/nsira-ossnr.gc.ca\/fr\/wp-json\/wp\/v2\/types\/page"}],"author":[{"embeddable":true,"href":"https:\/\/nsira-ossnr.gc.ca\/fr\/wp-json\/wp\/v2\/users\/1"}],"replies":[{"embeddable":true,"href":"https:\/\/nsira-ossnr.gc.ca\/fr\/wp-json\/wp\/v2\/comments?post=10938"}],"version-history":[{"count":14,"href":"https:\/\/nsira-ossnr.gc.ca\/fr\/wp-json\/wp\/v2\/pages\/10938\/revisions"}],"predecessor-version":[{"id":12064,"href":"https:\/\/nsira-ossnr.gc.ca\/fr\/wp-json\/wp\/v2\/pages\/10938\/revisions\/12064"}],"up":[{"embeddable":true,"href":"https:\/\/nsira-ossnr.gc.ca\/fr\/wp-json\/wp\/v2\/pages\/10873"}],"wp:attachment":[{"href":"https:\/\/nsira-ossnr.gc.ca\/fr\/wp-json\/wp\/v2\/media?parent=10938"}],"wp:term":[{"taxonomy":"category","embeddable":true,"href":"https:\/\/nsira-ossnr.gc.ca\/fr\/wp-json\/wp\/v2\/categories?post=10938"},{"taxonomy":"post_tag","embeddable":true,"href":"https:\/\/nsira-ossnr.gc.ca\/fr\/wp-json\/wp\/v2\/tags?post=10938"}],"curies":[{"name":"wp","href":"https:\/\/api.w.org\/{rel}","templated":true}]}}