{"id":10886,"date":"2025-07-14T14:55:54","date_gmt":"2025-07-14T18:55:20","guid":{"rendered":"https:\/\/dev.nsira-ossnr.gc.ca\/publications\/access-to-information-and-privacy-atip-new-page-2\/"},"modified":"2025-11-04T10:12:16","modified_gmt":"2025-11-04T15:12:16","slug":"annual-reports-atip","status":"publish","type":"page","link":"https:\/\/nsira-ossnr.gc.ca\/fr\/secretariat\/acces-a-l-information-et-a-la-protection-des-renseignements-personnels\/rapports-annuels-aiprp\/","title":{"rendered":"Rapports annuels sur la Loi sur l\u2019acc\u00e8s \u00e0 l\u2019information et la Loi sur la protection des renseignements personnels"},"content":{"rendered":"<section id=\"gmb4b70d7\" class=\"wp-block-gutentor-m4 section-gmb4b70d7 gutentor-module gutentor-advanced-columns\"><div class=\"grid-container\"><div class=\"grid-row\">\n<div id=\"col-gm52c2f2\" class=\"wp-block-gutentor-m4-col col-gm52c2f2 gutentor-single-column  grid-lg-8 grid-md-12 grid-12\"><div id=\"section-gm52c2f2\" class=\"section-gm52c2f2 gutentor-col-wrap\">\n<h1 class=\"wp-block-heading mrgn-bttm-lg\">Rapports annuels sur la Loi sur l\u2019acc\u00e8s \u00e0 l\u2019information et la Loi sur la protection des renseignements personnels<\/h1>\n\n\n\n<h2 class=\"wp-block-heading\" id=\"information-act\">Loi sur l\u2019acc\u00e8s \u00e0 l\u2019information<\/h2>\n\n\n\n<p class=\" translation-block\">La <em><a href=\"http:\/\/laws-lois.justice.gc.ca\/fra\/lois\/A-1\/\">Loi sur l\u2019acc\u00e8s \u00e0 l\u2019information<\/a><\/em> accorde aux citoyens canadiens, aux r\u00e9sidents permanents et \u00e0 toute personne ou soci\u00e9t\u00e9 pr\u00e9sente au Canada un droit d\u2019acc\u00e8s aux renseignements contenus dans les documents de l\u2019administration f\u00e9d\u00e9rale, sous r\u00e9serve de certaines exceptions particuli\u00e8res et limit\u00e9es.<\/p>\n\n\n\n<div class=\"wp-block-query is-layout-flow\"><ul class=\"wp-block-post-template is-layout-flow\"><li class=\"wp-block-post post-8030 page type-page status-publish has-post-thumbnail hentry category-annual-reports-on-the-access-to-information-act category-atip category-cbsa category-gac category-rcmp tag-47\">\n<h4 class=\"wp-block-post-title\"><a href=\"https:\/\/nsira-ossnr.gc.ca\/fr\/secretariat\/acces-a-l-information-et-a-la-protection-des-renseignements-personnels\/rapports-annuels-aiprp\/rapport-annuel-sur-la-loi-sur-lacces-a-linformation-2024-2025\/\" target=\"_self\" >Rapport annuel au Parlement concernant \nla Loi sur l\u2019acc\u00e8s \u00e0 l\u2019information 2024-25<\/a><\/h4>\n<\/li><li class=\"wp-block-post post-12401 page type-page status-publish has-post-thumbnail hentry category-annual-reports-on-the-access-to-information-act category-atip category-cbsa category-gac category-rcmp tag-47\">\n<h4 class=\"wp-block-post-title\"><a href=\"https:\/\/nsira-ossnr.gc.ca\/fr\/secretariat\/acces-a-l-information-et-a-la-protection-des-renseignements-personnels\/rapports-annuels-aiprp\/rapport-annuel-sur-la-loi-sur-lacces-a-linformation-2023-2024\/\" target=\"_self\" >Rapport annuel sur la Loi sur l\u2019acc\u00e8s \u00e0 l\u2019information 2023-2024<\/a><\/h4>\n<\/li><li class=\"wp-block-post post-6564 page type-page status-publish has-post-thumbnail hentry category-annual-reports-on-the-access-to-information-act category-atip category-cbsa category-gac category-rcmp\">\n<h4 class=\"wp-block-post-title\"><a href=\"https:\/\/nsira-ossnr.gc.ca\/fr\/secretariat\/acces-a-l-information-et-a-la-protection-des-renseignements-personnels\/rapports-annuels-aiprp\/rapport-annuel-sur-la-loi-sur-lacces-a-linformation-2022-2023\/\" target=\"_self\" >Rapport annuel sur la Loi sur l\u2019acc\u00e8s \u00e0 l\u2019information 2022-2023<\/a><\/h4>\n<\/li><\/ul>\n\n<\/div>\n\n\n\n<h2 class=\"wp-block-heading\" id=\"privacy-act\">Loi sur la protection des renseignements personnels<\/h2>\n\n\n\n<p class=\" translation-block\">La <em><a href=\"http:\/\/lois-laws.justice.gc.ca\/fra\/lois\/P-21\/\">Loi sur la protection des renseignements personnels<\/a><\/em> accorde aux particuliers le droit d\u2019avoir acc\u00e8s \u00e0 l\u2019information les concernant d\u00e9tenue par l\u2019administration f\u00e9d\u00e9rale, sous r\u00e9serve de certaines exceptions particuli\u00e8res et limit\u00e9es. Elle prot\u00e8ge aussi la vie priv\u00e9e des particuliers en leur permettant d\u2019exercer un important contr\u00f4le sur la collecte, l\u2019utilisation et la divulgation des renseignements personnels les concernant et en emp\u00eachant d\u2019autres personnes d\u2019avoir acc\u00e8s \u00e0 ces renseignements.<\/p>\n\n\n\n<div class=\"wp-block-query is-layout-flow\"><ul class=\"wp-block-post-template is-layout-flow\"><li class=\"wp-block-post post-12498 page type-page status-publish has-post-thumbnail hentry category-annual-reports-on-the-privacy-act category-atip category-cbsa category-cse category-gac tag-47\">\n<h4 class=\"wp-block-post-title\"><a href=\"https:\/\/nsira-ossnr.gc.ca\/fr\/secretariat\/acces-a-l-information-et-a-la-protection-des-renseignements-personnels\/rapports-annuels-aiprp\/rapport-annuel-sur-la-loi-sur-la-protection-des-renseignements-personnels-2024-2025\/\" target=\"_self\" >Rapport annuel au Parlement concernant la Loi sur la protection des renseignements personnels 2024-2025<\/a><\/h4>\n<\/li><li class=\"wp-block-post post-7995 page type-page status-publish has-post-thumbnail hentry category-annual-reports-on-the-privacy-act category-atip category-cbsa category-cse category-gac tag-47\">\n<h4 class=\"wp-block-post-title\"><a href=\"https:\/\/nsira-ossnr.gc.ca\/fr\/secretariat\/acces-a-l-information-et-a-la-protection-des-renseignements-personnels\/rapports-annuels-aiprp\/rapport-annuel-sur-la-loi-sur-la-protection-des-renseignements-personnels-2023-2024\/\" target=\"_self\" >Rapport annuel sur la Loi sur la protection des renseignements personnels 2023-2024<\/a><\/h4>\n<\/li><li class=\"wp-block-post post-6551 page type-page status-publish has-post-thumbnail hentry category-annual-reports-on-the-privacy-act category-atip category-cbsa category-cse category-gac\">\n<h4 class=\"wp-block-post-title\"><a href=\"https:\/\/nsira-ossnr.gc.ca\/fr\/secretariat\/acces-a-l-information-et-a-la-protection-des-renseignements-personnels\/rapports-annuels-aiprp\/rapport-annuel-sur-la-loi-sur-la-protection-des-renseignements-personnels-2022-2023\/\" target=\"_self\" >Rapport annuel sur la Loi sur la protection des renseignements personnels 2022-2023<\/a><\/h4>\n<\/li><\/ul>\n\n<\/div>\n<\/div><\/div>\n\n\n\n<div id=\"col-gm835f14\" class=\"wp-block-gutentor-m4-col col-gm835f14 gutentor-single-column  grid-lg-4 grid-md-12 grid-12\"><div id=\"section-gm835f14\" class=\"section-gm835f14 gutentor-col-wrap\"><div class=\"custom-atip-reports-component\"><h2>Rapports sur l\u2019Acc\u00e8s \u00e0 l\u2019information et protection des renseignements personnels<\/h2><ul><li><strong>Rapports annuels sur la Loi sur l\u2019acc\u00e8s \u00e0 l\u2019information et la Loi sur la protection des renseignements personnels<\/strong><\/li><li><a href=\"https:\/\/ouvert.canada.ca\/fr\/search\/ati?ati0=ati_organization_enNationalSecurityandIntelligenceReviewAgency\" target=\"_blank\">Demandes d'acc\u00e8s \u00e0 l'information compl\u00e9t\u00e9es<\/a><\/li><li><a href=\"https:\/\/nsira-ossnr.gc.ca\/fr\/secretariat\/acces-a-l-information-et-a-la-protection-des-renseignements-personnels\/sommaires-des-evaluations-des-facteurs-relatifs-a-la-vie-privee\/\">Sommaires des \u00e9valuations des facteurs relatifs \u00e0 la vie priv\u00e9e<\/a><\/li><li><a href=\"https:\/\/nsira-ossnr.gc.ca\/fr\/secretariat\/acces-a-l-information-et-a-la-protection-des-renseignements-personnels\/info-source\/\">Info Source<\/a><\/li><li><a href=\"https:\/\/nsira-ossnr.gc.ca\/fr\/secretariat\/acces-a-l-information-et-a-la-protection-des-renseignements-personnels\/enonce-de-protection-des-renseignements-personnels\/\">\u00c9nonc\u00e9 de protection des renseignements personnels<\/a><\/li><\/ul><\/div>\n<\/div><\/div>\n<\/div><\/div><\/section>","protected":false},"excerpt":{"rendered":"","protected":false},"author":1,"featured_media":0,"parent":10873,"menu_order":1,"comment_status":"closed","ping_status":"closed","template":"template-nsira-subpages.php","meta":{"inline_featured_image":false},"categories":[24],"tags":[46,78,74],"yoast_head":"<!-- This site is optimized with the Yoast SEO plugin v20.9 - https:\/\/yoast.com\/wordpress\/plugins\/seo\/ -->\n<title>Annual Reports on the Access to Information Act and the Privacy Act - National Security and Intelligence Review Agency<\/title>\n<meta name=\"robots\" content=\"index, follow, max-snippet:-1, max-image-preview:large, max-video-preview:-1\" \/>\n<link rel=\"canonical\" href=\"https:\/\/nsira-ossnr.gc.ca\/fr\/secretariat\/acces-a-l-information-et-a-la-protection-des-renseignements-personnels\/rapports-annuels-aiprp\/\" \/>\n<meta property=\"og:locale\" content=\"fr_CA\" \/>\n<meta property=\"og:type\" content=\"article\" \/>\n<meta property=\"og:title\" content=\"Annual Reports on the Access to Information Act and the Privacy Act - National Security and Intelligence Review Agency\" \/>\n<meta property=\"og:url\" content=\"https:\/\/nsira-ossnr.gc.ca\/fr\/secretariat\/acces-a-l-information-et-a-la-protection-des-renseignements-personnels\/rapports-annuels-aiprp\/\" \/>\n<meta property=\"og:site_name\" content=\"National Security and Intelligence Review Agency\" \/>\n<meta property=\"article:modified_time\" content=\"2025-11-04T15:12:16+00:00\" \/>\n<meta name=\"twitter:card\" content=\"summary_large_image\" \/>\n<meta name=\"twitter:label1\" content=\"Estimation du temps de lecture\" \/>\n\t<meta name=\"twitter:data1\" content=\"1 minute\" \/>\n<script type=\"application\/ld+json\" class=\"yoast-schema-graph\">{\"@context\":\"https:\/\/schema.org\",\"@graph\":[{\"@type\":\"WebPage\",\"@id\":\"https:\/\/nsira-ossnr.gc.ca\/secretariat\/access-to-information-and-privacy\/annual-reports-atip\/\",\"url\":\"https:\/\/nsira-ossnr.gc.ca\/secretariat\/access-to-information-and-privacy\/annual-reports-atip\/\",\"name\":\"Annual Reports on the Access to Information Act and the Privacy Act - National Security and Intelligence Review Agency\",\"isPartOf\":{\"@id\":\"https:\/\/nsira-ossnr.gc.ca\/#website\"},\"datePublished\":\"2025-07-14T18:55:20+00:00\",\"dateModified\":\"2025-11-04T15:12:16+00:00\",\"breadcrumb\":{\"@id\":\"https:\/\/nsira-ossnr.gc.ca\/secretariat\/access-to-information-and-privacy\/annual-reports-atip\/#breadcrumb\"},\"inLanguage\":\"fr-CA\",\"potentialAction\":[{\"@type\":\"ReadAction\",\"target\":[\"https:\/\/nsira-ossnr.gc.ca\/secretariat\/access-to-information-and-privacy\/annual-reports-atip\/\"]}]},{\"@type\":\"BreadcrumbList\",\"@id\":\"https:\/\/nsira-ossnr.gc.ca\/secretariat\/access-to-information-and-privacy\/annual-reports-atip\/#breadcrumb\",\"itemListElement\":[{\"@type\":\"ListItem\",\"position\":1,\"name\":\"Secretariat\",\"item\":\"\/secretariat\/\"},{\"@type\":\"ListItem\",\"position\":2,\"name\":\"Access to Information and Privacy (ATIP)\",\"item\":\"\/secretariat\/access-to-information-and-privacy\/\"},{\"@type\":\"ListItem\",\"position\":3,\"name\":\"Annual Reports on the Access to Information Act and the Privacy Act\"}]},{\"@type\":\"WebSite\",\"@id\":\"https:\/\/nsira-ossnr.gc.ca\/#website\",\"url\":\"https:\/\/nsira-ossnr.gc.ca\/\",\"name\":\"National Security and Intelligence Review Agency\",\"description\":\"Official Website\",\"potentialAction\":[{\"@type\":\"SearchAction\",\"target\":{\"@type\":\"EntryPoint\",\"urlTemplate\":\"https:\/\/nsira-ossnr.gc.ca\/?s={search_term_string}\"},\"query-input\":\"required name=search_term_string\"}],\"inLanguage\":\"fr-CA\"}]}<\/script>\n<!-- \/ Yoast SEO plugin. -->","yoast_head_json":{"title":"Annual Reports on the Access to Information Act and the Privacy Act - National Security and Intelligence Review Agency","robots":{"index":"index","follow":"follow","max-snippet":"max-snippet:-1","max-image-preview":"max-image-preview:large","max-video-preview":"max-video-preview:-1"},"canonical":"https:\/\/nsira-ossnr.gc.ca\/fr\/secretariat\/acces-a-l-information-et-a-la-protection-des-renseignements-personnels\/rapports-annuels-aiprp\/","og_locale":"fr_CA","og_type":"article","og_title":"Annual Reports on the Access to Information Act and the Privacy Act - National Security and Intelligence Review Agency","og_url":"https:\/\/nsira-ossnr.gc.ca\/fr\/secretariat\/acces-a-l-information-et-a-la-protection-des-renseignements-personnels\/rapports-annuels-aiprp\/","og_site_name":"National Security and Intelligence Review Agency","article_modified_time":"2025-11-04T15:12:16+00:00","twitter_card":"summary_large_image","twitter_misc":{"Estimation du temps de lecture":"1 minute"},"schema":{"@context":"https:\/\/schema.org","@graph":[{"@type":"WebPage","@id":"https:\/\/nsira-ossnr.gc.ca\/secretariat\/access-to-information-and-privacy\/annual-reports-atip\/","url":"https:\/\/nsira-ossnr.gc.ca\/secretariat\/access-to-information-and-privacy\/annual-reports-atip\/","name":"Annual Reports on the Access to Information Act and the Privacy Act - National Security and Intelligence Review Agency","isPartOf":{"@id":"https:\/\/nsira-ossnr.gc.ca\/#website"},"datePublished":"2025-07-14T18:55:20+00:00","dateModified":"2025-11-04T15:12:16+00:00","breadcrumb":{"@id":"https:\/\/nsira-ossnr.gc.ca\/secretariat\/access-to-information-and-privacy\/annual-reports-atip\/#breadcrumb"},"inLanguage":"fr-CA","potentialAction":[{"@type":"ReadAction","target":["https:\/\/nsira-ossnr.gc.ca\/secretariat\/access-to-information-and-privacy\/annual-reports-atip\/"]}]},{"@type":"BreadcrumbList","@id":"https:\/\/nsira-ossnr.gc.ca\/secretariat\/access-to-information-and-privacy\/annual-reports-atip\/#breadcrumb","itemListElement":[{"@type":"ListItem","position":1,"name":"Secretariat","item":"\/secretariat\/"},{"@type":"ListItem","position":2,"name":"Access to Information and Privacy (ATIP)","item":"\/secretariat\/access-to-information-and-privacy\/"},{"@type":"ListItem","position":3,"name":"Annual Reports on the Access to Information Act and the Privacy Act"}]},{"@type":"WebSite","@id":"https:\/\/nsira-ossnr.gc.ca\/#website","url":"https:\/\/nsira-ossnr.gc.ca\/","name":"National Security and Intelligence Review Agency","description":"Official Website","potentialAction":[{"@type":"SearchAction","target":{"@type":"EntryPoint","urlTemplate":"https:\/\/nsira-ossnr.gc.ca\/?s={search_term_string}"},"query-input":"required name=search_term_string"}],"inLanguage":"fr-CA"}]}},"_links":{"self":[{"href":"https:\/\/nsira-ossnr.gc.ca\/fr\/wp-json\/wp\/v2\/pages\/10886"}],"collection":[{"href":"https:\/\/nsira-ossnr.gc.ca\/fr\/wp-json\/wp\/v2\/pages"}],"about":[{"href":"https:\/\/nsira-ossnr.gc.ca\/fr\/wp-json\/wp\/v2\/types\/page"}],"author":[{"embeddable":true,"href":"https:\/\/nsira-ossnr.gc.ca\/fr\/wp-json\/wp\/v2\/users\/1"}],"replies":[{"embeddable":true,"href":"https:\/\/nsira-ossnr.gc.ca\/fr\/wp-json\/wp\/v2\/comments?post=10886"}],"version-history":[{"count":30,"href":"https:\/\/nsira-ossnr.gc.ca\/fr\/wp-json\/wp\/v2\/pages\/10886\/revisions"}],"predecessor-version":[{"id":12068,"href":"https:\/\/nsira-ossnr.gc.ca\/fr\/wp-json\/wp\/v2\/pages\/10886\/revisions\/12068"}],"up":[{"embeddable":true,"href":"https:\/\/nsira-ossnr.gc.ca\/fr\/wp-json\/wp\/v2\/pages\/10873"}],"wp:attachment":[{"href":"https:\/\/nsira-ossnr.gc.ca\/fr\/wp-json\/wp\/v2\/media?parent=10886"}],"wp:term":[{"taxonomy":"category","embeddable":true,"href":"https:\/\/nsira-ossnr.gc.ca\/fr\/wp-json\/wp\/v2\/categories?post=10886"},{"taxonomy":"post_tag","embeddable":true,"href":"https:\/\/nsira-ossnr.gc.ca\/fr\/wp-json\/wp\/v2\/tags?post=10886"}],"curies":[{"name":"wp","href":"https:\/\/api.w.org\/{rel}","templated":true}]}}