{"id":10855,"date":"2025-07-17T09:50:54","date_gmt":"2025-07-10T13:50:41","guid":{"rendered":"https:\/\/dev.nsira-ossnr.gc.ca\/reviews\/our-reviews\/review-of-the-communications-security-establishments-disclosures-of-canadian-identifying-information\/report-2\/"},"modified":"2025-07-17T16:15:17","modified_gmt":"2025-07-17T20:15:17","slug":"report","status":"publish","type":"page","link":"https:\/\/nsira-ossnr.gc.ca\/fr\/examens\/nos-examens\/19-03\/rapport-2\/","title":{"rendered":"Review of the Communications Security Establishment\u2019s Disclosures of Canadian Identifying Information: Report"},"content":{"rendered":"<div id=\"hero-banner-post\" style=\"background: url(\/wp-content\/uploads\/Reviews-Banner-2.jpg); background-size: cover; background-position: center; border-style: solid; border-width: 0 0 10px 0; border-color: #eeeeee; padding: 50px 0;\">\n    <div class=\"grid-container\">\n        <div class=\"grid-row\">\n            <div id=\"col-gm55631e\" class=\"text-center wp-block-gutentor-m4-col col-gm55631e gutentor-single-column grid-lg-12 grid-md-12 grid-12 mrgn-tp-md mrgn-bttm-md\">\n                <div id=\"section-gm55631e\" class=\"section-gm55631e gutentor-col-wrap\">\n                    <!-- Page Title (Parent page title dynamically added) -->\n                    <h1 style=\"font-size: 2.25em; border:none;\" class=\"has-text-color has-white-color mrgn-tp-md wp-block-post-title\">\n                        Examen des divulgations d\u2019informations identifiant un Canadien par le Centre de la s\u00e9curit\u00e9 des t\u00e9l\u00e9communications                    <\/h1>\n\n                    <hr class=\"wp-block-separator has-text-color has-white-color has-alpha-channel-opacity has-white-background-color has-background\">\n\n                    <!-- Dynamically Display the Page Type (e.g., Notification Letter, Report, etc.) -->\n                                            <h2 class=\"has-text-color has-white-color\" style=\"font-size: 1.5em; margin-top: 20px;\">\n                            Rapport                        <\/h2>\n                    \n                    <!-- Here you could add other content like buttons or additional text if needed -->\n\n                <\/div>\n            <\/div>\n        <\/div>\n    <\/div>\n<\/div>\n\n\n<section id=\"gma3269c9\" class=\"wp-block-gutentor-m4 section-gma3269c9 gutentor-module gutentor-advanced-columns\"><div class=\"grid-container\"><div class=\"grid-row\">\n<div id=\"col-gm6c7fd3\" class=\"wp-block-gutentor-m4-col col-gm6c7fd3 gutentor-single-column  grid-lg-3 grid-md-12 grid-12 section-sticky\"><div id=\"section-gm6c7fd3\" class=\"section-gm6c7fd3 gutentor-col-wrap\">\n<section id=\"d8e45d\" class=\"wp-block-gutentor-m13 section-d8e45d gutentor-module gutentor-module-table-of-contents\"><div class=\"grid-container\"><div class=\"g-toc\"><div class=\"g-toc-header\"><div class=\"g-toc-heading\"><div class=\"g-toc-title\">Table des mati\u00e8res<\/div><\/div><\/div><div class=\"g-toc-body\" style=\"display:\"><ol class=\"g-ordered-list\" type=\"none\"><li><a href=\"#2-executive-summary\">Version HTML \u00e0 venir bient\u00f4t<\/a><\/li><\/ol><\/div><\/div><\/div><\/section>\n\n\n\n<hr class=\"wp-block-separator has-alpha-channel-opacity is-style-wide\"\/>\n<\/div><\/div>\n\n\n\n<div id=\"col-gm746af8\" class=\"wp-block-gutentor-m4-col col-gm746af8 gutentor-single-column  grid-lg-9 grid-md-12 grid-12 content-body\"><div id=\"section-gm746af8\" class=\"section-gm746af8 gutentor-col-wrap\">\n<p class=\"mrgn-bttm-0 has-nsira-blue-color has-text-color\"><strong>Date de publication :<\/strong><\/p>\n\n\n<div class=\"mrgn-bttm-lg wp-block-post-date\"><time datetime=\"2025-07-17T09:50:54-04:00\">17 juillet, 2025<\/time><\/div>\n\n\n<div id=\"gm1e2bc33\" class=\"wp-block-gutentor-m1 section-gm1e2bc33 gutentor-module gutentor-element-button-group g-btn-horizontal-d g-btn-horizontal-t g-btn-horizontal-m\"><div class=\"gutentor-element-button-group-wrap\">\n<div id=\"section-g17733b\" class=\"wp-block-gutentor-e2 section-g17733b gutentor-element gutentor-element-button\"><span class=\"gutentor-button-wrap\"><a class=\"gutentor-button gutentor-block-button btn-modern1 gutentor-icon-before\" href=\"\/wp-content\/uploads\/CSE-DCII_FR-46132.pdf\" target=\"_blank\" rel=\"noopener noreferrer\"><i class=\"gutentor-button-icon fas fa-file-alt\"><\/i><span>T\u00e9l\u00e9charger le PDF<\/span><\/a><\/span><\/div>\n<\/div><\/div>\n\n\n\n<h2 class=\"wp-block-heading\" id=\"2-executive-summary\">Version HTML \u00e0 venir bient\u00f4t<\/h2>\n\n\n\n<p>Notre \u00e9quipe travaille sur une version HTML de ce contenu afin d'am\u00e9liorer la convivialit\u00e9 et la compatibilit\u00e9 sur tous les appareils. Nous visons \u00e0 la rendre disponible dans un avenir proche. Merci de votre patience !<\/p>\n<\/div><\/div>\n<\/div><\/div><\/section>","protected":false},"excerpt":{"rendered":"","protected":false},"author":1,"featured_media":3255,"parent":5128,"menu_order":3,"comment_status":"closed","ping_status":"closed","template":"template-nsira-subpages.php","meta":{"inline_featured_image":false},"categories":[6,9,24],"tags":[46,78,74],"yoast_head":"<!-- This site is optimized with the Yoast SEO plugin v20.9 - https:\/\/yoast.com\/wordpress\/plugins\/seo\/ -->\n<title>Review of the Communications Security Establishment\u2019s Disclosures of Canadian Identifying Information: Report - National Security and Intelligence Review Agency<\/title>\n<meta name=\"robots\" content=\"index, follow, max-snippet:-1, max-image-preview:large, max-video-preview:-1\" \/>\n<link rel=\"canonical\" href=\"https:\/\/nsira-ossnr.gc.ca\/fr\/examens\/nos-examens\/19-03\/rapport-2\/\" \/>\n<meta property=\"og:locale\" content=\"fr_CA\" \/>\n<meta property=\"og:type\" content=\"article\" \/>\n<meta property=\"og:title\" content=\"Review of the Communications Security Establishment\u2019s Disclosures of Canadian Identifying Information: Report - National Security and Intelligence Review Agency\" \/>\n<meta property=\"og:url\" content=\"https:\/\/nsira-ossnr.gc.ca\/fr\/examens\/nos-examens\/19-03\/rapport-2\/\" \/>\n<meta property=\"og:site_name\" content=\"National Security and Intelligence Review Agency\" \/>\n<meta property=\"article:modified_time\" content=\"2025-07-17T20:15:17+00:00\" \/>\n<meta property=\"og:image\" content=\"https:\/\/nsira-ossnr.gc.ca\/wp-content\/uploads\/Reviews-Featured-2.jpg\" \/>\n\t<meta property=\"og:image:width\" content=\"350\" \/>\n\t<meta property=\"og:image:height\" content=\"500\" \/>\n\t<meta property=\"og:image:type\" content=\"image\/jpeg\" \/>\n<meta name=\"twitter:card\" content=\"summary_large_image\" \/>\n<meta name=\"twitter:label1\" content=\"Estimation du temps de lecture\" \/>\n\t<meta name=\"twitter:data1\" content=\"1 minute\" \/>\n<script type=\"application\/ld+json\" class=\"yoast-schema-graph\">{\"@context\":\"https:\/\/schema.org\",\"@graph\":[{\"@type\":\"WebPage\",\"@id\":\"https:\/\/nsira-ossnr.gc.ca\/reviews\/find-a-review\/19-03\/report\/\",\"url\":\"https:\/\/nsira-ossnr.gc.ca\/reviews\/find-a-review\/19-03\/report\/\",\"name\":\"Review of the Communications Security Establishment\u2019s Disclosures of Canadian Identifying Information: Report - National Security and Intelligence Review Agency\",\"isPartOf\":{\"@id\":\"https:\/\/nsira-ossnr.gc.ca\/#website\"},\"datePublished\":\"2025-07-10T13:50:41+00:00\",\"dateModified\":\"2025-07-17T20:15:17+00:00\",\"breadcrumb\":{\"@id\":\"https:\/\/nsira-ossnr.gc.ca\/reviews\/find-a-review\/19-03\/report\/#breadcrumb\"},\"inLanguage\":\"fr-CA\",\"potentialAction\":[{\"@type\":\"ReadAction\",\"target\":[\"https:\/\/nsira-ossnr.gc.ca\/reviews\/find-a-review\/19-03\/report\/\"]}]},{\"@type\":\"BreadcrumbList\",\"@id\":\"https:\/\/nsira-ossnr.gc.ca\/reviews\/find-a-review\/19-03\/report\/#breadcrumb\",\"itemListElement\":[{\"@type\":\"ListItem\",\"position\":1,\"name\":\"Reviews\",\"item\":\"\/reviews\/\"},{\"@type\":\"ListItem\",\"position\":2,\"name\":\"Find A Review\",\"item\":\"\/reviews\/find-a-review\/\"},{\"@type\":\"ListItem\",\"position\":3,\"name\":\"Review of the Communications Security Establishment\u2019s Disclosures of Canadian Identifying Information\",\"item\":\"\/reviews\/find-a-review\/19-03\/\"},{\"@type\":\"ListItem\",\"position\":4,\"name\":\"Review of the Communications Security Establishment\u2019s Disclosures of Canadian Identifying Information: Report\"}]},{\"@type\":\"WebSite\",\"@id\":\"https:\/\/nsira-ossnr.gc.ca\/#website\",\"url\":\"https:\/\/nsira-ossnr.gc.ca\/\",\"name\":\"National Security and Intelligence Review Agency\",\"description\":\"Official Website\",\"potentialAction\":[{\"@type\":\"SearchAction\",\"target\":{\"@type\":\"EntryPoint\",\"urlTemplate\":\"https:\/\/nsira-ossnr.gc.ca\/?s={search_term_string}\"},\"query-input\":\"required name=search_term_string\"}],\"inLanguage\":\"fr-CA\"}]}<\/script>\n<!-- \/ Yoast SEO plugin. -->","yoast_head_json":{"title":"Review of the Communications Security Establishment\u2019s Disclosures of Canadian Identifying Information: Report - National Security and Intelligence Review Agency","robots":{"index":"index","follow":"follow","max-snippet":"max-snippet:-1","max-image-preview":"max-image-preview:large","max-video-preview":"max-video-preview:-1"},"canonical":"https:\/\/nsira-ossnr.gc.ca\/fr\/examens\/nos-examens\/19-03\/rapport-2\/","og_locale":"fr_CA","og_type":"article","og_title":"Review of the Communications Security Establishment\u2019s Disclosures of Canadian Identifying Information: Report - National Security and Intelligence Review Agency","og_url":"https:\/\/nsira-ossnr.gc.ca\/fr\/examens\/nos-examens\/19-03\/rapport-2\/","og_site_name":"National Security and Intelligence Review Agency","article_modified_time":"2025-07-17T20:15:17+00:00","og_image":[{"width":350,"height":500,"url":"https:\/\/nsira-ossnr.gc.ca\/wp-content\/uploads\/Reviews-Featured-2.jpg","type":"image\/jpeg"}],"twitter_card":"summary_large_image","twitter_misc":{"Estimation du temps de lecture":"1 minute"},"schema":{"@context":"https:\/\/schema.org","@graph":[{"@type":"WebPage","@id":"https:\/\/nsira-ossnr.gc.ca\/reviews\/find-a-review\/19-03\/report\/","url":"https:\/\/nsira-ossnr.gc.ca\/reviews\/find-a-review\/19-03\/report\/","name":"Review of the Communications Security Establishment\u2019s Disclosures of Canadian Identifying Information: Report - National Security and Intelligence Review Agency","isPartOf":{"@id":"https:\/\/nsira-ossnr.gc.ca\/#website"},"datePublished":"2025-07-10T13:50:41+00:00","dateModified":"2025-07-17T20:15:17+00:00","breadcrumb":{"@id":"https:\/\/nsira-ossnr.gc.ca\/reviews\/find-a-review\/19-03\/report\/#breadcrumb"},"inLanguage":"fr-CA","potentialAction":[{"@type":"ReadAction","target":["https:\/\/nsira-ossnr.gc.ca\/reviews\/find-a-review\/19-03\/report\/"]}]},{"@type":"BreadcrumbList","@id":"https:\/\/nsira-ossnr.gc.ca\/reviews\/find-a-review\/19-03\/report\/#breadcrumb","itemListElement":[{"@type":"ListItem","position":1,"name":"Reviews","item":"\/reviews\/"},{"@type":"ListItem","position":2,"name":"Find A Review","item":"\/reviews\/find-a-review\/"},{"@type":"ListItem","position":3,"name":"Review of the Communications Security Establishment\u2019s Disclosures of Canadian Identifying Information","item":"\/reviews\/find-a-review\/19-03\/"},{"@type":"ListItem","position":4,"name":"Review of the Communications Security Establishment\u2019s Disclosures of Canadian Identifying Information: Report"}]},{"@type":"WebSite","@id":"https:\/\/nsira-ossnr.gc.ca\/#website","url":"https:\/\/nsira-ossnr.gc.ca\/","name":"National Security and Intelligence Review Agency","description":"Official Website","potentialAction":[{"@type":"SearchAction","target":{"@type":"EntryPoint","urlTemplate":"https:\/\/nsira-ossnr.gc.ca\/?s={search_term_string}"},"query-input":"required name=search_term_string"}],"inLanguage":"fr-CA"}]}},"_links":{"self":[{"href":"https:\/\/nsira-ossnr.gc.ca\/fr\/wp-json\/wp\/v2\/pages\/10855"}],"collection":[{"href":"https:\/\/nsira-ossnr.gc.ca\/fr\/wp-json\/wp\/v2\/pages"}],"about":[{"href":"https:\/\/nsira-ossnr.gc.ca\/fr\/wp-json\/wp\/v2\/types\/page"}],"author":[{"embeddable":true,"href":"https:\/\/nsira-ossnr.gc.ca\/fr\/wp-json\/wp\/v2\/users\/1"}],"replies":[{"embeddable":true,"href":"https:\/\/nsira-ossnr.gc.ca\/fr\/wp-json\/wp\/v2\/comments?post=10855"}],"version-history":[{"count":2,"href":"https:\/\/nsira-ossnr.gc.ca\/fr\/wp-json\/wp\/v2\/pages\/10855\/revisions"}],"predecessor-version":[{"id":10858,"href":"https:\/\/nsira-ossnr.gc.ca\/fr\/wp-json\/wp\/v2\/pages\/10855\/revisions\/10858"}],"up":[{"embeddable":true,"href":"https:\/\/nsira-ossnr.gc.ca\/fr\/wp-json\/wp\/v2\/pages\/5128"}],"wp:featuredmedia":[{"embeddable":true,"href":"https:\/\/nsira-ossnr.gc.ca\/fr\/wp-json\/wp\/v2\/media\/3255"}],"wp:attachment":[{"href":"https:\/\/nsira-ossnr.gc.ca\/fr\/wp-json\/wp\/v2\/media?parent=10855"}],"wp:term":[{"taxonomy":"category","embeddable":true,"href":"https:\/\/nsira-ossnr.gc.ca\/fr\/wp-json\/wp\/v2\/categories?post=10855"},{"taxonomy":"post_tag","embeddable":true,"href":"https:\/\/nsira-ossnr.gc.ca\/fr\/wp-json\/wp\/v2\/tags?post=10855"}],"curies":[{"name":"wp","href":"https:\/\/api.w.org\/{rel}","templated":true}]}}