{"id":6029,"date":"2023-08-24T10:13:25","date_gmt":"2023-08-24T14:13:25","guid":{"rendered":"https:\/\/dev.nsira-ossnr.gc.ca\/?page_id=6029"},"modified":"2026-03-17T11:22:54","modified_gmt":"2026-03-17T15:22:54","slug":"pierre-blais","status":"publish","type":"page","link":"https:\/\/nsira-ossnr.gc.ca\/en\/about-nsira\/who-we-are\/pierre-blais\/","title":{"rendered":"Pierre Blais"},"content":{"rendered":"\n<section id=\"gmfe67ae9\" class=\"wp-block-gutentor-m4 section-gmfe67ae9 gutentor-module gutentor-advanced-columns has-color-bg has-custom-bg\"><div class=\"grid-container\"><div class=\"grid-row\">\n<div id=\"col-gmfae2c1\" class=\"wp-block-gutentor-m4-col col-gmfae2c1 gutentor-single-column  grid-lg-4 grid-md-12 grid-12\"><div id=\"section-gmfae2c1\" class=\"section-gmfae2c1 gutentor-col-wrap\"><div class=\"wp-block-image\">\n<figure class=\"aligncenter size-full\"><img decoding=\"async\" loading=\"lazy\" width=\"300\" height=\"300\" src=\"\/wp-content\/uploads\/Pierre-Blais-cropped.jpg\" alt=\"\" class=\"wp-image-6797\"\/><\/figure><\/div><\/div><\/div>\n\n\n\n<div id=\"col-gmb55029\" class=\"wp-block-gutentor-m4-col col-gmb55029 gutentor-single-column  grid-lg-8 grid-md-12 grid-12\"><div id=\"section-gmb55029\" class=\"section-gmb55029 gutentor-col-wrap\">\n<h2 class=\"wp-block-heading title-accent has-white-color has-text-color\">Pierre Blais<\/h2>\n<\/div><\/div>\n<\/div><\/div><\/section>\n\n\n\n<section id=\"gmf83708e\" class=\"wp-block-gutentor-m4 section-gmf83708e gutentor-module gutentor-advanced-columns mrgn-tp-xl mrgn-bttm-xl\"><div class=\"grid-container\"><div class=\"grid-row\">\n<div id=\"col-gm68bab8\" class=\"wp-block-gutentor-m4-col col-gm68bab8 gutentor-single-column  grid-lg-6 grid-md-12 grid-12\"><div id=\"section-gm68bab8\" class=\"section-gm68bab8 gutentor-col-wrap\">\n<p>Pierre Blais was appointed on May&nbsp;1,&nbsp;2015, as Chairman of the Security Intelligence Review Committee (SIRC).<\/p>\n\n\n\n<p>Mr. Blais was born in Berthier-sur-Mer, on December&nbsp;30,&nbsp;1948. He is the son of Edmond Blais and Marguerite Mercier.<\/p>\n\n\n\n<p>He attended Coll\u00e8ge Ste-Anne-de-la-Pocati\u00e8re and received a Bachelor of Arts from Laval University in 1968, and a Licentiate in Laws from Laval University in 1976. He was then called to the Quebec Bar in 1977, and to the Ontario Bar in 1993.<\/p>\n\n\n\n<p>Subsequently, he practiced law in Montmagny with the law firm of Morin, Lemieux, Blais, from 1977 to 1984. As a part-time lecturer, he taught business law at the C\u00e9gep of la Pocati\u00e8re from 1980 to 1982. During that time, he also taught business law at the University du Qu\u00e9bec in Rimouski in 1980, and industrial legislation (ethic and professional liability) at Laval University in 1983 and 1984; in addition, he taught for the Ordre des ing\u00e9nieurs du Qu\u00e9bec, also at Laval University in 1983 and 1984.<\/p>\n\n\n\n<p>He was elected to the House of Commons for Bellechasse in 1984; subsequently, he served as Parliamentary Secretary to the Minister of Agriculture and to the Deputy Prime Minister before joining the Cabinet as Minister of State for Agriculture in 1987.<\/p>\n\n\n\n<p>Subsequently, he served successively as Solicitor General of Canada, Minister of Consumer and Corporate Affairs, Minister of Justice and Attorney General of Canada, and President of the Queen&#8217;s Privy Council for Canada.<\/p>\n\n\n\n<p>He retired from political life in November&nbsp;1993 and joined, as a partner, the law firm of Langlois, Robert (later Langlois, Gaudreau) with offices in Montr\u00e9al, Qu\u00e9bec City and Montmagny.<\/p>\n\n\n\n<p>While he held ministerial portfolios (from 1987 to 1993), he was a member of most Cabinet Committees, in particular, the Priorities and Planning Committee; in addition, he was Chairman of the Special Committee of Council and Deputy Chairman of the Government Operations Committee.<\/p>\n<\/div><\/div>\n\n\n\n<div id=\"col-gm6ae77d\" class=\"wp-block-gutentor-m4-col col-gm6ae77d gutentor-single-column  grid-lg-6 grid-md-12 grid-12\"><div id=\"section-gm6ae77d\" class=\"section-gm6ae77d gutentor-col-wrap\">\n<p class=\"translation-block\">Mr. Blais has also been very active in community and social affairs. He has contributed, successively, as administrator, Vice-President and President, to a number of organizations, such as the&nbsp;<em>Conseil de d\u00e9veloppement de la C\u00f4te-du-Sud<\/em>, the&nbsp;<em>Corporation culturelle Popularti<\/em>, the Chamber of commerce of Montmagny, the&nbsp;<em>Club Richelieu Montmagny, the Caisse populaire de Berthier-sur-Mer<\/em>,&nbsp;<em>the Corporation Le Havre de Berthier-sur-Mer, the Fondation de l\u2019H\u00f4tel-Dieu de Montmagny, the Fondation des services universitaires Chaudi\u00e8res-Appalaches, the Club export agro-alimentaire du Qu\u00e9bec.<\/em><\/p>\n\n\n\n<p>As Minister of Agriculture and Minister of Consumer and Corporate Affairs, he was actively involved in the negotiations that resulted in the North American Free Trade Agreement with the United States and Mexico; he also took an active part in the&nbsp;GATT&nbsp;negotiations in Geneva from 1986 to 1993.<\/p>\n\n\n\n<p>During that period, he took part in a large number of political, economic and commercial missions in the United States, Europe, Israel, Mexico, China and South America.<\/p>\n\n\n\n<p class=\"translation-block\">Mr. Blais was appointed Judge of the Federal Court of Canada, Trial Division on June&nbsp;23,&nbsp;1998 and Judge of the Court Martial Appeal Court of Canada on December&nbsp;3,&nbsp;1998, to the Competition Tribunal as a judicial member in October&nbsp;2002, and Chairperson of the Public Servants Disclosure Protection Tribunal in July&nbsp;2007. He was also designated by the Chief Justice to hear national security cases matters from 2000 to 2008. Indeed, he completed in 2008 a &#8220;Fellowship&#8221; at the&nbsp;<em>Institute of Advanced Legal Studies<\/em>&nbsp;of the University of London U.K, whereby he did comparative research about the treatment, by Canadian and English courts, of evidence undisclosed on national security grounds. He was appointed Judge of the Federal Court of Appeal on February&nbsp;20,&nbsp;2008 and Chief Justice of the Federal Court of Appeal on September&nbsp;9,&nbsp;2009.<\/p>\n\n\n\n<p>He retired from the Court on June&nbsp;23,&nbsp;2014.<\/p>\n\n\n\n<p>He enjoys tennis, cycling, swimming, fishing, and reading and writes novels in his spare time.<\/p>\n<\/div><\/div>\n<\/div><\/div><\/section>\n\n\n\n<section id=\"gm6fb4e02\" class=\"wp-block-gutentor-m4 section-gm6fb4e02 gutentor-module gutentor-advanced-columns has-color-bg has-custom-bg\"><div class=\"grid-container\"><div class=\"grid-row\">\n<div id=\"col-gmacb907\" class=\"wp-block-gutentor-m4-col col-gmacb907 gutentor-single-column  grid-lg-12 grid-md-12 grid-12\"><div id=\"section-gmacb907\" class=\"section-gmacb907 gutentor-col-wrap\">\n<hr class=\"wp-block-separator has-text-color has-very-light-gray-color has-alpha-channel-opacity has-very-light-gray-background-color has-background mrgn-bttm-lg\"\/>\n\n\n\n<h2 class=\"wp-block-heading has-text-align-center title-accent text-center mrgn-tp-0 mrgn-bttm-lg has-very-dark-gray-color has-text-color\">Current Members<\/h2>\n\n\n\n<section id=\"gm3d1d467\" class=\"wp-block-gutentor-m4 section-gm3d1d467 gutentor-module gutentor-advanced-columns gutentor-equal-column-height mrgn-tp-2\"><div class=\"grid-container\"><div class=\"grid-row\">\n<div id=\"col-gm7d75fc\" class=\"wp-block-gutentor-m4-col col-gm7d75fc gutentor-single-column  grid-lg-3 grid-md-6 grid-12 mrgn-bttm-xl\"><div id=\"section-gm7d75fc\" class=\"section-gm7d75fc gutentor-col-wrap has-color-bg has-custom-bg\">\n<figure class=\"wp-block-image size-full image-fullwidth\"><img decoding=\"async\" loading=\"lazy\" width=\"3069\" height=\"3069\" src=\"\/wp-content\/uploads\/MarieD-min.jpg\" alt=\"\" class=\"wp-image-7851\"\/><\/figure>\n\n\n\n<h3 class=\"wp-block-heading mrgn-lft-md mrgn-rght-md mrgn-bttm-xl\">Marie Deschamps<br>(Chair)<\/h3>\n\n\n\n<div id=\"section-g579446\" class=\"wp-block-gutentor-e2 section-g579446 gutentor-element gutentor-element-button g-pos-a-desktop g-pos-a-tablet g-pos-a-mobile g-pos-custom-desktop g-pos-custom-tablet g-pos-custom-mobile\"><span class=\"gutentor-button-wrap\"><a class=\"gutentor-button gutentor-block-button gutentor-icon-after\" href=\"\/about-nsira\/who-we-are\/marie-deschamps\/\"><i class=\"gutentor-button-icon fas fa-arrow-right\"><\/i><span><\/span><\/a><\/span><\/div>\n<\/div><\/div>\n\n\n\n<div id=\"col-gma53583\" class=\"wp-block-gutentor-m4-col col-gma53583 gutentor-single-column  grid-lg-3 grid-md-6 grid-12 mrgn-bttm-xl\"><div id=\"section-gma53583\" class=\"section-gma53583 gutentor-col-wrap has-color-bg has-custom-bg\">\n<figure class=\"wp-block-image size-full image-fullwidth\"><img decoding=\"async\" loading=\"lazy\" width=\"3070\" height=\"3070\" src=\"\/wp-content\/uploads\/Craig-min.jpg\" alt=\"\" class=\"wp-image-7855\"\/><\/figure>\n\n\n\n<h3 class=\"wp-block-heading mrgn-lft-md mrgn-rght-md mrgn-bttm-xl\">Craig Forcese<br>(Vice-Chair)<\/h3>\n\n\n\n<div id=\"section-ge52a22\" class=\"wp-block-gutentor-e2 section-ge52a22 gutentor-element gutentor-element-button g-pos-a-desktop g-pos-a-tablet g-pos-a-mobile g-pos-custom-desktop g-pos-custom-tablet g-pos-custom-mobile\"><span class=\"gutentor-button-wrap\"><a class=\"gutentor-button gutentor-block-button gutentor-icon-after\" href=\"\/about-nsira\/who-we-are\/craig-forcese\/\"><i class=\"gutentor-button-icon fas fa-arrow-right\"><\/i><span><\/span><\/a><\/span><\/div>\n<\/div><\/div>\n\n\n\n<div id=\"col-gmed37f7\" class=\"wp-block-gutentor-m4-col col-gmed37f7 gutentor-single-column  grid-lg-3 grid-md-6 grid-12 mrgn-bttm-xl\"><div id=\"section-gmed37f7\" class=\"section-gmed37f7 gutentor-col-wrap has-color-bg has-custom-bg\">\n<figure class=\"wp-block-image size-full image-fullwidth\"><img decoding=\"async\" src=\"https:\/\/nsira-ossnr.gc.ca\/wp-content\/uploads\/coming_soon_EN.jpg\" alt=\"\" class=\"wp-image-13740\"\/><\/figure>\n\n\n\n<h3 class=\"wp-block-heading mrgn-lft-md mrgn-rght-md mrgn-bttm-xl\">Yves C\u00f4t\u00e9<br>&#8211;<\/h3>\n\n\n\n<div id=\"section-geb868b\" class=\"wp-block-gutentor-e2 section-geb868b gutentor-element gutentor-element-button g-pos-a-desktop g-pos-a-tablet g-pos-a-mobile g-pos-custom-desktop g-pos-custom-tablet g-pos-custom-mobile\"><span class=\"gutentor-button-wrap\"><a class=\"gutentor-button gutentor-block-button gutentor-icon-after\" href=\"\/about-nsira\/who-we-are\/yves-cote\/\"><i class=\"gutentor-button-icon fas fa-arrow-right\"><\/i><span><\/span><\/a><\/span><\/div>\n<\/div><\/div>\n\n\n\n<div id=\"col-gma24cfe\" class=\"wp-block-gutentor-m4-col col-gma24cfe gutentor-single-column  grid-lg-3 grid-md-6 grid-12 mrgn-bttm-xl\"><div id=\"section-gma24cfe\" class=\"section-gma24cfe gutentor-col-wrap has-color-bg has-custom-bg\">\n<figure class=\"wp-block-image size-full image-fullwidth\"><img decoding=\"async\" loading=\"lazy\" width=\"3065\" height=\"3065\" src=\"\/wp-content\/uploads\/Foluke-min.jpg\" alt=\"\" class=\"wp-image-7859\"\/><\/figure>\n\n\n\n<h3 class=\"wp-block-heading mrgn-lft-md mrgn-rght-md mrgn-bttm-xl\">Foluke Laosebikan<br>&#8211;<\/h3>\n\n\n\n<div id=\"section-g04773b\" class=\"wp-block-gutentor-e2 section-g04773b gutentor-element gutentor-element-button g-pos-a-desktop g-pos-a-tablet g-pos-a-mobile g-pos-custom-desktop g-pos-custom-tablet g-pos-custom-mobile\"><span class=\"gutentor-button-wrap\"><a class=\"gutentor-button gutentor-block-button gutentor-icon-after\" href=\"\/about-nsira\/who-we-are\/foluke-laosebikan\/\"><i class=\"gutentor-button-icon fas fa-arrow-right\"><\/i><span><\/span><\/a><\/span><\/div>\n<\/div><\/div>\n<\/div><\/div><\/section>\n\n\n\n<section id=\"gm12152cd\" class=\"wp-block-gutentor-m4 section-gm12152cd gutentor-module gutentor-advanced-columns gutentor-equal-column-height\"><div class=\"grid-container\"><div class=\"grid-row\">\n<div id=\"col-gm483b2b\" class=\"wp-block-gutentor-m4-col col-gm483b2b gutentor-single-column  grid-lg-3 grid-md-6 grid-12 mrgn-bttm-xl\"><div id=\"section-gm483b2b\" class=\"section-gm483b2b gutentor-col-wrap has-color-bg has-custom-bg\">\n<figure class=\"wp-block-image size-full image-fullwidth\"><img decoding=\"async\" loading=\"lazy\" width=\"3071\" height=\"3071\" src=\"\/wp-content\/uploads\/Colleen-min.jpg\" alt=\"\" class=\"wp-image-7854\"\/><\/figure>\n\n\n\n<h3 class=\"wp-block-heading mrgn-lft-md mrgn-rght-md mrgn-bttm-xl\">Colleen Swords<br>&#8211;<\/h3>\n\n\n\n<div id=\"section-g874a97\" class=\"wp-block-gutentor-e2 section-g874a97 gutentor-element gutentor-element-button g-pos-a-desktop g-pos-a-tablet g-pos-a-mobile g-pos-custom-desktop g-pos-custom-tablet g-pos-custom-mobile\"><span class=\"gutentor-button-wrap\"><a class=\"gutentor-button gutentor-block-button gutentor-icon-after\" href=\"\/about-nsira\/who-we-are\/colleen-swords\/\"><i class=\"gutentor-button-icon fas fa-arrow-right\"><\/i><span><\/span><\/a><\/span><\/div>\n<\/div><\/div>\n\n\n\n<div id=\"col-gm599edb\" class=\"wp-block-gutentor-m4-col col-gm599edb gutentor-single-column  grid-lg-3 grid-md-6 grid-12 mrgn-bttm-xl\"><div id=\"section-gm599edb\" class=\"section-gm599edb gutentor-col-wrap has-color-bg has-custom-bg\">\n<figure class=\"wp-block-image size-full image-fullwidth\"><img decoding=\"async\" loading=\"lazy\" width=\"2979\" height=\"2979\" src=\"\/wp-content\/uploads\/Jim-min.jpg\" alt=\"\" class=\"wp-image-7856\"\/><\/figure>\n\n\n\n<h3 class=\"wp-block-heading mrgn-lft-md mrgn-rght-md mrgn-bttm-xl\">Jim Chu<br>&#8211;<\/h3>\n\n\n\n<div id=\"section-g5862ad\" class=\"wp-block-gutentor-e2 section-g5862ad gutentor-element gutentor-element-button g-pos-a-desktop g-pos-a-tablet g-pos-a-mobile g-pos-custom-desktop g-pos-custom-tablet g-pos-custom-mobile\"><span class=\"gutentor-button-wrap\"><a class=\"gutentor-button gutentor-block-button gutentor-icon-after\" href=\"\/about-nsira\/who-we-are\/jim-chu\/\"><i class=\"gutentor-button-icon fas fa-arrow-right\"><\/i><span><\/span><\/a><\/span><\/div>\n<\/div><\/div>\n\n\n\n<div id=\"col-gmf390fe\" class=\"wp-block-gutentor-m4-col col-gmf390fe gutentor-single-column  grid-lg-3 grid-md-6 grid-12 mrgn-bttm-xl\"><div id=\"section-gmf390fe\" class=\"section-gmf390fe gutentor-col-wrap has-color-bg has-custom-bg\"><\/div><\/div>\n\n\n\n<div id=\"col-gmc13a8b\" class=\"wp-block-gutentor-m4-col col-gmc13a8b gutentor-single-column  grid-lg-3 grid-md-6 grid-12 mrgn-bttm-xl\"><div id=\"section-gmc13a8b\" class=\"section-gmc13a8b gutentor-col-wrap has-color-bg has-custom-bg\"><\/div><\/div>\n<\/div><\/div><\/section>\n<\/div><\/div>\n<\/div><\/div><\/section>\n\n\n","protected":false},"excerpt":{"rendered":"","protected":false},"author":1,"featured_media":0,"parent":1205,"menu_order":10,"comment_status":"closed","ping_status":"closed","template":"template-nsira-subpages.php","meta":{"inline_featured_image":false},"categories":[24],"tags":[],"yoast_head":"<!-- This site is optimized with the Yoast SEO plugin v20.9 - https:\/\/yoast.com\/wordpress\/plugins\/seo\/ -->\n<title>Pierre Blais - National Security and Intelligence Review Agency<\/title>\n<meta name=\"robots\" content=\"index, follow, max-snippet:-1, max-image-preview:large, max-video-preview:-1\" \/>\n<link rel=\"canonical\" href=\"https:\/\/nsira-ossnr.gc.ca\/en\/about-nsira\/who-we-are\/pierre-blais\/\" \/>\n<meta property=\"og:locale\" content=\"en_US\" \/>\n<meta property=\"og:type\" content=\"article\" \/>\n<meta property=\"og:title\" content=\"Pierre Blais - National Security and Intelligence Review Agency\" \/>\n<meta property=\"og:url\" content=\"https:\/\/nsira-ossnr.gc.ca\/en\/about-nsira\/who-we-are\/pierre-blais\/\" \/>\n<meta property=\"og:site_name\" content=\"National Security and Intelligence Review Agency\" \/>\n<meta property=\"article:modified_time\" content=\"2026-03-17T15:22:54+00:00\" \/>\n<meta property=\"og:image\" content=\"https:\/\/nsira-ossnr.gc.ca\/wp-content\/uploads\/coming_soon_EN.jpg\" \/>\n<meta name=\"twitter:card\" content=\"summary_large_image\" \/>\n<meta name=\"twitter:label1\" content=\"Est. reading time\" \/>\n\t<meta name=\"twitter:data1\" content=\"5 minutes\" \/>\n<script type=\"application\/ld+json\" class=\"yoast-schema-graph\">{\"@context\":\"https:\/\/schema.org\",\"@graph\":[{\"@type\":\"WebPage\",\"@id\":\"https:\/\/nsira-ossnr.gc.ca\/about-nsira\/who-we-are\/pierre-blais\/\",\"url\":\"https:\/\/nsira-ossnr.gc.ca\/about-nsira\/who-we-are\/pierre-blais\/\",\"name\":\"Pierre Blais - National Security and Intelligence Review Agency\",\"isPartOf\":{\"@id\":\"https:\/\/nsira-ossnr.gc.ca\/#website\"},\"datePublished\":\"2023-08-24T14:13:25+00:00\",\"dateModified\":\"2026-03-17T15:22:54+00:00\",\"breadcrumb\":{\"@id\":\"https:\/\/nsira-ossnr.gc.ca\/about-nsira\/who-we-are\/pierre-blais\/#breadcrumb\"},\"inLanguage\":\"en-CA\",\"potentialAction\":[{\"@type\":\"ReadAction\",\"target\":[\"https:\/\/nsira-ossnr.gc.ca\/about-nsira\/who-we-are\/pierre-blais\/\"]}]},{\"@type\":\"BreadcrumbList\",\"@id\":\"https:\/\/nsira-ossnr.gc.ca\/about-nsira\/who-we-are\/pierre-blais\/#breadcrumb\",\"itemListElement\":[{\"@type\":\"ListItem\",\"position\":1,\"name\":\"About NSIRA\",\"item\":\"\/about-nsira\/\"},{\"@type\":\"ListItem\",\"position\":2,\"name\":\"Who we are\",\"item\":\"\/about-nsira\/who-we-are\/\"},{\"@type\":\"ListItem\",\"position\":3,\"name\":\"Pierre Blais\"}]},{\"@type\":\"WebSite\",\"@id\":\"https:\/\/nsira-ossnr.gc.ca\/#website\",\"url\":\"https:\/\/nsira-ossnr.gc.ca\/\",\"name\":\"National Security and Intelligence Review Agency\",\"description\":\"Official Website\",\"potentialAction\":[{\"@type\":\"SearchAction\",\"target\":{\"@type\":\"EntryPoint\",\"urlTemplate\":\"https:\/\/nsira-ossnr.gc.ca\/?s={search_term_string}\"},\"query-input\":\"required name=search_term_string\"}],\"inLanguage\":\"en-CA\"}]}<\/script>\n<!-- \/ Yoast SEO plugin. -->","yoast_head_json":{"title":"Pierre Blais - National Security and Intelligence Review Agency","robots":{"index":"index","follow":"follow","max-snippet":"max-snippet:-1","max-image-preview":"max-image-preview:large","max-video-preview":"max-video-preview:-1"},"canonical":"https:\/\/nsira-ossnr.gc.ca\/en\/about-nsira\/who-we-are\/pierre-blais\/","og_locale":"en_US","og_type":"article","og_title":"Pierre Blais - National Security and Intelligence Review Agency","og_url":"https:\/\/nsira-ossnr.gc.ca\/en\/about-nsira\/who-we-are\/pierre-blais\/","og_site_name":"National Security and Intelligence Review Agency","article_modified_time":"2026-03-17T15:22:54+00:00","og_image":[{"url":"https:\/\/nsira-ossnr.gc.ca\/wp-content\/uploads\/coming_soon_EN.jpg"}],"twitter_card":"summary_large_image","twitter_misc":{"Est. reading time":"5 minutes"},"schema":{"@context":"https:\/\/schema.org","@graph":[{"@type":"WebPage","@id":"https:\/\/nsira-ossnr.gc.ca\/about-nsira\/who-we-are\/pierre-blais\/","url":"https:\/\/nsira-ossnr.gc.ca\/about-nsira\/who-we-are\/pierre-blais\/","name":"Pierre Blais - National Security and Intelligence Review Agency","isPartOf":{"@id":"https:\/\/nsira-ossnr.gc.ca\/#website"},"datePublished":"2023-08-24T14:13:25+00:00","dateModified":"2026-03-17T15:22:54+00:00","breadcrumb":{"@id":"https:\/\/nsira-ossnr.gc.ca\/about-nsira\/who-we-are\/pierre-blais\/#breadcrumb"},"inLanguage":"en-CA","potentialAction":[{"@type":"ReadAction","target":["https:\/\/nsira-ossnr.gc.ca\/about-nsira\/who-we-are\/pierre-blais\/"]}]},{"@type":"BreadcrumbList","@id":"https:\/\/nsira-ossnr.gc.ca\/about-nsira\/who-we-are\/pierre-blais\/#breadcrumb","itemListElement":[{"@type":"ListItem","position":1,"name":"About NSIRA","item":"\/about-nsira\/"},{"@type":"ListItem","position":2,"name":"Who we are","item":"\/about-nsira\/who-we-are\/"},{"@type":"ListItem","position":3,"name":"Pierre Blais"}]},{"@type":"WebSite","@id":"https:\/\/nsira-ossnr.gc.ca\/#website","url":"https:\/\/nsira-ossnr.gc.ca\/","name":"National Security and Intelligence Review Agency","description":"Official Website","potentialAction":[{"@type":"SearchAction","target":{"@type":"EntryPoint","urlTemplate":"https:\/\/nsira-ossnr.gc.ca\/?s={search_term_string}"},"query-input":"required name=search_term_string"}],"inLanguage":"en-CA"}]}},"_links":{"self":[{"href":"https:\/\/nsira-ossnr.gc.ca\/en\/wp-json\/wp\/v2\/pages\/6029"}],"collection":[{"href":"https:\/\/nsira-ossnr.gc.ca\/en\/wp-json\/wp\/v2\/pages"}],"about":[{"href":"https:\/\/nsira-ossnr.gc.ca\/en\/wp-json\/wp\/v2\/types\/page"}],"author":[{"embeddable":true,"href":"https:\/\/nsira-ossnr.gc.ca\/en\/wp-json\/wp\/v2\/users\/1"}],"replies":[{"embeddable":true,"href":"https:\/\/nsira-ossnr.gc.ca\/en\/wp-json\/wp\/v2\/comments?post=6029"}],"version-history":[{"count":7,"href":"https:\/\/nsira-ossnr.gc.ca\/en\/wp-json\/wp\/v2\/pages\/6029\/revisions"}],"predecessor-version":[{"id":15598,"href":"https:\/\/nsira-ossnr.gc.ca\/en\/wp-json\/wp\/v2\/pages\/6029\/revisions\/15598"}],"up":[{"embeddable":true,"href":"https:\/\/nsira-ossnr.gc.ca\/en\/wp-json\/wp\/v2\/pages\/1205"}],"wp:attachment":[{"href":"https:\/\/nsira-ossnr.gc.ca\/en\/wp-json\/wp\/v2\/media?parent=6029"}],"wp:term":[{"taxonomy":"category","embeddable":true,"href":"https:\/\/nsira-ossnr.gc.ca\/en\/wp-json\/wp\/v2\/categories?post=6029"},{"taxonomy":"post_tag","embeddable":true,"href":"https:\/\/nsira-ossnr.gc.ca\/en\/wp-json\/wp\/v2\/tags?post=6029"}],"curies":[{"name":"wp","href":"https:\/\/api.w.org\/{rel}","templated":true}]}}