{"id":2052,"date":"2025-12-12T10:20:54","date_gmt":"2022-10-24T14:20:01","guid":{"rendered":"https:\/\/nsirademosite.mbeaudry.ca\/?page_id=2052"},"modified":"2026-05-04T11:14:19","modified_gmt":"2026-05-04T15:14:19","slug":"yves-cote","status":"publish","type":"page","link":"https:\/\/nsira-ossnr.gc.ca\/en\/about-nsira\/who-we-are\/yves-cote\/","title":{"rendered":"Yves C\u00f4t\u00e9"},"content":{"rendered":"\n<section id=\"gme677153\" class=\"wp-block-gutentor-m4 section-gme677153 gutentor-module gutentor-advanced-columns has-color-bg has-custom-bg\"><div class=\"grid-container\"><div class=\"grid-row\">\n<div id=\"col-gm508027\" class=\"wp-block-gutentor-m4-col col-gm508027 gutentor-single-column  grid-lg-4 grid-md-12 grid-12\"><div id=\"section-gm508027\" class=\"section-gm508027 gutentor-col-wrap\">\n<figure class=\"wp-block-image size-full\"><img decoding=\"async\" src=\"https:\/\/nsira-ossnr.gc.ca\/wp-content\/uploads\/yves_cote.png\" alt=\"\" class=\"wp-image-13725\"\/><\/figure>\n\n\n\n<figure class=\"wp-block-image size-full\"><img decoding=\"async\" loading=\"lazy\" width=\"1181\" height=\"1331\" src=\"https:\/\/nsira-ossnr.gc.ca\/wp-content\/uploads\/Yves-Cote.png\" alt=\"\" class=\"wp-image-16660\"\/><\/figure>\n<\/div><\/div>\n\n\n\n<div id=\"col-gm7726e7\" class=\"wp-block-gutentor-m4-col col-gm7726e7 gutentor-single-column  grid-lg-8 grid-md-12 grid-12\"><div id=\"section-gm7726e7\" class=\"section-gm7726e7 gutentor-col-wrap\">\n<h2 class=\"wp-block-heading title-accent has-white-color has-text-color\">Yves C\u00f4t\u00e9<\/h2>\n\n\n\n<p class=\"has-white-color has-text-color\"><\/p>\n<\/div><\/div>\n<\/div><\/div><\/section>\n\n\n\n<section id=\"gm4ccbff2\" class=\"wp-block-gutentor-m4 section-gm4ccbff2 gutentor-module gutentor-advanced-columns mrgn-tp-xl mrgn-bttm-xl\"><div class=\"grid-container\"><div class=\"grid-row\">\n<div id=\"col-gmfa791b\" class=\"wp-block-gutentor-m4-col col-gmfa791b gutentor-single-column  grid-lg-6 grid-md-12 grid-12\"><div id=\"section-gmfa791b\" class=\"section-gmfa791b gutentor-col-wrap\">\n<p>Yves C\u00f4t\u00e9 is a lawyer with extensive experience in senior public-sector roles, including serving as Commissioner of Canada Elections.<\/p>\n\n\n\n<p>He began his career in 1977 as a legal officer in the Canadian Armed Forces. In 1981, he joined the federal Department of Justice, where he advised several departments, including Health Canada and National Defence. Over the years, he held several senior positions and eventually became Assistant Deputy Minister and Head of the Business and Regulatory Affairs Portfolio.<\/p>\n\n\n\n<p>In 2003, he moved to the Privy Council Office as Counsel to the Clerk of the Privy Council and as Assistant Secretary to the Cabinet (Legislation and House Planning). He then served as Ombudsman for the Canadian Forces and the Department of National Defence.<\/p>\n\n\n\n<p>In 2008, Mr. C\u00f4t\u00e9 was appointed Associate Deputy Minister of Justice, where part of his work involved coordinating national-security advice across government. He later became Commissioner of Canada Elections, a position he held from 2012 to 2022.<\/p>\n<\/div><\/div>\n\n\n\n<div id=\"col-gm58eccf\" class=\"wp-block-gutentor-m4-col col-gm58eccf gutentor-single-column  grid-lg-6 grid-md-12 grid-12\"><div id=\"section-gm58eccf\" class=\"section-gm58eccf gutentor-col-wrap\">\n<p>More recently, he worked as a senior policy advisor with the Public Order Emergency Commission (the Rouleau Commission) and as an executive in residence at the University of Ottawa.<\/p>\n\n\n\n<p>Mr. C\u00f4t\u00e9 holds a Bachelor of Civil Law from Universit\u00e9 Laval and a Bachelor of Psychology (Honours) from the University of Ottawa. He has been a member of the Barreau du Qu\u00e9bec since 1977 and was appointed King\u2019s Counsel in 1992. In 2000, the Chief of the Defence Staff awarded him the Canadian Forces Medallion for Distinguished Service.<\/p>\n\n\n\n<p>A lifelong jogger and avid reader, he has recently returned to studying Latin, a language he loves. He lives in Gatineau.<\/p>\n<\/div><\/div>\n<\/div><\/div><\/section>\n\n\n\n<section id=\"gm637fe09\" class=\"wp-block-gutentor-m4 section-gm637fe09 gutentor-module gutentor-advanced-columns has-color-bg has-custom-bg\"><div class=\"grid-container\"><div class=\"grid-row\">\n<div id=\"col-gm7a2a4a\" class=\"wp-block-gutentor-m4-col col-gm7a2a4a gutentor-single-column  grid-lg-12 grid-md-12 grid-12\"><div id=\"section-gm7a2a4a\" class=\"section-gm7a2a4a gutentor-col-wrap\">\n<hr class=\"wp-block-separator has-text-color has-very-light-gray-color has-alpha-channel-opacity has-very-light-gray-background-color has-background mrgn-bttm-lg\"\/>\n\n\n\n<h2 class=\"wp-block-heading has-text-align-center title-accent text-center mrgn-tp-0 mrgn-bttm-lg has-very-dark-gray-color has-text-color\">Current Members<\/h2>\n\n\n\n<section id=\"gmea9f588\" class=\"wp-block-gutentor-m4 section-gmea9f588 gutentor-module gutentor-advanced-columns gutentor-equal-column-height mrgn-tp-2\"><div class=\"grid-container\"><div class=\"grid-row\">\n<div id=\"col-gm4d8265\" class=\"wp-block-gutentor-m4-col col-gm4d8265 gutentor-single-column  grid-lg-3 grid-md-6 grid-12 mrgn-bttm-xl\"><div id=\"section-gm4d8265\" class=\"section-gm4d8265 gutentor-col-wrap has-color-bg has-custom-bg\">\n<figure class=\"wp-block-image size-full image-fullwidth\"><img decoding=\"async\" loading=\"lazy\" width=\"3069\" height=\"3069\" src=\"\/wp-content\/uploads\/MarieD-min.jpg\" alt=\"\" class=\"wp-image-7851\"\/><\/figure>\n\n\n\n<h3 class=\"wp-block-heading mrgn-lft-md mrgn-rght-md mrgn-bttm-xl\">Marie Deschamps<br>(Chair)<\/h3>\n\n\n\n<div id=\"section-g7d0e6f\" class=\"wp-block-gutentor-e2 section-g7d0e6f gutentor-element gutentor-element-button g-pos-a-desktop g-pos-a-tablet g-pos-a-mobile g-pos-custom-desktop g-pos-custom-tablet g-pos-custom-mobile\"><span class=\"gutentor-button-wrap\"><a class=\"gutentor-button gutentor-block-button gutentor-icon-after\" href=\"\/about-nsira\/who-we-are\/marie-deschamps\/\"><i class=\"gutentor-button-icon fas fa-arrow-right\"><\/i><span><\/span><\/a><\/span><\/div>\n<\/div><\/div>\n\n\n\n<div id=\"col-gm646955\" class=\"wp-block-gutentor-m4-col col-gm646955 gutentor-single-column  grid-lg-3 grid-md-6 grid-12 mrgn-bttm-xl\"><div id=\"section-gm646955\" class=\"section-gm646955 gutentor-col-wrap has-color-bg has-custom-bg\">\n<figure class=\"wp-block-image size-full image-fullwidth\"><img decoding=\"async\" loading=\"lazy\" width=\"3070\" height=\"3070\" src=\"\/wp-content\/uploads\/Craig-min.jpg\" alt=\"\" class=\"wp-image-7855\"\/><\/figure>\n\n\n\n<h3 class=\"wp-block-heading mrgn-lft-md mrgn-rght-md mrgn-bttm-xl\">Craig Forcese<br>(Vice-Chair)<\/h3>\n\n\n\n<div id=\"section-ga90ab9\" class=\"wp-block-gutentor-e2 section-ga90ab9 gutentor-element gutentor-element-button g-pos-a-desktop g-pos-a-tablet g-pos-a-mobile g-pos-custom-desktop g-pos-custom-tablet g-pos-custom-mobile\"><span class=\"gutentor-button-wrap\"><a class=\"gutentor-button gutentor-block-button gutentor-icon-after\" href=\"\/about-nsira\/who-we-are\/craig-forcese\/\"><i class=\"gutentor-button-icon fas fa-arrow-right\"><\/i><span><\/span><\/a><\/span><\/div>\n<\/div><\/div>\n\n\n\n<div id=\"col-gme3a075\" class=\"wp-block-gutentor-m4-col col-gme3a075 gutentor-single-column  grid-lg-3 grid-md-6 grid-12 mrgn-bttm-xl\"><div id=\"section-gme3a075\" class=\"section-gme3a075 gutentor-col-wrap has-color-bg has-custom-bg\">\n<figure class=\"wp-block-image size-full image-fullwidth\"><img decoding=\"async\" src=\"https:\/\/nsira-ossnr.gc.ca\/wp-content\/uploads\/coming_soon_EN.jpg\" alt=\"\" class=\"wp-image-13740\"\/><\/figure>\n\n\n\n<h3 class=\"wp-block-heading mrgn-lft-md mrgn-rght-md mrgn-bttm-xl\">Yves C\u00f4t\u00e9<br>&#8211;<\/h3>\n\n\n\n<div id=\"section-gf6e57b\" class=\"wp-block-gutentor-e2 section-gf6e57b gutentor-element gutentor-element-button g-pos-a-desktop g-pos-a-tablet g-pos-a-mobile g-pos-custom-desktop g-pos-custom-tablet g-pos-custom-mobile\"><span class=\"gutentor-button-wrap\"><a class=\"gutentor-button gutentor-block-button gutentor-icon-after\" href=\"\/about-nsira\/who-we-are\/yves-cote\/\"><i class=\"gutentor-button-icon fas fa-arrow-right\"><\/i><span><\/span><\/a><\/span><\/div>\n<\/div><\/div>\n\n\n\n<div id=\"col-gmcd2412\" class=\"wp-block-gutentor-m4-col col-gmcd2412 gutentor-single-column  grid-lg-3 grid-md-6 grid-12 mrgn-bttm-xl\"><div id=\"section-gmcd2412\" class=\"section-gmcd2412 gutentor-col-wrap has-color-bg has-custom-bg\">\n<figure class=\"wp-block-image size-full image-fullwidth\"><img decoding=\"async\" loading=\"lazy\" width=\"3065\" height=\"3065\" src=\"\/wp-content\/uploads\/Foluke-min.jpg\" alt=\"\" class=\"wp-image-7859\"\/><\/figure>\n\n\n\n<h3 class=\"wp-block-heading mrgn-lft-md mrgn-rght-md mrgn-bttm-xl\">Foluke Laosebikan<br>&#8211;<\/h3>\n\n\n\n<div id=\"section-g89fa4e\" class=\"wp-block-gutentor-e2 section-g89fa4e gutentor-element gutentor-element-button g-pos-a-desktop g-pos-a-tablet g-pos-a-mobile g-pos-custom-desktop g-pos-custom-tablet g-pos-custom-mobile\"><span class=\"gutentor-button-wrap\"><a class=\"gutentor-button gutentor-block-button gutentor-icon-after\" href=\"\/about-nsira\/who-we-are\/foluke-laosebikan\/\"><i class=\"gutentor-button-icon fas fa-arrow-right\"><\/i><span><\/span><\/a><\/span><\/div>\n<\/div><\/div>\n<\/div><\/div><\/section>\n\n\n\n<section id=\"gmfbe1e33\" class=\"wp-block-gutentor-m4 section-gmfbe1e33 gutentor-module gutentor-advanced-columns gutentor-equal-column-height\"><div class=\"grid-container\"><div class=\"grid-row\">\n<div id=\"col-gmc243b1\" class=\"wp-block-gutentor-m4-col col-gmc243b1 gutentor-single-column  grid-lg-3 grid-md-6 grid-12 mrgn-bttm-xl\"><div id=\"section-gmc243b1\" class=\"section-gmc243b1 gutentor-col-wrap has-color-bg has-custom-bg\">\n<figure class=\"wp-block-image size-full image-fullwidth\"><img decoding=\"async\" loading=\"lazy\" width=\"3071\" height=\"3071\" src=\"\/wp-content\/uploads\/Colleen-min.jpg\" alt=\"\" class=\"wp-image-7854\"\/><\/figure>\n\n\n\n<h3 class=\"wp-block-heading mrgn-lft-md mrgn-rght-md mrgn-bttm-xl\">Colleen Swords<br>&#8211;<\/h3>\n\n\n\n<div id=\"section-g80e339\" class=\"wp-block-gutentor-e2 section-g80e339 gutentor-element gutentor-element-button g-pos-a-desktop g-pos-a-tablet g-pos-a-mobile g-pos-custom-desktop g-pos-custom-tablet g-pos-custom-mobile\"><span class=\"gutentor-button-wrap\"><a class=\"gutentor-button gutentor-block-button gutentor-icon-after\" href=\"\/about-nsira\/who-we-are\/colleen-swords\/\"><i class=\"gutentor-button-icon fas fa-arrow-right\"><\/i><span><\/span><\/a><\/span><\/div>\n<\/div><\/div>\n\n\n\n<div id=\"col-gm40e0b5\" class=\"wp-block-gutentor-m4-col col-gm40e0b5 gutentor-single-column  grid-lg-3 grid-md-6 grid-12 mrgn-bttm-xl\"><div id=\"section-gm40e0b5\" class=\"section-gm40e0b5 gutentor-col-wrap has-color-bg has-custom-bg\">\n<figure class=\"wp-block-image size-full image-fullwidth\"><img decoding=\"async\" loading=\"lazy\" width=\"2979\" height=\"2979\" src=\"\/wp-content\/uploads\/Jim-min.jpg\" alt=\"\" class=\"wp-image-7856\"\/><\/figure>\n\n\n\n<h3 class=\"wp-block-heading mrgn-lft-md mrgn-rght-md mrgn-bttm-xl\">Jim Chu<br>&#8211;<\/h3>\n\n\n\n<div id=\"section-gd72329\" class=\"wp-block-gutentor-e2 section-gd72329 gutentor-element gutentor-element-button g-pos-a-desktop g-pos-a-tablet g-pos-a-mobile g-pos-custom-desktop g-pos-custom-tablet g-pos-custom-mobile\"><span class=\"gutentor-button-wrap\"><a class=\"gutentor-button gutentor-block-button gutentor-icon-after\" href=\"\/about-nsira\/who-we-are\/jim-chu\/\"><i class=\"gutentor-button-icon fas fa-arrow-right\"><\/i><span><\/span><\/a><\/span><\/div>\n<\/div><\/div>\n\n\n\n<div id=\"col-gma2dd7e\" class=\"wp-block-gutentor-m4-col col-gma2dd7e gutentor-single-column  grid-lg-3 grid-md-6 grid-12 mrgn-bttm-xl\"><div id=\"section-gma2dd7e\" class=\"section-gma2dd7e gutentor-col-wrap has-color-bg has-custom-bg\"><\/div><\/div>\n\n\n\n<div id=\"col-gm0907a6\" class=\"wp-block-gutentor-m4-col col-gm0907a6 gutentor-single-column  grid-lg-3 grid-md-6 grid-12 mrgn-bttm-xl\"><div id=\"section-gm0907a6\" class=\"section-gm0907a6 gutentor-col-wrap has-color-bg has-custom-bg\"><\/div><\/div>\n<\/div><\/div><\/section>\n<\/div><\/div>\n<\/div><\/div><\/section>\n\n\n","protected":false},"excerpt":{"rendered":"","protected":false},"author":1,"featured_media":0,"parent":1205,"menu_order":0,"comment_status":"closed","ping_status":"closed","template":"template-nsira-subpages.php","meta":{"inline_featured_image":false},"categories":[24],"tags":[],"yoast_head":"<!-- This site is optimized with the Yoast SEO plugin v20.9 - https:\/\/yoast.com\/wordpress\/plugins\/seo\/ -->\n<title>Yves C\u00f4t\u00e9 - National Security and Intelligence Review Agency<\/title>\n<meta name=\"robots\" content=\"index, follow, max-snippet:-1, max-image-preview:large, max-video-preview:-1\" \/>\n<link rel=\"canonical\" href=\"https:\/\/nsira-ossnr.gc.ca\/en\/about-nsira\/who-we-are\/yves-cote\/\" \/>\n<meta property=\"og:locale\" content=\"en_US\" \/>\n<meta property=\"og:type\" content=\"article\" \/>\n<meta property=\"og:title\" content=\"Yves C\u00f4t\u00e9 - National Security and Intelligence Review Agency\" \/>\n<meta property=\"og:url\" content=\"https:\/\/nsira-ossnr.gc.ca\/en\/about-nsira\/who-we-are\/yves-cote\/\" \/>\n<meta property=\"og:site_name\" content=\"National Security and Intelligence Review Agency\" \/>\n<meta property=\"article:modified_time\" content=\"2026-05-04T15:14:19+00:00\" \/>\n<meta property=\"og:image\" content=\"https:\/\/nsira-ossnr.gc.ca\/wp-content\/uploads\/yves_cote.png\" \/>\n<meta name=\"twitter:card\" content=\"summary_large_image\" \/>\n<meta name=\"twitter:label1\" content=\"Est. reading time\" \/>\n\t<meta name=\"twitter:data1\" content=\"3 minutes\" \/>\n<script type=\"application\/ld+json\" class=\"yoast-schema-graph\">{\"@context\":\"https:\/\/schema.org\",\"@graph\":[{\"@type\":\"WebPage\",\"@id\":\"https:\/\/nsira-ossnr.gc.ca\/about-nsira\/who-we-are\/yves-cote\/\",\"url\":\"https:\/\/nsira-ossnr.gc.ca\/about-nsira\/who-we-are\/yves-cote\/\",\"name\":\"Yves C\u00f4t\u00e9 - National Security and Intelligence Review Agency\",\"isPartOf\":{\"@id\":\"https:\/\/nsira-ossnr.gc.ca\/#website\"},\"datePublished\":\"2022-10-24T14:20:01+00:00\",\"dateModified\":\"2026-05-04T15:14:19+00:00\",\"breadcrumb\":{\"@id\":\"https:\/\/nsira-ossnr.gc.ca\/about-nsira\/who-we-are\/yves-cote\/#breadcrumb\"},\"inLanguage\":\"en-CA\",\"potentialAction\":[{\"@type\":\"ReadAction\",\"target\":[\"https:\/\/nsira-ossnr.gc.ca\/about-nsira\/who-we-are\/yves-cote\/\"]}]},{\"@type\":\"BreadcrumbList\",\"@id\":\"https:\/\/nsira-ossnr.gc.ca\/about-nsira\/who-we-are\/yves-cote\/#breadcrumb\",\"itemListElement\":[{\"@type\":\"ListItem\",\"position\":1,\"name\":\"About NSIRA\",\"item\":\"\/about-nsira\/\"},{\"@type\":\"ListItem\",\"position\":2,\"name\":\"Who we are\",\"item\":\"\/about-nsira\/who-we-are\/\"},{\"@type\":\"ListItem\",\"position\":3,\"name\":\"Yves C\u00f4t\u00e9\"}]},{\"@type\":\"WebSite\",\"@id\":\"https:\/\/nsira-ossnr.gc.ca\/#website\",\"url\":\"https:\/\/nsira-ossnr.gc.ca\/\",\"name\":\"National Security and Intelligence Review Agency\",\"description\":\"Official Website\",\"potentialAction\":[{\"@type\":\"SearchAction\",\"target\":{\"@type\":\"EntryPoint\",\"urlTemplate\":\"https:\/\/nsira-ossnr.gc.ca\/?s={search_term_string}\"},\"query-input\":\"required name=search_term_string\"}],\"inLanguage\":\"en-CA\"}]}<\/script>\n<!-- \/ Yoast SEO plugin. -->","yoast_head_json":{"title":"Yves C\u00f4t\u00e9 - National Security and Intelligence Review Agency","robots":{"index":"index","follow":"follow","max-snippet":"max-snippet:-1","max-image-preview":"max-image-preview:large","max-video-preview":"max-video-preview:-1"},"canonical":"https:\/\/nsira-ossnr.gc.ca\/en\/about-nsira\/who-we-are\/yves-cote\/","og_locale":"en_US","og_type":"article","og_title":"Yves C\u00f4t\u00e9 - National Security and Intelligence Review Agency","og_url":"https:\/\/nsira-ossnr.gc.ca\/en\/about-nsira\/who-we-are\/yves-cote\/","og_site_name":"National Security and Intelligence Review Agency","article_modified_time":"2026-05-04T15:14:19+00:00","og_image":[{"url":"https:\/\/nsira-ossnr.gc.ca\/wp-content\/uploads\/yves_cote.png"}],"twitter_card":"summary_large_image","twitter_misc":{"Est. reading time":"3 minutes"},"schema":{"@context":"https:\/\/schema.org","@graph":[{"@type":"WebPage","@id":"https:\/\/nsira-ossnr.gc.ca\/about-nsira\/who-we-are\/yves-cote\/","url":"https:\/\/nsira-ossnr.gc.ca\/about-nsira\/who-we-are\/yves-cote\/","name":"Yves C\u00f4t\u00e9 - National Security and Intelligence Review Agency","isPartOf":{"@id":"https:\/\/nsira-ossnr.gc.ca\/#website"},"datePublished":"2022-10-24T14:20:01+00:00","dateModified":"2026-05-04T15:14:19+00:00","breadcrumb":{"@id":"https:\/\/nsira-ossnr.gc.ca\/about-nsira\/who-we-are\/yves-cote\/#breadcrumb"},"inLanguage":"en-CA","potentialAction":[{"@type":"ReadAction","target":["https:\/\/nsira-ossnr.gc.ca\/about-nsira\/who-we-are\/yves-cote\/"]}]},{"@type":"BreadcrumbList","@id":"https:\/\/nsira-ossnr.gc.ca\/about-nsira\/who-we-are\/yves-cote\/#breadcrumb","itemListElement":[{"@type":"ListItem","position":1,"name":"About NSIRA","item":"\/about-nsira\/"},{"@type":"ListItem","position":2,"name":"Who we are","item":"\/about-nsira\/who-we-are\/"},{"@type":"ListItem","position":3,"name":"Yves C\u00f4t\u00e9"}]},{"@type":"WebSite","@id":"https:\/\/nsira-ossnr.gc.ca\/#website","url":"https:\/\/nsira-ossnr.gc.ca\/","name":"National Security and Intelligence Review Agency","description":"Official Website","potentialAction":[{"@type":"SearchAction","target":{"@type":"EntryPoint","urlTemplate":"https:\/\/nsira-ossnr.gc.ca\/?s={search_term_string}"},"query-input":"required name=search_term_string"}],"inLanguage":"en-CA"}]}},"_links":{"self":[{"href":"https:\/\/nsira-ossnr.gc.ca\/en\/wp-json\/wp\/v2\/pages\/2052"}],"collection":[{"href":"https:\/\/nsira-ossnr.gc.ca\/en\/wp-json\/wp\/v2\/pages"}],"about":[{"href":"https:\/\/nsira-ossnr.gc.ca\/en\/wp-json\/wp\/v2\/types\/page"}],"author":[{"embeddable":true,"href":"https:\/\/nsira-ossnr.gc.ca\/en\/wp-json\/wp\/v2\/users\/1"}],"replies":[{"embeddable":true,"href":"https:\/\/nsira-ossnr.gc.ca\/en\/wp-json\/wp\/v2\/comments?post=2052"}],"version-history":[{"count":72,"href":"https:\/\/nsira-ossnr.gc.ca\/en\/wp-json\/wp\/v2\/pages\/2052\/revisions"}],"predecessor-version":[{"id":16662,"href":"https:\/\/nsira-ossnr.gc.ca\/en\/wp-json\/wp\/v2\/pages\/2052\/revisions\/16662"}],"up":[{"embeddable":true,"href":"https:\/\/nsira-ossnr.gc.ca\/en\/wp-json\/wp\/v2\/pages\/1205"}],"wp:attachment":[{"href":"https:\/\/nsira-ossnr.gc.ca\/en\/wp-json\/wp\/v2\/media?parent=2052"}],"wp:term":[{"taxonomy":"category","embeddable":true,"href":"https:\/\/nsira-ossnr.gc.ca\/en\/wp-json\/wp\/v2\/categories?post=2052"},{"taxonomy":"post_tag","embeddable":true,"href":"https:\/\/nsira-ossnr.gc.ca\/en\/wp-json\/wp\/v2\/tags?post=2052"}],"curies":[{"name":"wp","href":"https:\/\/api.w.org\/{rel}","templated":true}]}}